{"id":2595,"date":"2025-02-20T10:19:07","date_gmt":"2025-02-20T13:19:07","guid":{"rendered":"https:\/\/www2.uepg.br\/ppgjor\/?page_id=2595"},"modified":"2025-04-23T16:50:45","modified_gmt":"2025-04-23T19:50:45","slug":"pauta-geral","status":"publish","type":"page","link":"https:\/\/www2.uepg.br\/ppgjor\/pauta-geral\/","title":{"rendered":"Pauta Geral"},"content":{"rendered":"<p><img loading=\"lazy\" class=\" wp-image-2840 aligncenter\" src=\"http:\/\/www2.uepg.br\/ppgjor\/wp-content\/uploads\/sites\/26\/2025\/04\/pautageral.jpg\" alt=\"\" width=\"396\" height=\"560\" \/><\/p>\n<p>&nbsp;<\/p>\n<p><span style=\"font-weight: 400\">ISSN eletr\u00f4nico: 2318-857X<\/span><\/p>\n<p><span style=\"font-weight: 400\">Site: <\/span><a href=\"https:\/\/revistas.uepg.br\/index.php\/pauta\/index\"><span style=\"font-weight: 400\">https:\/\/revistas.uepg.br\/index.php\/pauta\/index<\/span><\/a><span style=\"font-weight: 400\">\u00a0\u00a0<\/span><\/p>\n<p><span style=\"font-weight: 400\">Com \u00e1rea de concentra\u00e7\u00e3o em Processos Jornal\u00edsticos, a Revista Pauta Geral &#8211; Estudos em Jornalismo \u00e9 desenvolvida por alunos e docentes do Programa de Mestrado em Jornalismo da Universidade Estadual de Ponta Grossa (UEPG) e oferece \u00e0 sociedade um espa\u00e7o relevante para a divulga\u00e7\u00e3o do resultado de pesquisas desenvolvidas na \u00e1rea de Jornalismo. Em fluxo cont\u00ednuo, a revista recebe artigos cient\u00edficos e resenhas cr\u00edticas de autores vinculados a institui\u00e7\u00f5es de ensino superior, com titula\u00e7\u00e3o m\u00ednima de mestres. Os textos devem tratar de temas\/abordagens te\u00f3rico-metodol\u00f3gicas relacionados ao campo do Jornalismo, trazendo resultados (parciais ou finais) de pesquisas emp\u00edricas ou reflex\u00f5es conceituais sobre quest\u00f5es que envolvem o Jornalismo ou a interface com outros campos e objetos. A revista tamb\u00e9m aceita resenhas que devem abordar obras publicadas nos tr\u00eas anos anteriores ao texto produzido e submetido ao conselho da Pauta Geral.<\/span><\/p>\n<p><span style=\"font-weight: 400\">A Pauta Geral \u00e9 o primeiro peri\u00f3dico cient\u00edfico especializado em Jornalismo do pa\u00eds. Foi criada em 1993 na UFBA e, a partir de 2014, passou a ser editada pelo Programa de P\u00f3s-Gradua\u00e7\u00e3o em Jornalismo da Universidade Estadual de Ponta Grossa. A revista tem periodicidade semestral e livre acesso de conte\u00fado.<\/span><\/p>\n<p><span style=\"font-weight: 400\">A Pauta Geral est\u00e1 indexada nas seguintes bases: Latindex; IBICT\/ SEER; REVIScom; Diadorim; Dialnet; Doaj; Sum\u00e1rios; Portal Livre; SHERPA\/ROMEO; FLASCO Argentina; Scholar Google.<\/span><\/p>\n","protected":false},"excerpt":{"rendered":"<p>&nbsp; ISSN eletr\u00f4nico: 2318-857X Site: https:\/\/revistas.uepg.br\/index.php\/pauta\/index\u00a0\u00a0 Com \u00e1rea de concentra\u00e7\u00e3o em Processos Jornal\u00edsticos, a Revista Pauta Geral &#8211; Estudos em Jornalismo \u00e9 desenvolvida por alunos e docentes do Programa de Mestrado em Jornalismo da Universidade Estadual de Ponta Grossa (UEPG) e oferece \u00e0 sociedade um espa\u00e7o relevante para a divulga\u00e7\u00e3o do resultado de pesquisas desenvolvidas&nbsp;&hellip;<\/p>\n","protected":false},"author":768,"featured_media":0,"parent":0,"menu_order":0,"comment_status":"closed","ping_status":"closed","template":"","meta":[],"_links":{"self":[{"href":"https:\/\/www2.uepg.br\/ppgjor\/wp-json\/wp\/v2\/pages\/2595"}],"collection":[{"href":"https:\/\/www2.uepg.br\/ppgjor\/wp-json\/wp\/v2\/pages"}],"about":[{"href":"https:\/\/www2.uepg.br\/ppgjor\/wp-json\/wp\/v2\/types\/page"}],"author":[{"embeddable":true,"href":"https:\/\/www2.uepg.br\/ppgjor\/wp-json\/wp\/v2\/users\/768"}],"replies":[{"embeddable":true,"href":"https:\/\/www2.uepg.br\/ppgjor\/wp-json\/wp\/v2\/comments?post=2595"}],"version-history":[{"count":3,"href":"https:\/\/www2.uepg.br\/ppgjor\/wp-json\/wp\/v2\/pages\/2595\/revisions"}],"predecessor-version":[{"id":2841,"href":"https:\/\/www2.uepg.br\/ppgjor\/wp-json\/wp\/v2\/pages\/2595\/revisions\/2841"}],"wp:attachment":[{"href":"https:\/\/www2.uepg.br\/ppgjor\/wp-json\/wp\/v2\/media?parent=2595"}],"curies":[{"name":"wp","href":"https:\/\/api.w.org\/{rel}","templated":true}]}}