{"id":2601,"date":"2025-02-20T10:20:58","date_gmt":"2025-02-20T13:20:58","guid":{"rendered":"https:\/\/www2.uepg.br\/ppgjor\/?page_id=2601"},"modified":"2025-05-22T15:36:50","modified_gmt":"2025-05-22T18:36:50","slug":"producoes-tecnicas-e-artisticas","status":"publish","type":"page","link":"https:\/\/www2.uepg.br\/ppgjor\/producoes-tecnicas-e-artisticas\/","title":{"rendered":"Produ\u00e7\u00f5es t\u00e9cnicas e art\u00edsticas"},"content":{"rendered":"<p><span style=\"font-weight: 400\">ROCHA, A. E. ; PONTES, Felipe Sim\u00e3o; XAVIER, Cintia. Projeto EspeleoPira\u00ed: em defesa do patrim\u00f4nio natural de Pira\u00ed da Serra\/PR<\/span><\/p>\n<ul>\n<li style=\"font-weight: 400\"><span style=\"font-weight: 400\">Epis\u00f3dio 1: 16m29s, 2023:\u00a0 <\/span><a href=\"https:\/\/www.youtube.com\/watch?v=jDafieuVhIM\"><span style=\"font-weight: 400\">https:\/\/www.youtube.com\/watch?v=jDafieuVhIM<\/span><\/a><span style=\"font-weight: 400\">\u00a0<\/span><\/li>\n<li style=\"font-weight: 400\"><span style=\"font-weight: 400\">Epis\u00f3dio 2: 13m49s:\u00a0 <\/span><a href=\"https:\/\/www.youtube.com\/watch?v=cXCPiPhLEak\"><span style=\"font-weight: 400\">https:\/\/www.youtube.com\/watch?v=cXCPiPhLEak<\/span><\/a><span style=\"font-weight: 400\">\u00a0<\/span><\/li>\n<li style=\"font-weight: 400\"><span style=\"font-weight: 400\">Epis\u00f3dio 3: 8m6s, 2023: https:\/\/<\/span><a href=\"http:\/\/www.youtube.com\/watch?v=dTzIrq0GPdQ\"><span style=\"font-weight: 400\">www.youtube.com\/watch?v=dTzIrq0GPdQ<\/span><\/a><span style=\"font-weight: 400\"> :\u00a0<\/span><\/li>\n<li style=\"font-weight: 400\"><span style=\"font-weight: 400\">Epis\u00f3dio 4, 11m12s, Ponta Grossa, 2024: <\/span><a href=\"https:\/\/www.youtube.com\/watch?v=VOmvW4_lv68\"><span style=\"font-weight: 400\">https:\/\/www.youtube.com\/watch?v=VOmvW4_lv68<\/span><\/a><span style=\"font-weight: 400\">\u00a0<\/span><\/li>\n<\/ul>\n<p><span style=\"font-weight: 400\"><br \/>\nWOITOWICZ, Karina Janz; ROCHA, Paula Melani; ROCHA, A. E.; CANDIDO, D.; SCHOENBERGER, E.; BARROS, M. R.; EDLING, M. C. I.; GASTALDON, M. H. R. Sobre Viv\u00eancias Travestis [Document\u00e1rio], 41m29s, Ponta Grossa, 2022. Dispon\u00edvel em: <\/span><a href=\"https:\/\/www.youtube.com\/watch?v=YA7TRjbdAKc\"><span style=\"font-weight: 400\">https:\/\/www.youtube.com\/watch?v=YA7TRjbdAKc<\/span><\/a><span style=\"font-weight: 400\">\u00a0<\/span><\/p>\n<p><span style=\"font-weight: 400\"><br \/>\nWOITOWICZ, Karina Janz; ANJOS, M. M. P.; BRONOSKY, Marcelo Engel;. MELLO, P. E. D.;GADINI, S\u00e9rgio Luiz; SANTOS, V. C. 40 anos do movimento Diretas J\u00e1 em PG [Document\u00e1rio], 22m08s, Ponta Grossa, 2024. Dispon\u00edvel em:\u00a0 <\/span><a href=\"https:\/\/www.youtube.com\/watch?v=0uHaUBeUC58\"><span style=\"font-weight: 400\">https:\/\/www.youtube.com\/watch?v=0uHaUBeUC58<\/span><\/a><span style=\"font-weight: 400\">\u00a0<\/span><\/p>\n<p><span style=\"font-weight: 400\"><br \/>\nProjeto Al\u00f4 Mulheres. Ocupa Ponta Grossa: direito \u00e0 moradia na Ocupa\u00e7\u00e3o Ericson John Duarte\u201d. Dispon\u00edvel em: <\/span><a href=\"https:\/\/www.youtube.com\/watch?v=QbMvcpMKInI&amp;t=29s\"><span style=\"font-weight: 400\">https:\/\/www.youtube.com\/watch?v=QbMvcpMKInI&amp;t=29s<\/span><\/a><\/p>\n","protected":false},"excerpt":{"rendered":"<p>ROCHA, A. E. ; PONTES, Felipe Sim\u00e3o; XAVIER, Cintia. Projeto EspeleoPira\u00ed: em defesa do patrim\u00f4nio natural de Pira\u00ed da Serra\/PR Epis\u00f3dio 1: 16m29s, 2023:\u00a0 https:\/\/www.youtube.com\/watch?v=jDafieuVhIM\u00a0 Epis\u00f3dio 2: 13m49s:\u00a0 https:\/\/www.youtube.com\/watch?v=cXCPiPhLEak\u00a0 Epis\u00f3dio 3: 8m6s, 2023: https:\/\/www.youtube.com\/watch?v=dTzIrq0GPdQ :\u00a0 Epis\u00f3dio 4, 11m12s, Ponta Grossa, 2024: https:\/\/www.youtube.com\/watch?v=VOmvW4_lv68\u00a0 WOITOWICZ, Karina Janz; ROCHA, Paula Melani; ROCHA, A. E.; CANDIDO, D.; SCHOENBERGER, E.;&nbsp;&hellip;<\/p>\n","protected":false},"author":768,"featured_media":0,"parent":0,"menu_order":0,"comment_status":"closed","ping_status":"closed","template":"","meta":[],"_links":{"self":[{"href":"https:\/\/www2.uepg.br\/ppgjor\/wp-json\/wp\/v2\/pages\/2601"}],"collection":[{"href":"https:\/\/www2.uepg.br\/ppgjor\/wp-json\/wp\/v2\/pages"}],"about":[{"href":"https:\/\/www2.uepg.br\/ppgjor\/wp-json\/wp\/v2\/types\/page"}],"author":[{"embeddable":true,"href":"https:\/\/www2.uepg.br\/ppgjor\/wp-json\/wp\/v2\/users\/768"}],"replies":[{"embeddable":true,"href":"https:\/\/www2.uepg.br\/ppgjor\/wp-json\/wp\/v2\/comments?post=2601"}],"version-history":[{"count":4,"href":"https:\/\/www2.uepg.br\/ppgjor\/wp-json\/wp\/v2\/pages\/2601\/revisions"}],"predecessor-version":[{"id":3166,"href":"https:\/\/www2.uepg.br\/ppgjor\/wp-json\/wp\/v2\/pages\/2601\/revisions\/3166"}],"wp:attachment":[{"href":"https:\/\/www2.uepg.br\/ppgjor\/wp-json\/wp\/v2\/media?parent=2601"}],"curies":[{"name":"wp","href":"https:\/\/api.w.org\/{rel}","templated":true}]}}