{"id":2608,"date":"2025-02-20T10:25:44","date_gmt":"2025-02-20T13:25:44","guid":{"rendered":"https:\/\/www2.uepg.br\/ppgjor\/?page_id=2608"},"modified":"2025-05-22T16:07:24","modified_gmt":"2025-05-22T19:07:24","slug":"parcerias-de-impacto-social","status":"publish","type":"page","link":"https:\/\/www2.uepg.br\/ppgjor\/parcerias-de-impacto-social\/","title":{"rendered":"Parcerias de impacto social"},"content":{"rendered":"<p><span style=\"font-weight: 400\">O PPGJor mant\u00e9m parcerias em projetos de extens\u00e3o e pesquisa com agentes da sociedade civil, de movimentos sociais, empresas e de \u00f3rg\u00e3os governamentais.\u00a0<\/span><\/p>\n<ul>\n<li style=\"font-weight: 400\"><span style=\"font-weight: 400\"><a href=\"https:\/\/www.facebook.com\/fadpontagrossa\/?locale=pt_BR\">Frente Ampla Democr\u00e1tica<\/a>\u00a0<\/span><\/li>\n<li style=\"font-weight: 400\"><span style=\"font-weight: 400\"><a href=\"https:\/\/www.gupe.org.br\/\">Grupo Universit\u00e1rio de Pesquisas Espeleol\u00f3gicas<\/a> &#8211; GUPE\u00a0<\/span><\/li>\n<li style=\"font-weight: 400\"><span style=\"font-weight: 400\"><a href=\"https:\/\/www.instagram.com\/mpl_pg\">Movimento Popular de Luta<\/a> (MPL)\u00a0<\/span><\/li>\n<li style=\"font-weight: 400\"><span style=\"font-weight: 400\"><a href=\"https:\/\/www.instagram.com\/umppg\/\">Uni\u00e3o por Moradia Popular de Ponta Grossa<\/a>\u00a0<\/span><\/li>\n<li style=\"font-weight: 400\"><a href=\"https:\/\/www.facebook.com\/OngRenascerPG\/?locale=pt_BR\"><span style=\"font-weight: 400\">Grupo Renascer de Apoio \u00e0 Popula\u00e7\u00e3o LGBT<\/span><\/a><\/li>\n<li style=\"font-weight: 400\"><span style=\"font-weight: 400\">Apadevi \u2013 <a href=\"https:\/\/apadevipg.wixsite.com\/apadevi\">Associa\u00e7\u00e3o de Pais e Amigos do Deficiente Visual<\/a>\u00a0<\/span><\/li>\n<li style=\"font-weight: 400\"><span style=\"font-weight: 400\"><a href=\"https:\/\/elos.sites.uepg.br\/destaques\/pg-tem-primeira-frente-feminista-em-200-anos\/\">Frente Feminista de Ponta Grossa<\/a>\u00a0<\/span><\/li>\n<li style=\"font-weight: 400\"><span style=\"font-weight: 400\"><a href=\"https:\/\/sindijorpr.org.br\/\">Sindicato dos Jornalistas do Paran\u00e1<\/a> &#8211; SindiJor-PR\u00a0<\/span><\/li>\n<li style=\"font-weight: 400\"><span style=\"font-weight: 400\"><a href=\"https:\/\/www.sinduepg.com.br\/\">Se\u00e7\u00e3o Sindical dos Docentes da Universidade Estadual de Ponta Grossa<\/a> \u2013 SindUEPG<\/span><span style=\"font-weight: 400\">\u00a0<\/span><\/li>\n<li style=\"font-weight: 400\"><span style=\"font-weight: 400\"><a href=\"https:\/\/metalurgente.com.br\/cct\/\">Sindicato dos Trabalhadores Metal\u00fargicos de Ponta Grossa<\/a>\u00a0<\/span><\/li>\n<li style=\"font-weight: 400\"><span style=\"font-weight: 400\"><a href=\"https:\/\/www.instagram.com\/sismucastro\/\">Sindicato dos Servidores P\u00fablicos Municipais de Castro<\/a>\u00a0<\/span><\/li>\n<li style=\"font-weight: 400\"><span style=\"font-weight: 400\">Foto Carlos \u2013 empresa de foto da cidade de Ponta Grossa. Parceira em palestras sobre fotografia. Trabalho realizado junto ao acervo de fotografias da cidade de Ponta Grossa.<\/span><\/li>\n<li style=\"font-weight: 400\"><span style=\"font-weight: 400\">Fundo <a href=\"https:\/\/www.facebook.com\/fotoelitepg\/?locale=pt_BR\">Foto Elite<\/a><\/span><span style=\"font-weight: 400\">: trabalho de preserva\u00e7\u00e3o, publica\u00e7\u00e3o e estudo de acervo fotogr\u00e1fico<\/span><\/li>\n<li style=\"font-weight: 400\"><span style=\"font-weight: 400\"><a href=\"https:\/\/www.facebook.com\/tvcompg\/\">Associa\u00e7\u00e3o das Entidades Usu\u00e1rias do Canal Comunit\u00e1rio<\/a> \u2013 transmite parte significativa de materiais em audiovisual produzido pelos projetos de extens\u00e3o, de pesquisa e laboratoriais vinculados aos professores e discentes do PPGJor<\/span><\/li>\n<li style=\"font-weight: 400\"><span style=\"font-weight: 400\"><a href=\"https:\/\/princesafmpg.com.br\/\">R\u00e1dio Comunit\u00e1ria Princesa<\/a> (FM 87,9) \u2013 transmite parte significativa de materiais em audiovisual produzido pelos projetos de extens\u00e3o, de pesquisa e laboratoriais vinculados aos professores e discentes do PPGJor\u00a0<\/span><\/li>\n<li style=\"font-weight: 400\"><span style=\"font-weight: 400\"><a href=\"https:\/\/www.facebook.com\/casadamemoriaparana\/?locale=pt_BR\">Casa da Mem\u00f3ria de Ponta Grossa<\/a>\u00a0<\/span><\/li>\n<li style=\"font-weight: 400\"><span style=\"font-weight: 400\"><a href=\"https:\/\/www2.uepg.br\/museu\/\">Museu Campos Gerais<\/a>\u00a0<\/span><\/li>\n<\/ul>\n<ul>\n<li style=\"font-weight: 400\"><span style=\"font-weight: 400\">NUMAPE \u2013 (<a href=\"https:\/\/www.instagram.com\/numapeuepg\/\">N\u00facleo Maria da Penha<\/a><\/span><span style=\"font-weight: 400\">)<\/span><\/li>\n<li style=\"font-weight: 400\"><span style=\"font-weight: 400\">UATI &#8211; <a href=\"https:\/\/www2.uepg.br\/uati\/uati-uepg\/\">Universidade Aberta para a Terceira Idade<\/a>\u00a0<\/span><\/li>\n<li style=\"font-weight: 400\"><span style=\"font-weight: 400\"><a href=\"https:\/\/www.facebook.com\/conselhomunicipalpg\/\">Conselho Municipal dos Direitos da Mulher de Ponta Grossa<\/a>\u00a0<\/span><\/li>\n<li style=\"font-weight: 400\"><span style=\"font-weight: 400\"><a href=\"https:\/\/cultura.pontagrossa.pr.gov.br\/conselho-municipal-de-politica-cultural\/\">Conselho Municipal de Pol\u00edticas Culturais de Ponta Grossa<\/a>\u00a0<\/span><\/li>\n<li style=\"font-weight: 400\"><span style=\"font-weight: 400\"><a href=\"https:\/\/fms.pontagrossa.pr.gov.br\/conselho-municipal-de-saude-de-ponta-grossa-cms-pg\/\">Conselho Municipal de Sa\u00fade de Ponta Grossa<\/a>\u00a0<\/span><\/li>\n<li style=\"font-weight: 400\"><span style=\"font-weight: 400\"><a href=\"https:\/\/cultura.pontagrossa.pr.gov.br\/patrimonio-compac\/\">Conselho Municipal de Patrim\u00f4nio Cultural de Ponta Grossa<\/a>\u00a0<\/span><\/li>\n<li style=\"font-weight: 400\"><span style=\"font-weight: 400\"><a href=\"https:\/\/portal.stf.jus.br\/\">Supremo Tribunal Federal<\/a>\u00a0<\/span><\/li>\n<li style=\"font-weight: 400\"><span style=\"font-weight: 400\"><a href=\"https:\/\/www.tre-pr.jus.br\/\">Tribunal Regional Eleitoral<\/a>\u00a0<\/span><\/li>\n<\/ul>\n","protected":false},"excerpt":{"rendered":"<p>O PPGJor mant\u00e9m parcerias em projetos de extens\u00e3o e pesquisa com agentes da sociedade civil, de movimentos sociais, empresas e de \u00f3rg\u00e3os governamentais.\u00a0 Frente Ampla Democr\u00e1tica\u00a0 Grupo Universit\u00e1rio de Pesquisas Espeleol\u00f3gicas &#8211; GUPE\u00a0 Movimento Popular de Luta (MPL)\u00a0 Uni\u00e3o por Moradia Popular de Ponta Grossa\u00a0 Grupo Renascer de Apoio \u00e0 Popula\u00e7\u00e3o LGBT Apadevi \u2013 Associa\u00e7\u00e3o&nbsp;&hellip;<\/p>\n","protected":false},"author":768,"featured_media":0,"parent":0,"menu_order":0,"comment_status":"closed","ping_status":"closed","template":"","meta":[],"_links":{"self":[{"href":"https:\/\/www2.uepg.br\/ppgjor\/wp-json\/wp\/v2\/pages\/2608"}],"collection":[{"href":"https:\/\/www2.uepg.br\/ppgjor\/wp-json\/wp\/v2\/pages"}],"about":[{"href":"https:\/\/www2.uepg.br\/ppgjor\/wp-json\/wp\/v2\/types\/page"}],"author":[{"embeddable":true,"href":"https:\/\/www2.uepg.br\/ppgjor\/wp-json\/wp\/v2\/users\/768"}],"replies":[{"embeddable":true,"href":"https:\/\/www2.uepg.br\/ppgjor\/wp-json\/wp\/v2\/comments?post=2608"}],"version-history":[{"count":4,"href":"https:\/\/www2.uepg.br\/ppgjor\/wp-json\/wp\/v2\/pages\/2608\/revisions"}],"predecessor-version":[{"id":3172,"href":"https:\/\/www2.uepg.br\/ppgjor\/wp-json\/wp\/v2\/pages\/2608\/revisions\/3172"}],"wp:attachment":[{"href":"https:\/\/www2.uepg.br\/ppgjor\/wp-json\/wp\/v2\/media?parent=2608"}],"curies":[{"name":"wp","href":"https:\/\/api.w.org\/{rel}","templated":true}]}}