{"id":2610,"date":"2025-02-20T10:25:53","date_gmt":"2025-02-20T13:25:53","guid":{"rendered":"https:\/\/www2.uepg.br\/ppgjor\/?page_id=2610"},"modified":"2025-05-23T17:26:32","modified_gmt":"2025-05-23T20:26:32","slug":"redesdepesquisa","status":"publish","type":"page","link":"https:\/\/www2.uepg.br\/ppgjor\/redesdepesquisa\/","title":{"rendered":"Redes de pesquisa"},"content":{"rendered":"<p>Os professores do PPGJor participam de projetos internacionais, como l\u00edderes, como membros e\/ou com recursos financiados internacionalmente.<\/p>\n<p>&nbsp;<\/p>\n<ul>\n<li><a href=\"https:\/\/www.globalriskjournalismhub.com\"><i><strong>Global Risk Journalism Hub<\/strong> <\/i><\/a>, contempla pesquisadoras e pesquisadores de mais de 50 pa\u00edses do Norte e Sul global e \u00e9 coordenada por Ingrid Volkmer (University of Melbourne &#8211; Austr\u00e1lia) e Antonio Castillo (RMIT University &#8211; Austr\u00e1lia), com participa\u00e7\u00e3o da de Paula Melani Rocha. Livro da rede: \u201cEcologies of Global Risk Journalism Conceptualizing Local Journalism in an Era of Deep Disruptions\u201d, publicado pela Routledge em 2024 (https:\/\/doi.org\/10.4324\/9781003431268).<\/li>\n<li><a href=\"https:\/\/jetreg.blogs.lincoln.ac.uk\"><strong>J<i>ournalism Education and Trauma Research Group <\/i>\u2013 JETREG,<\/strong><\/a>\u00a0re\u00fane mais de 250 pesquisadores no mundo, aglutinados em 19 \u201cHubs\u201d regionais, tendo a professora Paula Melani Rocha como pesquisadora l\u00edder do <i>Regional Research Hub<\/i> da Am\u00e9rica do Sul.<\/li>\n<li><a href=\"https:\/\/dgapa.unam.mx\/images\/papiit\/transparencia\/proyxanio\/2022\/segundo\/IN403320_Informe_Final_2020.pdf\"><strong>Projeto internacional <i>De las revistas impresas a los blogs y portales digitales: la acci\u00f3n pol\u00edtico-cultural de las publicaciones culturales en America Latina<\/i> (1960-2000), conta com financiamento do <i>Programa de Apoyo a Proyectos de Investigaci\u00f3n e Innovaci\u00f3n Tecnol\u00f3gica &#8211; PAPIIT de la Universidad Nacional Aut\u00f3noma de M\u00e9xico<\/i><\/strong><\/a>.\u00a0Dentre os pesquisadores e pesquisadoras do projeto, cita-se as professoras Regina Crespo Franzoni (UNAM &#8211; M\u00e9xico), Jenny T. Guerra Gonz\u00e1lez (UNAM &#8211; M\u00e9xico), Claudio Maiz (UCuyo &#8211; Argentina); Adriana Petra (Universidad Nacional de San Mart\u00edn &#8211; Argentina), Karina Janz Woitowicz (UEPG). O principal resultado da pesquisa em coopera\u00e7\u00e3o \u00e9 o livro est\u00e1 dispon\u00edvel em: <a href=\"https:\/\/librosoa.unam.mx\/bitstream\/handle\/123456789\/3702\/9786073082808.pdf?sequence=1&amp;isAllowed=y\">https:\/\/librosoa.unam.mx\/bitstream\/handle\/123456789\/3702\/9786073082808.pdf?sequence=1&amp;isAllowed=y<\/a>.<\/li>\n<li><strong>Rede internacional de estudos de Jornalismo, Comunica\u00e7\u00e3o e G\u00eanero<\/strong> \u00e9 um Acordo de Coopera\u00e7\u00e3o Interinstitucional de estudos sobre jornalismo, comunica\u00e7\u00e3o e g\u00eanero, envolvendo quatro programas de p\u00f3s-gradua\u00e7\u00e3o, sendo dois brasileiros e dois internacionais &#8211; UNB, Universidade de Rennes (Fran\u00e7a), Universidade Estadual de Ponta Grossa e Universidad Nacional de San Luis (Argentina). Cada universidade tem uma equipe de execu\u00e7\u00e3o e na UEPG ela \u00e9 composta pelas professoras Paula Melani Rocha, Karina Janz Woitowicz e Felipe Sim\u00e3o Pontes.<\/li>\n<li><strong>flexMediaLives<\/strong>: Aferi\u00e7\u00e3o e an\u00e1lise de riscos biogr\u00e1ficos em mercados de trabalho flex\u00edveis por meio de big data: o caso das carreiras e narrativas sobre carreiras de jornalistas na Fran\u00e7a e no Brasil\u201d. Projeto coordenado pelo professor Jacques Mick (UFSC) em parceria com o pesquisador franc\u00eas Gilles Bastin (Sciences Po &#8211; Universit\u00e9 Grenoble-Alpes &#8211; Fran\u00e7a), com participa\u00e7\u00e3o de Felipe Sim\u00e3o Pontes (UEPG).<\/li>\n<li><strong><i>Red de Investigadores en Comunicaci\u00f3n Internacional<\/i><\/strong>, fundado e coordenado por Ivan Elizeu Bomfim, envolve pesquisadores da Universidad Nacional de Colombia, Universidad Javeriana, Universidade Federal do Rio Grande do Sul, Pontif\u00edcia Universidade Cat\u00f3lica do Rio Grande do Sul, Universidade Federal Fluminense, da Universidad de Buenos Aires, entre outros pesquisadores interessados em estudar os meios de comunica\u00e7\u00e3o nas conforma\u00e7\u00f5es pol\u00edticas das rela\u00e7\u00f5es internacionais.<\/li>\n<li>Parceria interinstitucional do PPGJor UEPG com a UNJu (Argentina), em que o S\u00e9rgio Gadini leciona no Programa de P\u00f3s-Gradua\u00e7\u00e3o Problem\u00e1ticas Contemporaneas de la Comunicaci\u00f3n na Universidad Nacional de Jujuy: (<a href=\"http:\/\/www.fhycs.unju.edu.ar\/secretaria_posgrado\/posgrado_articulo.php?id=40\">http:\/\/www.fhycs.unju.edu.ar\/secretaria_posgrado\/posgrado_articulo.php?id=40<\/a>).<\/li>\n<\/ul>\n","protected":false},"excerpt":{"rendered":"<p>Os professores do PPGJor participam de projetos internacionais, como l\u00edderes, como membros e\/ou com recursos financiados internacionalmente. &nbsp; Global Risk Journalism Hub , contempla pesquisadoras e pesquisadores de mais de 50 pa\u00edses do Norte e Sul global e \u00e9 coordenada por Ingrid Volkmer (University of Melbourne &#8211; Austr\u00e1lia) e Antonio Castillo (RMIT University &#8211; Austr\u00e1lia),&nbsp;&hellip;<\/p>\n","protected":false},"author":768,"featured_media":0,"parent":0,"menu_order":0,"comment_status":"closed","ping_status":"closed","template":"","meta":[],"_links":{"self":[{"href":"https:\/\/www2.uepg.br\/ppgjor\/wp-json\/wp\/v2\/pages\/2610"}],"collection":[{"href":"https:\/\/www2.uepg.br\/ppgjor\/wp-json\/wp\/v2\/pages"}],"about":[{"href":"https:\/\/www2.uepg.br\/ppgjor\/wp-json\/wp\/v2\/types\/page"}],"author":[{"embeddable":true,"href":"https:\/\/www2.uepg.br\/ppgjor\/wp-json\/wp\/v2\/users\/768"}],"replies":[{"embeddable":true,"href":"https:\/\/www2.uepg.br\/ppgjor\/wp-json\/wp\/v2\/comments?post=2610"}],"version-history":[{"count":5,"href":"https:\/\/www2.uepg.br\/ppgjor\/wp-json\/wp\/v2\/pages\/2610\/revisions"}],"predecessor-version":[{"id":3213,"href":"https:\/\/www2.uepg.br\/ppgjor\/wp-json\/wp\/v2\/pages\/2610\/revisions\/3213"}],"wp:attachment":[{"href":"https:\/\/www2.uepg.br\/ppgjor\/wp-json\/wp\/v2\/media?parent=2610"}],"curies":[{"name":"wp","href":"https:\/\/api.w.org\/{rel}","templated":true}]}}