{"id":2613,"date":"2025-02-20T10:26:31","date_gmt":"2025-02-20T13:26:31","guid":{"rendered":"https:\/\/www2.uepg.br\/ppgjor\/?page_id=2613"},"modified":"2025-05-09T15:43:44","modified_gmt":"2025-05-09T18:43:44","slug":"convenios","status":"publish","type":"page","link":"https:\/\/www2.uepg.br\/ppgjor\/convenios\/","title":{"rendered":"Conv\u00eanios"},"content":{"rendered":"<h2><b>GCUB<\/b><\/h2>\n<p>O PPGJor integra o Programa de Mobilidade Internacional do Grupo de Coopera\u00e7\u00e3o Internacional de Universidades Brasileiras (GCUB), que re\u00fane universidades p\u00fablicas brasileiras oferecendo bolsas de estudo para estudantes estrangeiros interessados em ingressar em programas de p\u00f3s-gradua\u00e7\u00e3o, como Mestrado ou Doutorado, no Brasil.<\/p>\n<p>O principal objetivo do GCUB \u00e9 contribuir para o desenvolvimento acad\u00eamico de alto n\u00edvel de estudantes dos cinco continentes, al\u00e9m de promover a internacionaliza\u00e7\u00e3o universit\u00e1ria e fortalecer a coopera\u00e7\u00e3o internacional entre as universidades brasileiras e institui\u00e7\u00f5es de outros pa\u00edses.<\/p>\n<p>Entre os benef\u00edcios do programa, destacam-se: isen\u00e7\u00e3o de matr\u00edculas, mensalidades ou anuidades acad\u00eamicas; acesso aos restaurantes universit\u00e1rios; e apoio financeiro para cobrir taxas de inscri\u00e7\u00e3o, despesas administrativas e seguro obrigat\u00f3rio.<\/p>\n<p>&nbsp;<\/p>\n<h2><b>ZICOSUR Universit\u00e1rio<\/b><\/h2>\n<p>O PPGJor integra a Rede de Universidades da Zona de Integra\u00e7\u00e3o do Centro Oeste da Am\u00e9rica do Sul (ZICOSUR Universit\u00e1rio). Trata-se de um grupo de Universidades P\u00fablicas da Argentina, Bol\u00edvia, Brasil, Chile, Paraguai e Peru, que atua com o objetivo de fortalecer a integra\u00e7\u00e3o regional acad\u00eamica e consolidar o interc\u00e2mbio nas \u00e1reas de ensino, pesquisa e extens\u00e3o das regi\u00f5es que comp\u00f5em o ZICOSUR. E, consequentemente, promover maior inser\u00e7\u00e3o no contexto internacional e incentivar o desenvolvimento econ\u00f4mico e social da regi\u00e3o.<\/p>\n<p>Entre seus objetivos espec\u00edficos, o ZICOSUR visa:<\/p>\n<ol>\n<li>a) construir uma plataforma de informa\u00e7\u00e3o sobre a oferta de p\u00f3s-gradua\u00e7\u00e3o das universidades da regi\u00e3o, bem como as pesquisas acad\u00eamicas realizadas por essas casas de ensino superior e os conv\u00eanios firmados entre elas;<\/li>\n<li>b) Analisar as informa\u00e7\u00f5es obtidas a fim de melhorar e coordenar a oferta de cursos de p\u00f3s-gradua\u00e7\u00e3o na Regi\u00e3o;<\/li>\n<li>c) Gerar cursos de p\u00f3s-gradua\u00e7\u00e3o em n\u00edvel regional em \u00e1reas reconhecidas que promovam o desenvolvimento;<\/li>\n<li>d) Resgatar o papel das universidades como institui\u00e7\u00f5es intermedi\u00e1rias entre governos e suas popula\u00e7\u00f5es;<\/li>\n<li>e) Facilitar o interc\u00e2mbio de alunos de gradua\u00e7\u00e3o e p\u00f3s-gradua\u00e7\u00e3o;<\/li>\n<li>f) Promover a mobilidade de professores;<\/li>\n<li>g) Promover bolsas de estudo Zicosur;<\/li>\n<li>h) Gerar uma identidade compartilhada atrav\u00e9s do conhecimento de diferentes culturas;<\/li>\n<li>i) Criar um espa\u00e7o de reflex\u00e3o sobre a import\u00e2ncia da educa\u00e7\u00e3o nos processos de integra\u00e7\u00e3o;<\/li>\n<li>j) Promover o desenvolvimento de projetos de pesquisa conjuntos entre as universidades da Regi\u00e3o;<\/li>\n<li>k) Promover a valida\u00e7\u00e3o regional de diplomas de n\u00edvel superior, gerando o quadro jur\u00eddico necess\u00e1rio para tal.<\/li>\n<\/ol>\n<p>&nbsp;<\/p>\n<h2><b>ESCRIT\u00d3RIO DE RELA\u00c7\u00d5ES INTERNACIONAIS<\/b><\/h2>\n<p>A Universidade Estadual de Ponta Grossa mant\u00e9m conv\u00eanios, programas de mobilidade estudantil internacional e diretrizes de internacionaliza\u00e7\u00e3o por meio da atua\u00e7\u00e3o do Escrit\u00f3rio de Rela\u00e7\u00f5es Internacionais (ERI). Assim, o ERI desempenha a fun\u00e7\u00e3o de agente respons\u00e1vel pela harmoniza\u00e7\u00e3o das diretrizes de internacionaliza\u00e7\u00e3o da Universidade, em conson\u00e2ncia com a pol\u00edtica Institucional, Estadual ou Federal, bem como, por seu processo de implementa\u00e7\u00e3o.<\/p>\n<p>Por meio de conv\u00eanios com diversas institui\u00e7\u00f5es de mais de 25 pa\u00edses, a UEPG recebe e envia pesquisadores, professores e estudantes para interc\u00e2mbio e aperfei\u00e7oamento cient\u00edfico, t\u00e9cnico e educacional.<\/p>\n<p>Mais informa\u00e7\u00f5es em: <a href=\"https:\/\/www2.uepg.br\/eri\/atribuicoes\/\">https:\/\/www2.uepg.br\/eri\/<\/a><\/p>\n","protected":false},"excerpt":{"rendered":"<p>GCUB O PPGJor integra o Programa de Mobilidade Internacional do Grupo de Coopera\u00e7\u00e3o Internacional de Universidades Brasileiras (GCUB), que re\u00fane universidades p\u00fablicas brasileiras oferecendo bolsas de estudo para estudantes estrangeiros interessados em ingressar em programas de p\u00f3s-gradua\u00e7\u00e3o, como Mestrado ou Doutorado, no Brasil. O principal objetivo do GCUB \u00e9 contribuir para o desenvolvimento acad\u00eamico de&nbsp;&hellip;<\/p>\n","protected":false},"author":768,"featured_media":0,"parent":0,"menu_order":0,"comment_status":"closed","ping_status":"closed","template":"","meta":[],"_links":{"self":[{"href":"https:\/\/www2.uepg.br\/ppgjor\/wp-json\/wp\/v2\/pages\/2613"}],"collection":[{"href":"https:\/\/www2.uepg.br\/ppgjor\/wp-json\/wp\/v2\/pages"}],"about":[{"href":"https:\/\/www2.uepg.br\/ppgjor\/wp-json\/wp\/v2\/types\/page"}],"author":[{"embeddable":true,"href":"https:\/\/www2.uepg.br\/ppgjor\/wp-json\/wp\/v2\/users\/768"}],"replies":[{"embeddable":true,"href":"https:\/\/www2.uepg.br\/ppgjor\/wp-json\/wp\/v2\/comments?post=2613"}],"version-history":[{"count":3,"href":"https:\/\/www2.uepg.br\/ppgjor\/wp-json\/wp\/v2\/pages\/2613\/revisions"}],"predecessor-version":[{"id":3064,"href":"https:\/\/www2.uepg.br\/ppgjor\/wp-json\/wp\/v2\/pages\/2613\/revisions\/3064"}],"wp:attachment":[{"href":"https:\/\/www2.uepg.br\/ppgjor\/wp-json\/wp\/v2\/media?parent=2613"}],"curies":[{"name":"wp","href":"https:\/\/api.w.org\/{rel}","templated":true}]}}