{"id":2615,"date":"2025-02-20T10:26:40","date_gmt":"2025-02-20T13:26:40","guid":{"rendered":"https:\/\/www2.uepg.br\/ppgjor\/?page_id=2615"},"modified":"2025-05-23T17:28:04","modified_gmt":"2025-05-23T20:28:04","slug":"redes-nacionais","status":"publish","type":"page","link":"https:\/\/www2.uepg.br\/ppgjor\/redes-nacionais\/","title":{"rendered":"Redes nacionais"},"content":{"rendered":"<p>Os docentes do PPGJor est\u00e3o envolvidos nas seguintes redes de pesquisa nacionais:<\/p>\n<ul>\n<li>Abej \u2013 Associa\u00e7\u00e3o Brasileira de Ensino de Jornalismo<\/li>\n<li>Alcar<\/li>\n<li>Rede Folkcom<\/li>\n<li>Intercom<\/li>\n<li>Rede Antonietas: G\u00eanero, Jornalismo e Interseccionalidades<\/li>\n<li>Renoi \u2013 Rede Nacional de Observat\u00f3rios de Imprensa<\/li>\n<li>Rede de Pesquisa Fundamentos Te\u00f3ricos em Jornalismo<\/li>\n<li>Retij \u2013 Rede de Pesquisa Trabalho e Identidade no Jornalismo<\/li>\n<li>SBPJor \u2013 Associa\u00e7\u00e3o Brasileira de Pesquisadores de Jornalismo<\/li>\n<li>Telejor \u2013 Rede de Pesquisa em Telejornalismo<\/li>\n<\/ul>\n<p>&nbsp;<\/p>\n","protected":false},"excerpt":{"rendered":"<p>Os docentes do PPGJor est\u00e3o envolvidos nas seguintes redes de pesquisa nacionais: Abej \u2013 Associa\u00e7\u00e3o Brasileira de Ensino de Jornalismo Alcar Rede Folkcom Intercom Rede Antonietas: G\u00eanero, Jornalismo e Interseccionalidades Renoi \u2013 Rede Nacional de Observat\u00f3rios de Imprensa Rede de Pesquisa Fundamentos Te\u00f3ricos em Jornalismo Retij \u2013 Rede de Pesquisa Trabalho e Identidade no Jornalismo&nbsp;&hellip;<\/p>\n","protected":false},"author":768,"featured_media":0,"parent":0,"menu_order":0,"comment_status":"closed","ping_status":"closed","template":"","meta":[],"_links":{"self":[{"href":"https:\/\/www2.uepg.br\/ppgjor\/wp-json\/wp\/v2\/pages\/2615"}],"collection":[{"href":"https:\/\/www2.uepg.br\/ppgjor\/wp-json\/wp\/v2\/pages"}],"about":[{"href":"https:\/\/www2.uepg.br\/ppgjor\/wp-json\/wp\/v2\/types\/page"}],"author":[{"embeddable":true,"href":"https:\/\/www2.uepg.br\/ppgjor\/wp-json\/wp\/v2\/users\/768"}],"replies":[{"embeddable":true,"href":"https:\/\/www2.uepg.br\/ppgjor\/wp-json\/wp\/v2\/comments?post=2615"}],"version-history":[{"count":2,"href":"https:\/\/www2.uepg.br\/ppgjor\/wp-json\/wp\/v2\/pages\/2615\/revisions"}],"predecessor-version":[{"id":3214,"href":"https:\/\/www2.uepg.br\/ppgjor\/wp-json\/wp\/v2\/pages\/2615\/revisions\/3214"}],"wp:attachment":[{"href":"https:\/\/www2.uepg.br\/ppgjor\/wp-json\/wp\/v2\/media?parent=2615"}],"curies":[{"name":"wp","href":"https:\/\/api.w.org\/{rel}","templated":true}]}}