{"id":2712,"date":"2025-04-07T15:52:30","date_gmt":"2025-04-07T18:52:30","guid":{"rendered":"https:\/\/www2.uepg.br\/ppgjor\/?page_id=2712"},"modified":"2025-04-07T15:52:30","modified_gmt":"2025-04-07T18:52:30","slug":"conference-proceedings","status":"publish","type":"page","link":"https:\/\/www2.uepg.br\/ppgjor\/en\/conference-proceedings\/","title":{"rendered":"Conference Proceedings"},"content":{"rendered":"<div id=\"pl-2712\"  class=\"panel-layout\" ><div id=\"pg-2712-0\"  class=\"panel-grid panel-no-style\" ><div id=\"pgc-2712-0-0\"  class=\"panel-grid-cell\" ><div id=\"panel-2712-0-0-0\" class=\"so-panel widget widget_sow-accordion panel-first-child panel-last-child\" data-index=\"0\" ><div\n\t\t\t\n\t\t\tclass=\"so-widget-sow-accordion so-widget-sow-accordion-default-5e4f80fa1ce8-2712\"\n\t\t\t\n\t\t><h3 class=\"widget-title\">EVENTOS ANUAIS<\/h3><div>\n\t<div class=\"sow-accordion\">\n\t\t\t<div class=\"sow-accordion-panel\"\n\t\t\t data-anchor=\"col%c3%b3quio-mulher-e-sociedade\">\n\t\t\t\t<div class=\"sow-accordion-panel-header-container\" role=\"heading\" aria-level=\"2\">\n\t\t\t\t\t<div class=\"sow-accordion-panel-header\" tabindex=\"0\" role=\"button\" id=\"accordion-label-col%c3%b3quio-mulher-e-sociedade\" aria-controls=\"accordion-content-col%c3%b3quio-mulher-e-sociedade\" aria-expanded=\"false\">\n\t\t\t\t\t\t<div class=\"sow-accordion-title sow-accordion-title-icon-left\">\n\t\t\t\t\t\t\t\t\t\t\t\t\t\tCol\u00f3quio Mulher e Sociedade\t\t\t\t\t\t\t\t\t\t\t\t\t<\/div>\n\t\t\t\t\t\t<div class=\"sow-accordion-open-close-button\">\n\t\t\t\t\t\t\t<div class=\"sow-accordion-open-button\">\n\t\t\t\t\t\t\t\t<span class=\"sow-icon-ionicons\" data-sow-icon=\"&#xf218;\"\n\t\t \n\t\taria-hidden=\"true\"><\/span>\t\t\t\t\t\t\t<\/div>\n\t\t\t\t\t\t\t<div class=\"sow-accordion-close-button\">\n\t\t\t\t\t\t\t\t<span class=\"sow-icon-ionicons\" data-sow-icon=\"&#xf209;\"\n\t\t \n\t\taria-hidden=\"true\"><\/span>\t\t\t\t\t\t\t<\/div>\n\t\t\t\t\t\t<\/div>\n\t\t\t\t\t<\/div>\n\t\t\t\t<\/div>\n\n\t\t\t<div\n\t\t\t\tclass=\"sow-accordion-panel-content\"\n\t\t\t\trole=\"region\"\n\t\t\t\taria-labelledby=\"accordion-label-col%c3%b3quio-mulher-e-sociedade\"\n\t\t\t\tid=\"accordion-content-col%c3%b3quio-mulher-e-sociedade\"\n\t\t\t\tstyle=\"display: none;\"\t\t\t>\n\t\t\t\t<div class=\"sow-accordion-panel-border\" tabindex=\"0\">\n\t\t\t\t\t<p style=\"text-align: center\"><strong>6\u00ba Col\u00f3quio Mulher e Sociedade<\/strong><\/p>\n<p style=\"text-align: center\"><a href=\"http:\/\/www2.uepg.br\/ppgjor\/wp-content\/uploads\/sites\/26\/2019\/07\/APRESENTA%C3%87%C3%83O_2019.pdf\" target=\"_blank\" rel=\"noopener noreferrer\">Apresenta\u00e7\u00e3o<\/a><\/p>\n<p style=\"text-align: center\"><a href=\"http:\/\/www2.uepg.br\/ppgjor\/wp-content\/uploads\/sites\/26\/2019\/07\/CORPO_EDITORIAL_2019.pdf\" target=\"_blank\" rel=\"noopener noreferrer\">Corpo editorial<\/a><\/p>\n<p style=\"text-align: center\"><a href=\"http:\/\/www2.uepg.br\/ppgjor\/wp-content\/uploads\/sites\/26\/2019\/07\/NORMAS_PARA_PUBLICA%C3%87%C3%83O_2019.pdf\" target=\"_blank\" rel=\"noopener noreferrer\">Normas para publica\u00e7\u00e3o<\/a><\/p>\n<p style=\"text-align: center\"><a href=\"http:\/\/www2.uepg.br\/ppgjor\/wp-content\/uploads\/sites\/26\/2019\/07\/EXPEDIENTE_2019.pdf\" target=\"_blank\" rel=\"noopener noreferrer\">Expediente e contato<\/a><\/p>\n<p style=\"text-align: center\"><a href=\"http:\/\/twixar.me\/0jQn\" target=\"_blank\" rel=\"noopener noreferrer\">Anais \u2013 Volume 5, 2019\u00a0<\/a><\/p>\n<p style=\"text-align: center\">\n<\/p><p style=\"text-align: center\"><strong>5\u00ba Col\u00f3quio Mulher e Sociedade<\/strong><br \/>\n<strong>ISSN 2317-2665<\/strong><\/p>\n<p style=\"text-align: center\"><a href=\"http:\/\/www2.uepg.br\/ppgjor\/wp-content\/uploads\/sites\/26\/2019\/07\/APRESENTA%C3%87%C3%83O_2017.pdf\">Apresenta\u00e7\u00e3o<\/a><\/p>\n<p style=\"text-align: center\"><a href=\"http:\/\/www2.uepg.br\/ppgjor\/wp-content\/uploads\/sites\/26\/2019\/07\/CORPO_EDITORIAL_2017.pdf\" target=\"_blank\" rel=\"noopener noreferrer\">Corpo editorial<\/a><\/p>\n<p style=\"text-align: center\"><a href=\"http:\/\/www2.uepg.br\/ppgjor\/wp-content\/uploads\/sites\/26\/2019\/07\/NORMAS_PARA_PUBLICA%C3%87%C3%83O_2017.pdf\" target=\"_blank\" rel=\"noopener noreferrer\">Normas para publica\u00e7\u00e3o<\/a><\/p>\n<p style=\"text-align: center\"><a href=\"http:\/\/www2.uepg.br\/ppgjor\/wp-content\/uploads\/sites\/26\/2019\/07\/EXPEDIENTE_2017.pdf\" target=\"_blank\" rel=\"noopener noreferrer\">Expediente e contato<\/a><\/p>\n<p style=\"text-align: center\">Anais \u2013 Volume 4, 2017<\/p>\n\t\t\t\t<\/div>\n\t\t\t<\/div>\n\t\t<\/div>\n\t\t\t<div class=\"sow-accordion-panel\"\n\t\t\t data-anchor=\"semin%c3%a1rio-de-inverno-de-estudos-em-comunica%c3%a7%c3%a3o\">\n\t\t\t\t<div class=\"sow-accordion-panel-header-container\" role=\"heading\" aria-level=\"2\">\n\t\t\t\t\t<div class=\"sow-accordion-panel-header\" tabindex=\"0\" role=\"button\" id=\"accordion-label-semin%c3%a1rio-de-inverno-de-estudos-em-comunica%c3%a7%c3%a3o\" aria-controls=\"accordion-content-semin%c3%a1rio-de-inverno-de-estudos-em-comunica%c3%a7%c3%a3o\" aria-expanded=\"false\">\n\t\t\t\t\t\t<div class=\"sow-accordion-title sow-accordion-title-icon-left\">\n\t\t\t\t\t\t\t\t\t\t\t\t\t\tSemin\u00e1rio de Inverno de Estudos em Comunica\u00e7\u00e3o\t\t\t\t\t\t\t\t\t\t\t\t\t<\/div>\n\t\t\t\t\t\t<div class=\"sow-accordion-open-close-button\">\n\t\t\t\t\t\t\t<div class=\"sow-accordion-open-button\">\n\t\t\t\t\t\t\t\t<span class=\"sow-icon-ionicons\" data-sow-icon=\"&#xf218;\"\n\t\t \n\t\taria-hidden=\"true\"><\/span>\t\t\t\t\t\t\t<\/div>\n\t\t\t\t\t\t\t<div class=\"sow-accordion-close-button\">\n\t\t\t\t\t\t\t\t<span class=\"sow-icon-ionicons\" data-sow-icon=\"&#xf209;\"\n\t\t \n\t\taria-hidden=\"true\"><\/span>\t\t\t\t\t\t\t<\/div>\n\t\t\t\t\t\t<\/div>\n\t\t\t\t\t<\/div>\n\t\t\t\t<\/div>\n\n\t\t\t<div\n\t\t\t\tclass=\"sow-accordion-panel-content\"\n\t\t\t\trole=\"region\"\n\t\t\t\taria-labelledby=\"accordion-label-semin%c3%a1rio-de-inverno-de-estudos-em-comunica%c3%a7%c3%a3o\"\n\t\t\t\tid=\"accordion-content-semin%c3%a1rio-de-inverno-de-estudos-em-comunica%c3%a7%c3%a3o\"\n\t\t\t\tstyle=\"display: none;\"\t\t\t>\n\t\t\t\t<div class=\"sow-accordion-panel-border\" tabindex=\"0\">\n\t\t\t\t\t<p style=\"text-align: center\"><strong>XXI Semin\u00e1rio de Inverno de Estudos em Comunica\u00e7\u00e3o<\/strong><br \/>\n<strong>ISBN: 2175-0505<\/strong><\/p>\n<p style=\"text-align: center\"><a href=\"http:\/\/www2.uepg.br\/ppgjor\/wp-content\/uploads\/sites\/26\/2019\/07\/APRESENTA%C3%87%C3%83O_XXI-Semin%C3%A1rio-de-Inverno-de-Estudos-em-Comunica%C3%A7%C3%A3o.pdf\" target=\"_blank\" rel=\"noopener noreferrer\">Apresenta\u00e7\u00e3o<\/a><\/p>\n<p style=\"text-align: center\"><a href=\"http:\/\/www2.uepg.br\/ppgjor\/wp-content\/uploads\/sites\/26\/2019\/07\/CORPO-EDITORIAL_semin%C3%A1rio-de-inverno.pdf\" target=\"_blank\" rel=\"noopener noreferrer\">Corpo editorial<\/a><\/p>\n<p style=\"text-align: center\"><a href=\"http:\/\/www2.uepg.br\/ppgjor\/wp-content\/uploads\/sites\/26\/2019\/07\/NORMAS-PARA-PUBLICA%C3%87%C3%83O_sem-inverno.pdf\" target=\"_blank\" rel=\"noopener noreferrer\">Normas para publica\u00e7\u00e3o<\/a><\/p>\n<p style=\"text-align: center\"><a href=\"http:\/\/www2.uepg.br\/ppgjor\/wp-content\/uploads\/sites\/26\/2019\/07\/EXPEDIENTE_SEM-INVERNO.pdf\" target=\"_blank\" rel=\"noopener noreferrer\">Expediente e contato<\/a><\/p>\n<p style=\"text-align: center\"><a href=\"http:\/\/www2.uepg.br\/ppgjor\/wp-content\/uploads\/sites\/26\/2019\/07\/NOVA-VERSAO-ISBN_SEMINARIO-DE-INVERNO.pdf\" target=\"_blank\" rel=\"noopener noreferrer\">Anais \u2013 Volume 1, 2018<\/a><\/p>\n\t\t\t\t<\/div>\n\t\t\t<\/div>\n\t\t<\/div>\n\t\t\t<div class=\"sow-accordion-panel\"\n\t\t\t data-anchor=\"semin%c3%a1rio-de-pesquisa-em-jornalismo-do-msjor\">\n\t\t\t\t<div class=\"sow-accordion-panel-header-container\" role=\"heading\" aria-level=\"2\">\n\t\t\t\t\t<div class=\"sow-accordion-panel-header\" tabindex=\"0\" role=\"button\" id=\"accordion-label-semin%c3%a1rio-de-pesquisa-em-jornalismo-do-msjor\" aria-controls=\"accordion-content-semin%c3%a1rio-de-pesquisa-em-jornalismo-do-msjor\" aria-expanded=\"false\">\n\t\t\t\t\t\t<div class=\"sow-accordion-title sow-accordion-title-icon-left\">\n\t\t\t\t\t\t\t\t\t\t\t\t\t\tSemin\u00e1rio de Pesquisa em Jornalismo do MsJor\t\t\t\t\t\t\t\t\t\t\t\t\t<\/div>\n\t\t\t\t\t\t<div class=\"sow-accordion-open-close-button\">\n\t\t\t\t\t\t\t<div class=\"sow-accordion-open-button\">\n\t\t\t\t\t\t\t\t<span class=\"sow-icon-ionicons\" data-sow-icon=\"&#xf218;\"\n\t\t \n\t\taria-hidden=\"true\"><\/span>\t\t\t\t\t\t\t<\/div>\n\t\t\t\t\t\t\t<div class=\"sow-accordion-close-button\">\n\t\t\t\t\t\t\t\t<span class=\"sow-icon-ionicons\" data-sow-icon=\"&#xf209;\"\n\t\t \n\t\taria-hidden=\"true\"><\/span>\t\t\t\t\t\t\t<\/div>\n\t\t\t\t\t\t<\/div>\n\t\t\t\t\t<\/div>\n\t\t\t\t<\/div>\n\n\t\t\t<div\n\t\t\t\tclass=\"sow-accordion-panel-content\"\n\t\t\t\trole=\"region\"\n\t\t\t\taria-labelledby=\"accordion-label-semin%c3%a1rio-de-pesquisa-em-jornalismo-do-msjor\"\n\t\t\t\tid=\"accordion-content-semin%c3%a1rio-de-pesquisa-em-jornalismo-do-msjor\"\n\t\t\t\tstyle=\"display: none;\"\t\t\t>\n\t\t\t\t<div class=\"sow-accordion-panel-border\" tabindex=\"0\">\n\t\t\t\t\t<p style=\"text-align: center\"><strong>II Semin\u00e1rio de Pesquisa em Jornalismo do MsJor<\/strong><br \/>\n<strong>ISSN: 2594-8415<\/strong><\/p>\n<p style=\"text-align: center\"><a href=\"http:\/\/www2.uepg.br\/ppgjor\/wp-content\/uploads\/sites\/26\/2019\/07\/Apresenta%C3%A7%C3%A3o-II-Semin%C3%A1rio-de-Pesquisa-em-Jornalismo-do-MsJor.pdf\" target=\"_blank\" rel=\"noopener noreferrer\">Apresenta\u00e7\u00e3o<\/a><\/p>\n<p style=\"text-align: center\"><a href=\"http:\/\/www2.uepg.br\/ppgjor\/wp-content\/uploads\/sites\/26\/2019\/07\/Corpo-editorial-Comit%C3%AA-cient%C3%ADfico-II-Semin%C3%A1rio-de-Pesquisa-em-Jornalismo-do-MsJor.pdf\" target=\"_blank\" rel=\"noopener noreferrer\">Corpo editorial<\/a><\/p>\n<p style=\"text-align: center\"><a href=\"http:\/\/www2.uepg.br\/ppgjor\/wp-content\/uploads\/sites\/26\/2019\/07\/Normas-para-publica%C3%A7%C3%A3o-II-Semin%C3%A1rio-de-Pesquisa-em-Jornalismo-do-MsJor.pdf\" target=\"_blank\" rel=\"noopener noreferrer\">Normas para publica\u00e7\u00e3o<\/a><\/p>\n<p style=\"text-align: center\"><a href=\"http:\/\/www2.uepg.br\/ppgjor\/wp-content\/uploads\/sites\/26\/2019\/07\/Expediente-II-Semin%C3%A1rio-de-Pesquisa-em-Jornalismo-do-MsJor.pdf\" target=\"_blank\" rel=\"noopener noreferrer\">Expediente e contato<\/a><\/p>\n<p style=\"text-align: center\"><a href=\"http:\/\/www2.uepg.br\/ppgjor\/wp-content\/uploads\/sites\/26\/2019\/07\/seminario-2018.pdf\" target=\"_blank\" rel=\"noopener noreferrer\">Anais \u2013 Volume 1, 2018<\/a><\/p>\n<p style=\"text-align: center\">\n<\/p><p style=\"text-align: center\"><strong>Semin\u00e1rio de Pesquisa em Jornalismo do MsJor<\/strong><br \/>\n<strong>ISSN: 2594-8415<\/strong><\/p>\n<p style=\"text-align: center\"><a href=\"http:\/\/www2.uepg.br\/ppgjor\/wp-content\/uploads\/sites\/26\/2019\/07\/Apresenta%C3%A7%C3%A3o-Semin%C3%A1rio-de-Pesquisa-em-Jornalismo.pdf\" target=\"_blank\" rel=\"noopener noreferrer\">Apresenta\u00e7\u00e3o<\/a><\/p>\n<p style=\"text-align: center\"><a href=\"http:\/\/www2.uepg.br\/ppgjor\/wp-content\/uploads\/sites\/26\/2019\/07\/Corpo-editorial-Comit%C3%AA-cient%C3%ADfico-Semin%C3%A1rio-de-Pesquisa-em-Jornalismo.pdf\" target=\"_blank\" rel=\"noopener noreferrer\">Corpo editorial<\/a><\/p>\n<p style=\"text-align: center\"><a href=\"http:\/\/www2.uepg.br\/ppgjor\/wp-content\/uploads\/sites\/26\/2019\/07\/Normas-para-publica%C3%A7%C3%A3o-Semin%C3%A1rio-de-Pesquisa-em-Jornalismo.pdf\" target=\"_blank\" rel=\"noopener noreferrer\">Normas para publica\u00e7\u00e3o<\/a><\/p>\n<p style=\"text-align: center\"><a href=\"http:\/\/www2.uepg.br\/ppgjor\/wp-content\/uploads\/sites\/26\/2019\/07\/Expediente-Semin%C3%A1rio-de-Pesquisa-em-Jornalismo.pdf\" target=\"_blank\" rel=\"noopener noreferrer\">Expediente e contato<\/a><\/p>\n<p style=\"text-align: center\"><a href=\"http:\/\/www2.uepg.br\/ppgjor\/wp-content\/uploads\/sites\/26\/2019\/07\/seminario2017.pdf\" target=\"_blank\" rel=\"noopener noreferrer\">Anais \u2013 Volume 1, 2017<\/a><\/p>\n\t\t\t\t<\/div>\n\t\t\t<\/div>\n\t\t<\/div>\n\t\t<\/div>\n<\/div>\n<\/div><\/div><\/div><\/div><div id=\"pg-2712-1\"  class=\"panel-grid panel-no-style\" ><div id=\"pgc-2712-1-0\"  class=\"panel-grid-cell panel-grid-cell-empty\" ><\/div><\/div><\/div>","protected":false},"excerpt":{"rendered":"<p>EVENTOS ANUAIS Col\u00f3quio Mulher e Sociedade 6\u00ba Col\u00f3quio Mulher e Sociedade Apresenta\u00e7\u00e3o Corpo editorial Normas para publica\u00e7\u00e3o Expediente e contato Anais \u2013 Volume 5, 2019\u00a0 5\u00ba Col\u00f3quio Mulher e Sociedade ISSN 2317-2665 Apresenta\u00e7\u00e3o Corpo editorial Normas para publica\u00e7\u00e3o Expediente e contato Anais \u2013 Volume 4, 2017 Semin\u00e1rio de Inverno de Estudos em Comunica\u00e7\u00e3o XXI Semin\u00e1rio&nbsp;&hellip;<\/p>\n","protected":false},"author":768,"featured_media":0,"parent":0,"menu_order":0,"comment_status":"closed","ping_status":"closed","template":"","meta":[],"_links":{"self":[{"href":"https:\/\/www2.uepg.br\/ppgjor\/wp-json\/wp\/v2\/pages\/2712"}],"collection":[{"href":"https:\/\/www2.uepg.br\/ppgjor\/wp-json\/wp\/v2\/pages"}],"about":[{"href":"https:\/\/www2.uepg.br\/ppgjor\/wp-json\/wp\/v2\/types\/page"}],"author":[{"embeddable":true,"href":"https:\/\/www2.uepg.br\/ppgjor\/wp-json\/wp\/v2\/users\/768"}],"replies":[{"embeddable":true,"href":"https:\/\/www2.uepg.br\/ppgjor\/wp-json\/wp\/v2\/comments?post=2712"}],"version-history":[{"count":1,"href":"https:\/\/www2.uepg.br\/ppgjor\/wp-json\/wp\/v2\/pages\/2712\/revisions"}],"predecessor-version":[{"id":2713,"href":"https:\/\/www2.uepg.br\/ppgjor\/wp-json\/wp\/v2\/pages\/2712\/revisions\/2713"}],"wp:attachment":[{"href":"https:\/\/www2.uepg.br\/ppgjor\/wp-json\/wp\/v2\/media?parent=2712"}],"curies":[{"name":"wp","href":"https:\/\/api.w.org\/{rel}","templated":true}]}}