{"id":2722,"date":"2025-04-07T16:08:55","date_gmt":"2025-04-07T19:08:55","guid":{"rendered":"https:\/\/www2.uepg.br\/ppgjor\/?page_id=2722"},"modified":"2025-05-26T15:19:08","modified_gmt":"2025-05-26T18:19:08","slug":"academic-board","status":"publish","type":"page","link":"https:\/\/www2.uepg.br\/ppgjor\/en\/academic-board\/","title":{"rendered":"Academic Board"},"content":{"rendered":"<p>The Academic Board is made up of all the faculty members, permanent and collaborators, associated with the Journalism Postgraduate Program:<\/p>\n<ul>\n<li>Cintia Xavier<\/li>\n<li>Felipe Sim\u00e3o Pontes<\/li>\n<li>Graziela Soares Bianchi<\/li>\n<li>Guilherme Gon\u00e7alves de Carvalho<\/li>\n<li>Hebe Maria Gon\u00e7alves de Oliveira<\/li>\n<li>Ivan Elizeu Bomfim Pereira<\/li>\n<li>Karina Janz Woitowicz<\/li>\n<li>Marcelo Engel Bronosky<\/li>\n<li>Paula Melani Rocha<\/li>\n<li>Rafael Schoenherr<\/li>\n<li>S\u00e9rgio Luiz Gadini<\/li>\n<\/ul>\n","protected":false},"excerpt":{"rendered":"<p>The Academic Board is made up of all the faculty members, permanent and collaborators, associated with the Journalism Postgraduate Program: Cintia Xavier Felipe Sim\u00e3o Pontes Graziela Soares Bianchi Guilherme Gon\u00e7alves de Carvalho Hebe Maria Gon\u00e7alves de Oliveira Ivan Elizeu Bomfim Pereira Karina Janz Woitowicz Marcelo Engel Bronosky Paula Melani Rocha Rafael Schoenherr S\u00e9rgio Luiz Gadini<\/p>\n","protected":false},"author":768,"featured_media":0,"parent":0,"menu_order":0,"comment_status":"closed","ping_status":"closed","template":"","meta":[],"_links":{"self":[{"href":"https:\/\/www2.uepg.br\/ppgjor\/wp-json\/wp\/v2\/pages\/2722"}],"collection":[{"href":"https:\/\/www2.uepg.br\/ppgjor\/wp-json\/wp\/v2\/pages"}],"about":[{"href":"https:\/\/www2.uepg.br\/ppgjor\/wp-json\/wp\/v2\/types\/page"}],"author":[{"embeddable":true,"href":"https:\/\/www2.uepg.br\/ppgjor\/wp-json\/wp\/v2\/users\/768"}],"replies":[{"embeddable":true,"href":"https:\/\/www2.uepg.br\/ppgjor\/wp-json\/wp\/v2\/comments?post=2722"}],"version-history":[{"count":5,"href":"https:\/\/www2.uepg.br\/ppgjor\/wp-json\/wp\/v2\/pages\/2722\/revisions"}],"predecessor-version":[{"id":3224,"href":"https:\/\/www2.uepg.br\/ppgjor\/wp-json\/wp\/v2\/pages\/2722\/revisions\/3224"}],"wp:attachment":[{"href":"https:\/\/www2.uepg.br\/ppgjor\/wp-json\/wp\/v2\/media?parent=2722"}],"curies":[{"name":"wp","href":"https:\/\/api.w.org\/{rel}","templated":true}]}}