{"id":2750,"date":"2025-04-07T16:16:45","date_gmt":"2025-04-07T19:16:45","guid":{"rendered":"https:\/\/www2.uepg.br\/ppgjor\/?page_id=2750"},"modified":"2025-05-30T11:12:37","modified_gmt":"2025-05-30T14:12:37","slug":"extension-groups","status":"publish","type":"page","link":"https:\/\/www2.uepg.br\/ppgjor\/en\/extension-groups\/","title":{"rendered":"Extension Groups"},"content":{"rendered":"<p><span style=\"font-weight: 400\">Journalism Agency<\/span><\/p>\n<p><span style=\"font-weight: 400\">The Agency focuses on providing visibility to the activities of groups and social movements in partnership with the project. Active since 2003 in UEPG\u2019s Journalism Department, its objective is to use the power of communication strategically to different social segments that need some type of assistance or support.<\/span><\/p>\n<p>&nbsp;<\/p>\n<p><span style=\"font-weight: 400\">This communication is based on an interaction with the Nova Russa Community Radio Station (R\u00e1dio Princesa FM 89.7) and the Association of User Entities of the Community Channel (TVCom PG, channel 17 Net cabo). Through these activities, it is possible to bring greater visibility to groups that do not own space in the commercial media of Ponta Grossa and the region.<\/span><\/p>\n<p>&nbsp;<\/p>\n<p><span style=\"font-weight: 400\">Coordinator<\/span><\/p>\n<p><span style=\"font-weight: 400\">S\u00e9rgio Luiz Gadini<\/span><\/p>\n<p>&nbsp;<\/p>\n<p><span style=\"font-weight: 400\">Useful links:<\/span><\/p>\n<p><span style=\"font-weight: 400\">Youtube: <\/span><a href=\"http:\/\/www.youtube.com\/@agenciauepg\"><span style=\"font-weight: 400\">www.youtube.com\/@agenciauepg<\/span><\/a><\/p>\n<p><span style=\"font-weight: 400\">Instagram: <\/span><a href=\"http:\/\/www.instagram.com\/agenciajornalismouepg\/\"><span style=\"font-weight: 400\">www.instagram.com\/agenciajornalismouepg\/<\/span><\/a><\/p>\n<p><span style=\"font-weight: 400\">Facebook: <\/span><a href=\"http:\/\/www.facebook.com\/AgenciaJornalismoUepg\/\"><span style=\"font-weight: 400\">www.facebook.com\/AgenciaJornalismoUepg\/<\/span><\/a><\/p>\n<p>&nbsp;<\/p>\n<p><span style=\"font-weight: 400\">Al\u00f4 Mulheres<\/span><\/p>\n<p><span style=\"font-weight: 400\">\u201cAl\u00f4 Mulheres\u201d holds as general objective to empower women and form leaderships bound to the female public from Ocupa\u00e7\u00e3o Ericson Duarte in Ponta Grossa. As a method, the project uses social practices of communication in the instrumentalization of human rights assurance and fulfillment of public policies. So, via extension, aims to contribute with the construction of a network of women, strengthening collective actions, the intervention in the process of implementation of public policies and the solidary practices in the mentioned community.<\/span><\/p>\n<p>&nbsp;<\/p>\n<p><span style=\"font-weight: 400\">Since March 2023, \u201cAl\u00f4 Mulheres\u201d carries out workshops for the production of r\u00e9sum\u00e9s, beauty and selfcare, reusable sanitary pads, cartoneras production, as well as discussion groups with pregnant women and community communication workshops, among other actions.<\/span><\/p>\n<p>&nbsp;<\/p>\n<p><span style=\"font-weight: 400\">For execution, this initiative counts on the participation of the Journalism, Law, Social Service courses and the postgraduate programs in Language Studies and Journalism at UEPG, in addition to the partnership with the Elos extension project \u2013 Journalism, Human Rights and Citizenship Training and the Popular Struggle Movement (MPL) in Ponta Grossa.\u00a0<\/span><\/p>\n<p>&nbsp;<\/p>\n<p><span style=\"font-weight: 400\">The continuation of Al\u00f4 Mulheres! intertwines UEPG with the community of Ocupa\u00e7\u00e3o Ericson Duarte in a meaningful relationship for the formation of individuals who are more aware and active in standing for their rights and seeking improvements for their territories. The project also has the support of Funda\u00e7\u00e3o Arauc\u00e1ria, throught Programa Mulheres Paranaenses: Empowerment and Leadership.<\/span><\/p>\n<p>&nbsp;<\/p>\n<p><span style=\"font-weight: 400\">Coordination:<\/span><\/p>\n<p><span style=\"font-weight: 400\">Karina Janz Woitowicz<\/span><\/p>\n<p><span style=\"font-weight: 400\">Paula Melani Rocha<\/span><\/p>\n<p>&nbsp;<\/p>\n<p><span style=\"font-weight: 400\">Useful links:<\/span><\/p>\n<p><span style=\"font-weight: 400\">Instagram: <\/span><a href=\"https:\/\/www.instagram.com\/alomulheres.uepg\/\"><span style=\"font-weight: 400\">https:\/\/www.instagram.com\/alomulheres.uepg\/<\/span><\/a><\/p>\n<p>&nbsp;<\/p>\n<p><span style=\"font-weight: 400\">Combating Misinformation in Campos Gerais<\/span><\/p>\n<p><span style=\"font-weight: 400\">The extension project \u201cCombating Misinformation (defending Democracy)\u201d aims to discuss the risks of the circulation of fake news in contemporary societies. Active since 2019, it holds dialogues and interviews with guests through live broadcasts and open conversations and produces audiovisual pieces that aim to guide and clarify residents of the Campos Gerais region of Paran\u00e1 about the importance of clarification and the formation of public opinion in the exercise of citizenship. The audiovisual media pieces circulate in community media, digital social media and other spaces of institutional projection of entities or non-profit social organizations.<\/span><\/p>\n<p>&nbsp;<\/p>\n<p><span style=\"font-weight: 400\">The local extensionist initiative is thus part of a national program, launched by the Federal Supreme Court (STF) in 2021 and aims to dialogue and develop actions to contribute to the public&#8217;s awareness that the circulation of false information can: (i) compromise democratic struggles for public policies; (ii) threaten Human Rights and, ultimately; (iii) compromise the constitutional foundations of democracy in Brazil.<\/span><\/p>\n<p>&nbsp;<\/p>\n<p><span style=\"font-weight: 400\">Coordination:<\/span><\/p>\n<p><span style=\"font-weight: 400\">Marcelo Engel Bronosky<\/span><\/p>\n<p><span style=\"font-weight: 400\">S\u00e9rgio Luiz Gadini<\/span><\/p>\n<p><span style=\"font-weight: 400\">Manoel Moabis Pereira dos Anjos<\/span><\/p>\n<p>&nbsp;<\/p>\n<p><span style=\"font-weight: 400\">Useful links:<\/span><\/p>\n<p><span style=\"font-weight: 400\">Official Website: <\/span><a href=\"https:\/\/combateadesinformacao.com.br\/\">https:\/\/combateadesinformacao.com.br\/<\/a><\/p>\n<p>Instagram:\u00a0<a href=\"https:\/\/www.instagram.com\/combateadesinformacao\/\">https:\/\/www.instagram.com\/combateadesinformacao\/<\/a><\/p>\n<p>Facebook:\u00a0<a href=\"https:\/\/www.facebook.com\/profile.php?id=100084919473293\">https:\/\/www.facebook.com\/profile.php?id=100084919473293<\/a><\/p>\n<p>&nbsp;<\/p>\n<p><span style=\"font-weight: 400\">Cultura Plural<\/span><\/p>\n<p><span style=\"font-weight: 400\">Cultura Plural is an extension project of the Journalism Course at the State University of Ponta Grossa (UEPG) that aims to give visibility to popular groups and artists from Ponta Grossa and the Campos Gerais region of Paran\u00e1 through journalistic production in the cultural area. Created in August 2011, with the support of the National Arts Foundation (Funarte\/Ministry of Culture), the website produces reports, videos, photos and multimedia content that address\u00a0 and disseminate culture, with an emphasis on popular manifestations.<\/span><\/p>\n<p>&nbsp;<\/p>\n<p><span style=\"font-weight: 400\">Among the project&#8217;s objectives, stands out the systematic following of cultural actions and events; the production of multimedia content (in text, photos, videos, audio and social media) on themes relevant to culture; the partnership with artists, groups and entities in the development of cultural actions; and the recording and visibility of local and regional cultural production.<\/span><\/p>\n<p>&nbsp;<\/p>\n<p><span style=\"font-weight: 400\">This project is linked to the Cultural Journalism and Folk Communication research group, <\/span><span style=\"font-weight: 400\">of the Postgraduate Program (Master&#8217;s) in Journalism at UEPG, with the purpose of encouraging the making of technical productions with a cultural dissemination character and contributing to the production of scientific knowledge anchored in social demands. With Cultura Plural, the aim is to contribute to the recognition of immaterial heritage in the region and serve as a way of recording and preserving the historical and cultural memory of Paran\u00e1.<\/span><\/p>\n<p>&nbsp;<\/p>\n<p><span style=\"font-weight: 400\">The direct social impact also stands out. Cultura Plural is an extension project carried out by professors and academics that directly resonates in the external community, in addition to the dissemination and coverage of cultural events, it is also responsible for promoting culture by producing events, fairs and exhibitions in Ponta Grossa.<\/span><\/p>\n<p>&nbsp;<\/p>\n<p><span style=\"font-weight: 400\">Coordination:<\/span><\/p>\n<p><span style=\"font-weight: 400\">Karina Janz Woitowicz<\/span><\/p>\n<p><span style=\"font-weight: 400\">Rafael Schoenherr<\/span><\/p>\n<p><span style=\"font-weight: 400\">S\u00e9rgio Gadini<\/span><\/p>\n<p><span style=\"font-weight: 400\">Ivan Bomfim<\/span><\/p>\n<p>&nbsp;<\/p>\n<p><span style=\"font-weight: 400\">Useful links:<\/span><\/p>\n<p><span style=\"font-weight: 400\">Site: <\/span><a href=\"https:\/\/culturaplural.sites.uepg.br\/\"><span style=\"font-weight: 400\">https:\/\/culturaplural.sites.uepg.br\/<\/span><\/a><\/p>\n<p><span style=\"font-weight: 400\">Instagram: <\/span><a href=\"https:\/\/www.instagram.com\/culturaplural\/\"><span style=\"font-weight: 400\">https:\/\/www.instagram.com\/culturaplural\/<\/span><\/a><\/p>\n<p><span style=\"font-weight: 400\">Facebook: <\/span><a href=\"https:\/\/www.facebook.com\/culturaplural\/\"><span style=\"font-weight: 400\">https:\/\/www.facebook.com\/culturaplural\/<\/span><\/a><\/p>\n<p>&nbsp;<\/p>\n<p><span style=\"font-weight: 400\">Democracy and Human Rights<\/span><\/p>\n<p><span style=\"font-weight: 400\">The extension project \u201cDemocracy and Human Rights in Debate: On the Waves of R\u00e1dio Comunit\u00e1ria Princesa (FM 87.9)\u201d was carried out between 2020 and 2024, aiming to promote public debate on issues that encompass the themes of democracy and human rights. The proposal consisted of producing journalistic interviews aimed at broadcasting on R\u00e1dio Comunit\u00e1ria Princesa, located in the Nova Russa neighborhood, in Ponta Grossa, in addition to digital audio platforms and extension websites such as Elos. By doing so, the project also worked to strengthen open channels between the University and the Community and enable the participation and involvement of journalism students in communication and journalistic practices.<\/span><\/p>\n<p>&nbsp;<\/p>\n<p><span style=\"font-weight: 400\">Coordination:<\/span><\/p>\n<p><span style=\"font-weight: 400\">Hebe Maria Gon\u00e7alves de Oliveira<\/span><\/p>\n<p>&nbsp;<\/p>\n<p><span style=\"font-weight: 400\">Useful links:<\/span><\/p>\n<p><span style=\"font-weight: 400\">Spotify: <\/span><a href=\"https:\/\/open.spotify.com\/show\/22JIsQ3JstmUK4FpyLj8hw\"><span style=\"font-weight: 400\">https:\/\/open.spotify.com\/show\/22JIsQ3JstmUK4FpyLj8hw<\/span><\/a><\/p>\n<p><span style=\"font-weight: 400\">Official website: <\/span><a href=\"https:\/\/elos.sites.uepg.br\/editoria\/democracia-e-direitos-humanos\/\"><span style=\"font-weight: 400\">https:\/\/elos.sites.uepg.br\/editoria\/democracia-e-direitos-humanos\/<\/span><\/a><\/p>\n<p>&nbsp;<\/p>\n<p><span style=\"font-weight: 400\">Elos<\/span><\/p>\n<p><span style=\"font-weight: 400\">The Elos (Human Rights, Journalism and Citizenship Education) extension project aims to address journalistic issues involving human rights, gender and citizenship. IOperating since 2016, Elos was created with the purpose of publicizing such issues, which are generally forgotten by traditional media, by producing texts, interviews, audios and short videos. Topics such as: the right to housing, plurality of opinions, feminism, the LGBTQIAPN+ community and religious freedom are the highlights of the extension project.<\/span><\/p>\n<p>&nbsp;<\/p>\n<p><span style=\"font-weight: 400\">The content is circulated on the project&#8217;s website and social networks, the same space where columns by experts on indigenous, gender, race and human rights issues are published. In addition to the content mentioned, the Elos project also develops events, social projects and workshops for creating a laboratory newspaper in the city&#8217;s public schools.<\/span><\/p>\n<p>&nbsp;<\/p>\n<p><span style=\"font-weight: 400\">Elos partners include projects such as Al\u00f4 Mulheres, Movimento Popular de Luta (MPL-PG), Comiss\u00e3o Permanente de Apoiamento e Avalia\u00e7\u00e3o de Quotas da UEPG and Conselho Municipal dos Direitos da Mulher de Ponta Grossa.<\/span><\/p>\n<p>&nbsp;<\/p>\n<p><span style=\"font-weight: 400\">One of the highlights of the Elos Project is the documentary Sobre Viv\u00eancias Travesti, produced in partnership with the NGO Renascer. The film tells the story of the first transvestites in Ponta Grossa\/PR (Debora Lee and Fernanda Riquelme) and their activism among the LGBTQIA+ population. The narratives reveal how the transvestites survived repression, the HIV\/AIDS epidemic and the multiple forms of violence that marked their lives.<\/span><\/p>\n<p>&nbsp;<\/p>\n<p><span style=\"font-weight: 400\">You can watch the documentary on YouTube: https:\/\/www.youtube.com\/watch?v=YA7TRjbdAKc<\/span><\/p>\n<p>&nbsp;<\/p>\n<p><span style=\"font-weight: 400\">Coordination:<\/span><\/p>\n<p><span style=\"font-weight: 400\">Paula Melani Rocha<\/span><\/p>\n<p><span style=\"font-weight: 400\">Graziela Bianchi Soares<\/span><\/p>\n<p><span style=\"font-weight: 400\">Karina Janz Woitowicz<\/span><\/p>\n<p>&nbsp;<\/p>\n<p><span style=\"font-weight: 400\">Useful links:<\/span><\/p>\n<p><span style=\"font-weight: 400\">Website: <\/span><a href=\"https:\/\/elos.sites.uepg.br\/\">https:\/\/elos.sites.uepg.br\/<\/a><\/p>\n<p>Youtube:\u00a0<a href=\"https:\/\/www.youtube.com\/channel\/UC34v_NUIlngy1KI2A7vr-CA\">https:\/\/www.youtube.com\/channel\/UC34v_NUIlngy1KI2A7vr-CA<\/a><\/p>\n<p>Instagram:\u00a0<a href=\"https:\/\/www.instagram.com\/elosuepg\/\">https:\/\/www.instagram.com\/elosuepg\/<\/a><\/p>\n<p>Facebook:\u00a0<a href=\"https:\/\/www.facebook.com\/uepgELOS?_rdc=1&amp;_rdr#\">https:\/\/www.facebook.com\/uepgELOS?_rdc=1&amp;_rdr#<\/a><\/p>\n<p>&nbsp;<\/p>\n<p><span style=\"font-weight: 400\">Lente Quente<\/span><\/p>\n<p><span style=\"font-weight: 400\">Through photography practice, Lente Quente has the purpose of registering the cultural scene of Ponta Grossa and the Campos Gerais region on a daily basis, in order to ensure a broad coverage of different manifestations and aspects of the local cultural circuit. Active since 2010 with publications on its digital platforms, the project strengthens the cultural field by ensuring a record and media archive of the various manifestations \u2013 including performing arts, visual arts, sports, occupation of urban space, social actors, among others.<\/span><\/p>\n<p>&nbsp;<\/p>\n<p><span style=\"font-weight: 400\">To ensure greater contact with the external community, Lente Quente promotes the circulation of photographic exhibitions in different spaces in Ponta Grossa, one of which is the popular preparatory course at Igrejinha de Uvaranas, and the creation of cultural portfolios of different spaces and cultural actors.<\/span><\/p>\n<p>&nbsp;<\/p>\n<p><span style=\"font-weight: 400\">Coordination:<\/span><\/p>\n<p><span style=\"font-weight: 400\">Rafael Schoenherr<\/span><\/p>\n<p>&nbsp;<\/p>\n<p><span style=\"font-weight: 400\">Useful links:<\/span><\/p>\n<p><span style=\"font-weight: 400\">Flickr: <\/span><a href=\"https:\/\/www.flickr.com\/photos\/lentequente\"><span style=\"font-weight: 400\">https:\/\/www.flickr.com\/photos\/lentequente<\/span><\/a><\/p>\n<p><span style=\"font-weight: 400\">Instagram: <\/span><a href=\"https:\/\/www.instagram.com\/lentequente\/\"><span style=\"font-weight: 400\">https:\/\/www.instagram.com\/lentequente\/<\/span><\/a><\/p>\n<p><span style=\"font-weight: 400\">Youtube: <\/span><a href=\"https:\/\/www.youtube.com\/@ProjetoLenteQuente\"><span style=\"font-weight: 400\">https:\/\/www.youtube.com\/@ProjetoLenteQuente<\/span><\/a><\/p>\n<p>&nbsp;<\/p>\n<p><span style=\"font-weight: 400\">Audiovisual Production Center<\/span><\/p>\n<p><span style=\"font-weight: 400\">The Audiovisual Production Center (NPA), started in 2017, is an extension project integrating the UEPG Journalism Agency. It has the purpose of coordinating, executing and providing support in the creation, editing and dissemination of audiovisual content in Ponta Grossa and region, specifically in response to demands from social entities, non-governmental organizations, associations and unions.<\/span><\/p>\n<p>&nbsp;<\/p>\n<p><span style=\"font-weight: 400\">The center is made up of professors, a professional journalist and scholarship students and volunteers from UEPG&#8217;s graduate and postgraduate programs. Its work also aims to foster collaborations that promote the production of content aimed at training, education and dissemination of projects that are relevant to both the local community and the State University of Ponta Grossa.<\/span><\/p>\n<p>&nbsp;<\/p>\n<p><span style=\"font-weight: 400\">The NPA offers its members the opportunity to get involved in a wide range of projects, promoting a dynamic and collaborative learning environment. By establishing partnerships with community initiatives, the center goes beyond technical development; interaction with these initiatives not only improves practical skills, but also strengthens the social and community awareness of those involved.<\/span><\/p>\n<p>&nbsp;<\/p>\n<p><span style=\"font-weight: 400\">Coordination:<\/span><\/p>\n<p><span style=\"font-weight: 400\">Felipe Sim\u00e3o Pontes<\/span><\/p>\n<p><span style=\"font-weight: 400\">C\u00edntia Xavier<\/span><\/p>\n<p><span style=\"font-weight: 400\">Manoel Moabis Pereira dos Anjos<\/span><\/p>\n<p>&nbsp;<\/p>\n<p><span style=\"font-weight: 400\">Useful links:<\/span><\/p>\n<p><span style=\"font-weight: 400\">Youtube: <\/span><a href=\"https:\/\/www.youtube.com\/@nucleodeproducaoaudiovisua1565\"><span style=\"font-weight: 400\">https:\/\/www.youtube.com\/@nucleodeproducaoaudiovisua1565<\/span><\/a><\/p>\n<p><span style=\"font-weight: 400\">Instagram: <\/span><a href=\"https:\/\/www.instagram.com\/npa_uepg?igsh=b21vNXY2eWZ3MXk2\"><span style=\"font-weight: 400\">https:\/\/www.instagram.com\/npa_uepg?igsh=b21vNXY2eWZ3MXk2<\/span><\/a><\/p>\n","protected":false},"excerpt":{"rendered":"<p>Journalism Agency The Agency focuses on providing visibility to the activities of groups and social movements in partnership with the project. Active since 2003 in UEPG\u2019s Journalism Department, its objective is to use the power of communication strategically to different social segments that need some type of assistance or support. &nbsp; This communication is based&nbsp;&hellip;<\/p>\n","protected":false},"author":768,"featured_media":0,"parent":0,"menu_order":0,"comment_status":"closed","ping_status":"closed","template":"","meta":[],"_links":{"self":[{"href":"https:\/\/www2.uepg.br\/ppgjor\/wp-json\/wp\/v2\/pages\/2750"}],"collection":[{"href":"https:\/\/www2.uepg.br\/ppgjor\/wp-json\/wp\/v2\/pages"}],"about":[{"href":"https:\/\/www2.uepg.br\/ppgjor\/wp-json\/wp\/v2\/types\/page"}],"author":[{"embeddable":true,"href":"https:\/\/www2.uepg.br\/ppgjor\/wp-json\/wp\/v2\/users\/768"}],"replies":[{"embeddable":true,"href":"https:\/\/www2.uepg.br\/ppgjor\/wp-json\/wp\/v2\/comments?post=2750"}],"version-history":[{"count":3,"href":"https:\/\/www2.uepg.br\/ppgjor\/wp-json\/wp\/v2\/pages\/2750\/revisions"}],"predecessor-version":[{"id":3249,"href":"https:\/\/www2.uepg.br\/ppgjor\/wp-json\/wp\/v2\/pages\/2750\/revisions\/3249"}],"wp:attachment":[{"href":"https:\/\/www2.uepg.br\/ppgjor\/wp-json\/wp\/v2\/media?parent=2750"}],"curies":[{"name":"wp","href":"https:\/\/api.w.org\/{rel}","templated":true}]}}