{"id":3252,"date":"2025-05-30T11:31:48","date_gmt":"2025-05-30T14:31:48","guid":{"rendered":"https:\/\/www2.uepg.br\/ppgjor\/?page_id=3252"},"modified":"2025-05-30T11:31:48","modified_gmt":"2025-05-30T14:31:48","slug":"international-journal-of-folkcommunication","status":"publish","type":"page","link":"https:\/\/www2.uepg.br\/ppgjor\/en\/international-journal-of-folkcommunication\/","title":{"rendered":"International Journal of Folkcommunication"},"content":{"rendered":"<p><img loading=\"lazy\" class=\" wp-image-2843 aligncenter\" src=\"http:\/\/www2.uepg.br\/ppgjor\/wp-content\/uploads\/sites\/26\/2025\/04\/rif.jpg\" alt=\"\" width=\"431\" height=\"610\" \/><\/p>\n<p>&nbsp;<\/p>\n<p><span style=\"font-weight: 400\">Electronic ISSN: 1807-4960<\/span><\/p>\n<p>&nbsp;<\/p>\n<p><span style=\"font-weight: 400\">Portal: https:\/\/revistas.uepg.br\/index.php\/folkcom\/issue\/view\/934<\/span><\/p>\n<p>&nbsp;<\/p>\n<p><span style=\"font-weight: 400\">The International Journal of Folkcommunication aims to promote the dissemination of scientific production in the area of \u200b\u200bfolkcommunication, explore new research directions and methodologies, strengthen the dialogue between theoretical concepts and empirical research, and provide knowledge for professors, researchers, and students of Communication. The journal is sponsored by the Arauc\u00e1ria Foundation and has as associated institutions the Postgraduate Program in Journalism of the State University of Ponta Grossa, the State University of Ponta Grossa Press, the UNESCO\/Umesp Chair in Communication for Regional Development, and the Folkcom Network. The journal is published biannually and offers immediate free access to its content to promote the democratization of knowledge.<\/span><\/p>\n<p>&nbsp;<\/p>\n<p><span style=\"font-weight: 400\">RIF is indexed in the following databases: Directory of Open Access Journals (DOAJ), Latindex, Red Iberoamericana de Innovaci\u00f3n y Conocimiento Cient\u00edfico \u2013 REDIB, Citas Latinoamericanas en Ciencias Sociales y Humanidades \u2013 CLASE, Google Scholar, Sherpa\/Romeo, Red Latinoamericana de Revistas \u2013 LatinRev, Diadorim\/IBICT, Sumarios, Portal de la Comunicaci\u00f3n, Portal LivRe!, Portal Journals from CAPES, Reviscom, Oasisbr, Bibliograf\u00eda Latinoamericana em Revistas de Investigaci\u00f3n Cient\u00edfica and Social \u2013 BIBLAT, European Reference Index for the Humanities and Social Sciences \u2013 ERIH PLUS, Mir@bel, Journals for Free.<\/span><\/p>\n","protected":false},"excerpt":{"rendered":"<p>&nbsp; Electronic ISSN: 1807-4960 &nbsp; Portal: https:\/\/revistas.uepg.br\/index.php\/folkcom\/issue\/view\/934 &nbsp; The International Journal of Folkcommunication aims to promote the dissemination of scientific production in the area of \u200b\u200bfolkcommunication, explore new research directions and methodologies, strengthen the dialogue between theoretical concepts and empirical research, and provide knowledge for professors, researchers, and students of Communication. The journal is sponsored&nbsp;&hellip;<\/p>\n","protected":false},"author":764,"featured_media":0,"parent":0,"menu_order":0,"comment_status":"closed","ping_status":"closed","template":"","meta":[],"_links":{"self":[{"href":"https:\/\/www2.uepg.br\/ppgjor\/wp-json\/wp\/v2\/pages\/3252"}],"collection":[{"href":"https:\/\/www2.uepg.br\/ppgjor\/wp-json\/wp\/v2\/pages"}],"about":[{"href":"https:\/\/www2.uepg.br\/ppgjor\/wp-json\/wp\/v2\/types\/page"}],"author":[{"embeddable":true,"href":"https:\/\/www2.uepg.br\/ppgjor\/wp-json\/wp\/v2\/users\/764"}],"replies":[{"embeddable":true,"href":"https:\/\/www2.uepg.br\/ppgjor\/wp-json\/wp\/v2\/comments?post=3252"}],"version-history":[{"count":1,"href":"https:\/\/www2.uepg.br\/ppgjor\/wp-json\/wp\/v2\/pages\/3252\/revisions"}],"predecessor-version":[{"id":3253,"href":"https:\/\/www2.uepg.br\/ppgjor\/wp-json\/wp\/v2\/pages\/3252\/revisions\/3253"}],"wp:attachment":[{"href":"https:\/\/www2.uepg.br\/ppgjor\/wp-json\/wp\/v2\/media?parent=3252"}],"curies":[{"name":"wp","href":"https:\/\/api.w.org\/{rel}","templated":true}]}}