{"id":3304,"date":"2025-06-04T09:47:54","date_gmt":"2025-06-04T12:47:54","guid":{"rendered":"https:\/\/www2.uepg.br\/ppgjor\/?page_id=3304"},"modified":"2025-06-04T09:47:54","modified_gmt":"2025-06-04T12:47:54","slug":"autoevaluacion","status":"publish","type":"page","link":"https:\/\/www2.uepg.br\/ppgjor\/es\/autoevaluacion\/","title":{"rendered":"Autoevaluaci\u00f3n"},"content":{"rendered":"<p>La autoevaluaci\u00f3n del Programa de Posgrado en Periodismo est\u00e1 institucionalizada en el Plan de Desarrollo Institucional 2023-2027 de la Universidad Estadual de Ponta Grossa (link), que incluye los siguientes objetivos:<\/p>\n<ul>\n<li>Realizar la autoevaluaci\u00f3n de acuerdo con las directrices de evaluaci\u00f3n anual determinadas por la CAPES para el PPGJor, en colaboraci\u00f3n con el Propesp;<\/li>\n<li>\nCrear un comit\u00e9 de autoevaluaci\u00f3n del Programa con representaci\u00f3n de miembros docentes, estudiantiles, t\u00e9cnicos, graduados y externos;<\/li>\n<li>\nSistematizar un proyecto de autoevaluaci\u00f3n del programa de posgrado que involucre a estudiantes, docentes, t\u00e9cnicos y graduados.<\/li>\n<\/ul>\n<p>&nbsp;<\/p>\n<p>El Comit\u00e9 Interno de Autoevaluaci\u00f3n del PPGJor se constituy\u00f3 por medio de la Ordenanza Propesp n\u00ba 2024.13, con vigencia del 1 de julio de 2024 al 30 de junio de 2025, con la siguiente composici\u00f3n:<\/p>\n<p>Felipe Sim\u00e3o Pontes (Coordinador)<br \/>\nJoseli Terezinha Pinto (Secretaria)<\/p>\n<p>&nbsp;<\/p>\n<p><strong>Profesores<\/strong><\/p>\n<p>C\u00edntia Xavier<br \/>\nGraziela Bianch<br \/>\nGuilherme Carvalho<br \/>\nIvan Bonfim<br \/>\nKarina Janz Woitowicz<br \/>\nMarcelo Bronosky<br \/>\nPaula Melani Rocha<br \/>\nRafael Shoenherr<\/p>\n<p><strong>Representantes de los estudiantes<\/strong><\/p>\n<p>Paulo Pess\u00f4a de Andrade Neto<br \/>\nYago Raphael Massuqueto Rocha<\/p>\n<p><strong>Representantes de los licenciados<\/strong><\/p>\n<p>Manoel Moabis Pereira dos Anjos<br \/>\nGabriela Carneiro Cavalcanti de Almeida<\/p>\n<p>&nbsp;<\/p>\n<p>El proceso de autoevaluaci\u00f3n se realiza anualmente en el PPGJor por medio de un cuestionario electr\u00f3nico an\u00f3nimo enviado a todo el cuerpo t\u00e9cnico, docente y estudiantil, incluidos los graduados. Los resultados de la autoevaluaci\u00f3n se presentan en forma de seminario interno, con vistas a la participaci\u00f3n y el di\u00e1logo abierto para identificar los puntos fuertes y las \u00e1reas de mejora en t\u00e9rminos de perfeccionamiento de la infraestructura y los procesos de trabajo del programa.<\/p>\n","protected":false},"excerpt":{"rendered":"<p>La autoevaluaci\u00f3n del Programa de Posgrado en Periodismo est\u00e1 institucionalizada en el Plan de Desarrollo Institucional 2023-2027 de la Universidad Estadual de Ponta Grossa (link), que incluye los siguientes objetivos: Realizar la autoevaluaci\u00f3n de acuerdo con las directrices de evaluaci\u00f3n anual determinadas por la CAPES para el PPGJor, en colaboraci\u00f3n con el Propesp; Crear un&nbsp;&hellip;<\/p>\n","protected":false},"author":745,"featured_media":0,"parent":0,"menu_order":0,"comment_status":"closed","ping_status":"closed","template":"","meta":[],"_links":{"self":[{"href":"https:\/\/www2.uepg.br\/ppgjor\/wp-json\/wp\/v2\/pages\/3304"}],"collection":[{"href":"https:\/\/www2.uepg.br\/ppgjor\/wp-json\/wp\/v2\/pages"}],"about":[{"href":"https:\/\/www2.uepg.br\/ppgjor\/wp-json\/wp\/v2\/types\/page"}],"author":[{"embeddable":true,"href":"https:\/\/www2.uepg.br\/ppgjor\/wp-json\/wp\/v2\/users\/745"}],"replies":[{"embeddable":true,"href":"https:\/\/www2.uepg.br\/ppgjor\/wp-json\/wp\/v2\/comments?post=3304"}],"version-history":[{"count":2,"href":"https:\/\/www2.uepg.br\/ppgjor\/wp-json\/wp\/v2\/pages\/3304\/revisions"}],"predecessor-version":[{"id":3306,"href":"https:\/\/www2.uepg.br\/ppgjor\/wp-json\/wp\/v2\/pages\/3304\/revisions\/3306"}],"wp:attachment":[{"href":"https:\/\/www2.uepg.br\/ppgjor\/wp-json\/wp\/v2\/media?parent=3304"}],"curies":[{"name":"wp","href":"https:\/\/api.w.org\/{rel}","templated":true}]}}