{"id":3309,"date":"2025-06-04T09:49:32","date_gmt":"2025-06-04T12:49:32","guid":{"rendered":"https:\/\/www2.uepg.br\/ppgjor\/?page_id=3309"},"modified":"2025-06-04T09:50:16","modified_gmt":"2025-06-04T12:50:16","slug":"lineas-de-investigacion","status":"publish","type":"page","link":"https:\/\/www2.uepg.br\/ppgjor\/es\/lineas-de-investigacion\/","title":{"rendered":"L\u00edneas de investigaci\u00f3n"},"content":{"rendered":"<p><span style=\"font-weight: 400\">\u00c1rea de concentraci\u00f3n: Procesos Period\u00edsticos<\/span><\/p>\n<p><span style=\"font-weight: 400\">El \u00e1rea de concentraci\u00f3n -estructurada en dos l\u00edneas de investigaci\u00f3n (LP1: Procesos de Producci\u00f3n Period\u00edstica y LP2: Procesos Period\u00edsticos y Pr\u00e1cticas Sociales)- pretende contemplar tanto aspectos relacionados con la epistemolog\u00eda del Periodismo, con bases te\u00f3ricas y conceptuales situadas en las din\u00e1micas, rutinas de producci\u00f3n y aspectos de la producci\u00f3n medi\u00e1tica, como la relaci\u00f3n del Periodismo con otros campos del conocimiento, valorando las interfaces entre comunicaci\u00f3n y representaciones sociales. Las dos l\u00edneas de investigaci\u00f3n convergen en el estudio de las din\u00e1micas internas y externas del periodismo, ofreciendo perspectivas diferentes pero complementarias en la observaci\u00f3n de los fen\u00f3menos period\u00edsticos (de comunicaci\u00f3n).<\/span><\/p>\n<p>&nbsp;<\/p>\n<p><b>L\u00ednea 1 &#8211; Procesos de Producci\u00f3n Period\u00edstica<\/b><\/p>\n<p><span style=\"font-weight: 400\">Esta l\u00ednea incluye investigaciones sobre la especificidad epistemol\u00f3gica y profesional del periodismo, indagaciones sobre los fen\u00f3menos period\u00edsticos contempor\u00e1neos, especialmente los situados en el \u00e1mbito de la producci\u00f3n, circulaci\u00f3n y consumo, considerando los elementos, relaciones y variables de los procesos editoriales en el periodismo.<\/span><\/p>\n<p>&nbsp;<\/p>\n<p><b>L\u00ednea 2 &#8211; Procesos Period\u00edsticos y Pr\u00e1cticas Sociales<\/b><\/p>\n<p><span style=\"font-weight: 400\">Involucra estudios y reflexiones conceptuales sobre la relaci\u00f3n entre el periodismo y otras pr\u00e1cticas. Adem\u00e1s de indagar sobre representaciones, como la cultura y la pol\u00edtica, y los respectivos impactos en las mediaciones sociales y en los debates p\u00fablicos. Las investigaciones de esta l\u00ednea tematizan las interfaces del periodismo con las disputas electorales, las manifestaciones culturales, el g\u00e9nero, las pol\u00edticas p\u00fablicas, las pr\u00e1cticas de ciudadan\u00eda y las articulaciones con los formatos discursivos de grupos y movimientos sociales.<\/span><\/p>\n","protected":false},"excerpt":{"rendered":"<p>\u00c1rea de concentraci\u00f3n: Procesos Period\u00edsticos El \u00e1rea de concentraci\u00f3n -estructurada en dos l\u00edneas de investigaci\u00f3n (LP1: Procesos de Producci\u00f3n Period\u00edstica y LP2: Procesos Period\u00edsticos y Pr\u00e1cticas Sociales)- pretende contemplar tanto aspectos relacionados con la epistemolog\u00eda del Periodismo, con bases te\u00f3ricas y conceptuales situadas en las din\u00e1micas, rutinas de producci\u00f3n y aspectos de la producci\u00f3n medi\u00e1tica,&nbsp;&hellip;<\/p>\n","protected":false},"author":745,"featured_media":0,"parent":0,"menu_order":0,"comment_status":"closed","ping_status":"closed","template":"","meta":[],"_links":{"self":[{"href":"https:\/\/www2.uepg.br\/ppgjor\/wp-json\/wp\/v2\/pages\/3309"}],"collection":[{"href":"https:\/\/www2.uepg.br\/ppgjor\/wp-json\/wp\/v2\/pages"}],"about":[{"href":"https:\/\/www2.uepg.br\/ppgjor\/wp-json\/wp\/v2\/types\/page"}],"author":[{"embeddable":true,"href":"https:\/\/www2.uepg.br\/ppgjor\/wp-json\/wp\/v2\/users\/745"}],"replies":[{"embeddable":true,"href":"https:\/\/www2.uepg.br\/ppgjor\/wp-json\/wp\/v2\/comments?post=3309"}],"version-history":[{"count":3,"href":"https:\/\/www2.uepg.br\/ppgjor\/wp-json\/wp\/v2\/pages\/3309\/revisions"}],"predecessor-version":[{"id":3311,"href":"https:\/\/www2.uepg.br\/ppgjor\/wp-json\/wp\/v2\/pages\/3309\/revisions\/3311"}],"wp:attachment":[{"href":"https:\/\/www2.uepg.br\/ppgjor\/wp-json\/wp\/v2\/media?parent=3309"}],"curies":[{"name":"wp","href":"https:\/\/api.w.org\/{rel}","templated":true}]}}