{"id":3313,"date":"2025-06-04T09:50:59","date_gmt":"2025-06-04T12:50:59","guid":{"rendered":"https:\/\/www2.uepg.br\/ppgjor\/?page_id=3313"},"modified":"2025-06-04T09:50:59","modified_gmt":"2025-06-04T12:50:59","slug":"consejo-del-programa","status":"publish","type":"page","link":"https:\/\/www2.uepg.br\/ppgjor\/es\/consejo-del-programa\/","title":{"rendered":"Consejo del Programa"},"content":{"rendered":"<p>El Consejo est\u00e1 formado por todos los profesores permanentes y colaboradores vinculados al Programa de Postgrado en Periodismo:<\/p>\n<p style=\"text-align: center\">Cintia Xavier<br \/>\nFelipe Sim\u00e3o Pontes<br \/>\nGraziela Soares Bianchi<br \/>\nGuilherme Gon\u00e7alves de Carvalho<br \/>\nHebe Maria Gon\u00e7alves de Oliveira<br \/>\nIvan Elizeu Bomfim Pereira<br \/>\nKarina Janz Woitowicz<br \/>\nMarcelo Engel Bronosky<br \/>\nPaula Melani Rocha<br \/>\nRafael Schoenherr<br \/>\nS\u00e9rgio Luiz Gadini<\/p>\n","protected":false},"excerpt":{"rendered":"<p>El Consejo est\u00e1 formado por todos los profesores permanentes y colaboradores vinculados al Programa de Postgrado en Periodismo: Cintia Xavier Felipe Sim\u00e3o Pontes Graziela Soares Bianchi Guilherme Gon\u00e7alves de Carvalho Hebe Maria Gon\u00e7alves de Oliveira Ivan Elizeu Bomfim Pereira Karina Janz Woitowicz Marcelo Engel Bronosky Paula Melani Rocha Rafael Schoenherr S\u00e9rgio Luiz Gadini<\/p>\n","protected":false},"author":745,"featured_media":0,"parent":0,"menu_order":0,"comment_status":"closed","ping_status":"closed","template":"","meta":[],"_links":{"self":[{"href":"https:\/\/www2.uepg.br\/ppgjor\/wp-json\/wp\/v2\/pages\/3313"}],"collection":[{"href":"https:\/\/www2.uepg.br\/ppgjor\/wp-json\/wp\/v2\/pages"}],"about":[{"href":"https:\/\/www2.uepg.br\/ppgjor\/wp-json\/wp\/v2\/types\/page"}],"author":[{"embeddable":true,"href":"https:\/\/www2.uepg.br\/ppgjor\/wp-json\/wp\/v2\/users\/745"}],"replies":[{"embeddable":true,"href":"https:\/\/www2.uepg.br\/ppgjor\/wp-json\/wp\/v2\/comments?post=3313"}],"version-history":[{"count":1,"href":"https:\/\/www2.uepg.br\/ppgjor\/wp-json\/wp\/v2\/pages\/3313\/revisions"}],"predecessor-version":[{"id":3314,"href":"https:\/\/www2.uepg.br\/ppgjor\/wp-json\/wp\/v2\/pages\/3313\/revisions\/3314"}],"wp:attachment":[{"href":"https:\/\/www2.uepg.br\/ppgjor\/wp-json\/wp\/v2\/media?parent=3313"}],"curies":[{"name":"wp","href":"https:\/\/api.w.org\/{rel}","templated":true}]}}