{"id":3368,"date":"2025-06-04T10:45:42","date_gmt":"2025-06-04T13:45:42","guid":{"rendered":"https:\/\/www2.uepg.br\/ppgjor\/?page_id=3368"},"modified":"2025-06-04T10:45:42","modified_gmt":"2025-06-04T13:45:42","slug":"testimonios-y-consejos","status":"publish","type":"page","link":"https:\/\/www2.uepg.br\/ppgjor\/es\/testimonios-y-consejos\/","title":{"rendered":"Testimonios y consejos"},"content":{"rendered":"<p><i><span style=\"font-weight: 400\">\u201cPertenezco al Programa de Becas del ZICOSUR Universitario. Estoy muy agradecido de poder formar parte de este programa de becados porque me permite conocer e interactuar con becados de otros pa\u00edses, adem\u00e1s de estudiar aqu\u00ed durante dos a\u00f1os. Me parece muy genial que otros j\u00f3venes estudiantes puedan tener sus experiencias de estudio y desarrollo profesional en otros pa\u00edses de la regi\u00f3n, y conocer a otros estudiantes y acad\u00e9micos, como yo en el Programa de Posgrado en Periodismo de la UEPG (Universidade Estadual de Ponta Grossa)\u201d.<\/span><\/i><\/p>\n<p><b>Pablino C\u00e1ceres Paredes \u2013 Discente de Mestrado<\/b><\/p>\n<p>&nbsp;<\/p>\n<p><i><span style=\"font-weight: 400\">&#8220;Estar en el m\u00e1ster es, en la mayor\u00eda de los d\u00edas, la realizaci\u00f3n de un sue\u00f1o y una prueba de voluntad. Estar dispuesto a aprender, reestructurar, defender y empezar de cero todos los d\u00edas es una felicidad. Para aquellos que tienen ganas, mis consejos son: 1) Nunca olvides el motivo por el cual empezaste. Si es algo que deseas, lucha hasta el final; 2) Ten una red de apoyo que te ayude en todo momento; 3) Est\u00e9 dispuesto a intentar varias veces.&#8221;<\/span><\/i><\/p>\n<p><b>Tamires Limurci \u2013 Discente de Mestrado<\/b><\/p>\n<p>&nbsp;<\/p>\n<p><i><span style=\"font-weight: 400\">\u201cLa maestr\u00eda es un aprendizaje constante y el madurar de la mente de un investigador que nace. Si pudiera dar un consejo, dir\u00eda que aproveches cada interacci\u00f3n \u2013 con los colegas, profesores, todos los que pasan por el programa. Lee, no tengas miedo de experimentar y conocer cosas nuevas y cree en tu potencial.\u201d<\/span><\/i><\/p>\n<p><b>Maria Helena Denck \u2013 Discente de Mestrado<\/b><\/p>\n<p>&nbsp;<\/p>\n<p><i><span style=\"font-weight: 400\">Estar en el m\u00e1ster implica exigir m\u00e1s de uno mismo y darse cuenta de cu\u00e1nto esta exigencia desarrolla nuestra capacidad cr\u00edtica y de producci\u00f3n, expresi\u00f3n y compartici\u00f3n de ideas. Los consejos son: estar dispuesto a desafiarse y tener compromiso con la tarea.<\/span><\/i><\/p>\n<p><b>Gabriel Ip\u00f3lito \u2013 Discente de Mestrado<\/b><\/p>\n<p>&nbsp;<\/p>\n<p><i><span style=\"font-weight: 400\">Ingresar en el PPGJOR es estar dispuesto a reflexionar sobre el periodismo como pr\u00e1ctica social. Mis consejos para este recorrido son: no tengas miedo de cambiar de opini\u00f3n, escucha y comparte experiencias con los colegas, participa en los grupos de investigaci\u00f3n. Hay un universo cient\u00edfico por descubrir.<\/span><\/i><\/p>\n<p><b>V\u00edtor Almeida \u2013 Discente de Mestrado<\/b><\/p>\n","protected":false},"excerpt":{"rendered":"<p>\u201cPertenezco al Programa de Becas del ZICOSUR Universitario. Estoy muy agradecido de poder formar parte de este programa de becados porque me permite conocer e interactuar con becados de otros pa\u00edses, adem\u00e1s de estudiar aqu\u00ed durante dos a\u00f1os. Me parece muy genial que otros j\u00f3venes estudiantes puedan tener sus experiencias de estudio y desarrollo profesional&nbsp;&hellip;<\/p>\n","protected":false},"author":745,"featured_media":0,"parent":0,"menu_order":0,"comment_status":"closed","ping_status":"closed","template":"","meta":[],"_links":{"self":[{"href":"https:\/\/www2.uepg.br\/ppgjor\/wp-json\/wp\/v2\/pages\/3368"}],"collection":[{"href":"https:\/\/www2.uepg.br\/ppgjor\/wp-json\/wp\/v2\/pages"}],"about":[{"href":"https:\/\/www2.uepg.br\/ppgjor\/wp-json\/wp\/v2\/types\/page"}],"author":[{"embeddable":true,"href":"https:\/\/www2.uepg.br\/ppgjor\/wp-json\/wp\/v2\/users\/745"}],"replies":[{"embeddable":true,"href":"https:\/\/www2.uepg.br\/ppgjor\/wp-json\/wp\/v2\/comments?post=3368"}],"version-history":[{"count":1,"href":"https:\/\/www2.uepg.br\/ppgjor\/wp-json\/wp\/v2\/pages\/3368\/revisions"}],"predecessor-version":[{"id":3369,"href":"https:\/\/www2.uepg.br\/ppgjor\/wp-json\/wp\/v2\/pages\/3368\/revisions\/3369"}],"wp:attachment":[{"href":"https:\/\/www2.uepg.br\/ppgjor\/wp-json\/wp\/v2\/media?parent=3368"}],"curies":[{"name":"wp","href":"https:\/\/api.w.org\/{rel}","templated":true}]}}