{"id":3370,"date":"2025-06-04T10:46:31","date_gmt":"2025-06-04T13:46:31","guid":{"rendered":"https:\/\/www2.uepg.br\/ppgjor\/?page_id=3370"},"modified":"2025-06-04T10:46:31","modified_gmt":"2025-06-04T13:46:31","slug":"preguntas-mas-frecuentes","status":"publish","type":"page","link":"https:\/\/www2.uepg.br\/ppgjor\/es\/preguntas-mas-frecuentes\/","title":{"rendered":"Preguntas m\u00e1s frecuentes"},"content":{"rendered":"<p><strong>\u00bfEl PPGJor\/Uepg tiene una pol\u00edtica afirmativa de admisi\u00f3n de alumnos?<\/strong><\/p>\n<p>S\u00ed, el PPGJor tiene una pol\u00edtica afirmativa de acceso y permanencia de estudiantes. De las 15 plazas ofertadas cada a\u00f1o, 4 (cuatro) est\u00e1n reservadas a candidatos negros autodeclarados. Adem\u00e1s, hay: 01 (una) plaza para personas con discapacidad (PCD) &#8211; en los t\u00e9rminos de la Ordenanza Normativa N\u00ba 13\/2016 del Ministerio de Educaci\u00f3n; 01 (una) plaza para candidatos Trans (Transexuales, Transg\u00e9neros y Travestis); 01 (una) plaza para candidatos ind\u00edgenas autodeclarados. 01 (una) plaza para candidatos extranjeros con estatuto de refugiado o visa humanitaria &#8211; en los t\u00e9rminos del Art. 1\u00ba de la Ley 9474\/1997 y 01 (una) plaza para Servidores T\u00e9cnico-Administrativos de la UEPG.<\/p>\n<p>&nbsp;<\/p>\n<p><strong>\u00bfEl PPGJor\/Uepg tiene una pol\u00edtica afirmativa para becas?<\/strong><\/p>\n<p>El refuerzo de las pol\u00edticas afirmativas en el PPGJor se extiende a los criterios de selecci\u00f3n de los becarios, con ponderaci\u00f3n de los candidatos inscritos en el programa CAD\u00danico del Gobierno Federal, mantenimiento de dependientes y aumento de nota para los alumnos de cuota (10%).<\/p>\n","protected":false},"excerpt":{"rendered":"<p>\u00bfEl PPGJor\/Uepg tiene una pol\u00edtica afirmativa de admisi\u00f3n de alumnos? S\u00ed, el PPGJor tiene una pol\u00edtica afirmativa de acceso y permanencia de estudiantes. De las 15 plazas ofertadas cada a\u00f1o, 4 (cuatro) est\u00e1n reservadas a candidatos negros autodeclarados. Adem\u00e1s, hay: 01 (una) plaza para personas con discapacidad (PCD) &#8211; en los t\u00e9rminos de la Ordenanza&nbsp;&hellip;<\/p>\n","protected":false},"author":745,"featured_media":0,"parent":0,"menu_order":0,"comment_status":"closed","ping_status":"closed","template":"","meta":[],"_links":{"self":[{"href":"https:\/\/www2.uepg.br\/ppgjor\/wp-json\/wp\/v2\/pages\/3370"}],"collection":[{"href":"https:\/\/www2.uepg.br\/ppgjor\/wp-json\/wp\/v2\/pages"}],"about":[{"href":"https:\/\/www2.uepg.br\/ppgjor\/wp-json\/wp\/v2\/types\/page"}],"author":[{"embeddable":true,"href":"https:\/\/www2.uepg.br\/ppgjor\/wp-json\/wp\/v2\/users\/745"}],"replies":[{"embeddable":true,"href":"https:\/\/www2.uepg.br\/ppgjor\/wp-json\/wp\/v2\/comments?post=3370"}],"version-history":[{"count":1,"href":"https:\/\/www2.uepg.br\/ppgjor\/wp-json\/wp\/v2\/pages\/3370\/revisions"}],"predecessor-version":[{"id":3371,"href":"https:\/\/www2.uepg.br\/ppgjor\/wp-json\/wp\/v2\/pages\/3370\/revisions\/3371"}],"wp:attachment":[{"href":"https:\/\/www2.uepg.br\/ppgjor\/wp-json\/wp\/v2\/media?parent=3370"}],"curies":[{"name":"wp","href":"https:\/\/api.w.org\/{rel}","templated":true}]}}