{"id":3395,"date":"2025-06-04T11:02:30","date_gmt":"2025-06-04T14:02:30","guid":{"rendered":"https:\/\/www2.uepg.br\/ppgjor\/?page_id=3395"},"modified":"2025-06-04T11:02:30","modified_gmt":"2025-06-04T14:02:30","slug":"becas","status":"publish","type":"page","link":"https:\/\/www2.uepg.br\/ppgjor\/es\/becas\/","title":{"rendered":"Becas"},"content":{"rendered":"<p>El PPGJor tiene v\u00ednculos con las siguientes agencias\/instituciones de financiaci\u00f3n de la investigaci\u00f3n cient\u00edfica: UEPG, Capes, CNPq, Funda\u00e7\u00e3o Arauc\u00e1ria, ZicoSur, Bolsa Carrefour.<\/p>\n<p>Los becarios son seleccionados por el Comit\u00e9 de Becas del PPGJor a trav\u00e9s de una convocatoria publicada en la p\u00e1gina web del programa. Adem\u00e1s de las reglas relativas a cada agencia financiadora, el candidato debe cumplir los siguientes criterios de elegibilidad:<\/p>\n<p>1) Ser alumno regular del PPGJor.<\/p>\n<p>2) Cumplir las directrices del organismo de financiaci\u00f3n responsable del mantenimiento de la beca.<\/p>\n<p>3) En caso de tener un contrato laboral durante el periodo de disfrute de la beca, estar en disposici\u00f3n de asistir presencialmente al PPGJor un m\u00ednimo de 12 horas y un m\u00e1ximo de 20 horas semanales, en el horario de atenci\u00f3n al p\u00fablico de la secretar\u00eda del Programa (de 8:00 a 12:00 horas; de 13:30 a 17:30 horas).<\/p>\n<p>4) Realizaci\u00f3n de actividades de investigaci\u00f3n (en funci\u00f3n de los grupos organizados en funcionamiento), apoyo en la organizaci\u00f3n de eventos, ayuda en la gesti\u00f3n de proyectos y convocatorias de financiaci\u00f3n, apoyo en producciones editoriales (libros o revistas), ayuda en la organizaci\u00f3n de datos\/informaci\u00f3n para el sistema de evaluaci\u00f3n de postgrado y otras acciones de producci\u00f3n cient\u00edfica o acad\u00e9mica en el PPGJor.<\/p>\n<p>5) Compromiso de env\u00edo de al menos un art\u00edculo cient\u00edfico a una revista acad\u00e9mica indexada<\/p>\n<p>acad\u00e9mica y presentar una ponencia en al menos un evento cient\u00edfico en el \u00e1rea durante el per\u00edodo en que sea becario, en colaboraci\u00f3n con profesores del PPGJor.<\/p>\n<p>6) Compromiso de mantener actualizado el CV de Lattes durante la duraci\u00f3n de la beca.<\/p>\n<p>7) Disposici\u00f3n (en horario presencial\/regular en el PPGJor UEPG) para la realizaci\u00f3n de actividades acad\u00e9micas y de investigaci\u00f3n.<\/p>\n<p>8) Cumplimiento de los plazos reglamentarios para la realizaci\u00f3n de los cr\u00e9ditos necesarios, calificaci\u00f3n y defensa de la tesina.<\/p>\n<p>Observaciones:<\/p>\n<p>&#8211; El mantenimiento\/permanencia de la beca est\u00e1 vinculado a la valoraci\u00f3n por parte del estudiante de m\u00e1ster de las asignaturas cursadas y del rendimiento en las actividades de producci\u00f3n cient\u00edfica, a partir del dictamen del supervisor.<\/p>\n<p>&#8211; El incumplimiento de los compromisos en cualquier momento ser\u00e1 evaluado por el Comit\u00e9 de Becas del PPGJor y podr\u00e1 dar lugar a la anulaci\u00f3n de la beca.<\/p>\n<p><strong>COMIT\u00c9 DE BECAS<\/strong><\/p>\n<p>Para el per\u00edodo 2025\/2027, el Comit\u00e9 est\u00e1 formado por:<\/p>\n<p>Felipe Sim\u00e3o Pontes (Presidente)<\/p>\n<p>Cintia Xavier (Representante de la L\u00ednea 1)<\/p>\n<p>Karina Janz Woitowicz (Representante de la L\u00ednea 2)<\/p>\n<p>D\u00e9bora Chacarski (Representante de los Estudiantes)<\/p>\n","protected":false},"excerpt":{"rendered":"<p>El PPGJor tiene v\u00ednculos con las siguientes agencias\/instituciones de financiaci\u00f3n de la investigaci\u00f3n cient\u00edfica: UEPG, Capes, CNPq, Funda\u00e7\u00e3o Arauc\u00e1ria, ZicoSur, Bolsa Carrefour. Los becarios son seleccionados por el Comit\u00e9 de Becas del PPGJor a trav\u00e9s de una convocatoria publicada en la p\u00e1gina web del programa. Adem\u00e1s de las reglas relativas a cada agencia financiadora, el&nbsp;&hellip;<\/p>\n","protected":false},"author":745,"featured_media":0,"parent":0,"menu_order":0,"comment_status":"closed","ping_status":"closed","template":"","meta":[],"_links":{"self":[{"href":"https:\/\/www2.uepg.br\/ppgjor\/wp-json\/wp\/v2\/pages\/3395"}],"collection":[{"href":"https:\/\/www2.uepg.br\/ppgjor\/wp-json\/wp\/v2\/pages"}],"about":[{"href":"https:\/\/www2.uepg.br\/ppgjor\/wp-json\/wp\/v2\/types\/page"}],"author":[{"embeddable":true,"href":"https:\/\/www2.uepg.br\/ppgjor\/wp-json\/wp\/v2\/users\/745"}],"replies":[{"embeddable":true,"href":"https:\/\/www2.uepg.br\/ppgjor\/wp-json\/wp\/v2\/comments?post=3395"}],"version-history":[{"count":1,"href":"https:\/\/www2.uepg.br\/ppgjor\/wp-json\/wp\/v2\/pages\/3395\/revisions"}],"predecessor-version":[{"id":3396,"href":"https:\/\/www2.uepg.br\/ppgjor\/wp-json\/wp\/v2\/pages\/3395\/revisions\/3396"}],"wp:attachment":[{"href":"https:\/\/www2.uepg.br\/ppgjor\/wp-json\/wp\/v2\/media?parent=3395"}],"curies":[{"name":"wp","href":"https:\/\/api.w.org\/{rel}","templated":true}]}}