{"id":3419,"date":"2025-06-04T11:15:36","date_gmt":"2025-06-04T14:15:36","guid":{"rendered":"https:\/\/www2.uepg.br\/ppgjor\/?page_id=3419"},"modified":"2025-06-04T11:15:36","modified_gmt":"2025-06-04T14:15:36","slug":"cuerpo-de-alumnos","status":"publish","type":"page","link":"https:\/\/www2.uepg.br\/ppgjor\/es\/cuerpo-de-alumnos\/","title":{"rendered":"Cuerpo de alumnos"},"content":{"rendered":"<p><b><i>ACTUALES<\/i><\/b><\/p>\n<p><span style=\"font-weight: 400\">\u00a0<\/span><\/p>\n<p><b>2024<\/b><\/p>\n<ul>\n<li style=\"font-weight: 400\"><a href=\"http:\/\/www2.uepg.br\/ppgjor\/wp-content\/uploads\/sites\/26\/2025\/05\/Catharina-Iavorski.pdf\"><span style=\"font-weight: 400\">Catharina Iavorski<\/span><\/a><\/li>\n<li style=\"font-weight: 400\"><a href=\"http:\/\/www2.uepg.br\/ppgjor\/wp-content\/uploads\/sites\/26\/2025\/05\/Debora-Chacarski-de-Mello.pdf\"><span style=\"font-weight: 400\">Debora Chacarski de Mello<\/span><\/a><\/li>\n<li style=\"font-weight: 400\"><a href=\"http:\/\/www2.uepg.br\/ppgjor\/wp-content\/uploads\/sites\/26\/2025\/05\/Elaine-Barcellos-de-Araujo.pdf\"><span style=\"font-weight: 400\">Elaine Barcellos de Ara\u00fajo<\/span><\/a><\/li>\n<li style=\"font-weight: 400\"><a href=\"http:\/\/www2.uepg.br\/ppgjor\/wp-content\/uploads\/sites\/26\/2025\/05\/Jessica-dos-Santos-Nadal.pdf\"><span style=\"font-weight: 400\">J\u00e9ssica dos Santos Natal<\/span><\/a><\/li>\n<li style=\"font-weight: 400\"><a href=\"http:\/\/www2.uepg.br\/ppgjor\/wp-content\/uploads\/sites\/26\/2025\/05\/Leriany-Barbosa-Tizon.pdf\"><span style=\"font-weight: 400\">Leriany Barbosa Tizon<\/span><\/a><\/li>\n<li style=\"font-weight: 400\"><a href=\"http:\/\/www2.uepg.br\/ppgjor\/wp-content\/uploads\/sites\/26\/2025\/05\/Lilian-Ferreira-Magalhaes.pdf\"><span style=\"font-weight: 400\">Lilian Ferreira Magalh\u00e3es<\/span><\/a><\/li>\n<li style=\"font-weight: 400\"><a href=\"http:\/\/www2.uepg.br\/ppgjor\/wp-content\/uploads\/sites\/26\/2025\/05\/Maria-Helena-Denck.pdf\"><span style=\"font-weight: 400\">Maria Helena Denck Almeida<\/span><\/a><\/li>\n<li style=\"font-weight: 400\"><a href=\"http:\/\/www2.uepg.br\/ppgjor\/wp-content\/uploads\/sites\/26\/2025\/05\/Pablino-Caceres-Paredes-1.pdf\"><span style=\"font-weight: 400\">Pablino C\u00e1ceres Paredes<\/span><\/a><\/li>\n<li style=\"font-weight: 400\"><a href=\"http:\/\/www2.uepg.br\/ppgjor\/wp-content\/uploads\/sites\/26\/2025\/05\/Tamires-Limurci-dos-Santos-1.pdf\"><span style=\"font-weight: 400\">Tamires Limurci dos Santos<\/span><\/a><\/li>\n<li style=\"font-weight: 400\"><a href=\"http:\/\/www2.uepg.br\/ppgjor\/wp-content\/uploads\/sites\/26\/2025\/05\/Sofia-Villagra.pdf\"><span style=\"font-weight: 400\">Sof\u00eda Villagra<\/span><\/a><\/li>\n<\/ul>\n<p><b>2023<\/b><\/p>\n<ul>\n<li style=\"font-weight: 400\"><a href=\"http:\/\/www2.uepg.br\/ppgjor\/wp-content\/uploads\/sites\/26\/2025\/05\/Alana-Bittencourt.pdf\"><span style=\"font-weight: 400\">Alana Bittencourt Silva<\/span><\/a><\/li>\n<li style=\"font-weight: 400\"><a href=\"http:\/\/www2.uepg.br\/ppgjor\/wp-content\/uploads\/sites\/26\/2025\/05\/Antonio-Joao-Damiao.pdf\"><span style=\"font-weight: 400\">Ant\u00f3nio Jo\u00e3o Dami\u00e3o<\/span><\/a><\/li>\n<li style=\"font-weight: 400\"><a href=\"http:\/\/www2.uepg.br\/ppgjor\/wp-content\/uploads\/sites\/26\/2025\/05\/Kethlyn-Taina-Lemes.pdf\"><span style=\"font-weight: 400\">Kethlyn Tain\u00e1 Lemes<\/span><\/a><\/li>\n<li style=\"font-weight: 400\"><a href=\"http:\/\/www2.uepg.br\/ppgjor\/wp-content\/uploads\/sites\/26\/2025\/05\/David-Candido-dos-Santos.pdf\"><span style=\"font-weight: 400\">David Candido dos Santos<\/span><\/a><\/li>\n<li style=\"font-weight: 400\"><a href=\"http:\/\/www2.uepg.br\/ppgjor\/wp-content\/uploads\/sites\/26\/2025\/05\/Paulo-Pessoa-de-Andrade-Neto.pdf\"><span style=\"font-weight: 400\">Paulo Pess\u00f4a de Andrade Neto<\/span><\/a><\/li>\n<li style=\"font-weight: 400\"><a href=\"http:\/\/www2.uepg.br\/ppgjor\/wp-content\/uploads\/sites\/26\/2025\/05\/Yago-Raphael-Massuqueto-Rocha.pdf\"><span style=\"font-weight: 400\">Yago Raphael Massuqueto Rocha<\/span><\/a><\/li>\n<\/ul>\n<p><span style=\"font-weight: 400\">\u00a0<\/span><\/p>\n<p><b><i>ANTERIORES A 2023<\/i><\/b><\/p>\n<p><span style=\"font-weight: 400\">\u00a0<\/span><\/p>\n<ul>\n<li style=\"font-weight: 400\"><a href=\"http:\/\/www2.uepg.br\/ppgjor\/wp-content\/uploads\/sites\/26\/2025\/05\/Abrahao-Italo-Moraes-Silva.pdf\"><span style=\"font-weight: 400\">Abrah\u00e3o \u00cdtalo Moraes Silva<\/span><\/a><\/li>\n<li style=\"font-weight: 400\"><a href=\"http:\/\/www2.uepg.br\/ppgjor\/wp-content\/uploads\/sites\/26\/2025\/05\/Amanda-Cristine-Lima-Crissi.pdf\"><span style=\"font-weight: 400\">Amanda Cristine Lima Crissi<\/span><\/a><\/li>\n<li style=\"font-weight: 400\"><a href=\"http:\/\/www2.uepg.br\/ppgjor\/wp-content\/uploads\/sites\/26\/2025\/05\/Augusto-Martins-de-Jesus.pdf\"><span style=\"font-weight: 400\">Augusto Martins de Jesus<\/span><\/a><\/li>\n<li style=\"font-weight: 400\"><a href=\"http:\/\/www2.uepg.br\/ppgjor\/wp-content\/uploads\/sites\/26\/2025\/05\/Carina-dos-Reis.pdf\"><span style=\"font-weight: 400\">Carina dos Reis<\/span><\/a><\/li>\n<li style=\"font-weight: 400\"><a href=\"http:\/\/www2.uepg.br\/ppgjor\/wp-content\/uploads\/sites\/26\/2025\/05\/Daniely-Neiverth.pdf\"><span style=\"font-weight: 400\">Daniely Neiverth<\/span><\/a><\/li>\n<li style=\"font-weight: 400\"><a href=\"http:\/\/www2.uepg.br\/ppgjor\/wp-content\/uploads\/sites\/26\/2025\/05\/Eder-Carlos-Wehrholdt.pdf\"><span style=\"font-weight: 400\">Eder Carlos Wehrholdt<\/span><\/a><\/li>\n<li style=\"font-weight: 400\"><a href=\"http:\/\/www2.uepg.br\/ppgjor\/wp-content\/uploads\/sites\/26\/2025\/05\/Enaira-Schoemberger.pdf\"><span style=\"font-weight: 400\">Enaira Schoemberger<\/span><\/a><\/li>\n<li style=\"font-weight: 400\"><a href=\"http:\/\/www2.uepg.br\/ppgjor\/wp-content\/uploads\/sites\/26\/2025\/05\/Nara-Lia-dos-Santos-Souza.pdf\"><span style=\"font-weight: 400\">Nara Lia dos Santos Souza<\/span><\/a><\/li>\n<li style=\"font-weight: 400\"><a href=\"http:\/\/www2.uepg.br\/ppgjor\/wp-content\/uploads\/sites\/26\/2025\/05\/Vanessa-Calvo-Guerra.pdf\"><span style=\"font-weight: 400\">Vanessa Calvo Guerra<\/span><\/a><\/li>\n<\/ul>\n<p><span style=\"font-weight: 400\">\u00a0<\/span><\/p>\n<p><b><i>EGRESADOS<\/i><\/b><\/p>\n<p><span style=\"font-weight: 400\">\u00a0<\/span><\/p>\n<p><b>2024<\/b><\/p>\n<ul>\n<li style=\"font-weight: 400\"><a href=\"http:\/\/www2.uepg.br\/ppgjor\/wp-content\/uploads\/sites\/26\/2025\/05\/Jessica-Danielle-de-Carvalho.pdf\"><span style=\"font-weight: 400\">Jessica Danielle de Carvalho<\/span><\/a><\/li>\n<li style=\"font-weight: 400\"><a href=\"http:\/\/www2.uepg.br\/ppgjor\/wp-content\/uploads\/sites\/26\/2025\/05\/Gabriella-Vasco-de-Barros-1.pdf\"><span style=\"font-weight: 400\">Gabriella Vasco de Barros<\/span><\/a><\/li>\n<li style=\"font-weight: 400\"><a href=\"http:\/\/www2.uepg.br\/ppgjor\/wp-content\/uploads\/sites\/26\/2025\/05\/Anelize-Giroldo-Moreno-1-1.pdf\"><span style=\"font-weight: 400\">Anelize Giroldo Moreno<\/span><\/a><\/li>\n<li style=\"font-weight: 400\"><a href=\"http:\/\/www2.uepg.br\/ppgjor\/wp-content\/uploads\/sites\/26\/2025\/05\/Luiza-Zanotti-Moro-1.pdf\"><span style=\"font-weight: 400\">Luiza Zanotti Moro<\/span><\/a><\/li>\n<li style=\"font-weight: 400\"><a href=\"http:\/\/www2.uepg.br\/ppgjor\/wp-content\/uploads\/sites\/26\/2025\/05\/Wilton-Correia-Paz-2-1.pdf\"><span style=\"font-weight: 400\">Wilton Correia Paz<\/span><\/a><\/li>\n<li style=\"font-weight: 400\"><a href=\"http:\/\/www2.uepg.br\/ppgjor\/wp-content\/uploads\/sites\/26\/2025\/05\/Jaqueline-Andriolli-Silva-1.pdf\"><span style=\"font-weight: 400\">Jaqueline Andriolli Silva<\/span><\/a><\/li>\n<\/ul>\n<p><b>2023<\/b><\/p>\n<ul>\n<li style=\"font-weight: 400\"><a href=\"http:\/\/www2.uepg.br\/ppgjor\/wp-content\/uploads\/sites\/26\/2025\/05\/Adriele-Jose-da-Silva-1.pdf\"><span style=\"font-weight: 400\">Adriele Jos\u00e9 da Silva<\/span><\/a><\/li>\n<li style=\"font-weight: 400\"><a href=\"http:\/\/www2.uepg.br\/ppgjor\/wp-content\/uploads\/sites\/26\/2025\/05\/Petronilio-Filipe-Costa-Ferreira-1-1.pdf\"><span style=\"font-weight: 400\">Petron\u00edlio Filipe Costa Ferreira<\/span><\/a><\/li>\n<li style=\"font-weight: 400\"><a href=\"http:\/\/www2.uepg.br\/ppgjor\/wp-content\/uploads\/sites\/26\/2025\/05\/Camila-Maurer-1.pdf\"><span style=\"font-weight: 400\">Camila Maurer Luiz<\/span><\/a><\/li>\n<li style=\"font-weight: 400\"><a href=\"http:\/\/www2.uepg.br\/ppgjor\/wp-content\/uploads\/sites\/26\/2025\/05\/Carla-Andrea-Mazzochin-1.pdf\"><span style=\"font-weight: 400\">Carla Andr\u00e9a Mazzochin<\/span><\/a><\/li>\n<li style=\"font-weight: 400\"><a href=\"http:\/\/www2.uepg.br\/ppgjor\/wp-content\/uploads\/sites\/26\/2025\/05\/Jessica-Gradin.pdf\"><span style=\"font-weight: 400\">J\u00e9ssica Gradin<\/span><\/a><\/li>\n<\/ul>\n<p><b>2022<\/b><\/p>\n<ul>\n<li style=\"font-weight: 400\"><a href=\"http:\/\/www2.uepg.br\/ppgjor\/wp-content\/uploads\/sites\/26\/2025\/05\/Lucas-Santos-Carmo-Cabral-1.pdf\"><span style=\"font-weight: 400\">Lucas Santos Carmo Cabral<\/span><\/a><\/li>\n<li style=\"font-weight: 400\"><a href=\"http:\/\/www2.uepg.br\/ppgjor\/wp-content\/uploads\/sites\/26\/2025\/05\/Paula-Cabrera-Claro-1.pdf\"><span style=\"font-weight: 400\">Paula Cabrera Claro<\/span><\/a><\/li>\n<\/ul>\n<p><b>2021<\/b><\/p>\n<ul>\n<li style=\"font-weight: 400\"><a href=\"http:\/\/www2.uepg.br\/ppgjor\/wp-content\/uploads\/sites\/26\/2025\/05\/Aline-de-Oliveira-Rios.pdf\"><span style=\"font-weight: 400\">Aline de Oliveira Rios<\/span><\/a><\/li>\n<li style=\"font-weight: 400\"><a href=\"http:\/\/www2.uepg.br\/ppgjor\/wp-content\/uploads\/sites\/26\/2025\/05\/Angelo-Eduardo-Rocha.pdf\"><span style=\"font-weight: 400\">Angelo Eduardo Rocha<\/span><\/a><\/li>\n<li style=\"font-weight: 400\"><a href=\"http:\/\/www2.uepg.br\/ppgjor\/wp-content\/uploads\/sites\/26\/2025\/05\/Anna-Vitoria-Cuimachowicz-Vieira.pdf\"><span style=\"font-weight: 400\">Anna Vitoria Cuimachowicz Vieira<\/span><\/a><\/li>\n<li style=\"font-weight: 400\"><a href=\"http:\/\/www2.uepg.br\/ppgjor\/wp-content\/uploads\/sites\/26\/2025\/05\/Dyepeson-Martins-da-Silva.pdf\"><span style=\"font-weight: 400\">Dyepeson Martins da Silva<\/span><\/a><\/li>\n<li style=\"font-weight: 400\"><a href=\"http:\/\/www2.uepg.br\/ppgjor\/wp-content\/uploads\/sites\/26\/2025\/05\/Felipe-Collar-Berni.pdf\"><span style=\"font-weight: 400\">Felipe Collar Berni<\/span><\/a><\/li>\n<\/ul>\n<p><b>2020<\/b><\/p>\n<ul>\n<li style=\"font-weight: 400\"><a href=\"http:\/\/www2.uepg.br\/ppgjor\/wp-content\/uploads\/sites\/26\/2025\/05\/Andre-Luiz-Lucas-da-Luz.pdf\"><span style=\"font-weight: 400\">Andr\u00e9 Luiz Lucas da Luz<\/span><\/a><\/li>\n<li style=\"font-weight: 400\"><a href=\"http:\/\/www2.uepg.br\/ppgjor\/wp-content\/uploads\/sites\/26\/2025\/05\/Felipe-Adam.pdf\"><span style=\"font-weight: 400\">Felipe Adam<\/span><\/a><\/li>\n<li style=\"font-weight: 400\"><a href=\"http:\/\/www2.uepg.br\/ppgjor\/wp-content\/uploads\/sites\/26\/2025\/05\/Larissa-Lucena-Cantuaria.pdf\"><span style=\"font-weight: 400\">Larissa Lucena Cantu\u00e1ria<\/span><\/a><\/li>\n<li style=\"font-weight: 400\"><a href=\"http:\/\/www2.uepg.br\/ppgjor\/wp-content\/uploads\/sites\/26\/2025\/05\/Ligia-Tesser-Pereira.pdf\"><span style=\"font-weight: 400\">Ligia Tesser Pereira<\/span><\/a><\/li>\n<li style=\"font-weight: 400\"><a href=\"http:\/\/www2.uepg.br\/ppgjor\/wp-content\/uploads\/sites\/26\/2025\/05\/Regilson-Furtado-Borges.pdf\"><span style=\"font-weight: 400\">Regilson Furtado Borges<\/span><\/a><\/li>\n<\/ul>\n<p><b>2019<\/b><\/p>\n<ul>\n<li style=\"font-weight: 400\"><a href=\"http:\/\/www2.uepg.br\/ppgjor\/wp-content\/uploads\/sites\/26\/2025\/05\/Abinoan-Santiago-dos-Santos.pdf\"><span style=\"font-weight: 400\">Abinoan Santiago dos Santos<\/span><\/a><\/li>\n<li style=\"font-weight: 400\"><a href=\"http:\/\/www2.uepg.br\/ppgjor\/wp-content\/uploads\/sites\/26\/2025\/05\/Daniela-Borcezi.pdf\"><span style=\"font-weight: 400\">Daniela Borcezi<\/span><\/a><\/li>\n<li style=\"font-weight: 400\"><a href=\"http:\/\/www2.uepg.br\/ppgjor\/wp-content\/uploads\/sites\/26\/2025\/05\/Edilene-dos-Santos-Ogura.pdf\"><span style=\"font-weight: 400\">Edilene dos Santos Ogura<\/span><\/a><\/li>\n<li style=\"font-weight: 400\"><a href=\"http:\/\/www2.uepg.br\/ppgjor\/wp-content\/uploads\/sites\/26\/2025\/05\/Fernando-Lopes.pdf\"><span style=\"font-weight: 400\">Fernando Lopes<\/span><\/a><\/li>\n<li style=\"font-weight: 400\"><a href=\"http:\/\/www2.uepg.br\/ppgjor\/wp-content\/uploads\/sites\/26\/2025\/05\/Mariana-Fraga-da-Fonseca.pdf\"><span style=\"font-weight: 400\">Mariana Fraga da Fonseca<\/span><\/a><\/li>\n<li style=\"font-weight: 400\"><a href=\"http:\/\/www2.uepg.br\/ppgjor\/wp-content\/uploads\/sites\/26\/2025\/05\/Mauri-Konig.pdf\"><span style=\"font-weight: 400\">Mauri K\u00f6nig<\/span><\/a><\/li>\n<li style=\"font-weight: 400\"><a href=\"http:\/\/www2.uepg.br\/ppgjor\/wp-content\/uploads\/sites\/26\/2025\/05\/Naiara-Namma-Perdigao-Persegona.pdf\"><span style=\"font-weight: 400\">Naiara Namma Perdig\u00e3o Persegona<\/span><\/a><\/li>\n<li style=\"font-weight: 400\"><a href=\"http:\/\/www2.uepg.br\/ppgjor\/wp-content\/uploads\/sites\/26\/2025\/05\/Paula-Evelyn-Silveira-Barbosa.pdf\"><span style=\"font-weight: 400\">Paula \u00c9velyn Silveira Barbosa<\/span><\/a><\/li>\n<li style=\"font-weight: 400\"><a href=\"http:\/\/www2.uepg.br\/ppgjor\/wp-content\/uploads\/sites\/26\/2025\/05\/Vanessa-Cristina-de-Abreu-Torres-Hrenechen.pdf\"><span style=\"font-weight: 400\">Vanessa Cristina de Abreu Torres Hrenechen<\/span><\/a><\/li>\n<li style=\"font-weight: 400\"><a href=\"http:\/\/www2.uepg.br\/ppgjor\/wp-content\/uploads\/sites\/26\/2025\/05\/Vanessa-Cristina-de-Abreu-Torres-Hrenechen.pdf\"><span style=\"font-weight: 400\">Vin\u00edcius Jos\u00e9 Biazotti Sabino<\/span><\/a><\/li>\n<\/ul>\n<p><b>2018<\/b><\/p>\n<ul>\n<li style=\"font-weight: 400\"><a href=\"http:\/\/www2.uepg.br\/ppgjor\/wp-content\/uploads\/sites\/26\/2025\/05\/Andre-Packer-dos-Santos.pdf\"><span style=\"font-weight: 400\">Andr\u00e9 Packer dos Santos<\/span><\/a><\/li>\n<li style=\"font-weight: 400\"><a href=\"http:\/\/www2.uepg.br\/ppgjor\/wp-content\/uploads\/sites\/26\/2025\/05\/Gabriela-Cavalcanti-Carneiro-de-Almeida.pdf\"><span style=\"font-weight: 400\">Gabriela Cavalcanti Carneiro de Almeida<\/span><\/a><\/li>\n<li style=\"font-weight: 400\"><a href=\"http:\/\/www2.uepg.br\/ppgjor\/wp-content\/uploads\/sites\/26\/2025\/05\/Ligiane-Malfatti.pdf\"><span style=\"font-weight: 400\">Ligiane Malfatti<\/span><\/a><\/li>\n<li style=\"font-weight: 400\"><a href=\"http:\/\/www2.uepg.br\/ppgjor\/wp-content\/uploads\/sites\/26\/2025\/05\/Luana-Sandra-de-Souza.pdf\"><span style=\"font-weight: 400\">Luana Sandra de Souza<\/span><\/a><\/li>\n<li style=\"font-weight: 400\"><a href=\"http:\/\/www2.uepg.br\/ppgjor\/wp-content\/uploads\/sites\/26\/2025\/05\/Marcio-Barbosa-Norberto.pdf\"><span style=\"font-weight: 400\">M\u00e1rcio Barbosa Norberto<\/span><\/a><\/li>\n<li style=\"font-weight: 400\"><a href=\"http:\/\/www2.uepg.br\/ppgjor\/wp-content\/uploads\/sites\/26\/2025\/05\/Matheus-Manoel-Lobo-Pismel.pdf\"><span style=\"font-weight: 400\">Matheus Manoel Lobo Pismel<\/span><\/a><\/li>\n<\/ul>\n<p><b>2017<\/b><\/p>\n<ul>\n<li style=\"font-weight: 400\"><a href=\"http:\/\/www2.uepg.br\/ppgjor\/wp-content\/uploads\/sites\/26\/2025\/05\/Afonso-Ferreira-Verner.pdf\"><span style=\"font-weight: 400\">Afonso Ferreira Verner<\/span><\/a><\/li>\n<li style=\"font-weight: 400\"><a href=\"http:\/\/www2.uepg.br\/ppgjor\/wp-content\/uploads\/sites\/26\/2025\/05\/Andrea-Morais.pdf\"><span style=\"font-weight: 400\">Andr\u00e9a Morais<\/span><\/a><\/li>\n<li style=\"font-weight: 400\"><a href=\"http:\/\/www2.uepg.br\/ppgjor\/wp-content\/uploads\/sites\/26\/2025\/05\/Elaine-Schmitt.pdf\"><span style=\"font-weight: 400\">Elaine Schmitt<\/span><\/a><\/li>\n<li style=\"font-weight: 400\"><a href=\"http:\/\/www2.uepg.br\/ppgjor\/wp-content\/uploads\/sites\/26\/2025\/05\/Gustavo-Panacioni-Ribas.pdf\"><span style=\"font-weight: 400\">Gustavo Panacioni Ribas<\/span><\/a><\/li>\n<li style=\"font-weight: 400\"><a href=\"http:\/\/www2.uepg.br\/ppgjor\/wp-content\/uploads\/sites\/26\/2025\/05\/Mariana-Galvao-Noronha.pdf\"><span style=\"font-weight: 400\">Mariana Galv\u00e3o Noronha<\/span><\/a><\/li>\n<li style=\"font-weight: 400\"><a href=\"http:\/\/www2.uepg.br\/ppgjor\/wp-content\/uploads\/sites\/26\/2025\/05\/Matheus-Henrique-de-Lara.pdf\"><span style=\"font-weight: 400\">Matheus Henrique de Lara<\/span><\/a><\/li>\n<li style=\"font-weight: 400\"><a href=\"http:\/\/www2.uepg.br\/ppgjor\/wp-content\/uploads\/sites\/26\/2025\/05\/Nayane-Cristina-Rodrigues-Brito.pdf\"><span style=\"font-weight: 400\">Nayane Cristina Rodrigues Brito<\/span><\/a><\/li>\n<li style=\"font-weight: 400\"><a href=\"http:\/\/www2.uepg.br\/ppgjor\/wp-content\/uploads\/sites\/26\/2025\/05\/Rodrigo-Nascimento-Reis.pdf\"><span style=\"font-weight: 400\">Rodrigo Nascimento Reis<\/span><\/a><\/li>\n<li style=\"font-weight: 400\"><a href=\"http:\/\/www2.uepg.br\/ppgjor\/wp-content\/uploads\/sites\/26\/2025\/05\/Rodrigo-Nascimento-Reis.pdf\"><span style=\"font-weight: 400\">Thays Assun\u00e7\u00e3o Reis<\/span><\/a><\/li>\n<\/ul>\n<p><b>2016<\/b><\/p>\n<ul>\n<li style=\"font-weight: 400\"><a href=\"http:\/\/www2.uepg.br\/ppgjor\/wp-content\/uploads\/sites\/26\/2025\/05\/Alexsandro-Teixeira-Ribeiro-2.pdf\"><span style=\"font-weight: 400\">Alexsandro Teixeira Ribeiro<\/span><\/a><\/li>\n<li style=\"font-weight: 400\"><a href=\"http:\/\/www2.uepg.br\/ppgjor\/wp-content\/uploads\/sites\/26\/2025\/05\/Aline-Jasper-1-1.pdf\"><span style=\"font-weight: 400\">Aline Jasper<\/span><\/a><\/li>\n<li style=\"font-weight: 400\"><a href=\"http:\/\/www2.uepg.br\/ppgjor\/wp-content\/uploads\/sites\/26\/2025\/05\/Cleber-Moletta-Gomes-1.pdf\"><span style=\"font-weight: 400\">Cl\u00e9ber Moletta Gomes<\/span><\/a><\/li>\n<li style=\"font-weight: 400\"><a href=\"http:\/\/www2.uepg.br\/ppgjor\/wp-content\/uploads\/sites\/26\/2025\/05\/Guilherme-de-Paula-Pires-1.pdf\"><span style=\"font-weight: 400\">Guilherme de Paula Pires<\/span><\/a><\/li>\n<li style=\"font-weight: 400\"><a href=\"http:\/\/www2.uepg.br\/ppgjor\/wp-content\/uploads\/sites\/26\/2025\/05\/Luan-Jose-Vaz-Chagas-1.pdf\"><span style=\"font-weight: 400\">Lu\u00e3n Jos\u00e9 Vaz Chagas<\/span><\/a><\/li>\n<li style=\"font-weight: 400\"><a href=\"http:\/\/www2.uepg.br\/ppgjor\/wp-content\/uploads\/sites\/26\/2025\/05\/Thais-Helena-Ferreira-Neto-Oliveira-1.pdf\"><span style=\"font-weight: 400\">Tha\u00eds Helena Ferreira Neto Oliveira<\/span><\/a><\/li>\n<li style=\"font-weight: 400\"><a href=\"http:\/\/www2.uepg.br\/ppgjor\/wp-content\/uploads\/sites\/26\/2025\/05\/Vanessa-Rumor-1.pdf\"><span style=\"font-weight: 400\">Vanessa Rumor<\/span><\/a><\/li>\n<\/ul>\n<p><b>2015<\/b><\/p>\n<ul>\n<li style=\"font-weight: 400\"><a href=\"http:\/\/www2.uepg.br\/ppgjor\/wp-content\/uploads\/sites\/26\/2025\/05\/Andressa-Kaliberda-1.pdf\"><span style=\"font-weight: 400\">Andressa Kaliberda<\/span><\/a><\/li>\n<li style=\"font-weight: 400\"><a href=\"http:\/\/www2.uepg.br\/ppgjor\/wp-content\/uploads\/sites\/26\/2025\/05\/Andressa-Kikuti-Dancosky-1.pdf\"><span style=\"font-weight: 400\">Andressa Kikuti Dancosky<\/span><\/a><\/li>\n<li style=\"font-weight: 400\"><a href=\"http:\/\/www2.uepg.br\/ppgjor\/wp-content\/uploads\/sites\/26\/2025\/05\/Edson-Gil-Santos-Junior-1.pdf\"><span style=\"font-weight: 400\">Edson Gil Santos J\u00fanior<\/span><\/a><\/li>\n<li style=\"font-weight: 400\"><a href=\"http:\/\/www2.uepg.br\/ppgjor\/wp-content\/uploads\/sites\/26\/2025\/05\/Gisele-Barao-da-Silva-1.pdf\"><span style=\"font-weight: 400\">Gisele Bar\u00e3o da Silva<\/span><\/a><\/li>\n<li style=\"font-weight: 400\"><a href=\"http:\/\/www2.uepg.br\/ppgjor\/wp-content\/uploads\/sites\/26\/2025\/05\/Karine-Arminda-de-Fatima-Segatto-1.pdf\"><span style=\"font-weight: 400\">Karine Arminda de F\u00e1tima Segatto<\/span><\/a><\/li>\n<li style=\"font-weight: 400\"><a href=\"http:\/\/www2.uepg.br\/ppgjor\/wp-content\/uploads\/sites\/26\/2025\/05\/Luciane-Justus-dos-Santos-1.pdf\"><span style=\"font-weight: 400\">Luciane Justus dos Santos<\/span><\/a><\/li>\n<li style=\"font-weight: 400\"><a href=\"http:\/\/www2.uepg.br\/ppgjor\/wp-content\/uploads\/sites\/26\/2025\/05\/Manoel-Moabis-Pereira-dos-Anjos-1-1.pdf\"><span style=\"font-weight: 400\">Manoel Moabis Pereira dos Anjos<\/span><\/a><\/li>\n<\/ul>\n<p>&nbsp;<\/p>\n","protected":false},"excerpt":{"rendered":"<p>ACTUALES \u00a0 2024 Catharina Iavorski Debora Chacarski de Mello Elaine Barcellos de Ara\u00fajo J\u00e9ssica dos Santos Natal Leriany Barbosa Tizon Lilian Ferreira Magalh\u00e3es Maria Helena Denck Almeida Pablino C\u00e1ceres Paredes Tamires Limurci dos Santos Sof\u00eda Villagra 2023 Alana Bittencourt Silva Ant\u00f3nio Jo\u00e3o Dami\u00e3o Kethlyn Tain\u00e1 Lemes David Candido dos Santos Paulo Pess\u00f4a de Andrade Neto&nbsp;&hellip;<\/p>\n","protected":false},"author":745,"featured_media":0,"parent":0,"menu_order":0,"comment_status":"closed","ping_status":"closed","template":"","meta":[],"_links":{"self":[{"href":"https:\/\/www2.uepg.br\/ppgjor\/wp-json\/wp\/v2\/pages\/3419"}],"collection":[{"href":"https:\/\/www2.uepg.br\/ppgjor\/wp-json\/wp\/v2\/pages"}],"about":[{"href":"https:\/\/www2.uepg.br\/ppgjor\/wp-json\/wp\/v2\/types\/page"}],"author":[{"embeddable":true,"href":"https:\/\/www2.uepg.br\/ppgjor\/wp-json\/wp\/v2\/users\/745"}],"replies":[{"embeddable":true,"href":"https:\/\/www2.uepg.br\/ppgjor\/wp-json\/wp\/v2\/comments?post=3419"}],"version-history":[{"count":1,"href":"https:\/\/www2.uepg.br\/ppgjor\/wp-json\/wp\/v2\/pages\/3419\/revisions"}],"predecessor-version":[{"id":3420,"href":"https:\/\/www2.uepg.br\/ppgjor\/wp-json\/wp\/v2\/pages\/3419\/revisions\/3420"}],"wp:attachment":[{"href":"https:\/\/www2.uepg.br\/ppgjor\/wp-json\/wp\/v2\/media?parent=3419"}],"curies":[{"name":"wp","href":"https:\/\/api.w.org\/{rel}","templated":true}]}}