{"id":3423,"date":"2025-06-04T11:34:51","date_gmt":"2025-06-04T14:34:51","guid":{"rendered":"https:\/\/www2.uepg.br\/ppgjor\/?page_id=3423"},"modified":"2025-06-04T11:34:51","modified_gmt":"2025-06-04T14:34:51","slug":"personal-docente","status":"publish","type":"page","link":"https:\/\/www2.uepg.br\/ppgjor\/es\/personal-docente\/","title":{"rendered":"Personal docente"},"content":{"rendered":"<div id=\"pl-3423\"  class=\"panel-layout\" ><div id=\"pg-3423-0\"  class=\"panel-grid panel-no-style\" ><div id=\"pgc-3423-0-0\"  class=\"panel-grid-cell\" ><div id=\"panel-3423-0-0-0\" class=\"so-panel widget widget_sow-editor panel-first-child panel-last-child\" data-index=\"0\" ><div\n\t\t\t\n\t\t\tclass=\"so-widget-sow-editor so-widget-sow-editor-base\"\n\t\t\t\n\t\t>\n<div class=\"siteorigin-widget-tinymce textwidget\">\n\t<table style=\"height: 735px\" width=\"1023\" cellspacing=\"0\" cellpadding=\"4\">\n<colgroup>\n<col width=\"191\" \/>\n<col width=\"200\" \/>\n<col width=\"117\" \/>\n<col width=\"101\" \/> <\/colgroup>\n<tbody>\n<tr valign=\"top\">\n<td width=\"191\">\n<p style=\"text-align: left\"><strong>Docente<\/strong><\/p>\n<\/td>\n<td width=\"200\">\n<p style=\"text-align: left\"><strong>Formaci\u00f3n<\/strong><\/p>\n<\/td>\n<td width=\"117\">\n<p style=\"text-align: left\"><strong>Grupos de investigaci\u00f3n<\/strong><\/p>\n<\/td>\n<td width=\"101\">\n<p style=\"text-align: left\"><strong>\u00c1reas de <b>inter\u00e9s<\/b><\/strong><\/p>\n<\/td>\n<\/tr>\n<tr valign=\"top\">\n<td width=\"191\" height=\"209\"><strong><a href=\"http:\/\/buscatextual.cnpq.br\/buscatextual\/visualizacv.do?id=K4734258Z6\" target=\"_blank\" rel=\"noopener noreferrer\"><span style=\"font-family: inherit\">Cintia Xavier<\/span><\/a><\/strong><\/p>\n<p><img loading=\"lazy\" class=\"alignnone size-full wp-image-821\" src=\"http:\/\/www2.uepg.br\/ppgjor\/wp-content\/uploads\/sites\/26\/2019\/10\/Cintia-Xavier.jpg\" alt=\"\" width=\"205\" height=\"137\" \/><\/p>\n<p><a href=\"mailto:%20cintia_xavierpg@yahoo.com.br\">cintia_xavierpg@yahoo.com.br<\/a><\/p>\n<\/td>\n<td width=\"200\">\n<p style=\"text-align: center\"><span style=\"font-weight: 400\">Periodista licenciada por la UEPG<\/span><\/p>\n<p style=\"text-align: center\"><span style=\"font-weight: 400\">M\u00e1ster en Comunicaci\u00f3n y Lenguas (UTP)<\/span><\/p>\n<p style=\"text-align: center\"><span style=\"font-weight: 400\">Doctorado en Ciencias de la Comunicaci\u00f3n (Unisinos)<\/span><\/p>\n<\/td>\n<td style=\"text-align: center\" width=\"117\"><a href=\"http:\/\/abciber.org.br\/simposio2018\/\"><span style=\"font-weight: 400\">L\u00f3gicas de producci\u00f3n y consumo en el periodismo<\/span><\/a><\/td>\n<td width=\"101\">\n<p style=\"text-align: center\"><span style=\"font-weight: 400\">L\u00f3gicas de producci\u00f3n y consumo en el periodismo<\/span><\/p>\n<p style=\"text-align: center\"><span style=\"font-weight: 400\">Teor\u00edas del periodismo, programaci\u00f3n tem\u00e1tica, documentales y \u00e9tica<\/span><\/p>\n<\/td>\n<\/tr>\n<tr valign=\"top\">\n<td width=\"191\" height=\"122\"><strong><a href=\"http:\/\/buscatextual.cnpq.br\/buscatextual\/visualizacv.do?id=K4742707H6\" target=\"_blank\" rel=\"noopener noreferrer\">Felipe Sim\u00e3o Pontes<\/a><\/strong><\/p>\n<p><img loading=\"lazy\" class=\"alignnone size-full wp-image-822\" src=\"http:\/\/www2.uepg.br\/ppgjor\/wp-content\/uploads\/sites\/26\/2019\/10\/Felipe-Pontes.jpg\" alt=\"\" width=\"205\" height=\"137\" \/><\/p>\n<p><a href=\"mailto:%20felipesimaopontes@gmail.com\">felipesimaopontes@gmail.com<\/a><\/p>\n<\/td>\n<td width=\"200\">\n<p style=\"text-align: center\"><span style=\"font-weight: 400\">Periodista licenciada por la UEPG<\/span><\/p>\n<p style=\"text-align: center\"><span style=\"font-weight: 400\">M\u00e1ster en Periodismo (UFSC)<\/span><\/p>\n<p style=\"text-align: center\"><span style=\"font-weight: 400\">Doctorado en Sociolog\u00eda Pol\u00edtica (UFSC)<\/span><\/p>\n<p style=\"text-align: center\"><span style=\"font-weight: 400\">Postdoctorado en Periodismo (UEPG)<\/span><\/p>\n<\/td>\n<td style=\"text-align: center\" width=\"117\"><a href=\"http:\/\/dgp.cnpq.br\/dgp\/espelhogrupo\/2406607222145508\"><span style=\"font-weight: 400\">Periodismo, conocimiento y profesionalizaci\u00f3n (\"El conocimiento en el periodismo\")<\/span><\/a><\/td>\n<td width=\"101\">\n<p style=\"text-align: center\"><span style=\"font-weight: 400\">Teor\u00eda del periodismo, Profesi\u00f3n period\u00edstica, Historia de la investigaci\u00f3n period\u00edstica, Teor\u00eda y metodolog\u00eda del periodismo y la comunicaci\u00f3n, Historia del periodismo y la comunicaci\u00f3n<\/span><\/p>\n<\/td>\n<\/tr>\n<\/tbody>\n<\/table>\n<table style=\"height: 643px\" width=\"1041\" cellspacing=\"0\" cellpadding=\"4\">\n<colgroup>\n<col width=\"191\" \/>\n<col width=\"200\" \/>\n<col width=\"117\" \/>\n<col width=\"101\" \/> <\/colgroup>\n<tbody>\n<tr valign=\"top\">\n<td width=\"191\"><strong><a href=\"http:\/\/buscatextual.cnpq.br\/buscatextual\/visualizacv.do?id=K4778222D7\" target=\"_blank\" rel=\"noopener noreferrer\">Graziela Soares Bianchi<\/a><\/strong><\/p>\n<p><img loading=\"lazy\" class=\"alignnone wp-image-803\" src=\"http:\/\/www2.uepg.br\/ppgjor\/wp-content\/uploads\/sites\/26\/2019\/10\/Grazi-Soares.jpg\" alt=\"\" width=\"227\" height=\"151\" \/><\/p>\n<p><a href=\"mailto:grazielabianchi@yahoo.com.br\">grazielabianchi@yahoo.com.br<\/a><\/p>\n<\/td>\n<td width=\"200\">\n<p style=\"text-align: center\"><span style=\"font-weight: 400\">Periodista licenciada por la UEPG<\/span><\/p>\n<p style=\"text-align: center\"><span style=\"font-weight: 400\">M\u00e1ster en Ciencias de la Comunicaci\u00f3n (Unisinos)<\/span><\/p>\n<p style=\"text-align: center\"><span style=\"font-weight: 400\">Doctorado en Ciencias de la Comunicaci\u00f3n (Unisinos)<\/span><\/p>\n<\/td>\n<td width=\"117\">\n<p style=\"text-align: center\"><a href=\"http:\/\/dgp.cnpq.br\/dgp\/espelhogrupo\/1044615973465841\" target=\"_blank\" rel=\"noopener noreferrer\">Grupo de Estudos e Pesquisas em M\u00eddias Digitais (GEMIDI)<\/a><\/p>\n<\/td>\n<td width=\"101\">\n<p style=\"text-align: center\"><span style=\"font-weight: 400\">Radio, Recepci\u00f3n, Teor\u00edas y Metodolog\u00edas de la Comunicaci\u00f3n<\/span><\/p>\n<\/td>\n<\/tr>\n<tr valign=\"top\">\n<td width=\"191\" height=\"92\"><a href=\"http:\/\/buscatextual.cnpq.br\/buscatextual\/visualizacv.do?id=K4732890D6&amp;tokenCaptchar=03AOLTBLRvkc0qG_jCpi1m98hodyqFfcmPg0yfuoeRTW32dNfbGPsPyC35E2eNs_yXaUzT4n6OqQvoGUcfnTrJy8TRJ30OfL1WhiGqzEg96T2IBASxhJfoAN5rmcI_LhLyFQZok9BUAs4HYLAF4-7FqrKiMcRvQgMzKYSu_U2v-DLPPrkJh4aj1hAeF5LK4ppGUwZZUP6-98Bqvhf5ZRddzrBbLLzotC0KWnvD0Z8d__dDQebDdA87xbpxvqFPaNl91zWwNmTPUnicxGDluv7gYFDagPDlgkdjt9dteM8Ygo_pb4RITuW_j8_WybaKr125e5yBtOSmdKpQZTlZztU3PXD8RAA51roYUG2NOXyHCa79mwXU5P84jxYzUQGLnN-bOZQ0Qm1c3UWdRDc6yGn2hoQ5YlwqpH9xBJ0b7VM6VnhQmcsT__04r25d2JAuZDWB9uroP6e-i-xLnLS3uKeJYAK_N68-1cXpBvKXJWpbLYg0AcxTVPry1N6un-LMJEqy8LyIUenUdeUM\"><b>Guilherme Gon\u00e7alves de Carvalho<\/b><\/a><\/p>\n<p><img loading=\"lazy\" class=\"alignnone wp-image-800\" src=\"http:\/\/www2.uepg.br\/ppgjor\/wp-content\/uploads\/sites\/26\/2019\/10\/Guilherme-Carvalho-300x225.jpeg\" alt=\"\" width=\"230\" height=\"172\" srcset=\"https:\/\/www2.uepg.br\/ppgjor\/wp-content\/uploads\/sites\/26\/2019\/10\/Guilherme-Carvalho-300x225.jpeg 300w, https:\/\/www2.uepg.br\/ppgjor\/wp-content\/uploads\/sites\/26\/2019\/10\/Guilherme-Carvalho-768x576.jpeg 768w, https:\/\/www2.uepg.br\/ppgjor\/wp-content\/uploads\/sites\/26\/2019\/10\/Guilherme-Carvalho.jpeg 1024w\" sizes=\"(max-width: 230px) 100vw, 230px\" \/><\/p>\n<p><a href=\"mailto:guilhermegdecarvalho@gmail.com\">guilhermegdecarvalho@gmail.com<\/a><\/p>\n<\/td>\n<td width=\"200\">\n<p style=\"text-align: center\"><span style=\"font-weight: 400\">Periodista licenciada por la UEPG<\/span><\/p>\n<p style=\"text-align: center\"><span style=\"font-weight: 400\">M\u00e1ster en Sociolog\u00eda (UFPR)<\/span><\/p>\n<p style=\"text-align: center\"><span style=\"font-weight: 400\">Doctorado en Sociolog\u00eda (Unesp)<\/span><\/p>\n<p style=\"text-align: center\"><span style=\"font-weight: 400\">Postdoctorado en Periodismo (UEPG)<\/span><\/p>\n<\/td>\n<td style=\"text-align: center\" width=\"117\"><a href=\"http:\/\/dgp.cnpq.br\/dgp\/espelhogrupo\/4428174589644778\"><span style=\"font-weight: 400\">L\u00f3gicas de producci\u00f3n y consumo en el periodismo<\/span><\/a><\/td>\n<td width=\"101\">\n<p style=\"text-align: center\"><span style=\"font-weight: 400\">Periodismo sindical; Gabinete de prensa; Ense\u00f1anza del periodismo; Periodismo alternativo.<\/span><\/p>\n<\/td>\n<\/tr>\n<\/tbody>\n<\/table>\n<table style=\"height: 1515px\" width=\"1043\" cellspacing=\"0\" cellpadding=\"4\">\n<colgroup>\n<col width=\"191\" \/>\n<col width=\"200\" \/>\n<col width=\"117\" \/>\n<col width=\"101\" \/> <\/colgroup>\n<tbody>\n<tr valign=\"top\">\n<td width=\"191\" height=\"150\"><strong><a href=\"http:\/\/buscatextual.cnpq.br\/buscatextual\/visualizacv.do?id=K4537615D3\" target=\"_blank\" rel=\"noopener noreferrer\">Hebe Maria Gon\u00e7alves de Oliveira\u00a0<\/a><\/strong><\/p>\n<p><img loading=\"lazy\" class=\"alignnone wp-image-805\" src=\"http:\/\/www2.uepg.br\/ppgjor\/wp-content\/uploads\/sites\/26\/2019\/10\/Hebe-Gonalves.jpg\" alt=\"\" width=\"244\" height=\"163\" \/><\/p>\n<p><a href=\"mailto:hebegoncalves@hotmail.com\">hebegoncalves@hotmail.com<\/a><\/p>\n<\/td>\n<td width=\"200\">\n<p style=\"text-align: center\"><span style=\"font-weight: 400\">Periodista graduado por la UFJF<\/span><\/p>\n<p style=\"text-align: center\"><span style=\"font-weight: 400\">M\u00e1ster en Comunicaci\u00f3n Social (Umesp)<\/span><\/p>\n<p style=\"text-align: center\"><span style=\"font-weight: 400\">Doctorado en Ciencias de la Comunicaci\u00f3n (Unisinos)<\/span><\/p>\n<\/td>\n<td style=\"text-align: center\" width=\"117\"><a href=\"http:\/\/dgp.cnpq.br\/dgp\/espelhogrupo\/6916392461354988\"><span style=\"font-weight: 400\">Periodismo y pol\u00edtica: representaciones y actores sociales<\/span><\/a><\/td>\n<td width=\"101\">\n<p style=\"text-align: center\"><span style=\"font-weight: 400\">Medios de comunicaci\u00f3n, pol\u00edtica y agentes sociales<\/span><\/p>\n<\/td>\n<\/tr>\n<tr valign=\"top\">\n<td width=\"191\" height=\"123\"><strong><a href=\"http:\/\/buscatextual.cnpq.br\/buscatextual\/visualizacv.do?id=K4481557H0\" target=\"_blank\" rel=\"noopener noreferrer\">Ivan Elizeu Bomfim Pereira<\/a><\/strong><\/p>\n<p><img loading=\"lazy\" class=\"alignnone wp-image-806\" src=\"http:\/\/www2.uepg.br\/ppgjor\/wp-content\/uploads\/sites\/26\/2019\/10\/Ivan-Bomfim.jpg\" alt=\"\" width=\"235\" height=\"157\" \/><\/p>\n<p><a href=\"mailto:ivanbp17@gmail.com\">ivanbp17@gmail.com<\/a><\/p>\n<\/td>\n<td width=\"200\">\n<p style=\"text-align: center\"><span style=\"font-weight: 400\">Periodista licenciada por la UniBH<\/span><\/p>\n<p style=\"text-align: center\"><span style=\"font-weight: 400\">Licenciado en Historia (UFMG)<\/span><\/p>\n<p style=\"text-align: center\"><span style=\"font-weight: 400\">M\u00e1ster en Comunicaci\u00f3n e Informaci\u00f3n (UFRGS)<\/span><\/p>\n<p style=\"text-align: center\"><span style=\"font-weight: 400\">Doctorado en Comunicaci\u00f3n e Informaci\u00f3n (UFRGS)<\/span><\/p>\n<p style=\"text-align: center\"><span style=\"font-weight: 400\">Postdoctorado en Ciencias de la Comunicaci\u00f3n (Unisinos)<\/span><\/p>\n<p style=\"text-align: center\"><span style=\"font-weight: 400\">Postdoctorado en Periodismo (UEPG)<\/span><\/p>\n<\/td>\n<td style=\"text-align: center\" width=\"117\"><a href=\"http:\/\/dgp.cnpq.br\/dgp\/espelhogrupo\/1044615973465841\"><span style=\"font-weight: 400\">Grupo de Investigaci\u00f3n y Estudios sobre Medios Digitales (GEMIDI)<\/span><\/a><\/td>\n<td width=\"101\">\n<p style=\"text-align: center\"><span style=\"font-weight: 400\">Cultura, discurso y representaciones medi\u00e1ticas<\/span><\/p>\n<\/td>\n<\/tr>\n<tr valign=\"top\">\n<td width=\"191\" height=\"164\"><strong><a href=\"http:\/\/buscatextual.cnpq.br\/buscatextual\/visualizacv.do?id=K4766324P0\" target=\"_blank\" rel=\"noopener noreferrer\">Karina Janz Woitowicz\u00a0<\/a><\/strong><\/p>\n<p><img loading=\"lazy\" class=\"alignnone wp-image-807\" src=\"http:\/\/www2.uepg.br\/ppgjor\/wp-content\/uploads\/sites\/26\/2019\/10\/Karina-Woitowicz.jpg\" alt=\"\" width=\"232\" height=\"155\" \/><\/p>\n<p><a href=\"mailto:%20karinajw@gmail.com\">karinajw@gmail.com<\/a><\/p>\n<\/td>\n<td width=\"200\">\n<p style=\"text-align: center\"><span style=\"font-weight: 400\">Periodista licenciada por la UEPG<\/span><\/p>\n<p style=\"text-align: center\"><span style=\"font-weight: 400\">M\u00e1ster en Ciencias de la Comunicaci\u00f3n (Unisinos)<\/span><\/p>\n<p style=\"text-align: center\"><span style=\"font-weight: 400\">Doctorado en Ciencias Humanas (UFSC)<\/span><\/p>\n<p style=\"text-align: center\"><span style=\"font-weight: 400\">Postdoctorado en Comunicaci\u00f3n (CIESPAL)<\/span><\/p>\n<\/td>\n<td style=\"text-align: center\" width=\"117\"><a href=\"http:\/\/dgp.cnpq.br\/dgp\/espelhogrupo\/3289559958954010\"><span style=\"font-weight: 400\">Grupo de Investigaci\u00f3n sobre Periodismo y G\u00e9nero<\/span><\/a><\/p>\n<p><a href=\"http:\/\/dgp.cnpq.br\/dgp\/espelhogrupo\/3599897752335302\"><span style=\"font-weight: 400\">Periodismo cultural y comunicaci\u00f3n popular<\/span><\/a><\/p>\n<\/td>\n<td width=\"101\">\n<p style=\"text-align: center\"><span style=\"font-weight: 400\">Medios alternativos<\/span><\/p>\n<p style=\"text-align: center\"><span style=\"font-weight: 400\">Estudios de g\u00e9nero<\/span><\/p>\n<p style=\"text-align: center\"><span style=\"font-weight: 400\">Historia del periodismo<\/span><\/p>\n<p style=\"text-align: center\"><span style=\"font-weight: 400\">Periodismo cultural y comunicaci\u00f3n popular<\/span><\/p>\n<\/td>\n<\/tr>\n<tr valign=\"top\">\n<td width=\"191\" height=\"146\"><strong><a href=\"http:\/\/buscatextual.cnpq.br\/buscatextual\/visualizacv.do?id=K4767921T2\" target=\"_blank\" rel=\"noopener noreferrer\">Marcelo Engel Bronosky\u00a0<\/a><\/strong><\/p>\n<p><img loading=\"lazy\" class=\"alignnone wp-image-808\" src=\"http:\/\/www2.uepg.br\/ppgjor\/wp-content\/uploads\/sites\/26\/2019\/10\/Marcelo-Bronosky.jpg\" alt=\"\" width=\"233\" height=\"156\" \/><\/p>\n<p><a href=\"mailto:%20mebrono@gmail.com\">mebrono@gmail.com<\/a><\/p>\n<\/td>\n<td width=\"200\">\n<p style=\"text-align: center\"><span style=\"font-weight: 400\">Periodista licenciada por la UEPG<\/span><\/p>\n<p style=\"text-align: center\"><span style=\"font-weight: 400\">M\u00e1ster en Comunicaci\u00f3n Social (Umesp)<\/span><\/p>\n<p style=\"text-align: center\"><span style=\"font-weight: 400\">Doctorado en Ciencias de la Comunicaci\u00f3n (Unisinos)<\/span><\/p>\n<\/td>\n<td style=\"text-align: center\" width=\"117\">\n<p style=\"text-align: center\"><a href=\"http:\/\/dgp.cnpq.br\/dgp\/espelhogrupo\/4428174589644778\"><span style=\"font-weight: 400\">L\u00f3gicas de producci\u00f3n y consumo en el periodismo<\/span><\/a><\/p>\n<\/td>\n<td width=\"101\">\n<p style=\"text-align: center\"><span style=\"font-weight: 400\">Noticias Criterios y Educaci\u00f3n<\/span><\/p>\n<p style=\"text-align: center\"><span style=\"font-weight: 400\">Procesos de producci\u00f3n period\u00edstica<\/span><\/p>\n<\/td>\n<\/tr>\n<tr valign=\"top\">\n<td width=\"191\" height=\"182\"><strong><a href=\"http:\/\/buscatextual.cnpq.br\/buscatextual\/visualizacv.do?id=K4706272Z9\" target=\"_blank\" rel=\"noopener noreferrer\">Paula Melani Rocha\u00a0<\/a><\/strong><\/p>\n<p><img loading=\"lazy\" class=\"alignnone wp-image-809\" src=\"http:\/\/www2.uepg.br\/ppgjor\/wp-content\/uploads\/sites\/26\/2019\/10\/Paula-Melani.jpg\" alt=\"\" width=\"240\" height=\"161\" \/><\/p>\n<p><a href=\"mailto:%20paulamelani@gmail.com\">paulamelani@gmail.com<\/a><\/p>\n<\/td>\n<td width=\"200\">\n<p style=\"text-align: center\"><span style=\"font-weight: 400\">Periodista licenciada por la Faculdade C\u00e1sper L\u00edbero<\/span><\/p>\n<p style=\"text-align: center\"><span style=\"font-weight: 400\">Licenciado en Ciencias Sociales (USP)<\/span><\/p>\n<p style=\"text-align: center\"><span style=\"font-weight: 400\">M\u00e1ster en Ciencias Sociales (UFSCar)<\/span><\/p>\n<p style=\"text-align: center\"><span style=\"font-weight: 400\">Doctorado en Ciencias Sociales (UFSCar)<\/span><\/p>\n<p style=\"text-align: center\"><span style=\"font-weight: 400\">Postdoctorado en Periodismo (Universidad Fernando Pessoa)<\/span><\/p>\n<\/td>\n<td style=\"text-align: center\" width=\"117\"><a href=\"http:\/\/dgp.cnpq.br\/dgp\/espelhogrupo\/3289559958954010\"><span style=\"font-weight: 400\">Grupo de Investigaci\u00f3n sobre Periodismo y G\u00e9nero<\/span><\/a><\/p>\n<p><a href=\"http:\/\/dgp.cnpq.br\/dgp\/espelhogrupo\/2406607222145508\"><span style=\"font-weight: 400\">Periodismo, conocimiento y profesionalizaci\u00f3n (\"El conocimiento en el periodismo\")<\/span><\/a><\/p>\n<\/td>\n<td width=\"101\">\n<p style=\"text-align: center\"><span style=\"font-weight: 400\">Estudios de g\u00e9nero y mercado laboral<\/span><\/p>\n<p style=\"text-align: center\"><span style=\"font-weight: 400\">Procesos contempor\u00e1neos de profesionalizaci\u00f3n y periodismo Profesionalizaci\u00f3n y feminizaci\u00f3n<\/span><\/p>\n<\/td>\n<\/tr>\n<\/tbody>\n<\/table>\n<table style=\"height: 723px\" width=\"1039\" cellspacing=\"0\" cellpadding=\"4\">\n<colgroup>\n<col width=\"191\" \/>\n<col width=\"200\" \/>\n<col width=\"121\" \/>\n<col width=\"97\" \/> <\/colgroup>\n<tbody>\n<tr valign=\"top\">\n<td width=\"191\"><strong><a href=\"http:\/\/buscatextual.cnpq.br\/buscatextual\/visualizacv.do?id=K4732625U1\" target=\"_blank\" rel=\"noopener noreferrer\">Rafael Schoenherr<\/a><\/strong><\/p>\n<p><img loading=\"lazy\" class=\"alignnone wp-image-810\" src=\"http:\/\/www2.uepg.br\/ppgjor\/wp-content\/uploads\/sites\/26\/2019\/10\/Rafael-Schoenherr-300x201-300x201.jpg\" alt=\"\" width=\"242\" height=\"162\" srcset=\"https:\/\/www2.uepg.br\/ppgjor\/wp-content\/uploads\/sites\/26\/2019\/10\/Rafael-Schoenherr-300x201.jpg 300w, https:\/\/www2.uepg.br\/ppgjor\/wp-content\/uploads\/sites\/26\/2019\/10\/Rafael-Schoenherr-300x201-272x182.jpg 272w\" sizes=\"(max-width: 242px) 100vw, 242px\" \/><\/p>\n<p><a href=\"mailto:rafaelschoenherr@gmail.com\">rafaelschoenherr@gmail.com<\/a><\/p>\n<\/td>\n<td width=\"200\">\n<p style=\"text-align: center\"><span style=\"font-weight: 400\">Periodista licenciada por la UEPG<\/span><\/p>\n<p style=\"text-align: center\"><span style=\"font-weight: 400\">M\u00e1ster en Ciencias de la Comunicaci\u00f3n (Unisinos)<\/span><\/p>\n<p style=\"text-align: center\"><span style=\"font-weight: 400\">Doctorado en Geograf\u00eda (UEPG)<\/span><\/p>\n<\/td>\n<td style=\"text-align: center\" width=\"121\"><a href=\"http:\/\/dgp.cnpq.br\/dgp\/espelhogrupo\/3599897752335302\"><span style=\"font-weight: 400\">Periodismo cultural y comunicaci\u00f3n popular<\/span><\/a><\/p>\n<p><a href=\"http:\/\/dgp.cnpq.br\/dgp\/espelhogrupo\/4428174589644778\"><span style=\"font-weight: 400\">L\u00f3gicas de producci\u00f3n y consumo en el periodismo<\/span><\/a><\/p>\n<\/td>\n<td width=\"97\">\n<p style=\"text-align: center\"><span style=\"font-weight: 400\">Geograf\u00eda de la comunicaci\u00f3n<\/span><\/p>\n<p style=\"text-align: center\"><span style=\"font-weight: 400\">Periodismo cultural<\/span><\/p>\n<p style=\"text-align: center\"><span style=\"font-weight: 400\">Fotoperiodismo<\/span><\/p>\n<p style=\"text-align: center\"><span style=\"font-weight: 400\">Producci\u00f3n period\u00edstica<\/span><\/p>\n<p style=\"text-align: center\"><span style=\"font-weight: 400\">Pol\u00edticas culturales y espacio p\u00fablico<\/span><\/p>\n<\/td>\n<\/tr>\n<tr valign=\"top\">\n<td width=\"191\" height=\"161\"><strong><a href=\"http:\/\/buscatextual.cnpq.br\/buscatextual\/visualizacv.do?id=K4791806A6\" target=\"_blank\" rel=\"noopener noreferrer\">S\u00e9rgio Luiz Gadini<\/a><\/strong><\/p>\n<p><img loading=\"lazy\" class=\"alignnone wp-image-811\" src=\"http:\/\/www2.uepg.br\/ppgjor\/wp-content\/uploads\/sites\/26\/2019\/10\/Sergio-Gadini.jpg\" alt=\"\" width=\"245\" height=\"164\" \/><\/p>\n<p><a href=\"mailto:%20slgadini@uepg.br\" target=\"_blank\" rel=\"noopener noreferrer\">slgadini@uepg.br<\/a><\/p>\n<\/td>\n<td width=\"200\">\n<p style=\"text-align: center\"><span style=\"font-weight: 400\">Periodista licenciada por la UFSM<\/span><\/p>\n<p style=\"text-align: center\"><span style=\"font-weight: 400\">M\u00e1ster en Comunicaci\u00f3n y Cultura Contempor\u00e1nea (UFBA)<\/span><\/p>\n<p style=\"text-align: center\"><span style=\"font-weight: 400\">Doctorado en Ciencias de la Comunicaci\u00f3n (Unisinos)<\/span><\/p>\n<p style=\"text-align: center\"><span style=\"font-weight: 400\">Postdoctorado por la Universidad Complutense de Madrid (UCM)<\/span><\/p>\n<\/td>\n<td style=\"text-align: center\" width=\"121\"><a href=\"http:\/\/dgp.cnpq.br\/dgp\/espelhogrupo\/3599897752335302\"><span style=\"font-weight: 400\">Periodismo cultural y comunicaci\u00f3n popular<\/span><\/a><\/p>\n<p><a href=\"http:\/\/dgp.cnpq.br\/dgp\/espelhogrupo\/6916392461354988\"><span style=\"font-weight: 400\">Periodismo y pol\u00edtica: representaciones y actores sociales<\/span><\/a><\/p>\n<p style=\"text-align: center\">\n<\/td>\n<td width=\"97\">\n<p style=\"text-align: center\"><span style=\"font-weight: 400\">Periodismo, Cultura y Ciudadan\u00eda (producci\u00f3n period\u00edstica, con \u00e9nfasis en estudios del \u00e1mbito cultural, representaciones medi\u00e1ticas, actores pol\u00edticos y movimientos sociales).<\/span><\/p>\n<\/td>\n<\/tr>\n<\/tbody>\n<\/table>\n<\/div>\n<\/div><\/div><\/div><\/div><\/div>","protected":false},"excerpt":{"rendered":"<p>Docente Formaci\u00f3n Grupos de investigaci\u00f3n \u00c1reas de inter\u00e9s Cintia Xavier cintia_xavierpg@yahoo.com.br Periodista licenciada por la UEPG M\u00e1ster en Comunicaci\u00f3n y Lenguas (UTP) Doctorado en Ciencias de la Comunicaci\u00f3n (Unisinos) L\u00f3gicas de producci\u00f3n y consumo en el periodismo L\u00f3gicas de producci\u00f3n y consumo en el periodismo Teor\u00edas del periodismo, programaci\u00f3n tem\u00e1tica, documentales y \u00e9tica Felipe Sim\u00e3o&nbsp;&hellip;<\/p>\n","protected":false},"author":745,"featured_media":0,"parent":0,"menu_order":0,"comment_status":"closed","ping_status":"closed","template":"","meta":[],"_links":{"self":[{"href":"https:\/\/www2.uepg.br\/ppgjor\/wp-json\/wp\/v2\/pages\/3423"}],"collection":[{"href":"https:\/\/www2.uepg.br\/ppgjor\/wp-json\/wp\/v2\/pages"}],"about":[{"href":"https:\/\/www2.uepg.br\/ppgjor\/wp-json\/wp\/v2\/types\/page"}],"author":[{"embeddable":true,"href":"https:\/\/www2.uepg.br\/ppgjor\/wp-json\/wp\/v2\/users\/745"}],"replies":[{"embeddable":true,"href":"https:\/\/www2.uepg.br\/ppgjor\/wp-json\/wp\/v2\/comments?post=3423"}],"version-history":[{"count":1,"href":"https:\/\/www2.uepg.br\/ppgjor\/wp-json\/wp\/v2\/pages\/3423\/revisions"}],"predecessor-version":[{"id":3424,"href":"https:\/\/www2.uepg.br\/ppgjor\/wp-json\/wp\/v2\/pages\/3423\/revisions\/3424"}],"wp:attachment":[{"href":"https:\/\/www2.uepg.br\/ppgjor\/wp-json\/wp\/v2\/media?parent=3423"}],"curies":[{"name":"wp","href":"https:\/\/api.w.org\/{rel}","templated":true}]}}