{"id":3427,"date":"2025-06-04T11:36:32","date_gmt":"2025-06-04T14:36:32","guid":{"rendered":"https:\/\/www2.uepg.br\/ppgjor\/?page_id=3427"},"modified":"2025-06-04T11:36:32","modified_gmt":"2025-06-04T14:36:32","slug":"grupos-de-extension","status":"publish","type":"page","link":"https:\/\/www2.uepg.br\/ppgjor\/es\/grupos-de-extension\/","title":{"rendered":"Grupos de extensi\u00f3n"},"content":{"rendered":"<p><span style=\"font-weight: 400\">El programa de Periodismo y el PPGJor tienen una tradici\u00f3n de extensi\u00f3n universitaria, con proyectos que permiten a los estudiantes de grado y posgrado ampliar su experiencia en actividades aplicadas con relevancia social. Una parte significativa de esta historia qued\u00f3 registrada en el libro &#8220;<\/span><a href=\"https:\/\/www2.uepg.br\/ppgjor\/wp-content\/uploads\/sites\/26\/2021\/08\/Extensao-universitaria-e-jornalismo-UEPG.pdf\"><span style=\"font-weight: 400\">Extensi\u00f3n Universitaria &amp; Periodismo: caminos posibles<\/span><\/a><span style=\"font-weight: 400\">&#8220;, publicado por los profesores Muriel Em\u00eddio Pessoa do Amaral (entonces estudiante de posdoctorado en el PPGJor), Marcelo Engel Bronosky e Ivan Bomfim (profesores titulares del PPGJor).<\/span><\/p>\n<h2 style=\"text-align: center\"><b>Agencia de periodismo<\/b><\/h2>\n<p style=\"text-align: center\"><span style=\"font-weight: 400\">La Agencia se centra en dar visibilidad a las actividades de los grupos y movimientos sociales que colaboran con el proyecto. Activa desde 2003 en el Departamento de Periodismo de la UEPG, su objetivo es utilizar el poder de la comunicaci\u00f3n de forma estrat\u00e9gica para los diferentes segmentos sociales que necesitan alg\u00fan tipo de ayuda o apoyo.<\/span><\/p>\n<p style=\"text-align: center\"><span style=\"font-weight: 400\">Esta comunicaci\u00f3n se realiza a trav\u00e9s de la interacci\u00f3n con la Radio Comunitaria de Nova R\u00fassia (R\u00e1dio Princesa FM 89.7) y la Asociaci\u00f3n de Entidades Usuarias del Canal Comunitario (TVCom PG, canal 17 Net cable). A trav\u00e9s de estas actividades, es posible dar mayor visibilidad a los grupos que no tienen espacio en los medios de comunicaci\u00f3n comerciales de Ponta Grossa y la regi\u00f3n.<\/span><\/p>\n<p style=\"text-align: center\"><b>Coordinador<\/b><\/p>\n<p style=\"text-align: center\"><span style=\"font-weight: 400\">S\u00e9rgio Luiz Gadini<\/span><\/p>\n<p style=\"text-align: center\"><b>Enlaces \u00fatiles:\u00a0<\/b><\/p>\n<p style=\"text-align: center\"><span style=\"font-weight: 400\">Youtube: <\/span><a href=\"http:\/\/www.youtube.com\/@agenciauepg\"><span style=\"font-weight: 400\">www.youtube.com\/@agenciauepg<\/span><\/a><\/p>\n<p style=\"text-align: center\"><span style=\"font-weight: 400\">Instagram: <\/span><a href=\"http:\/\/www.instagram.com\/agenciajornalismouepg\/\"><span style=\"font-weight: 400\">www.instagram.com\/agenciajornalismouepg\/<\/span><\/a><\/p>\n<p style=\"text-align: center\"><span style=\"font-weight: 400\">Facebook: <\/span><a href=\"http:\/\/www.facebook.com\/AgenciaJornalismoUepg\/\"><span style=\"font-weight: 400\">www.facebook.com\/AgenciaJornalismoUepg\/<\/span><\/a><\/p>\n<h2 style=\"text-align: center\"><b>Hola mujeres<\/b><\/h2>\n<p style=\"text-align: center\"><span style=\"font-weight: 400\">El objetivo general de &#8220;Al\u00f4 mulheres&#8221; es empoderar a las mujeres y formar l\u00edderes femeninas en la Ocupaci\u00f3n Ericson Duarte de Ponta Grossa, en la regi\u00f3n paranaense de Campos Gerais. Como m\u00e9todo, el proyecto utiliza pr\u00e1cticas de comunicaci\u00f3n social para instrumentalizar la garant\u00eda de los derechos humanos y el cumplimiento de las pol\u00edticas p\u00fablicas. As\u00ed, a trav\u00e9s de la extensi\u00f3n, pretende contribuir a la construcci\u00f3n de una red de mujeres, al fortalecimiento de las acciones colectivas, a la intervenci\u00f3n en el proceso de implementaci\u00f3n de pol\u00edticas p\u00fablicas y a las pr\u00e1cticas de solidaridad en esta comunidad.<\/span><\/p>\n<p style=\"text-align: center\"><span style=\"font-weight: 400\">Desde marzo de 2023, &#8220;Al\u00f4 Mulheres!&#8221; imparte talleres sobre producci\u00f3n de CV, belleza y autocuidado, compresas reutilizables, producci\u00f3n de cart\u00f3n, as\u00ed como c\u00edrculos de conversaci\u00f3n con mujeres embarazadas y talleres de comunicaci\u00f3n comunitaria, entre otras actividades.<\/span><\/p>\n<p style=\"text-align: center\"><span style=\"font-weight: 400\">Esta iniciativa se lleva a cabo con la participaci\u00f3n de los programas de postgrado de Periodismo, Derecho, Trabajo Social y Lenguas y Periodismo de la UEPG, as\u00ed como en colaboraci\u00f3n con el proyecto de extensi\u00f3n <\/span><a href=\"https:\/\/elos.sites.uepg.br\/\"><span style=\"font-weight: 400\">Elos &#8211; Periodismo, Derechos Humanos y Formaci\u00f3n Ciudadana <\/span><\/a><span style=\"font-weight: 400\">y el <\/span><a href=\"https:\/\/www.instagram.com\/mpl_pg\/\"><span style=\"font-weight: 400\">Movimiento de Lucha <\/span><\/a><span style=\"font-weight: 400\">Popular de Ponta Grossa (MPL).<\/span><\/p>\n<p style=\"text-align: center\"><span style=\"font-weight: 400\">La continuaci\u00f3n de Al\u00f4 Mulheres entrelaza la UEPG con la comunidad de Ocupa\u00e7\u00e3o Ericson Duarte en una relaci\u00f3n significativa para la formaci\u00f3n de individuos m\u00e1s conscientes y activos en la defensa de sus derechos y en la b\u00fasqueda de mejoras para sus territorios. El proyecto cuenta tambi\u00e9n con el apoyo de la Fundaci\u00f3n Arauc\u00e1ria, a trav\u00e9s del Programa Paran\u00e1 Mujer: Empoderamiento y Liderazgo.<\/span><\/p>\n<p style=\"text-align: center\"><b>Coordinaci\u00f3n:<\/b><\/p>\n<p style=\"text-align: center\"><span style=\"font-weight: 400\">Karina Janz Woitowicz<\/span><\/p>\n<p style=\"text-align: center\"><span style=\"font-weight: 400\">Paula Melani Rocha<\/span><\/p>\n<p style=\"text-align: center\"><b>Enlaces \u00fatiles:<\/b><\/p>\n<p style=\"text-align: center\"><span style=\"font-weight: 400\">Instagram: <\/span><a href=\"https:\/\/www.instagram.com\/alomulheres.uepg\/\"><span style=\"font-weight: 400\">https:\/\/www.instagram.com\/alomulheres.uepg\/<\/span><\/a><\/p>\n<h2 style=\"text-align: center\"><b>Lucha contra la desinformaci\u00f3n en Campos Gerais<\/b><\/h2>\n<p style=\"text-align: center\"><span style=\"font-weight: 400\">El proyecto de extensi\u00f3n &#8220;Combatir la desinformaci\u00f3n (en defensa de la democracia)&#8221; tiene como objetivo debatir los riesgos de las noticias falsas que circulan en las sociedades contempor\u00e1neas. Est\u00e1 activo desde 2019, realizando di\u00e1logos y entrevistas con invitados a trav\u00e9s de transmisiones en vivo y conversaciones abiertas, y produciendo piezas audiovisuales que buscan orientar e ilustrar a los habitantes de la regi\u00f3n de Campos Gerais, en Paran\u00e1, sobre la importancia del esclarecimiento y la formaci\u00f3n de la opini\u00f3n p\u00fablica para el ejercicio de la ciudadan\u00eda. Las piezas audiovisuales se difunden en medios comunitarios, redes sociales digitales y otros espacios donde las organizaciones o entidades sociales sin \u00e1nimo de lucro pueden proyectarse institucionalmente.<\/span><\/p>\n<p style=\"text-align: center\"><span style=\"font-weight: 400\">La iniciativa de extensi\u00f3n local forma parte de un programa nacional lanzado por el Supremo Tribunal Federal (STF) en 2021 y tiene como objetivo dialogar y desarrollar acciones para ayudar a alertar al p\u00fablico de que la circulaci\u00f3n de informaci\u00f3n falsa puede: (i) comprometer las luchas democr\u00e1ticas por las pol\u00edticas p\u00fablicas; (ii) amenazar los derechos humanos y, en \u00faltima instancia; (iii) comprometer los fundamentos constitucionales de la democracia en Brasil.<\/span><\/p>\n<p style=\"text-align: center\"><b>Coordinaci\u00f3n:<\/b><\/p>\n<p style=\"text-align: center\"><span style=\"font-weight: 400\">Marcelo Engel Bronosky<\/span><\/p>\n<p style=\"text-align: center\"><span style=\"font-weight: 400\">S\u00e9rgio Luiz Gadini<\/span><\/p>\n<p style=\"text-align: center\"><span style=\"font-weight: 400\">Manoel Moabis Pereira dos Anjos<\/span><\/p>\n<p style=\"text-align: center\"><b>Enlaces \u00fatiles:<\/b><\/p>\n<p style=\"text-align: center\"><span style=\"font-weight: 400\">P\u00e1gina web oficial: <\/span><a href=\"https:\/\/combateadesinformacao.com.br\/\"><span style=\"font-weight: 400\">https:\/\/combateadesinformacao.com.br\/<\/span><\/a><\/p>\n<p style=\"text-align: center\"><span style=\"font-weight: 400\">Instagram: <\/span><a href=\"https:\/\/www.instagram.com\/combateadesinformacao\/\"><span style=\"font-weight: 400\">https:\/\/www.instagram.com\/combateadesinformacao\/<\/span><\/a><\/p>\n<p style=\"text-align: center\"><span style=\"font-weight: 400\">Facebook: <\/span><a href=\"https:\/\/www.facebook.com\/profile.php?id=100084919473293\"><span style=\"font-weight: 400\">https:\/\/www.facebook.com\/profile.php?id=100084919473293<\/span><\/a><\/p>\n<h2 style=\"text-align: center\"><b>Cultura plural<\/b><\/h2>\n<p style=\"text-align: center\"><span style=\"font-weight: 400\">Cultura Plural es un proyecto de extensi\u00f3n del Curso de Periodismo de la Universidad Estadual de Ponta Grossa (UEPG) que pretende dar visibilidad a grupos y artistas populares de Ponta Grossa y de la regi\u00f3n de Campos Gerais, en Paran\u00e1, a trav\u00e9s de la producci\u00f3n period\u00edstica en el \u00e1mbito cultural. Creado en agosto de 2011 con el apoyo de la Fundaci\u00f3n Nacional de las Artes (Funarte\/Ministerio de Cultura), el sitio produce reportajes, v\u00eddeos, fotos y contenidos multimedia que tematizan y difunden la cultura, con \u00e9nfasis en las manifestaciones populares.<\/span><\/p>\n<p style=\"text-align: center\"><span style=\"font-weight: 400\">Los objetivos del proyecto incluyen el seguimiento sistem\u00e1tico de acciones y eventos culturales; la producci\u00f3n de contenidos multimedia (en texto, foto, v\u00eddeo, audio y redes sociales) sobre temas relevantes para la cultura; asociaciones con artistas, grupos y organizaciones en el desarrollo de acciones culturales; y el registro y visibilidad de la producci\u00f3n cultural local y regional.<\/span><\/p>\n<p style=\"text-align: center\"><span style=\"font-weight: 400\">Este proyecto est\u00e1 vinculado al grupo de investigaci\u00f3n Periodismo Cultural y Comunicaci\u00f3n Popular,<\/span><\/p>\n<p style=\"text-align: center\"><span style=\"font-weight: 400\">del Programa de Postgrado (Maestr\u00eda) en Periodismo de la UEPG, con el objetivo de incentivar la realizaci\u00f3n de producciones t\u00e9cnicas para la difusi\u00f3n cultural y contribuir a la producci\u00f3n de conocimiento cient\u00edfico anclado en las demandas sociales. Cultura Plural pretende contribuir al reconocimiento del patrimonio inmaterial de la regi\u00f3n y servir como forma de registro y preservaci\u00f3n de la memoria hist\u00f3rica y cultural de Paran\u00e1.<\/span><\/p>\n<p style=\"text-align: center\"><span style=\"font-weight: 400\">Tambi\u00e9n destaca su impacto social directo. Cultura Plural es un proyecto de extensi\u00f3n dirigido por profesores y acad\u00e9micos que tiene un impacto directo en la comunidad externa. Adem\u00e1s de divulgar y cubrir eventos culturales, tambi\u00e9n se encarga de promover la cultura mediante la producci\u00f3n de eventos, ferias y muestras en Ponta Grossa.<\/span><\/p>\n<p style=\"text-align: center\"><b>Coordinaci\u00f3n<\/b><span style=\"font-weight: 400\">: <\/span><b>\u00a0\u00a0\u00a0\u00a0\u00a0\u00a0\u00a0\u00a0\u00a0\u00a0\u00a0\u00a0\u00a0\u00a0\u00a0\u00a0\u00a0\u00a0\u00a0\u00a0\u00a0\u00a0\u00a0\u00a0\u00a0\u00a0\u00a0\u00a0\u00a0\u00a0\u00a0\u00a0\u00a0\u00a0\u00a0\u00a0\u00a0\u00a0\u00a0\u00a0\u00a0\u00a0\u00a0\u00a0\u00a0<\/b><\/p>\n<p style=\"text-align: center\"><span style=\"font-weight: 400\">Karina Janz Woitowicz<\/span><\/p>\n<p style=\"text-align: center\"><span style=\"font-weight: 400\">Rafael Schoenherr<\/span><\/p>\n<p style=\"text-align: center\"><span style=\"font-weight: 400\">S\u00e9rgio Gadini<\/span><\/p>\n<p style=\"text-align: center\"><span style=\"font-weight: 400\">Ivan Bomfim<\/span><\/p>\n<p style=\"text-align: center\"><b>Enlaces \u00fatiles:<\/b><\/p>\n<p style=\"text-align: center\"><span style=\"font-weight: 400\">P\u00e1gina web oficial: <\/span><a href=\"https:\/\/culturaplural.sites.uepg.br\/\"><span style=\"font-weight: 400\">https:\/\/culturaplural.sites.uepg.br\/<\/span><\/a><span style=\"font-weight: 400\">\u00a0<\/span><\/p>\n<p style=\"text-align: center\"><span style=\"font-weight: 400\">Instagram: <\/span><a href=\"https:\/\/www.instagram.com\/culturaplural\/\"><span style=\"font-weight: 400\">https:\/\/www.instagram.com\/culturaplural\/<\/span><\/a><span style=\"font-weight: 400\">\u00a0<\/span><\/p>\n<p style=\"text-align: center\"><span style=\"font-weight: 400\">Facebook: <\/span><a href=\"https:\/\/www.facebook.com\/culturaplural\/\"><span style=\"font-weight: 400\">https:\/\/www.facebook.com\/culturaplural\/<\/span><\/a><span style=\"font-weight: 400\">\u00a0<\/span><\/p>\n<h2 style=\"text-align: center\"><b>Democracia y derechos humanos<\/b><\/h2>\n<p style=\"text-align: center\"><span style=\"font-weight: 400\">El proyecto de extensi\u00f3n &#8220;Democracia y Derechos Humanos a Debate: En las ondas de la R\u00e1dio Comunit\u00e1ria Princesa (FM 87.9)&#8221; se llev\u00f3 a cabo entre 2020 y 2024, con el objetivo de promover el debate p\u00fablico sobre cuestiones que impregnan los temas de la democracia y los derechos humanos. La propuesta consisti\u00f3 en la producci\u00f3n de entrevistas period\u00edsticas para su emisi\u00f3n en la R\u00e1dio Comunit\u00e1ria Princesa, situada en el barrio de Nova R\u00fassia, en Ponta Grossa, as\u00ed como en plataformas digitales y sitios web de extensi\u00f3n como Elos. El proyecto tambi\u00e9n sirvi\u00f3 para reforzar los canales abiertos entre la universidad y la comunidad y para que los estudiantes de periodismo pudieran trabajar e implicarse en pr\u00e1cticas de comunicaci\u00f3n y periodismo.<\/span><\/p>\n<p style=\"text-align: center\"><b>Coordinaci\u00f3n:<\/b><\/p>\n<p style=\"text-align: center\"><span style=\"font-weight: 400\">Hebe Maria Gon\u00e7alves de Oliveira<\/span><\/p>\n<p style=\"text-align: center\"><b>Enlaces \u00fatiles:<\/b><\/p>\n<p style=\"text-align: center\"><span style=\"font-weight: 400\">Spotify: <\/span><a href=\"https:\/\/open.spotify.com\/show\/22JIsQ3JstmUK4FpyLj8hw\"><span style=\"font-weight: 400\">https:\/\/open.spotify.com\/show\/22JIsQ3JstmUK4FpyLj8hw<\/span><\/a><\/p>\n<p style=\"text-align: center\"><span style=\"font-weight: 400\">P\u00e1gina web oficial: <\/span><a href=\"https:\/\/elos.sites.uepg.br\/editoria\/democracia-e-direitos-humanos\/\"><span style=\"font-weight: 400\">https:\/\/elos.sites.uepg.br\/editoria\/democracia-e-direitos-humanos\/<\/span><\/a><\/p>\n<h2 style=\"text-align: center\"><b>Enlaces<\/b><\/h2>\n<p style=\"text-align: center\"><span style=\"font-weight: 400\">El proyecto de extensi\u00f3n <\/span><a href=\"https:\/\/elos.sites.uepg.br\/\"><span style=\"font-weight: 400\">Elos (Derechos Humanos, Periodismo y Formaci\u00f3n Ciudadana<\/span><\/a><span style=\"font-weight: 400\">) tiene como objetivo informar sobre cuestiones period\u00edsticas relacionadas con los derechos humanos, el g\u00e9nero y la ciudadan\u00eda. Elos funciona desde 2016 con el objetivo de cubrir estos temas, a menudo ignorados por los medios de comunicaci\u00f3n tradicionales, mediante la producci\u00f3n de textos, entrevistas, audios y v\u00eddeos cortos. Temas como: el derecho a la vivienda, la pluralidad de opiniones, el feminismo, la comunidad LGBTQIAPN+ y la libertad religiosa son los m\u00e1s destacados del proyecto de extensi\u00f3n.<\/span><\/p>\n<p style=\"text-align: center\"><span style=\"font-weight: 400\">Los contenidos circulan por la p\u00e1gina web y las redes sociales del proyecto, el mismo espacio donde se publican columnas de expertos en temas ind\u00edgenas, g\u00e9nero, raza y derechos humanos. Adem\u00e1s de los contenidos mencionados, el proyecto Elos tambi\u00e9n organiza eventos, proyectos sociales y talleres para crear un peri\u00f3dico laboratorio en las escuelas p\u00fablicas de la ciudad.<\/span><\/p>\n<p style=\"text-align: center\"><span style=\"font-weight: 400\">Elos colabora con proyectos como Al\u00f4 Mulheres, el Movimiento de Lucha Popular (MPL-PG), la Comisi\u00f3n Permanente de Seguimiento y Evaluaci\u00f3n de Cuotas de la UEPG y el Consejo Municipal de Derechos de la Mujer de Ponta Grossa.<\/span><\/p>\n<p style=\"text-align: center\"><span style=\"font-weight: 400\">Uno de los platos fuertes del Proyecto Elos es el documental Sobre Viv\u00eancias Travesti, producido en colaboraci\u00f3n con la ONG Renascer. La pel\u00edcula aborda la trayectoria de las primeras travestis de Ponta Grossa\/PR (Debora Lee y Fernanda Riquelme) y su activismo con la poblaci\u00f3n LGBTQIA+. Los relatos revelan c\u00f3mo los travestis sobrevivieron a la represi\u00f3n, a la epidemia del VIH\/Sida y a las m\u00faltiples formas de violencia que marcaron sus vidas.<\/span><\/p>\n<p style=\"text-align: center\"><span style=\"font-weight: 400\">Puede ver el documental en YouTube: <\/span><a href=\"https:\/\/www.youtube.com\/watch?v=YA7TRjbdAKc\"><span style=\"font-weight: 400\">https:\/\/www.youtube.com\/watch?v=YA7TRjbdAKc<\/span><\/a><\/p>\n<p style=\"text-align: center\"><b>Coordinaci\u00f3n<\/b><span style=\"font-weight: 400\">:<\/span><\/p>\n<p style=\"text-align: center\"><span style=\"font-weight: 400\">Paula Melani Rocha<\/span><\/p>\n<p style=\"text-align: center\"><span style=\"font-weight: 400\">Graziela Bianchi Soares<\/span><\/p>\n<p style=\"text-align: center\"><span style=\"font-weight: 400\">Karina Janz WoitowiczSite: https:\/\/elos.sites.uepg.br\/<\/span><\/p>\n<p style=\"text-align: center\"><b>Enlaces \u00fatiles:<\/b><\/p>\n<p style=\"text-align: center\"><span style=\"font-weight: 400\">Youtube: <\/span><a href=\"https:\/\/www.youtube.com\/channel\/UC34v_NUIlngy1KI2A7vr-CA\"><span style=\"font-weight: 400\">https:\/\/www.youtube.com\/channel\/UC34v_NUIlngy1KI2A7vr-CA<\/span><\/a><span style=\"font-weight: 400\">\u00a0<\/span><\/p>\n<p style=\"text-align: center\"><span style=\"font-weight: 400\">Instagram: <\/span><a href=\"https:\/\/www.instagram.com\/elosuepg\/\"><span style=\"font-weight: 400\">https:\/\/www.instagram.com\/elosuepg\/<\/span><\/a><span style=\"font-weight: 400\">\u00a0<\/span><\/p>\n<p style=\"text-align: center\"><span style=\"font-weight: 400\">Facebook: <\/span><a href=\"https:\/\/www.facebook.com\/uepgELOS?_rdc=1&amp;_rdr#\"><span style=\"font-weight: 400\">https:\/\/www.facebook.com\/uepgELOS?_rdc=1&amp;_rdr#<\/span><\/a><span style=\"font-weight: 400\">\u00a0<\/span><\/p>\n<h2 style=\"text-align: center\"><b>Lente caliente<\/b><\/h2>\n<p style=\"text-align: center\"><span style=\"font-weight: 400\">A trav\u00e9s de su pr\u00e1ctica fotogr\u00e1fica, Lente Quente pretende registrar diariamente la escena cultural de Ponta Grossa y de la regi\u00f3n de Campos Gerais, con el fin de garantizar una amplia cobertura de las diferentes manifestaciones y aspectos del circuito cultural local. Activo desde 2010 con publicaciones en sus plataformas digitales, el proyecto fortalece el campo cultural garantizando un registro y archivo medi\u00e1tico de las diversas manifestaciones &#8211; artes esc\u00e9nicas, artes visuales, deportes, ocupaci\u00f3n del espacio urbano, actores sociales, entre otros.<\/span><\/p>\n<p style=\"text-align: center\"><span style=\"font-weight: 400\">Para garantizar un mayor contacto con la comunidad externa, Lente Quente promueve la circulaci\u00f3n de exposiciones fotogr\u00e1ficas en diferentes espacios de Ponta Grossa, uno de los cuales es el cursinho popular da Igrejinha de Uvaranas, y la creaci\u00f3n de portfolios culturales de diferentes espacios y actores culturales.<\/span><\/p>\n<p style=\"text-align: center\"><b>Coordinaci\u00f3n:<\/b><\/p>\n<p style=\"text-align: center\"><span style=\"font-weight: 400\">Rafael Schoenherr<\/span><\/p>\n<p style=\"text-align: center\"><b>Enlaces \u00fatiles:<\/b><\/p>\n<p style=\"text-align: center\"><span style=\"font-weight: 400\">Flickr<\/span><a href=\"https:\/\/www.flickr.com\/photos\/lentequente\"><span style=\"font-weight: 400\">:https:\/\/www.flickr.com\/photos\/lentequente<\/span><\/a><\/p>\n<p style=\"text-align: center\"><span style=\"font-weight: 400\">Instagram: <\/span><a href=\"https:\/\/www.instagram.com\/lentequente\/\"><span style=\"font-weight: 400\">https:\/\/www.instagram.com\/lentequente\/<\/span><\/a><\/p>\n<p style=\"text-align: center\"><span style=\"font-weight: 400\">Youtube: <\/span><a href=\"https:\/\/www.youtube.com\/@ProjetoLenteQuente\"><span style=\"font-weight: 400\">https:\/\/www.youtube.com\/@HotLensProject<\/span><\/a><\/p>\n<h2 style=\"text-align: center\"><b>Centro de Producci\u00f3n Audiovisual<\/b><\/h2>\n<p style=\"text-align: center\"><span style=\"font-weight: 400\">El Centro de Producci\u00f3n Audiovisual (NPA), iniciado en 2017, es un proyecto de extensi\u00f3n que forma parte de la Agencia de Periodismo de la UEPG. Su objetivo es coordinar, ejecutar y ofrecer apoyo en la creaci\u00f3n, edici\u00f3n y difusi\u00f3n de contenidos audiovisuales en Ponta Grossa y regi\u00f3n, espec\u00edficamente a las demandas de entidades sociales, organizaciones no gubernamentales, asociaciones y sindicatos.<\/span><\/p>\n<p style=\"text-align: center\"><span style=\"font-weight: 400\">El centro est\u00e1 formado por profesores, un periodista profesional y becarios y voluntarios de los programas de grado y postgrado de la UEPG. Su trabajo tambi\u00e9n pretende fomentar colaboraciones que promuevan la producci\u00f3n de contenidos destinados a la formaci\u00f3n, educaci\u00f3n y divulgaci\u00f3n de proyectos relevantes tanto para la comunidad local como para la Universidad Estatal de Ponta Grossa.<\/span><\/p>\n<p style=\"text-align: center\"><span style=\"font-weight: 400\">El NPA ofrece a sus miembros la oportunidad de participar en una amplia gama de proyectos, fomentando un entorno de aprendizaje din\u00e1mico y colaborativo. Al establecer asociaciones con iniciativas comunitarias, el centro va m\u00e1s all\u00e1 del desarrollo t\u00e9cnico; la interacci\u00f3n con estas iniciativas no solo mejora las aptitudes pr\u00e1cticas, sino que tambi\u00e9n refuerza la conciencia social y comunitaria de los implicados.<\/span><\/p>\n<p style=\"text-align: center\"><b>Coordinaci\u00f3n:<\/b><\/p>\n<p style=\"text-align: center\"><span style=\"font-weight: 400\">Felipe Sim\u00e3o Pontes<\/span><\/p>\n<p style=\"text-align: center\"><span style=\"font-weight: 400\">C\u00edntia Xavier<\/span><\/p>\n<p style=\"text-align: center\"><span style=\"font-weight: 400\">Manoel Moabis Pereira dos Anjos<\/span><\/p>\n<p style=\"text-align: center\"><b>Enlaces \u00fatiles:<\/b><\/p>\n<p style=\"text-align: center\"><span style=\"font-weight: 400\">Youtube: <\/span><a href=\"https:\/\/www.youtube.com\/@nucleodeproducaoaudiovisua1565\"><span style=\"font-weight: 400\">https:\/\/www.youtube.com\/@nucleodeproducaoaudiovisua1565<\/span><\/a><\/p>\n<p style=\"text-align: center\"><span style=\"font-weight: 400\">Instagram: <\/span><a href=\"https:\/\/www.instagram.com\/npa_uepg?igsh=b21vNXY2eWZ3MXk2\"><span style=\"font-weight: 400\">https:\/\/www.instagram.com\/npa_uepg?igsh=b21vNXY2eWZ3MXk2<\/span><\/a><\/p>\n<p>&nbsp;<\/p>\n","protected":false},"excerpt":{"rendered":"<p>El programa de Periodismo y el PPGJor tienen una tradici\u00f3n de extensi\u00f3n universitaria, con proyectos que permiten a los estudiantes de grado y posgrado ampliar su experiencia en actividades aplicadas con relevancia social. Una parte significativa de esta historia qued\u00f3 registrada en el libro &#8220;Extensi\u00f3n Universitaria &amp; Periodismo: caminos posibles&#8220;, publicado por los profesores Muriel&nbsp;&hellip;<\/p>\n","protected":false},"author":745,"featured_media":0,"parent":0,"menu_order":0,"comment_status":"closed","ping_status":"closed","template":"","meta":[],"_links":{"self":[{"href":"https:\/\/www2.uepg.br\/ppgjor\/wp-json\/wp\/v2\/pages\/3427"}],"collection":[{"href":"https:\/\/www2.uepg.br\/ppgjor\/wp-json\/wp\/v2\/pages"}],"about":[{"href":"https:\/\/www2.uepg.br\/ppgjor\/wp-json\/wp\/v2\/types\/page"}],"author":[{"embeddable":true,"href":"https:\/\/www2.uepg.br\/ppgjor\/wp-json\/wp\/v2\/users\/745"}],"replies":[{"embeddable":true,"href":"https:\/\/www2.uepg.br\/ppgjor\/wp-json\/wp\/v2\/comments?post=3427"}],"version-history":[{"count":1,"href":"https:\/\/www2.uepg.br\/ppgjor\/wp-json\/wp\/v2\/pages\/3427\/revisions"}],"predecessor-version":[{"id":3428,"href":"https:\/\/www2.uepg.br\/ppgjor\/wp-json\/wp\/v2\/pages\/3427\/revisions\/3428"}],"wp:attachment":[{"href":"https:\/\/www2.uepg.br\/ppgjor\/wp-json\/wp\/v2\/media?parent=3427"}],"curies":[{"name":"wp","href":"https:\/\/api.w.org\/{rel}","templated":true}]}}