{"id":3429,"date":"2025-06-04T11:39:09","date_gmt":"2025-06-04T14:39:09","guid":{"rendered":"https:\/\/www2.uepg.br\/ppgjor\/?page_id=3429"},"modified":"2025-06-04T11:39:09","modified_gmt":"2025-06-04T14:39:09","slug":"publicaciones","status":"publish","type":"page","link":"https:\/\/www2.uepg.br\/ppgjor\/es\/publicaciones\/","title":{"rendered":"Publicaciones"},"content":{"rendered":"<p><span style=\"font-weight: 400\">ROCHA, Paula Melani; KONDLATSCH, R.. Discrediting official sources and technological adaptations, the case of Brazil in a time of pandemic In: Ecologies of Global Risk Journalism Conceptualizing Local Journalism in an Era of Deep Disruptions. London and New York: Routledge; Taylor and Francis, 2024, p. 63 \u2013 78. Disponible en: <\/span><a href=\"https:\/\/doi.org\/10.4324\/9781003431268\"><span style=\"font-weight: 400\">https:\/\/doi.org\/10.4324\/9781003431268<\/span><\/a><span style=\"font-weight: 400\">.\u00a0<\/span><\/p>\n<p>&nbsp;<\/p>\n<p><span style=\"font-weight: 400\">CARVALHO, Guilherme. Ensino de Jornalismo numa institui\u00e7\u00e3o privada: a experi\u00eancia do curso EAD da Uninter. In: MEDITSCH, E.; NOGUEIRA, R.S.; GUIMAR\u00c3ES, N. (Org.). Comunica\u00e7\u00e3o e pedagogia emancipat\u00f3ria, Florian\u00f3polis: Insular, 2023, v. 2, p. 241-279. Disponible en: <\/span><a href=\"https:\/\/insular.com.br\/produto\/comunicacao-e-pedagogia-emancipatoria-volume-2-memoria-da-disciplina-paulo-freire-e-a-comunicacao-no-ppgcom-da-fac-unb\/\"><span style=\"font-weight: 400\">https:\/\/insular.com.br\/produto\/comunicacao-e-pedagogia-emancipatoria-volume-2-memoria-da-disciplina-paulo-freire-e-a-comunicacao-no-ppgcom-da-fac-unb\/<\/span><\/a><span style=\"font-weight: 400\">\u00a0<\/span><\/p>\n<p><span style=\"font-weight: 400\">\u00a0<\/span><\/p>\n<p><span style=\"font-weight: 400\">EMERIM, C.; BELARMINO, J.; SCHOENHERR, Rafael; MOURA, S. (Org.) . Caco Barcellos: 50 anos de Jornalismo. Florian\u00f3polis: Insular, 2023. Disponible en: <\/span><a href=\"https:\/\/insular.com.br\/produto\/caco-barcellos-50-anos-de-jornalismo\/\"><span style=\"font-weight: 400\">https:\/\/insular.com.br\/produto\/caco-barcellos-50-anos-de-jornalismo\/<\/span><\/a><span style=\"font-weight: 400\">\u00a0<\/span><\/p>\n<p><span style=\"font-weight: 400\">\u00a0<\/span><\/p>\n<p><span style=\"font-weight: 400\">F\u00cdGARO, R. ; FRANCISCATO, C.; XAVIER, Cintia. Entre crises e reconstru\u00e7\u00f5es: a pesquisa em jornalismo 20 anos depois. In: BACCIN, A.; XAVIER, C.; VIEIRA, L.; BELLAN, R.; LIMA, S. (Org.). Entre crises e (re)constru\u00e7\u00f5es: a pesquisa em jornalismo 20 anos depois. Bras\u00edlia: SBPJor, 2023, p. 13-20. Disponible en: <\/span><a href=\"https:\/\/site.sbpjor.org.br\/wp-content\/uploads\/2023\/11\/ENTRE-CRISES-E-RECONSTRUCOES-_-A-PESQUISA-EM-JORNALISMO-20-ANOS-DEPOIS_2023.pdf\"><span style=\"font-weight: 400\">https:\/\/site.sbpjor.org.br\/wp-content\/uploads\/2023\/11\/ENTRE-CRISES-E-RECONSTRUCOES-_-A-PESQUISA-EM-JORNALISMO-20-ANOS-DEPOIS_2023.pdf<\/span><\/a><span style=\"font-weight: 400\">\u00a0<\/span><\/p>\n<p><span style=\"font-weight: 400\">\u00a0<\/span><\/p>\n<p><span style=\"font-weight: 400\">ROCHA, A.; PONTES, Felipe. Sim\u00e3o; XAVIER, Cintia. Jornalismo e Comunica\u00e7\u00e3o no Projeto EspeleoPira\u00ed. In: PONTES, H. S.; MASSUQUETO, L. L. (Org.). Projeto Espeleopira\u00ed: em defesa do patrim\u00f4nio natural de Pira\u00ed da Serra\/PR. Ponta Grossa: ABC Projetos, 2023, p. 117-128. Disponible en: <\/span><a href=\"https:\/\/www.pinturarupestre.com.br\/_files\/ugd\/cb1337_fbe9cb9ec9c14b47a53cb7bb81a2afcf.pdf?index=true\"><span style=\"font-weight: 400\">https:\/\/www.pinturarupestre.com.br\/_files\/ugd\/cb1337_fbe9cb9ec9c14b47a53cb7bb81a2afcf.pdf?index=true<\/span><\/a><span style=\"font-weight: 400\">\u00a0<\/span><\/p>\n<p>&nbsp;<\/p>\n<p><span style=\"font-weight: 400\">WOITOWICZ, Karina. J. Peri\u00f3dicos feministas brasile\u00f1os post-1990: el activismo de las organizaciones y los impactos de la transici\u00f3n del medio impreso a lo digital. In: FRANZONI, R. C. Revistas, blogs y portales latinoamericanos (1960-2020). Rupturas y transformaciones en el tr\u00e1nsito de lo impreso a lo digital. Ciudad de M\u00e9xico: Universidad Nacional Aut\u00f3noma de M\u00e9xico, 2023, p. 177 \u2013 207. Disponible en: <\/span><a href=\"https:\/\/repositorio.unam.mx\/contenidos\/revistas-blogs-y-portales-latinoamericanos-1960-2020-rupturas-y-transformaciones-en-el-transito-de-lo-impreso-a-lo-dig-5057696?c=An40kR&amp;d=false&amp;q=Revistas%2C_._blogs_._y_._portales_._latinoamericanos&amp;i=1&amp;v=1&amp;t=search_0&amp;as=0\"><span style=\"font-weight: 400\">https:\/\/repositorio.unam.mx\/contenidos\/revistas-blogs-y-portales-latinoamericanos-1960-2020-rupturas-y-transformaciones-en-el-transito-de-lo-impreso-a-lo-dig-5057696?c=An40kR&amp;d=false&amp;q=Revistas%2C_._blogs_._y_._portales_._latinoamericanos&amp;i=1&amp;v=1&amp;t=search_0&amp;as=0<\/span><\/a><span style=\"font-weight: 400\">\u00a0<\/span><\/p>\n<p><span style=\"font-weight: 400\">\u00a0<\/span><\/p>\n<p><span style=\"font-weight: 400\">BIANCHI, Graziela S.; BERNI, F. C.. (Re)pensando o grupo focal como recurso investigativo: o percurso desenvolvido no contexto online e das pessoas com defici\u00eancia In: BONIN, J; SAGIN, L. Investiga\u00e7\u00e3o cr\u00edtica em comunica\u00e7\u00e3o: constru\u00e7\u00f5es epist\u00eamicas, te\u00f3ricas e metodol\u00f3gicas. S\u00e3o Paulo: Pimenta Cultural, 2022, p. 220-239. Disponible en: <\/span><a href=\"https:\/\/www.pimentacultural.com\/wp-content\/uploads\/2024\/04\/eBook_investigacao-critica.pdf\"><span style=\"font-weight: 400\">https:\/\/www.pimentacultural.com\/wp-content\/uploads\/2024\/04\/eBook_investigacao-critica.pdf<\/span><\/a><span style=\"font-weight: 400\">\u00a0<\/span><\/p>\n<p><span style=\"font-weight: 400\">\u00a0<\/span><\/p>\n<p>&nbsp;<\/p>\n<p><span style=\"font-weight: 400\">FERREIRA, P. ; BOMFIM, Ivan. O jornalismo transit\u00f3rio: o Drops como produto da sociedade do cansa\u00e7o. In: TERRA, C.; AGUIAR, C. E.; PRAZERES, M.; SANCHES, R. D.(Org.). Byung-Chul Han e a hipercomunica\u00e7\u00e3o. S\u00e3o Paulo: Paulus, 2022, p. 282-300. Libro disponible para la venta en: <\/span><a href=\"https:\/\/www.amazon.com.br\/Byung-Chul-Han-hipercomunica%C3%A7%C3%A3o-Di%C3%A1logos-Comunica%C3%A7%C3%A3o-ebook\/dp\/B0BXQVJ7XD\"><span style=\"font-weight: 400\">https:\/\/www.amazon.com.br\/Byung-Chul-Han-hipercomunica%C3%A7%C3%A3o-Di%C3%A1logos-Comunica%C3%A7%C3%A3o-ebook\/dp\/B0BXQVJ7XD<\/span><\/a><span style=\"font-weight: 400\">\u00a0<\/span><\/p>\n<p>&nbsp;<\/p>\n<p><span style=\"font-weight: 400\">BOMFIM, Ivan. VIEIRA, K. M. (Org.) ; SARTOR, B. (Org.) ; SILVA, M. V. (Org.) . M\u00eddia e Zeitgeist.\u00a0 Florian\u00f3polis: Insular, 2021. Libro disponible para la venta en: <\/span><a href=\"https:\/\/insular.com.br\/produto\/midia-e-zeitgeist-ebook\/\"><span style=\"font-weight: 400\">https:\/\/insular.com.br\/produto\/midia-e-zeitgeist-ebook\/<\/span><\/a><span style=\"font-weight: 400\">\u00a0<\/span><\/p>\n<p><span style=\"font-weight: 400\">\u00a0<\/span><\/p>\n<p><span style=\"font-weight: 400\">AMARAL, M. E. (Org.) ; BRONOSKY, Marcelo. Engel (Org.) ; BOMFIM, Ivan (Org.) . Extens\u00e3o universit\u00e1ria &amp; Jornalismo: caminhos coletivos. Ponta Grossa: Est\u00fadio Texto, 2021. Disponible en: <\/span><a href=\"https:\/\/www2.uepg.br\/ppgjor\/wp-content\/uploads\/sites\/26\/2021\/08\/Extensao-universitaria-e-jornalismo-UEPG.pdf\"><span style=\"font-weight: 400\">https:\/\/www2.uepg.br\/ppgjor\/wp-content\/uploads\/sites\/26\/2021\/08\/Extensao-universitaria-e-jornalismo-UEPG.pdf<\/span><\/a><span style=\"font-weight: 400\">\u00a0<\/span><\/p>\n<p>&nbsp;<\/p>\n<p><span style=\"font-weight: 400\">BOMFIM, Ivan. As \u201cbordas estruturais\u201d da Cibercultura. In: MOURA VIEIRA, K. (Org.). Cibercultura. 1ed.Curitiba: InterSaberes, 2021, v. 1, p. 128-179. Libro disponible para la venta en: <\/span><a href=\"https:\/\/livrariaintersaberes.com.br\/produto\/cibercultura\/\"><span style=\"font-weight: 400\">https:\/\/livrariaintersaberes.com.br\/produto\/cibercultura\/<\/span><\/a><span style=\"font-weight: 400\">\u00a0<\/span><\/p>\n<p>&nbsp;<\/p>\n<p><span style=\"font-weight: 400\">SCHOENHERR, Rafael; CHAVES, N. B. ; CAMERA, P.; NAVARRO, L. Universidade Estadual de Ponta Grossa: 50 anos (1969-1994). Ponta Grossa: UEPG, 2021. Disponible en: <\/span><a href=\"https:\/\/www2.uepg.br\/proex\/wp-content\/uploads\/sites\/8\/2021\/08\/E-book-50-anos-a.pdf\"><span style=\"font-weight: 400\">https:\/\/www2.uepg.br\/proex\/wp-content\/uploads\/sites\/8\/2021\/08\/E-book-50-anos-a.pdf<\/span><\/a><span style=\"font-weight: 400\">\u00a0<\/span><\/p>\n<p><span style=\"font-weight: 400\">\u00a0<\/span><\/p>\n<p><span style=\"font-weight: 400\">VASQUEZ, G. G. H.; SILVA, J.; WOITOWICZ, Karina. J. Viv\u00eancias de mulheres no tempo e espa\u00e7o da pandemia de Covid-19: perspectivas transnacionais. Curitiba: CRV, 2021, p.378. Disponible en: <\/span><a href=\"https:\/\/www.editoracrv.com.br\/produtos\/detalhes\/35859-vivencias-de-mulheres-no-tempo-e-espaco-da-pandemia-de-covid-19-brperspectivas-transnacionais\"><span style=\"font-weight: 400\">https:\/\/www.editoracrv.com.br\/produtos\/detalhes\/35859-vivencias-de-mulheres-no-tempo-e-espaco-da-pandemia-de-covid-19-brperspectivas-transnacionais<\/span><\/a><span style=\"font-weight: 400\">\u00a0<\/span><\/p>\n<p><span style=\"font-weight: 400\">\u00a0<\/span><\/p>\n<p><span style=\"font-weight: 400\">GADINI, S\u00e9rgio Luiz. Coberturas jornal\u00edsticas (de)marcadas : a greve dos professores na m\u00eddia paranaense em 2015. Ponta Grossa : Est\u00fadio Texto, 2015. Disponible en: <\/span><a href=\"https:\/\/www.academia.edu\/19519419\/2015._Coberturas_jornal%C3%ADsticas_de_marcadas_a_greve_dos_professores_na_m%C3%ADdia_paranaense_em_2015\"><span style=\"font-weight: 400\">https:\/\/www.academia.edu\/19519419\/2015._Coberturas_jornal%C3%ADsticas_de_marcadas_a_greve_dos_professores_na_m%C3%ADdia_paranaense_em_2015<\/span><\/a><span style=\"font-weight: 400\">\u00a0<\/span><\/p>\n<p><span style=\"font-weight: 400\">\u00a0<\/span><\/p>\n<p><span style=\"font-weight: 400\">BIANCHI, Graziela; ROCHA, Paula Melani; WOITOWICZ, Karina Janz. G\u00eanero (org.). M\u00eddia e Atores Sociais: percep\u00e7\u00f5es cr\u00edticas e experi\u00eancias emancipat\u00f3ria. Ponta Grossa: Editora Uepg, 2018.\u00a0 Disponible en: <\/span><a href=\"https:\/\/www.editora.uepg.br\/ebooks\/genero-midia-lutas-sociais-percepcoes-criticas-e-experiencias-emancipadoras-ebook\"><span style=\"font-weight: 400\">https:\/\/www.editora.uepg.br\/ebooks\/genero-midia-lutas-sociais-percepcoes-criticas-e-experiencias-emancipadoras-ebook<\/span><\/a><span style=\"font-weight: 400\">\u00a0<\/span><\/p>\n<p>&nbsp;<\/p>\n<p><span style=\"font-weight: 400\">WOITOWICZ, Karina Janz. Imagem contestada: a guerra do contestado pela escrita do di\u00e1rio da tarde (1912-1916). Ponta Grossa: Editora UEPG, 2015. Disponible en: <\/span><a href=\"https:\/\/books.scielo.org\/id\/7s6w4\/pdf\/woitowicz-9788577982127-00.pdf\"><span style=\"font-weight: 400\">https:\/\/books.scielo.org\/id\/7s6w4\/pdf\/woitowicz-9788577982127-00.pdf<\/span><\/a><span style=\"font-weight: 400\">\u00a0<\/span><\/p>\n<p>&nbsp;<\/p>\n<p><span style=\"font-weight: 400\">BRONOSKY, Marcelo Engel; CARVALHO, J. M (org.). Jornalismo e Converg\u00eancia. S\u00e3o Paulo: Cultura Acad\u00eamica, 2014. Disponible en: <\/span><a href=\"https:\/\/www.academia.edu\/12823349\/Jornalismo_e_converg%C3%AAncia\"><span style=\"font-weight: 400\">https:\/\/www.academia.edu\/12823349\/Jornalismo_e_converg%C3%AAncia<\/span><\/a><span style=\"font-weight: 400\">\u00a0<\/span><\/p>\n<p><span style=\"font-weight: 400\">XAVIER, Cintia; PONTES, Felipe Sim\u00e3o; MORAIS, Carlos Willians Jaques (org.). Perspectivas da pesquisa em Jornalismo: agenda, processos produtivos e atores sociais. Ponta Grossa : Est\u00fadio Texto, 2015. Disponible en: <\/span><a href=\"https:\/\/www.academia.edu\/12823349\/Jornalismo_e_converg%C3%AAncia\"><span style=\"font-weight: 400\">https:\/\/www.academia.edu\/12823349\/Jornalismo_e_converg%C3%AAncia<\/span><\/a><span style=\"font-weight: 400\">\u00a0<\/span><\/p>\n","protected":false},"excerpt":{"rendered":"<p>ROCHA, Paula Melani; KONDLATSCH, R.. Discrediting official sources and technological adaptations, the case of Brazil in a time of pandemic In: Ecologies of Global Risk Journalism Conceptualizing Local Journalism in an Era of Deep Disruptions. London and New York: Routledge; Taylor and Francis, 2024, p. 63 \u2013 78. Disponible en: https:\/\/doi.org\/10.4324\/9781003431268.\u00a0 &nbsp; CARVALHO, Guilherme. Ensino&nbsp;&hellip;<\/p>\n","protected":false},"author":745,"featured_media":0,"parent":0,"menu_order":0,"comment_status":"closed","ping_status":"closed","template":"","meta":[],"_links":{"self":[{"href":"https:\/\/www2.uepg.br\/ppgjor\/wp-json\/wp\/v2\/pages\/3429"}],"collection":[{"href":"https:\/\/www2.uepg.br\/ppgjor\/wp-json\/wp\/v2\/pages"}],"about":[{"href":"https:\/\/www2.uepg.br\/ppgjor\/wp-json\/wp\/v2\/types\/page"}],"author":[{"embeddable":true,"href":"https:\/\/www2.uepg.br\/ppgjor\/wp-json\/wp\/v2\/users\/745"}],"replies":[{"embeddable":true,"href":"https:\/\/www2.uepg.br\/ppgjor\/wp-json\/wp\/v2\/comments?post=3429"}],"version-history":[{"count":1,"href":"https:\/\/www2.uepg.br\/ppgjor\/wp-json\/wp\/v2\/pages\/3429\/revisions"}],"predecessor-version":[{"id":3430,"href":"https:\/\/www2.uepg.br\/ppgjor\/wp-json\/wp\/v2\/pages\/3429\/revisions\/3430"}],"wp:attachment":[{"href":"https:\/\/www2.uepg.br\/ppgjor\/wp-json\/wp\/v2\/media?parent=3429"}],"curies":[{"name":"wp","href":"https:\/\/api.w.org\/{rel}","templated":true}]}}