{"id":3436,"date":"2025-06-04T11:44:34","date_gmt":"2025-06-04T14:44:34","guid":{"rendered":"https:\/\/www2.uepg.br\/ppgjor\/?page_id=3436"},"modified":"2025-06-04T11:44:34","modified_gmt":"2025-06-04T14:44:34","slug":"dialogos-edicion-actual","status":"publish","type":"page","link":"https:\/\/www2.uepg.br\/ppgjor\/es\/dialogos-edicion-actual\/","title":{"rendered":"Di\u00e1logos- Edici\u00f3n actual"},"content":{"rendered":"<p><span style=\"font-weight: 400\">Desde 2016, el Programa de Postgrado en Periodismo de la UEPG promueve los \u00abDi\u00e1logos de Periodismo, Historia y Literatura\u00bb. El objetivo del evento es discutir aspectos de una obra, autor o momento hist\u00f3rico desde m\u00faltiples perspectivas en Humanidades y Ciencias Sociales. El evento est\u00e1 promovido por el PPGJor en colaboraci\u00f3n con los programas de postgrado en Filolog\u00eda (PPGel), Educaci\u00f3n (PPGE) e Historia (PPGH) de la UEPG.<\/span><\/p>\n<p><span style=\"font-weight: 400\">A trav\u00e9s de paneles abiertos a la comunidad, con la participaci\u00f3n de especialistas, investigadores y profesores de estas diferentes \u00e1reas, el evento colabora con el debate interdisciplinar sobre periodismo. Adem\u00e1s del PPGJor, la actividad moviliza grupos de investigaci\u00f3n y proyectos de extensi\u00f3n en la organizaci\u00f3n del evento, como la Agencia de Periodismo.<\/span><\/p>\n<p><span style=\"font-weight: 400\">En ediciones anteriores, los Di\u00e1logos han abordado trabajos de Jurgen Habermas, Paulo Freire, M\u00e1rio Magalh\u00e3es, Umberto Eco, Euclides da Cunha, Lima Barreto, Clarice Lispector y escritos de la Revoluci\u00f3n Rusa y Mayo del 68.<\/span><\/p>\n<p>&nbsp;<\/p>\n<p><strong>Memoria:<\/strong><\/p>\n<p><a href=\"https:\/\/maiode1968.wixsite.com\/50anos\/programacao\"><span style=\"font-weight: 400\">https:\/\/maiode1968.wixsite.com\/50anos\/programacao<\/span><\/a><span style=\"font-weight: 400\">\u00a0<\/span><\/p>\n<p><a href=\"https:\/\/www2.uepg.br\/ppgjor\/xvi-encontro-paranaense-de-pesquisa-em-jornalismo-inicia-hoje-na-uepg-programacao-contara-com-debates-lancamento-de-livros-e-apresentacao-de-trabalhos-ate-a-proxima-sexa-dia-19\/\"><span style=\"font-weight: 400\">https:\/\/www2.uepg.br\/ppgjor\/xvi-encontro-paranaense-de-pesquisa-em-jornalismo-inicia-hoje-na-uepg-programacao-contara-com-debates-lancamento-de-livros-e-apresentacao-de-trabalhos-ate-a-proxima-sexa-dia-19\/<\/span><\/a><span style=\"font-weight: 400\">\u00a0<\/span><\/p>\n<p><a href=\"https:\/\/www.sinduepg.com.br\/100-anos-de-paulo-freire-dialogos-em-jornalismo-historia-e-literatura\/\"><span style=\"font-weight: 400\">https:\/\/www.sinduepg.com.br\/100-anos-de-paulo-freire-dialogos-em-jornalismo-historia-e-literatura\/<\/span><\/a><span style=\"font-weight: 400\">\u00a0<\/span><\/p>\n","protected":false},"excerpt":{"rendered":"<p>Desde 2016, el Programa de Postgrado en Periodismo de la UEPG promueve los \u00abDi\u00e1logos de Periodismo, Historia y Literatura\u00bb. El objetivo del evento es discutir aspectos de una obra, autor o momento hist\u00f3rico desde m\u00faltiples perspectivas en Humanidades y Ciencias Sociales. El evento est\u00e1 promovido por el PPGJor en colaboraci\u00f3n con los programas de postgrado&nbsp;&hellip;<\/p>\n","protected":false},"author":745,"featured_media":0,"parent":0,"menu_order":0,"comment_status":"closed","ping_status":"closed","template":"","meta":[],"_links":{"self":[{"href":"https:\/\/www2.uepg.br\/ppgjor\/wp-json\/wp\/v2\/pages\/3436"}],"collection":[{"href":"https:\/\/www2.uepg.br\/ppgjor\/wp-json\/wp\/v2\/pages"}],"about":[{"href":"https:\/\/www2.uepg.br\/ppgjor\/wp-json\/wp\/v2\/types\/page"}],"author":[{"embeddable":true,"href":"https:\/\/www2.uepg.br\/ppgjor\/wp-json\/wp\/v2\/users\/745"}],"replies":[{"embeddable":true,"href":"https:\/\/www2.uepg.br\/ppgjor\/wp-json\/wp\/v2\/comments?post=3436"}],"version-history":[{"count":1,"href":"https:\/\/www2.uepg.br\/ppgjor\/wp-json\/wp\/v2\/pages\/3436\/revisions"}],"predecessor-version":[{"id":3437,"href":"https:\/\/www2.uepg.br\/ppgjor\/wp-json\/wp\/v2\/pages\/3436\/revisions\/3437"}],"wp:attachment":[{"href":"https:\/\/www2.uepg.br\/ppgjor\/wp-json\/wp\/v2\/media?parent=3436"}],"curies":[{"name":"wp","href":"https:\/\/api.w.org\/{rel}","templated":true}]}}