{"id":3438,"date":"2025-06-04T11:45:02","date_gmt":"2025-06-04T14:45:02","guid":{"rendered":"https:\/\/www2.uepg.br\/ppgjor\/?page_id=3438"},"modified":"2025-06-04T11:45:02","modified_gmt":"2025-06-04T14:45:02","slug":"seminario-de-invierno-edicion-actual","status":"publish","type":"page","link":"https:\/\/www2.uepg.br\/ppgjor\/es\/seminario-de-invierno-edicion-actual\/","title":{"rendered":"Seminario de invierno &#8211; Edici\u00f3n actual"},"content":{"rendered":"<p><strong>Seminario de invierno sobre estudios de comunicaci\u00f3n<\/strong><\/p>\n<p>ISBN: 2175-0505<\/p>\n<p>El Seminario de Invierno de Estudios de Comunicaci\u00f3n fue creado en 1996 por el programa de Comunicaci\u00f3n Social &#8211; Periodismo de la Universidad Estadual de Ponta Grossa (UEPG). El evento surgi\u00f3 del deseo de los profesores del curso, maestros recientes que en la \u00e9poca desarrollaban sus investigaciones doctorales en programas de postgrado en diversas regiones del pa\u00eds, de crear un evento cient\u00edfico para que los estudiantes conocieran sus proyectos de investigaci\u00f3n doctoral.<\/p>\n<p>La intenci\u00f3n inicial del evento era estimular la investigaci\u00f3n cient\u00edfica y crear un ambiente de investigaci\u00f3n en el curso, en una \u00e9poca en la que hab\u00eda pocas ayudas para la iniciaci\u00f3n cient\u00edfica, por lo que la d\u00e9cada de los 90 y principios de los 2000 estuvieron marcados por un car\u00e1cter intimista. El evento creci\u00f3 con una pretensi\u00f3n cr\u00edtica hacia el Estado y los medios de comunicaci\u00f3n, estimulando la cr\u00edtica social, la lectura pol\u00edtica y la problematizaci\u00f3n de la cobertura period\u00edstica.<\/p>\n<p>A partir de 2013, la facultad de Periodismo cambi\u00f3 el enfoque del evento, enfatizando las l\u00edneas de investigaci\u00f3n del reci\u00e9n creado programa de m\u00e1ster de posgrado en Periodismo de la UEPG (PPGJor-UEPG), \u00abProcesos de producci\u00f3n period\u00edstica\u00bb y \u00abProcesos period\u00edsticos y pr\u00e1cticas sociales\u00bb. Con este giro, el Seminario de Invierno pas\u00f3 a invitar con m\u00e1s frecuencia a investigadores de universidades brasile\u00f1as para paneles de discusi\u00f3n, comunicaciones orales y conferencias, principalmente de universidades de Rio Grande do Sul, Santa Catarina y Paran\u00e1.<\/p>\n<p>En 2024, la Maestr\u00eda en Periodismo de la UEPG organiz\u00f3 el 27\u00ba Seminario de Invierno, que se ha celebrado ininterrumpidamente desde su creaci\u00f3n. En 2020 y 2021, el evento se realiz\u00f3 a distancia debido a la pandemia de Covid-19. Las actas del evento est\u00e1n disponibles en el sitio web del PPGJor-UEPG.<\/p>\n<p>&nbsp;<\/p>\n","protected":false},"excerpt":{"rendered":"<p>Seminario de invierno sobre estudios de comunicaci\u00f3n ISBN: 2175-0505 El Seminario de Invierno de Estudios de Comunicaci\u00f3n fue creado en 1996 por el programa de Comunicaci\u00f3n Social &#8211; Periodismo de la Universidad Estadual de Ponta Grossa (UEPG). El evento surgi\u00f3 del deseo de los profesores del curso, maestros recientes que en la \u00e9poca desarrollaban sus&nbsp;&hellip;<\/p>\n","protected":false},"author":745,"featured_media":0,"parent":0,"menu_order":0,"comment_status":"closed","ping_status":"closed","template":"","meta":[],"_links":{"self":[{"href":"https:\/\/www2.uepg.br\/ppgjor\/wp-json\/wp\/v2\/pages\/3438"}],"collection":[{"href":"https:\/\/www2.uepg.br\/ppgjor\/wp-json\/wp\/v2\/pages"}],"about":[{"href":"https:\/\/www2.uepg.br\/ppgjor\/wp-json\/wp\/v2\/types\/page"}],"author":[{"embeddable":true,"href":"https:\/\/www2.uepg.br\/ppgjor\/wp-json\/wp\/v2\/users\/745"}],"replies":[{"embeddable":true,"href":"https:\/\/www2.uepg.br\/ppgjor\/wp-json\/wp\/v2\/comments?post=3438"}],"version-history":[{"count":1,"href":"https:\/\/www2.uepg.br\/ppgjor\/wp-json\/wp\/v2\/pages\/3438\/revisions"}],"predecessor-version":[{"id":3439,"href":"https:\/\/www2.uepg.br\/ppgjor\/wp-json\/wp\/v2\/pages\/3438\/revisions\/3439"}],"wp:attachment":[{"href":"https:\/\/www2.uepg.br\/ppgjor\/wp-json\/wp\/v2\/media?parent=3438"}],"curies":[{"name":"wp","href":"https:\/\/api.w.org\/{rel}","templated":true}]}}