{"id":3440,"date":"2025-06-04T11:45:29","date_gmt":"2025-06-04T14:45:29","guid":{"rendered":"https:\/\/www2.uepg.br\/ppgjor\/?page_id=3440"},"modified":"2025-06-04T11:45:29","modified_gmt":"2025-06-04T14:45:29","slug":"desconmemorar-los-golpes-de-estado-edicion-actual","status":"publish","type":"page","link":"https:\/\/www2.uepg.br\/ppgjor\/es\/desconmemorar-los-golpes-de-estado-edicion-actual\/","title":{"rendered":"Desconmemorar los golpes de Estado &#8211; Edici\u00f3n actual"},"content":{"rendered":"<p><strong>Desconmemorar los golpes de Estado<\/strong><br \/>\nEl Ciclo Desmemorando Golpes, que tuvo su primera edici\u00f3n en 2019 bajo el t\u00edtulo &#8220;Desaf\u00edos de la Universidad P\u00fablica en la Defensa de los Derechos Humanos: \u00a1Desmemorando Golpes!&#8221;, es una iniciativa conjunta de los programas de posgrado de la Universidad Estatal de Ponta Grossa &#8211; UEPG (Educaci\u00f3n, Estudios Ling\u00fc\u00edsticos, Ciencias Sociales Aplicadas, Periodismo, Historia Profesional), el Centro de Tecnolog\u00eda y Educaci\u00f3n Abierta y a Distancia, el Sindicato de Profesores de la UEPG y la Agencia de Periodismo de la UEPG.<br \/>\nNaci\u00f3 con el objetivo de abordar los desaf\u00edos de las condiciones que caracterizan las relaciones democr\u00e1ticas, el Estado democr\u00e1tico, la educaci\u00f3n y los derechos humanos, para cumplir con una de las tareas de la universidad p\u00fablica, que es reflexionar sobre el presente en busca de an\u00e1lisis de los problemas sociales que marcan el actual contexto nacional e internacional. Cuestiones contempor\u00e1neas sobre el mantenimiento o la retirada de los derechos sociales, las conquistas constitucionales de la ciudadan\u00eda y los derechos humanos en diversos pa\u00edses del mundo, junto con una creciente crisis estructural en los modelos de gesti\u00f3n del Estado de Derecho, han estimulado el debate, la reflexi\u00f3n profesional y la b\u00fasqueda de alternativas a un escenario de incertidumbre que afecta a la gran mayor\u00eda de la poblaci\u00f3n en todo Brasil. A esta perspectiva se suma el desaf\u00edo de conmemorar los golpes contra los sistemas democr\u00e1ticos (especialmente el del 31 de marzo de 1964, que instaur\u00f3 una dictadura militar de 21 a\u00f1os en Brasil).<br \/>\nInterrumpido debido a la pandemia del COVID-19 y a las medidas de precauci\u00f3n implementadas por los sistemas de salud, orden p\u00fablico y educaci\u00f3n, el Ciclo tuvo dos ediciones a\u00fan en formato remoto e h\u00edbrido hasta su reanudaci\u00f3n presencial en 2023 en la UEPG. En 2024, la quinta edici\u00f3n del evento propuso no s\u00f3lo la conmemoraci\u00f3n de los 60 a\u00f1os del golpe militar de 1964, sino tambi\u00e9n conmemorar los 40 a\u00f1os de las Campa\u00f1as Directas Ahora (1984) y 2 de Marzo &#8211; UEPG (2004). Para ello, el evento cont\u00f3 con charlas y conferencias de profesionales e investigadores especializados en los respectivos temas, lo que permiti\u00f3 un debate p\u00fablico amplio y abierto. Los paneles se celebraron en el Gran Auditorio del Campus Central de la UEPG. El evento tambi\u00e9n incluy\u00f3 una exposici\u00f3n fotogr\u00e1fica y una proyecci\u00f3n (con debate) de documentales actuales sobre el tema del Ciclo.<br \/>\nCronograma de la \u00daltima Edici\u00f3n: <a href=\"https:\/\/www2.uepg.br\/ppgjor\/v-ciclo-descomemorar-golpes-em-defesa-da-democracia-e-dhs\/\"><span style=\"font-weight: 400\">V Ciclo Desmontando Golpes (En Defensa de la Democracia y los Derechos Humanos) &#8211; Programa de Postgrado en Periodismo (uepg.br)<\/span><\/a><\/p>\n","protected":false},"excerpt":{"rendered":"<p>Desconmemorar los golpes de Estado El Ciclo Desmemorando Golpes, que tuvo su primera edici\u00f3n en 2019 bajo el t\u00edtulo &#8220;Desaf\u00edos de la Universidad P\u00fablica en la Defensa de los Derechos Humanos: \u00a1Desmemorando Golpes!&#8221;, es una iniciativa conjunta de los programas de posgrado de la Universidad Estatal de Ponta Grossa &#8211; UEPG (Educaci\u00f3n, Estudios Ling\u00fc\u00edsticos, Ciencias&nbsp;&hellip;<\/p>\n","protected":false},"author":745,"featured_media":0,"parent":0,"menu_order":0,"comment_status":"closed","ping_status":"closed","template":"","meta":[],"_links":{"self":[{"href":"https:\/\/www2.uepg.br\/ppgjor\/wp-json\/wp\/v2\/pages\/3440"}],"collection":[{"href":"https:\/\/www2.uepg.br\/ppgjor\/wp-json\/wp\/v2\/pages"}],"about":[{"href":"https:\/\/www2.uepg.br\/ppgjor\/wp-json\/wp\/v2\/types\/page"}],"author":[{"embeddable":true,"href":"https:\/\/www2.uepg.br\/ppgjor\/wp-json\/wp\/v2\/users\/745"}],"replies":[{"embeddable":true,"href":"https:\/\/www2.uepg.br\/ppgjor\/wp-json\/wp\/v2\/comments?post=3440"}],"version-history":[{"count":1,"href":"https:\/\/www2.uepg.br\/ppgjor\/wp-json\/wp\/v2\/pages\/3440\/revisions"}],"predecessor-version":[{"id":3441,"href":"https:\/\/www2.uepg.br\/ppgjor\/wp-json\/wp\/v2\/pages\/3440\/revisions\/3441"}],"wp:attachment":[{"href":"https:\/\/www2.uepg.br\/ppgjor\/wp-json\/wp\/v2\/media?parent=3440"}],"curies":[{"name":"wp","href":"https:\/\/api.w.org\/{rel}","templated":true}]}}