{"id":3442,"date":"2025-06-04T11:46:02","date_gmt":"2025-06-04T14:46:02","guid":{"rendered":"https:\/\/www2.uepg.br\/ppgjor\/?page_id=3442"},"modified":"2025-06-04T11:46:02","modified_gmt":"2025-06-04T14:46:02","slug":"coloquio-mujeres-y-sociedad-edicion-actual","status":"publish","type":"page","link":"https:\/\/www2.uepg.br\/ppgjor\/es\/coloquio-mujeres-y-sociedad-edicion-actual\/","title":{"rendered":"Coloquio Mujeres y Sociedad &#8211; Edici\u00f3n actual"},"content":{"rendered":"<p><b>Coloquio Mujer y Sociedad<\/b><\/p>\n<p><b>ISSN 2317-2665<\/b><\/p>\n<p><span style=\"font-weight: 400\">En 2012 naci\u00f3 el Coloquio Mujeres y Sociedad. Evento vinculado a la investigaci\u00f3n y la divulgaci\u00f3n, promueve el di\u00e1logo con los movimientos sociales, busca formas de abordar las cuestiones de g\u00e9nero, raza, clase y etnia, y fomenta la creaci\u00f3n de pol\u00edticas p\u00fablicas. El encuentro se inaugur\u00f3 el 8 de marzo, con motivo del D\u00eda Internacional de la Mujer, y hasta 2025 se han celebrado nueve ediciones.<\/span><\/p>\n<p><span style=\"font-weight: 400\">Fue a partir del segundo ciclo que se cre\u00f3 un espacio para promover estudios interdisciplinarios, a trav\u00e9s de temas que abordan los derechos humanos, la democracia y la igualdad de g\u00e9nero.<\/span><\/p>\n<p><span style=\"font-weight: 400\">Con alcance nacional, el encuentro es promovido por el Departamento de Periodismo de la Universidad Estadual de Ponta Grossa, el Grupo de Investigaci\u00f3n en Periodismo y G\u00e9nero, el proyecto de extensi\u00f3n Elos &#8211; Periodismo, Derechos Humanos y Formaci\u00f3n Ciudadana, el Programa de Posgrado en Periodismo (PPGJor-UEPG) y el Programa de Posgrado en Comunicaci\u00f3n de la Universidad de Brasilia (UNB). Actualmente se realiza cada dos a\u00f1os, en formato h\u00edbrido, con la participaci\u00f3n de profesores, estudiantes, especialistas, sociedad civil, profesionales e investigadores brasile\u00f1os e internacionales.<\/span><\/p>\n<p><span style=\"font-weight: 400\">De las \u00faltimas ediciones se han organizado dos publicaciones. Uma de elas \u00e9 o livro electr\u00f3nico Marcas &amp; Discursos G\u00eanero: produ\u00e7\u00f5es jornal\u00edsticas, representa\u00e7\u00f5es femininas e outros olhares, dispon\u00edvel gratuitamente pela UEPG. El libro est\u00e1 organizado por Karina Janz y Paula Melani, profesoras del Departamento de Periodismo y del Programa de Postgrado en Periodismo de la universidad. El libro re\u00fane estudios interdisciplinares sobre cuestiones de g\u00e9nero, que abarcan los campos de la literatura, la pol\u00edtica, el periodismo, la econom\u00eda, la cultura y la sociedad. Desc\u00e1rguelo gratuitamente en: <\/span><a href=\"http:\/\/www.editora.uepg.br\/ebooks\/ebook-marcas-e-discursos-de-genero-producoes-jornalisticas-representacoes-femininas-e-outros-olhares\"><span style=\"font-weight: 400\">www.editora.uepg.br\/ebooks\/ebook-marcas-e-discursos-de-genero-producoes-jornalisticas-representacoes-femininas-e-outros-olhares<\/span><\/a><span style=\"font-weight: 400\">\u00a0<\/span><\/p>\n<p><span style=\"font-weight: 400\">El libro Gender, Media &amp; Social Struggles: critical perceptions and emancipatory experiences es el resultado del trabajo realizado por el grupo de investigaci\u00f3n Periodismo y G\u00e9nero (CNPq) y de los debates realizados durante el V Coloquio Mujer y Sociedad &#8211; 2017. El libro es autor\u00eda de Graziela Bianchi, Karina Janz y Paula Melani, profesoras del Departamento de Periodismo y del Programa de Posgrado en Periodismo de la universidad. El libro est\u00e1 disponible gratuitamente en la p\u00e1gina web de la Editorial UEPG: <\/span><a href=\"http:\/\/www.editora.uepg.br\/ebooks\/genero-midia-lutas-sociais-percepcoes-criticas-e-experiencias-emancipadoras-ebook\"><span style=\"font-weight: 400\">www.editora.uepg.br\/ebooks\/genero-midia-lutas-sociais-percepcoes-criticas-e-experiencias-emancipadoras-ebook<\/span><\/a><span style=\"font-weight: 400\">\u00a0<\/span><\/p>\n","protected":false},"excerpt":{"rendered":"<p>Coloquio Mujer y Sociedad ISSN 2317-2665 En 2012 naci\u00f3 el Coloquio Mujeres y Sociedad. Evento vinculado a la investigaci\u00f3n y la divulgaci\u00f3n, promueve el di\u00e1logo con los movimientos sociales, busca formas de abordar las cuestiones de g\u00e9nero, raza, clase y etnia, y fomenta la creaci\u00f3n de pol\u00edticas p\u00fablicas. El encuentro se inaugur\u00f3 el 8 de&nbsp;&hellip;<\/p>\n","protected":false},"author":745,"featured_media":0,"parent":0,"menu_order":0,"comment_status":"closed","ping_status":"closed","template":"","meta":[],"_links":{"self":[{"href":"https:\/\/www2.uepg.br\/ppgjor\/wp-json\/wp\/v2\/pages\/3442"}],"collection":[{"href":"https:\/\/www2.uepg.br\/ppgjor\/wp-json\/wp\/v2\/pages"}],"about":[{"href":"https:\/\/www2.uepg.br\/ppgjor\/wp-json\/wp\/v2\/types\/page"}],"author":[{"embeddable":true,"href":"https:\/\/www2.uepg.br\/ppgjor\/wp-json\/wp\/v2\/users\/745"}],"replies":[{"embeddable":true,"href":"https:\/\/www2.uepg.br\/ppgjor\/wp-json\/wp\/v2\/comments?post=3442"}],"version-history":[{"count":1,"href":"https:\/\/www2.uepg.br\/ppgjor\/wp-json\/wp\/v2\/pages\/3442\/revisions"}],"predecessor-version":[{"id":3443,"href":"https:\/\/www2.uepg.br\/ppgjor\/wp-json\/wp\/v2\/pages\/3442\/revisions\/3443"}],"wp:attachment":[{"href":"https:\/\/www2.uepg.br\/ppgjor\/wp-json\/wp\/v2\/media?parent=3442"}],"curies":[{"name":"wp","href":"https:\/\/api.w.org\/{rel}","templated":true}]}}