{"id":3444,"date":"2025-06-04T11:47:22","date_gmt":"2025-06-04T14:47:22","guid":{"rendered":"https:\/\/www2.uepg.br\/ppgjor\/?page_id=3444"},"modified":"2025-06-04T11:47:22","modified_gmt":"2025-06-04T14:47:22","slug":"anales-de-los-eventos","status":"publish","type":"page","link":"https:\/\/www2.uepg.br\/ppgjor\/es\/anales-de-los-eventos\/","title":{"rendered":"Anales de los eventos"},"content":{"rendered":"<p><span style=\"font-weight: 400\">Coloquio Mujer y Sociedad<\/span><\/p>\n<p><b>VI Coloquio Mujer y Sociedad<\/b><\/p>\n<p><a href=\"http:\/\/www2.uepg.br\/ppgjor\/wp-content\/uploads\/sites\/26\/2019\/07\/APRESENTA%C3%87%C3%83O_2019.pdf\"><span style=\"font-weight: 400\">Presentaci\u00f3n<\/span><\/a><\/p>\n<p><a href=\"http:\/\/www2.uepg.br\/ppgjor\/wp-content\/uploads\/sites\/26\/2019\/07\/CORPO_EDITORIAL_2019.pdf\"><span style=\"font-weight: 400\">Consejo de redacci\u00f3n<\/span><\/a><\/p>\n<p><a href=\"http:\/\/www2.uepg.br\/ppgjor\/wp-content\/uploads\/sites\/26\/2019\/07\/NORMAS_PARA_PUBLICA%C3%87%C3%83O_2019.pdf\"><span style=\"font-weight: 400\">Normas de publicaci\u00f3n<\/span><\/a><\/p>\n<p><a href=\"http:\/\/www2.uepg.br\/ppgjor\/wp-content\/uploads\/sites\/26\/2019\/07\/EXPEDIENTE_2019.pdf\"><span style=\"font-weight: 400\">Oficina y datos de contacto<\/span><\/a><\/p>\n<p><a href=\"http:\/\/twixar.me\/0jQn\"><span style=\"font-weight: 400\">Actas &#8211; Volumen 5, 2019\u00a0<\/span><\/a><\/p>\n<p><b>V Coloquio Mujer y Sociedad<\/b><b><br \/>\n<\/b><b>ISSN 2317-2665<\/b><\/p>\n<p><a href=\"http:\/\/www2.uepg.br\/ppgjor\/wp-content\/uploads\/sites\/26\/2019\/07\/APRESENTA%C3%87%C3%83O_2017.pdf\"><span style=\"font-weight: 400\">Presentaci\u00f3n<\/span><\/a><\/p>\n<p><a href=\"http:\/\/www2.uepg.br\/ppgjor\/wp-content\/uploads\/sites\/26\/2019\/07\/CORPO_EDITORIAL_2017.pdf\"><span style=\"font-weight: 400\">Consejo de redacci\u00f3n<\/span><\/a><\/p>\n<p><a href=\"http:\/\/www2.uepg.br\/ppgjor\/wp-content\/uploads\/sites\/26\/2019\/07\/NORMAS_PARA_PUBLICA%C3%87%C3%83O_2017.pdf\"><span style=\"font-weight: 400\">Normas de publicaci\u00f3n<\/span><\/a><\/p>\n<p><a href=\"http:\/\/www2.uepg.br\/ppgjor\/wp-content\/uploads\/sites\/26\/2019\/07\/EXPEDIENTE_2017.pdf\"><span style=\"font-weight: 400\">Oficina y datos de contacto<\/span><\/a><\/p>\n<p><span style=\"font-weight: 400\">Actas &#8211; Volumen 4, 2017<\/span><\/p>\n<p>&nbsp;<\/p>\n<p><span style=\"font-weight: 400\">Seminario de invierno de Estudios de Comunicaci\u00f3n<\/span><\/p>\n<p><b>XXI Seminario de Invierno de Estudios de Comunicaci\u00f3n<\/b><b><br \/>\n<\/b><b>ISBN: 2175-0505<\/b><\/p>\n<p><a href=\"http:\/\/www2.uepg.br\/ppgjor\/wp-content\/uploads\/sites\/26\/2019\/07\/APRESENTA%C3%87%C3%83O_XXI-Semin%C3%A1rio-de-Inverno-de-Estudos-em-Comunica%C3%A7%C3%A3o.pdf\"><span style=\"font-weight: 400\">Presentaci\u00f3n<\/span><\/a><\/p>\n<p><a href=\"http:\/\/www2.uepg.br\/ppgjor\/wp-content\/uploads\/sites\/26\/2019\/07\/CORPO-EDITORIAL_semin%C3%A1rio-de-inverno.pdf\"><span style=\"font-weight: 400\">Consejo de redacci\u00f3n<\/span><\/a><\/p>\n<p><a href=\"http:\/\/www2.uepg.br\/ppgjor\/wp-content\/uploads\/sites\/26\/2019\/07\/NORMAS-PARA-PUBLICA%C3%87%C3%83O_sem-inverno.pdf\"><span style=\"font-weight: 400\">Normas de publicaci\u00f3n<\/span><\/a><\/p>\n<p><a href=\"http:\/\/www2.uepg.br\/ppgjor\/wp-content\/uploads\/sites\/26\/2019\/07\/EXPEDIENTE_SEM-INVERNO.pdf\"><span style=\"font-weight: 400\">Oficina y datos de contacto<\/span><\/a><\/p>\n<p><a href=\"http:\/\/www2.uepg.br\/ppgjor\/wp-content\/uploads\/sites\/26\/2019\/07\/NOVA-VERSAO-ISBN_SEMINARIO-DE-INVERNO.pdf\"><span style=\"font-weight: 400\">Actas &#8211; Volumen 1, 2018<\/span><\/a><\/p>\n<p>&nbsp;<\/p>\n<p><span style=\"font-weight: 400\">Seminario de investigaci\u00f3n period\u00edstica de MsJor<\/span><\/p>\n<p><b>II Seminario de Investigaci\u00f3n Period\u00edstica MsJor<\/b><b><br \/>\n<\/b><b>ISSN: 2594-8415<\/b><\/p>\n<p><a href=\"http:\/\/www2.uepg.br\/ppgjor\/wp-content\/uploads\/sites\/26\/2019\/07\/Apresenta%C3%A7%C3%A3o-II-Semin%C3%A1rio-de-Pesquisa-em-Jornalismo-do-MsJor.pdf\"><span style=\"font-weight: 400\">Presentaci\u00f3n<\/span><\/a><\/p>\n<p><a href=\"http:\/\/www2.uepg.br\/ppgjor\/wp-content\/uploads\/sites\/26\/2019\/07\/Corpo-editorial-Comit%C3%AA-cient%C3%ADfico-II-Semin%C3%A1rio-de-Pesquisa-em-Jornalismo-do-MsJor.pdf\"><span style=\"font-weight: 400\">Consejo de redacci\u00f3n<\/span><\/a><\/p>\n<p><a href=\"http:\/\/www2.uepg.br\/ppgjor\/wp-content\/uploads\/sites\/26\/2019\/07\/Normas-para-publica%C3%A7%C3%A3o-II-Semin%C3%A1rio-de-Pesquisa-em-Jornalismo-do-MsJor.pdf\"><span style=\"font-weight: 400\">Normas de publicaci\u00f3n<\/span><\/a><\/p>\n<p><a href=\"http:\/\/www2.uepg.br\/ppgjor\/wp-content\/uploads\/sites\/26\/2019\/07\/Expediente-II-Semin%C3%A1rio-de-Pesquisa-em-Jornalismo-do-MsJor.pdf\"><span style=\"font-weight: 400\">Oficina y datos de contacto<\/span><\/a><\/p>\n<p><a href=\"http:\/\/www2.uepg.br\/ppgjor\/wp-content\/uploads\/sites\/26\/2019\/07\/seminario-2018.pdf\"><span style=\"font-weight: 400\">Actas &#8211; Volumen 1, 2018<\/span><\/a><\/p>\n<p><b>MsJor Seminario de Investigaci\u00f3n Period\u00edstica<\/b><b><br \/>\n<\/b><b>ISSN: 2594-8415<\/b><\/p>\n<p><a href=\"http:\/\/www2.uepg.br\/ppgjor\/wp-content\/uploads\/sites\/26\/2019\/07\/Apresenta%C3%A7%C3%A3o-Semin%C3%A1rio-de-Pesquisa-em-Jornalismo.pdf\"><span style=\"font-weight: 400\">Presentaci\u00f3n<\/span><\/a><\/p>\n<p><a href=\"http:\/\/www2.uepg.br\/ppgjor\/wp-content\/uploads\/sites\/26\/2019\/07\/Corpo-editorial-Comit%C3%AA-cient%C3%ADfico-Semin%C3%A1rio-de-Pesquisa-em-Jornalismo.pdf\"><span style=\"font-weight: 400\">Consejo de redacci\u00f3n<\/span><\/a><\/p>\n<p><a href=\"http:\/\/www2.uepg.br\/ppgjor\/wp-content\/uploads\/sites\/26\/2019\/07\/Normas-para-publica%C3%A7%C3%A3o-Semin%C3%A1rio-de-Pesquisa-em-Jornalismo.pdf\"><span style=\"font-weight: 400\">Normas de publicaci\u00f3n<\/span><\/a><\/p>\n<p><a href=\"http:\/\/www2.uepg.br\/ppgjor\/wp-content\/uploads\/sites\/26\/2019\/07\/Expediente-Semin%C3%A1rio-de-Pesquisa-em-Jornalismo.pdf\"><span style=\"font-weight: 400\">Oficina y datos de contacto<\/span><\/a><\/p>\n<p><a href=\"http:\/\/www2.uepg.br\/ppgjor\/wp-content\/uploads\/sites\/26\/2019\/07\/seminario2017.pdf\"><span style=\"font-weight: 400\">Actas &#8211; Volumen 1, 2017<\/span><\/a><\/p>\n<p>&nbsp;<\/p>\n","protected":false},"excerpt":{"rendered":"<p>Coloquio Mujer y Sociedad VI Coloquio Mujer y Sociedad Presentaci\u00f3n Consejo de redacci\u00f3n Normas de publicaci\u00f3n Oficina y datos de contacto Actas &#8211; Volumen 5, 2019\u00a0 V Coloquio Mujer y Sociedad ISSN 2317-2665 Presentaci\u00f3n Consejo de redacci\u00f3n Normas de publicaci\u00f3n Oficina y datos de contacto Actas &#8211; Volumen 4, 2017 &nbsp; Seminario de invierno de&nbsp;&hellip;<\/p>\n","protected":false},"author":745,"featured_media":0,"parent":0,"menu_order":0,"comment_status":"closed","ping_status":"closed","template":"","meta":[],"_links":{"self":[{"href":"https:\/\/www2.uepg.br\/ppgjor\/wp-json\/wp\/v2\/pages\/3444"}],"collection":[{"href":"https:\/\/www2.uepg.br\/ppgjor\/wp-json\/wp\/v2\/pages"}],"about":[{"href":"https:\/\/www2.uepg.br\/ppgjor\/wp-json\/wp\/v2\/types\/page"}],"author":[{"embeddable":true,"href":"https:\/\/www2.uepg.br\/ppgjor\/wp-json\/wp\/v2\/users\/745"}],"replies":[{"embeddable":true,"href":"https:\/\/www2.uepg.br\/ppgjor\/wp-json\/wp\/v2\/comments?post=3444"}],"version-history":[{"count":1,"href":"https:\/\/www2.uepg.br\/ppgjor\/wp-json\/wp\/v2\/pages\/3444\/revisions"}],"predecessor-version":[{"id":3445,"href":"https:\/\/www2.uepg.br\/ppgjor\/wp-json\/wp\/v2\/pages\/3444\/revisions\/3445"}],"wp:attachment":[{"href":"https:\/\/www2.uepg.br\/ppgjor\/wp-json\/wp\/v2\/media?parent=3444"}],"curies":[{"name":"wp","href":"https:\/\/api.w.org\/{rel}","templated":true}]}}