{"id":3448,"date":"2025-06-04T11:49:51","date_gmt":"2025-06-04T14:49:51","guid":{"rendered":"https:\/\/www2.uepg.br\/ppgjor\/?page_id=3448"},"modified":"2025-06-04T11:49:51","modified_gmt":"2025-06-04T14:49:51","slug":"revista-internacional-de-comunicacion-popular","status":"publish","type":"page","link":"https:\/\/www2.uepg.br\/ppgjor\/es\/revista-internacional-de-comunicacion-popular\/","title":{"rendered":"Revista Internacional de Comunicaci\u00f3n Popular"},"content":{"rendered":"<p><strong>ISSN electr\u00f3nico: 1807-4960<\/strong><\/p>\n<p><span style=\"font-weight: 400\">Portal: <\/span><span style=\"font-weight: 400\">\u00a0<\/span><a href=\"https:\/\/revistas.uepg.br\/index.php\/folkcom\/issue\/view\/934\"><span style=\"font-weight: 400\">https:\/\/revistas.uepg.br\/index.php\/folkcom\/issue\/view\/934<\/span><\/a><\/p>\n<p>&nbsp;<\/p>\n<p><span style=\"font-weight: 400\">La Revista Internacional de Comunicaci\u00f3n Folcl\u00f3rica tiene como objetivo promover la difusi\u00f3n de la producci\u00f3n cient\u00edfica en el \u00e1rea de la comunicaci\u00f3n folcl\u00f3rica, explorar nuevas direcciones y metodolog\u00edas de investigaci\u00f3n, fortalecer el di\u00e1logo entre los conceptos te\u00f3ricos y la investigaci\u00f3n emp\u00edrica y proporcionar conocimientos para profesores, investigadores y estudiantes de Comunicaci\u00f3n. La revista est\u00e1 patrocinada por la Fundaci\u00f3n Arauc\u00e1ria y sus instituciones asociadas son el Programa de Postgrado en Periodismo de la Universidad Estatal de Ponta Grossa, la Imprenta de la Universidad Estatal de Ponta Grossa, la C\u00e1tedra Unesco\/Umesp de Comunicaci\u00f3n para el Desarrollo Regional y la Red Folkcom. La revista se publica semestralmente y ofrece acceso gratuito inmediato a su contenido para promover la democratizaci\u00f3n del conocimiento.<\/span><\/p>\n<p><span style=\"font-weight: 400\">RIF est\u00e1 indexada en las siguientes bases de datos: Directory of Open Access Journals (DOAJ), Latindex, Red Iberoamericana de Innovaci\u00f3n y Conocimiento Cient\u00edfico &#8211; REDIB, Citas Latinoamericanas en Ciencias Sociales y Humanidades &#8211; CLASE, Google Scholar, Sherpa\/Romeo, Red Latinoamericana de Revistas &#8211; LatinRev, Diadorim\/IBICT, Sumarios, Portal de la Comunicaci\u00f3n, Portal LivRe! Portal Peri\u00f3dicos da CAPES, Reviscom, Oasisbr, Bibliograf\u00eda Latinoamericana en Revistas de Investigaci\u00f3n Cient\u00edfica y Social &#8211; BIBLAT, European Reference Index for the Humanities and Social Sciences &#8211; ERIH PLUS, Mir@bel, Journals for Free.<\/span><\/p>\n<p>&nbsp;<\/p>\n","protected":false},"excerpt":{"rendered":"<p>ISSN electr\u00f3nico: 1807-4960 Portal: \u00a0https:\/\/revistas.uepg.br\/index.php\/folkcom\/issue\/view\/934 &nbsp; La Revista Internacional de Comunicaci\u00f3n Folcl\u00f3rica tiene como objetivo promover la difusi\u00f3n de la producci\u00f3n cient\u00edfica en el \u00e1rea de la comunicaci\u00f3n folcl\u00f3rica, explorar nuevas direcciones y metodolog\u00edas de investigaci\u00f3n, fortalecer el di\u00e1logo entre los conceptos te\u00f3ricos y la investigaci\u00f3n emp\u00edrica y proporcionar conocimientos para profesores, investigadores y estudiantes&nbsp;&hellip;<\/p>\n","protected":false},"author":745,"featured_media":0,"parent":0,"menu_order":0,"comment_status":"closed","ping_status":"closed","template":"","meta":[],"_links":{"self":[{"href":"https:\/\/www2.uepg.br\/ppgjor\/wp-json\/wp\/v2\/pages\/3448"}],"collection":[{"href":"https:\/\/www2.uepg.br\/ppgjor\/wp-json\/wp\/v2\/pages"}],"about":[{"href":"https:\/\/www2.uepg.br\/ppgjor\/wp-json\/wp\/v2\/types\/page"}],"author":[{"embeddable":true,"href":"https:\/\/www2.uepg.br\/ppgjor\/wp-json\/wp\/v2\/users\/745"}],"replies":[{"embeddable":true,"href":"https:\/\/www2.uepg.br\/ppgjor\/wp-json\/wp\/v2\/comments?post=3448"}],"version-history":[{"count":1,"href":"https:\/\/www2.uepg.br\/ppgjor\/wp-json\/wp\/v2\/pages\/3448\/revisions"}],"predecessor-version":[{"id":3449,"href":"https:\/\/www2.uepg.br\/ppgjor\/wp-json\/wp\/v2\/pages\/3448\/revisions\/3449"}],"wp:attachment":[{"href":"https:\/\/www2.uepg.br\/ppgjor\/wp-json\/wp\/v2\/media?parent=3448"}],"curies":[{"name":"wp","href":"https:\/\/api.w.org\/{rel}","templated":true}]}}