{"id":3450,"date":"2025-06-04T11:50:40","date_gmt":"2025-06-04T14:50:40","guid":{"rendered":"https:\/\/www2.uepg.br\/ppgjor\/?page_id=3450"},"modified":"2025-06-04T11:50:40","modified_gmt":"2025-06-04T14:50:40","slug":"pauta-geral-2","status":"publish","type":"page","link":"https:\/\/www2.uepg.br\/ppgjor\/es\/pauta-geral-2\/","title":{"rendered":"Pauta Geral"},"content":{"rendered":"<p><strong>ISSN electr\u00f3nico: 2318-857X<\/strong><\/p>\n<p><span style=\"font-weight: 400\">P\u00e1gina web: <\/span><a href=\"https:\/\/revistas.uepg.br\/index.php\/pauta\/index\"><span style=\"font-weight: 400\">https:\/\/revistas.uepg.br\/index.php\/pauta\/index<\/span><\/a><\/p>\n<p>&nbsp;<\/p>\n<p><span style=\"font-weight: 400\">Con \u00e1rea de concentraci\u00f3n en Procesos Period\u00edsticos, la revista Pauta Geral &#8211; Estudos em Jornalismo (Agenda General &#8211; Estudios en Periodismo) es desarrollada por alumnos y profesores del Programa de Maestr\u00eda en Periodismo de la Universidad Estadual de Ponta Grossa (UEPG) y ofrece a la sociedad un espacio relevante para la divulgaci\u00f3n de los resultados de las investigaciones desarrolladas en el \u00e1rea de Periodismo. De forma continua, la revista recibe art\u00edculos cient\u00edficos y rese\u00f1as cr\u00edticas de autores vinculados a instituciones de ense\u00f1anza superior, con un m\u00ednimo de maestr\u00eda. Los textos deben versar sobre temas\/enfoques te\u00f3rico-metodol\u00f3gicos relacionados con el campo del Periodismo, aportando resultados (parciales o finales) de investigaciones emp\u00edricas o reflexiones conceptuales sobre cuestiones que involucren el Periodismo o la interfaz con otros campos y objetos. La revista tambi\u00e9n acepta rese\u00f1as, que deben abarcar trabajos publicados en los tres a\u00f1os anteriores al texto producido y sometido al consejo de Pauta Geral.<\/span><\/p>\n<p><span style=\"font-weight: 400\">Pauta Geral es la primera revista cient\u00edfica especializada en periodismo del pa\u00eds. Fue creada en 1993 en la UFBA y, desde 2014, es editada por el Programa de Posgrado en Periodismo de la Universidad Estatal de Ponta Grossa. La revista tiene periodicidad semestral y acceso libre a su contenido.<\/span><\/p>\n<p><span style=\"font-weight: 400\">Pauta Geral est\u00e1 indexada en las siguientes bases de datos: Latindex; IBICT\/ SEER; REVIScom; Diadorim; Dialnet; Doaj; Sum\u00e1rios; Portal Livre; SHERPA\/ROMEO; FLASCO Argentina; Scholar Google.<\/span><\/p>\n<p>&nbsp;<\/p>\n","protected":false},"excerpt":{"rendered":"<p>ISSN electr\u00f3nico: 2318-857X P\u00e1gina web: https:\/\/revistas.uepg.br\/index.php\/pauta\/index &nbsp; Con \u00e1rea de concentraci\u00f3n en Procesos Period\u00edsticos, la revista Pauta Geral &#8211; Estudos em Jornalismo (Agenda General &#8211; Estudios en Periodismo) es desarrollada por alumnos y profesores del Programa de Maestr\u00eda en Periodismo de la Universidad Estadual de Ponta Grossa (UEPG) y ofrece a la sociedad un espacio&nbsp;&hellip;<\/p>\n","protected":false},"author":745,"featured_media":0,"parent":0,"menu_order":0,"comment_status":"closed","ping_status":"closed","template":"","meta":[],"_links":{"self":[{"href":"https:\/\/www2.uepg.br\/ppgjor\/wp-json\/wp\/v2\/pages\/3450"}],"collection":[{"href":"https:\/\/www2.uepg.br\/ppgjor\/wp-json\/wp\/v2\/pages"}],"about":[{"href":"https:\/\/www2.uepg.br\/ppgjor\/wp-json\/wp\/v2\/types\/page"}],"author":[{"embeddable":true,"href":"https:\/\/www2.uepg.br\/ppgjor\/wp-json\/wp\/v2\/users\/745"}],"replies":[{"embeddable":true,"href":"https:\/\/www2.uepg.br\/ppgjor\/wp-json\/wp\/v2\/comments?post=3450"}],"version-history":[{"count":1,"href":"https:\/\/www2.uepg.br\/ppgjor\/wp-json\/wp\/v2\/pages\/3450\/revisions"}],"predecessor-version":[{"id":3451,"href":"https:\/\/www2.uepg.br\/ppgjor\/wp-json\/wp\/v2\/pages\/3450\/revisions\/3451"}],"wp:attachment":[{"href":"https:\/\/www2.uepg.br\/ppgjor\/wp-json\/wp\/v2\/media?parent=3450"}],"curies":[{"name":"wp","href":"https:\/\/api.w.org\/{rel}","templated":true}]}}