{"id":3486,"date":"2025-06-05T13:33:41","date_gmt":"2025-06-05T16:33:41","guid":{"rendered":"https:\/\/www2.uepg.br\/ppgjor\/?page_id=3486"},"modified":"2025-06-05T13:33:41","modified_gmt":"2025-06-05T16:33:41","slug":"redes-de-investigacion","status":"publish","type":"page","link":"https:\/\/www2.uepg.br\/ppgjor\/es\/redes-de-investigacion\/","title":{"rendered":"Redes de investigaci\u00f3n"},"content":{"rendered":"<p>Los profesores del PPGJor participan en proyectos internacionales, como l\u00edderes, como miembros y\/o con recursos financiados internacionalmente.<\/p>\n<p>&nbsp;<\/p>\n<p><strong>El Global Risk Journalism Hub<\/strong>, que incluye investigadores de m\u00e1s de 50 pa\u00edses del Norte y del Sur global, est\u00e1 coordinado por Ingrid Volkmer (Universidad de Melbourne &#8211; Australia) y Antonio Castillo (RMIT University &#8211; Australia), con la participaci\u00f3n de Paula Melani Rocha. Libro de la red: &#8220;Ecologies of Global Risk Journalism Conceptualising Local Journalism in an Era of Deep Disruptions&#8221;, publicado por Routledge en 2024 (https:\/\/doi.org\/10.4324\/9781003431268).<\/p>\n<p><strong>Journalism Education and Trauma Research Group &#8211; JETREG<\/strong>, re\u00fane a m\u00e1s de 250 investigadores de todo el mundo, agrupados en 19 &#8220;Hubs&#8221; regionales, con la profesora Paula Melani Rocha como investigadora principal del Hub Regional de Investigaci\u00f3n de Am\u00e9rica del Sur.<\/p>\n<p><strong>De las revistas impresas a los blogs y portales digitales: la acci\u00f3n pol\u00edtico-cultural las publicaciones culturales en Am\u00e9rica Latina proyecto internacional de Programa de Apoyo a Proyectos de Investigaci\u00f3n e Innovaci\u00f3n Tecnol\u00f3gica &#8211; PAPIIT de la Universidad Nacional Aut\u00f3noma de M\u00e9xico(1960-2000)<\/strong> . Entre los investigadores del proyecto se encuentran los profesores Regina Crespo Franzoni (UNAM &#8211; M\u00e9xico), Jenny T. Guerra Gonz\u00e1lez (UNAM &#8211; M\u00e9xico), Claudio Maiz (UCuyo &#8211; Argentina); Adriana Petra (Universidad Nacional de San Mart\u00edn &#8211; Argentina), Karina Janz Woitowicz (UEPG). El principal resultado de la investigaci\u00f3n cooperativa es el libro disponible en: https:\/\/librosoa.unam.mx\/bitstream\/handle\/123456789\/3702\/9786073082808.pdf?sequence=1&amp;isAllowed=y.<\/p>\n<p><strong>La Red Internacional de Periodismo, Comunicaci\u00f3n y Estudios de G\u00e9nero<\/strong> es un acuerdo de cooperaci\u00f3n interinstitucional en periodismo, comunicaci\u00f3n y estudios de g\u00e9nero, que involucra cuatro programas de posgrado, dos brasile\u00f1os y dos internacionales &#8211; UNB, la Universidad de Rennes (Francia), la Universidad Estadual de Ponta Grossa y la Universidad Nacional de San Luis (Argentina). Cada universidad tiene un equipo ejecutivo y en la UEPG est\u00e1 formado por los profesores Paula Melani Rocha, Karina Janz Woitowicz y Felipe Sim\u00e3o Pontes.<\/p>\n<p><strong>flexMediaLives<\/strong>: \u201cMeasuring and analysing biographical risks in flexible labour markets using big data: the case of journalists&#8217; careers and career narratives in France and Brazil&#8221;. Proyecto coordinado por el profesor Jacques Mick (UFSC) en colaboraci\u00f3n con el investigador franc\u00e9s Gilles Bastin (Sciences Po &#8211; Universit\u00e9 Grenoble-Alpes &#8211; Francia), con la participaci\u00f3n de Felipe Sim\u00e3o Pontes (UEPG).<\/p>\n<p><strong>Red de Investigadores en Comunicaci\u00f3n Internacional<\/strong>, fundada y coordinada por Ivan Elizeu Bomfim, cuenta con la participaci\u00f3n de investigadores de la Universidad Nacional de Colombia, Universidad Javeriana, Universidade Federal do Rio Grande do Sul, Pontif\u00edcia Universidade Cat\u00f3lica do Rio Grande do Sul, Universidad Federal Fluminense, Universidad de Buenos Aires, entre otros academicos interesados en el estudio de los medios de comunicaci\u00f3n en la configuraci\u00f3n pol\u00edtica de las relaciones internacionales.<\/p>\n<p><strong>Asociaci\u00f3n interinstitucional entre PPGJor UEPG y UNJu (Argentina<\/strong>), en la que S\u00e9rgio Gadini ense\u00f1a en el Programa de Postgrado Problemas Contempor\u00e1neos de la Comunicaci\u00f3n de la Universidad Nacional de Jujuy: (http:\/\/www.fhycs.unju.edu.ar\/secretaria_posgrado\/posgrado_articulo.php?id=40).<\/p>\n","protected":false},"excerpt":{"rendered":"<p>Los profesores del PPGJor participan en proyectos internacionales, como l\u00edderes, como miembros y\/o con recursos financiados internacionalmente. &nbsp; El Global Risk Journalism Hub, que incluye investigadores de m\u00e1s de 50 pa\u00edses del Norte y del Sur global, est\u00e1 coordinado por Ingrid Volkmer (Universidad de Melbourne &#8211; Australia) y Antonio Castillo (RMIT University &#8211; Australia), con&nbsp;&hellip;<\/p>\n","protected":false},"author":745,"featured_media":0,"parent":0,"menu_order":0,"comment_status":"closed","ping_status":"closed","template":"","meta":[],"_links":{"self":[{"href":"https:\/\/www2.uepg.br\/ppgjor\/wp-json\/wp\/v2\/pages\/3486"}],"collection":[{"href":"https:\/\/www2.uepg.br\/ppgjor\/wp-json\/wp\/v2\/pages"}],"about":[{"href":"https:\/\/www2.uepg.br\/ppgjor\/wp-json\/wp\/v2\/types\/page"}],"author":[{"embeddable":true,"href":"https:\/\/www2.uepg.br\/ppgjor\/wp-json\/wp\/v2\/users\/745"}],"replies":[{"embeddable":true,"href":"https:\/\/www2.uepg.br\/ppgjor\/wp-json\/wp\/v2\/comments?post=3486"}],"version-history":[{"count":1,"href":"https:\/\/www2.uepg.br\/ppgjor\/wp-json\/wp\/v2\/pages\/3486\/revisions"}],"predecessor-version":[{"id":3487,"href":"https:\/\/www2.uepg.br\/ppgjor\/wp-json\/wp\/v2\/pages\/3486\/revisions\/3487"}],"wp:attachment":[{"href":"https:\/\/www2.uepg.br\/ppgjor\/wp-json\/wp\/v2\/media?parent=3486"}],"curies":[{"name":"wp","href":"https:\/\/api.w.org\/{rel}","templated":true}]}}