{"id":3488,"date":"2025-06-05T13:34:05","date_gmt":"2025-06-05T16:34:05","guid":{"rendered":"https:\/\/www2.uepg.br\/ppgjor\/?page_id=3488"},"modified":"2025-06-05T13:34:05","modified_gmt":"2025-06-05T16:34:05","slug":"convenios-2","status":"publish","type":"page","link":"https:\/\/www2.uepg.br\/ppgjor\/es\/convenios-2\/","title":{"rendered":"Convenios"},"content":{"rendered":"<h2 style=\"text-align: center\"><span style=\"font-weight: 400\">GCUB<\/span><\/h2>\n<p style=\"text-align: center\"><span style=\"font-weight: 400\">El PPGJor forma parte del Programa de Movilidad Internacional del Grupo de Cooperaci\u00f3n Internacional de Universidades Brasile\u00f1as (GCUB), que re\u00fane a universidades p\u00fablicas brasile\u00f1as y ofrece becas a estudiantes extranjeros interesados en cursar programas de posgrado, como m\u00e1steres o doctorados, en Brasil.<\/span><\/p>\n<p style=\"text-align: center\"><span style=\"font-weight: 400\">El objetivo principal del GCUB es contribuir al desarrollo acad\u00e9mico de alto nivel de estudiantes de los cinco continentes, adem\u00e1s de promover la internacionalizaci\u00f3n universitaria y fortalecer la cooperaci\u00f3n internacional entre las universidades brasile\u00f1as y las instituciones de otros pa\u00edses.<\/span><\/p>\n<p style=\"text-align: center\"><span style=\"font-weight: 400\">Entre los beneficios del programa se destacan: exenci\u00f3n de matr\u00edculas, cuotas mensuales o anuales acad\u00e9micas; acceso a los restaurantes universitarios; y apoyo financiero para cubrir las tasas de inscripci\u00f3n, los gastos administrativos y el seguro obligatorio.<\/span><\/p>\n<h2 style=\"text-align: center\"><span style=\"font-weight: 400\">ZICOSUR Universitario<\/span><\/h2>\n<p style=\"text-align: center\"><span style=\"font-weight: 400\">El PPGJor forma parte de la Red de Universidades de la Zona de Integraci\u00f3n del Centro Oeste de Sudam\u00e9rica (ZICOSUR Universitario). Se trata de un grupo de universidades p\u00fablicas de Argentina, Bolivia, Brasil, Chile, Paraguay y Per\u00fa, que act\u00faa con el objetivo de fortalecer la integraci\u00f3n acad\u00e9mica regional y consolidar el intercambio en las \u00e1reas de ense\u00f1anza, investigaci\u00f3n y extensi\u00f3n de las regiones que componen ZICOSUR. Y, en consecuencia, promover una mayor inserci\u00f3n en el contexto internacional e incentivar el desarrollo econ\u00f3mico y social de la regi\u00f3n.<\/span><\/p>\n<p style=\"text-align: center\"><span style=\"font-weight: 400\">Entre sus objetivos espec\u00edficos, ZICOSUR pretende:<\/span><\/p>\n<ol style=\"text-align: center\">\n<li><span style=\"font-weight: 400\">a) Crear una plataforma de informaci\u00f3n sobre la oferta de posgrados de las universidades de la regi\u00f3n, as\u00ed como sobre las investigaciones acad\u00e9micas realizadas por estas instituciones de ense\u00f1anza superior y los acuerdos firmados entre ellas.<\/span><\/li>\n<li><span style=\"font-weight: 400\">b) Analizar la informaci\u00f3n obtenida con el fin de mejorar y coordinar la oferta de cursos de posgrado en la regi\u00f3n.<\/span><\/li>\n<li><span style=\"font-weight: 400\">c) Generar cursos de posgrado a nivel regional en \u00e1reas reconocidas que promuevan el desarrollo;<\/span><\/li>\n<li><span style=\"font-weight: 400\">d) Recuperar el papel de las universidades como instituciones intermediarias entre los gobiernos y sus poblaciones;<\/span><\/li>\n<li><span style=\"font-weight: 400\">e) Facilitar el intercambio de estudiantes de grado y posgrado;<\/span><\/li>\n<li><span style=\"font-weight: 400\">f) Promover la movilidad de los profesores;<\/span><\/li>\n<li><span style=\"font-weight: 400\">g) Promover las becas Zicosur;<\/span><\/li>\n<li><span style=\"font-weight: 400\">h) Generar una identidad compartida a trav\u00e9s del conocimiento de diferentes culturas;<\/span><\/li>\n<li><span style=\"font-weight: 400\">i) Crear un espacio de reflexi\u00f3n sobre la importancia de la educaci\u00f3n en los procesos de integraci\u00f3n;<\/span><\/li>\n<li><span style=\"font-weight: 400\">j) Promover el desarrollo de proyectos de investigaci\u00f3n conjuntos entre las universidades de la Regi\u00f3n;<\/span><\/li>\n<li><span style=\"font-weight: 400\">k) Promover la validaci\u00f3n regional de t\u00edtulos de educaci\u00f3n superior, generando el marco jur\u00eddico necesario para ello.<\/span><\/li>\n<\/ol>\n<p style=\"text-align: center\"><span style=\"font-weight: 400\">\u00a0<\/span><\/p>\n<h2 style=\"text-align: center\"><b>OFICINA DE RELACIONES INTERNACIONALES<\/b><\/h2>\n<p style=\"text-align: center\"><span style=\"font-weight: 400\">La Universidad Estatal de Ponta Grossa mantiene acuerdos, programas de movilidad estudiantil internacional y directrices de internacionalizaci\u00f3n a trav\u00e9s de la Oficina de Relaciones Internacionales (ERI).\u00a0 Esta oficina desempe\u00f1a la funci\u00f3n de agente responsable de la armonizaci\u00f3n de las directrices de internacionalizaci\u00f3n de la Universidad, en consonancia con la pol\u00edtica institucional, estatal o federal, as\u00ed como de su proceso de implementaci\u00f3n.<\/span><\/p>\n<p style=\"text-align: center\"><span style=\"font-weight: 400\">A trav\u00e9s de acuerdos con diversas instituciones de m\u00e1s de 25 pa\u00edses, la UEPG recibe y env\u00eda investigadores, profesores y estudiantes para intercambios y perfeccionamiento cient\u00edfico, t\u00e9cnico y educativo.<\/span><\/p>\n<p style=\"text-align: center\"><span style=\"font-weight: 400\">M\u00e1s informaci\u00f3n en: <\/span><a href=\"https:\/\/www2.uepg.br\/eri\/\"><span style=\"font-weight: 400\">https:\/\/www2.uepg.br\/eri\/<\/span><\/a><span style=\"font-weight: 400\">\u00a0<\/span><\/p>\n<p style=\"text-align: center\">\n","protected":false},"excerpt":{"rendered":"<p>GCUB El PPGJor forma parte del Programa de Movilidad Internacional del Grupo de Cooperaci\u00f3n Internacional de Universidades Brasile\u00f1as (GCUB), que re\u00fane a universidades p\u00fablicas brasile\u00f1as y ofrece becas a estudiantes extranjeros interesados en cursar programas de posgrado, como m\u00e1steres o doctorados, en Brasil. El objetivo principal del GCUB es contribuir al desarrollo acad\u00e9mico de alto&nbsp;&hellip;<\/p>\n","protected":false},"author":745,"featured_media":0,"parent":0,"menu_order":0,"comment_status":"closed","ping_status":"closed","template":"","meta":[],"_links":{"self":[{"href":"https:\/\/www2.uepg.br\/ppgjor\/wp-json\/wp\/v2\/pages\/3488"}],"collection":[{"href":"https:\/\/www2.uepg.br\/ppgjor\/wp-json\/wp\/v2\/pages"}],"about":[{"href":"https:\/\/www2.uepg.br\/ppgjor\/wp-json\/wp\/v2\/types\/page"}],"author":[{"embeddable":true,"href":"https:\/\/www2.uepg.br\/ppgjor\/wp-json\/wp\/v2\/users\/745"}],"replies":[{"embeddable":true,"href":"https:\/\/www2.uepg.br\/ppgjor\/wp-json\/wp\/v2\/comments?post=3488"}],"version-history":[{"count":1,"href":"https:\/\/www2.uepg.br\/ppgjor\/wp-json\/wp\/v2\/pages\/3488\/revisions"}],"predecessor-version":[{"id":3489,"href":"https:\/\/www2.uepg.br\/ppgjor\/wp-json\/wp\/v2\/pages\/3488\/revisions\/3489"}],"wp:attachment":[{"href":"https:\/\/www2.uepg.br\/ppgjor\/wp-json\/wp\/v2\/media?parent=3488"}],"curies":[{"name":"wp","href":"https:\/\/api.w.org\/{rel}","templated":true}]}}