{"id":3553,"date":"2025-06-11T11:47:37","date_gmt":"2025-06-11T14:47:37","guid":{"rendered":"https:\/\/www2.uepg.br\/ppgjor\/?page_id=3553"},"modified":"2025-06-11T11:47:37","modified_gmt":"2025-06-11T14:47:37","slug":"dialogues-on-journalism-history-and-literature-previous-editions","status":"publish","type":"page","link":"https:\/\/www2.uepg.br\/ppgjor\/en\/dialogues-on-journalism-history-and-literature-previous-editions\/","title":{"rendered":"Dialogues on Journalism, History and Literature &#8211; Previous editions"},"content":{"rendered":"<p><strong>Dialogues in Journalism, History and Literature (2021)<\/strong><\/p>\n<p>On September 22, 2021, the panel \u201cDialogues in Journalism, Literature and History: 100 years of Paulo Freire\u201d was broadcast live by the Center for Technology and Open and Distance Education (Nutead) of the State University of Ponta Grossa (UEPG).<\/p>\n<p>Promoted by the Postgraduate Programs in Journalism (PPJOR\/UEPG), in Language Studies (PPGEL\/UEPG), in Education (PPGE\/UEPG) and in History (PPGH\/UEPG), it was composed of the following panelists:<\/p>\n<p>Profa. Dra. Angela Ferreira (UEPG)<br \/>\nProfa. Dra. Hebe Gon\u00e7alves (UEPG)<br \/>\nProfa. Dra. Lucimara de Paula (UEPG)<br \/>\nProfa. Dra. Ivonete Varela (UFPR)<\/p>\n<p>Mediation: Dr. S\u00e9rgio Gadini (UEPG)<\/p>\n<p>Event available at: https:\/\/www.youtube.com\/watch?reload=9&amp;v=9ajpqnInkJ4 (2h15min)<\/p>\n<p><strong>Dialogues in Journalism, History and Literature (2019.2)<\/strong><\/p>\n<p>On 11\/20\/2019, the panel \u201cDialogues in Journalism, Literature and History: Contribution of Jurgen Habermas&#8217; thought\u201d was broadcast live by the Center for Technology and Open and Distance Education (Nutead) of the State University of Ponta Grossa (UEPG).<\/p>\n<p>The event \u2013 \u200b\u200bpromoted by the Postgraduate Programs in Journalism (PPJOR\/UEPG), in Language Studies (PPGEL\/UEPG), in Education (PPGE\/UEPG) and in History (PPGH\/UEPG) \u2013 had the participation of the following panelists:<\/p>\n<p>Prof. Dr. Guilherme Telles Bauer, PhD in Political Science and Sociology from the University of Heidelberg (Ruprecht-Karls). He is currently a professor at the Tuiuti University of Paran\u00e1 (UTP).<\/p>\n<p>Prof. Dr. Rosaly Machado, PhD in Administration from the Positivo University (UP), with a thesis on ethics in organizations, in which she addresses Habermas&#8217; theory of communicative action. Professor in the Accounting Department at UEPG.<\/p>\n<p>Prof. Ms. Ricardo Grokorriski, Master in Education from UEPG and a degree in Philosophy from the Assun\u00e7\u00e3o University Center. Professor at the Sant&#8217;Ana Higher Education Institution (IESSA) and at the Paran\u00e1 State Department of Education (SEED\/PR).<\/p>\n<p>The mediation was by Professor Carlos Willians J. Morais, author of the book \u201cPhilosophy, Education and Knowledge: subjectivity and intersubjectivity in Kant and Habermas\u201d, published in 2013 by Editora UEPG, and other publications on the subject.<\/p>\n<p>Event available at:https:\/\/www.youtube.com\/watch?v=WfTbihlEWCk (2h06min)<\/p>\n<p>&nbsp;<\/p>\n<p><strong>Dialogues in Journalism, History and Literature (2019.1)<\/strong><\/p>\n<p>\u201cDialogues between Journalism, History and Literature\u201d brought together interdisciplinary perspectives on the work of M\u00e1rio Magalh\u00e3es. Discussing aspects of a work, author or historical moment from multiple perspectives. This was the proposal of the event \u201cDialogues between Journalism, History and Literature\u201d, held every six months by the Master\u2019s in Journalism at UEPG since 2016. In the first half of 2019, the chosen work was \u201cMariguella, the guerrilla who set the world on fire\u201d, written by journalist and writer M\u00e1rio Magalh\u00e3es and published by Companhia das Letras in 2012. The event was part of the program for the Descomemorar Golpes Cycle, which includes activities in different locations around the city throughout the week to discuss the memory and impacts of the civil-military dictatorship in Brazil.<\/p>\n<p>The panel on Carlos Marighella&#8217;s biography was attended by Professor Dr. Karine Moura Vieira, from the Journalism course at Uninter, Professor Dr. Paulo Mello, from the Professional Master&#8217;s Degree in History Teaching at UEPG, and Professor Dr. Hebe Maria Gon\u00e7alves de Oliveira, from the Master&#8217;s Degree in Journalism at UEPG. The event took place on March 27, 2019, Wednesday, at 7:00 p.m., in the Small Auditorium of UEPG&#8217;s Central Campus, with free admission.<\/p>\n<p>\u201c\u201cDialogues between Journalism, History and Literature\u201d\u201d has already addressed, in previous editions, the work of Umberto Eco, Euclides da Cunha, Lima Barreto, Clarice Lispector and writings from the Russian Revolution and May 1968. Marighella&#8217;s work was chosen because it is in tune with the proposal of the Descomemorar Golpes Cycle and for its historical, journalistic and literary relevance.<\/p>\n<p>Carlos Marighella was a member of the Brazilian Communist Party (PCB) and one of the leaders of the National Liberation Action (ANL). Black and poor, the politician and writer was persecuted and tortured at two points in Brazilian history: by the Vargas government and by the military regime, and was assassinated in 1969.<\/p>\n<p><strong>Dialogues in Journalism and Literature (2018)<\/strong><\/p>\n<p>Clarice Lispector&#8217;s (1925-1977) contributions to journalism and literature were the theme of Di\u00e1logos 2018 at the State University of Ponta Grossa (UEPG). The event took place on October 17th at the UEPG main campus, with free admission.<\/p>\n<p>UEPG professors Silvana Oliveira (Language Studies) and Paula Melani Rocha (Journalism) participated in the debate, as well as Sant&#8217;Ana College professor Fernando Zan Vieira (Letters).<\/p>\n<p>Di\u00e1logos is organized by the UEPG Postgraduate Program (Master&#8217;s) in Journalism. The event has been running for two years and has already discussed other classics, such as Euclides da Cunha (1866-1909), Lima Barreto (1881-1922), and Umberto Eco (1932-2016).<\/p>\n<p>In the first semester, the theme of the event was \u201cRelations between French intellectuals and May 68\u201d and was attended by Daniel de Oliveira Gomes (PPGL UEPG), Jhony Skeika (PPGL UEPG) and Carlos Morais (PPGJor UEPG).<\/p>\n","protected":false},"excerpt":{"rendered":"<p>Dialogues in Journalism, History and Literature (2021) On September 22, 2021, the panel \u201cDialogues in Journalism, Literature and History: 100 years of Paulo Freire\u201d was broadcast live by the Center for Technology and Open and Distance Education (Nutead) of the State University of Ponta Grossa (UEPG). Promoted by the Postgraduate Programs in Journalism (PPJOR\/UEPG), in&nbsp;&hellip;<\/p>\n","protected":false},"author":745,"featured_media":0,"parent":0,"menu_order":0,"comment_status":"closed","ping_status":"closed","template":"","meta":[],"_links":{"self":[{"href":"https:\/\/www2.uepg.br\/ppgjor\/wp-json\/wp\/v2\/pages\/3553"}],"collection":[{"href":"https:\/\/www2.uepg.br\/ppgjor\/wp-json\/wp\/v2\/pages"}],"about":[{"href":"https:\/\/www2.uepg.br\/ppgjor\/wp-json\/wp\/v2\/types\/page"}],"author":[{"embeddable":true,"href":"https:\/\/www2.uepg.br\/ppgjor\/wp-json\/wp\/v2\/users\/745"}],"replies":[{"embeddable":true,"href":"https:\/\/www2.uepg.br\/ppgjor\/wp-json\/wp\/v2\/comments?post=3553"}],"version-history":[{"count":1,"href":"https:\/\/www2.uepg.br\/ppgjor\/wp-json\/wp\/v2\/pages\/3553\/revisions"}],"predecessor-version":[{"id":3554,"href":"https:\/\/www2.uepg.br\/ppgjor\/wp-json\/wp\/v2\/pages\/3553\/revisions\/3554"}],"wp:attachment":[{"href":"https:\/\/www2.uepg.br\/ppgjor\/wp-json\/wp\/v2\/media?parent=3553"}],"curies":[{"name":"wp","href":"https:\/\/api.w.org\/{rel}","templated":true}]}}