{"id":3575,"date":"2025-06-12T15:57:49","date_gmt":"2025-06-12T18:57:49","guid":{"rendered":"https:\/\/www2.uepg.br\/ppgjor\/?page_id=3575"},"modified":"2025-06-12T15:57:49","modified_gmt":"2025-06-12T18:57:49","slug":"technical-and-artistic-productions-2","status":"publish","type":"page","link":"https:\/\/www2.uepg.br\/ppgjor\/en\/technical-and-artistic-productions-2\/","title":{"rendered":"Technical and artistic productions"},"content":{"rendered":"<p>ROCHA, A. E.; PONTES, Felipe Sim\u00e3o; XAVIER, Cintia. EspeleoPira\u00ed Project: in defense of the natural heritage of Pira\u00ed da Serra\/PR<\/p>\n<p>Episode 1: 16m29s, 2023: https:\/\/www.youtube.com\/watch?v=jDafieuVhIM<br \/>\nEpisode 2: 13m49s: https:\/\/www.youtube.com\/watch?v=cXCPiPhLEak<br \/>\nEpisode 3: 8m6s, 2023: https:\/\/www.youtube.com\/watch?v=dTzIrq0GPdQ :<br \/>\nEpisode 4, 11m12s, Ponta Grossa, 2024: https:\/\/www.youtube.com\/watch?v=VOmvW4_lv68<\/p>\n<p>WOITOWICZ, Karina Janz; ROCHA, Paula Melani; ROCHA, A. E.; CANDIDO, D.; SCHOENBERGER, E.; BARROS, M. R.; EDLING, M. C. I.; GASTALDON, M. H. R. Sobre Viv\u00eancias Travestis [Documentary], 41m29s, Ponta Grossa, 2022. Available at: https:\/\/www.youtube.com\/watch?v=YA7TRjbdAKc<\/p>\n<p>WOITOWICZ, Karina Janz; ANJOS, M. M. P.; BRONOSKY, Marcelo Engel;. MELLO, P. E. D.;GADINI, S\u00e9rgio Luiz; SANTOS, V. C. 40 years of the Diretas J\u00e1 movement in PG [Documentary], 22m08s, Ponta Grossa, 2024. Available at: https:\/\/www.youtube.com\/watch?v=0uHaUBeUC58<\/p>\n<p>Al\u00f4 Mulheres Project. Ocupa Ponta Grossa: right to housing in the Ericson John Duarte Occupation. Available at: https:\/\/www.youtube.com\/watch?v=QbMvcpMKInI&amp;t=29s<\/p>\n<p>&nbsp;<\/p>\n","protected":false},"excerpt":{"rendered":"<p>ROCHA, A. E.; PONTES, Felipe Sim\u00e3o; XAVIER, Cintia. EspeleoPira\u00ed Project: in defense of the natural heritage of Pira\u00ed da Serra\/PR Episode 1: 16m29s, 2023: https:\/\/www.youtube.com\/watch?v=jDafieuVhIM Episode 2: 13m49s: https:\/\/www.youtube.com\/watch?v=cXCPiPhLEak Episode 3: 8m6s, 2023: https:\/\/www.youtube.com\/watch?v=dTzIrq0GPdQ : Episode 4, 11m12s, Ponta Grossa, 2024: https:\/\/www.youtube.com\/watch?v=VOmvW4_lv68 WOITOWICZ, Karina Janz; ROCHA, Paula Melani; ROCHA, A. E.; CANDIDO, D.; SCHOENBERGER, E.;&nbsp;&hellip;<\/p>\n","protected":false},"author":745,"featured_media":0,"parent":0,"menu_order":0,"comment_status":"closed","ping_status":"closed","template":"","meta":[],"_links":{"self":[{"href":"https:\/\/www2.uepg.br\/ppgjor\/wp-json\/wp\/v2\/pages\/3575"}],"collection":[{"href":"https:\/\/www2.uepg.br\/ppgjor\/wp-json\/wp\/v2\/pages"}],"about":[{"href":"https:\/\/www2.uepg.br\/ppgjor\/wp-json\/wp\/v2\/types\/page"}],"author":[{"embeddable":true,"href":"https:\/\/www2.uepg.br\/ppgjor\/wp-json\/wp\/v2\/users\/745"}],"replies":[{"embeddable":true,"href":"https:\/\/www2.uepg.br\/ppgjor\/wp-json\/wp\/v2\/comments?post=3575"}],"version-history":[{"count":1,"href":"https:\/\/www2.uepg.br\/ppgjor\/wp-json\/wp\/v2\/pages\/3575\/revisions"}],"predecessor-version":[{"id":3576,"href":"https:\/\/www2.uepg.br\/ppgjor\/wp-json\/wp\/v2\/pages\/3575\/revisions\/3576"}],"wp:attachment":[{"href":"https:\/\/www2.uepg.br\/ppgjor\/wp-json\/wp\/v2\/media?parent=3575"}],"curies":[{"name":"wp","href":"https:\/\/api.w.org\/{rel}","templated":true}]}}