{"id":3577,"date":"2025-06-12T15:58:35","date_gmt":"2025-06-12T18:58:35","guid":{"rendered":"https:\/\/www2.uepg.br\/ppgjor\/?page_id=3577"},"modified":"2025-06-12T15:58:35","modified_gmt":"2025-06-12T18:58:35","slug":"publications-3","status":"publish","type":"page","link":"https:\/\/www2.uepg.br\/ppgjor\/en\/publications-3\/","title":{"rendered":"Publications"},"content":{"rendered":"<p><span style=\"font-weight: 400\">ROCHA, Paula Melani; KONDLATSCH, R.. Discrediting official sources and technological adaptations, the case of Brazil in a time of pandemic In: Ecologies of Global Risk Journalism Conceptualizing Local Journalism in an Era of Deep Disruptions. London and New York: Routledge; Taylor and Francis, 2024, p. 63 \u2013 78. Available at: <\/span><a href=\"https:\/\/doi.org\/10.4324\/9781003431268\"><span style=\"font-weight: 400\">https:\/\/doi.org\/10.4324\/9781003431268<\/span><\/a><span style=\"font-weight: 400\">\u00a0<\/span><\/p>\n<p><span style=\"font-weight: 400\">\u00a0<\/span><\/p>\n<p><span style=\"font-weight: 400\">CARVALHO, Guilherme. Teaching journalism at a private institution: the experience of Uninter&#8217;s distance learning course. In: MEDITSCH, E.; NOGUEIRA, R.S.; GUIMAR\u00c3ES, N. (Org.). Communication and emancipatory pedagogy, Florian\u00f3polis: Insular, 2023, v. 2, p. 241-279. Available at: <\/span><a href=\"https:\/\/insular.com.br\/produto\/comunicacao-e-pedagogia-emancipatoria-volume-2-memoria-da-disciplina-paulo-freire-e-a-comunicacao-no-ppgcom-da-fac-unb\/\"><span style=\"font-weight: 400\">https:\/\/insular.com.br\/produto\/comunicacao-e-pedagogia-emancipatoria-volume-2-memoria-da-disciplina-paulo-freire-e-a-comunicacao-no-ppgcom-da-fac-unb\/<\/span><\/a><span style=\"font-weight: 400\">\u00a0<\/span><\/p>\n<p><span style=\"font-weight: 400\">\u00a0<\/span><\/p>\n<p><span style=\"font-weight: 400\">EMERIM, C.; BELARMINO, J.; SCHOENHERR, Rafael; MOURA, S. (Org.) . Caco Barcellos: 50 years of Journalism. Florian\u00f3polis: Insular, 2023. Available at: <\/span><a href=\"https:\/\/insular.com.br\/produto\/caco-barcellos-50-anos-de-jornalismo\/\"><span style=\"font-weight: 400\">https:\/\/insular.com.br\/produto\/caco-barcellos-50-anos-de-jornalismo\/<\/span><\/a><span style=\"font-weight: 400\">\u00a0<\/span><\/p>\n<p><span style=\"font-weight: 400\">\u00a0<\/span><\/p>\n<p><span style=\"font-weight: 400\">F\u00cdGARO, R.; FRANCISCATO, C.; XAVIER, Cintia. Between crises and reconstructions: journalism research 20 years later. In: BACCIN, A.; XAVIER, C.; VIEIRA, L.; BELLAN, R.; LIMA, S. (Eds.). Between crises and (re)constructions: journalism research 20 years later. Bras\u00edlia: SBPJor, 2023, p. 13-20. Available at: <\/span><a href=\"https:\/\/site.sbpjor.org.br\/wp-content\/uploads\/2023\/11\/ENTRE-CRISES-E-RECONSTRUCOES-_-A-PESQUISA-EM-JORNALISMO-20-ANOS-DEPOIS_2023.pdf\"><span style=\"font-weight: 400\">https:\/\/site.sbpjor.org.br\/wp-content\/uploads\/2023\/11\/ENTRE-CRISES-E-RECONSTRUCOES-_-A-PESQUISA-EM-JORNALISMO-20-ANOS-DEPOIS_2023.pdf<\/span><\/a><span style=\"font-weight: 400\">\u00a0<\/span><\/p>\n<p><span style=\"font-weight: 400\">\u00a0<\/span><\/p>\n<p><span style=\"font-weight: 400\">ROCHA, A.; PONTES, Felipe. Sim\u00e3o; XAVIER, Cintia. Journalism and Communication in the EspeleoPira\u00ed Project. In: PONTES, H. S.; MASSUQUETO, L. L. (Org.). Espeleopira\u00ed Project: in defense of the natural heritage of Pira\u00ed da Serra\/PR. Ponta Grossa: ABC Projetos, 2023, p. 117-128. Available at: <\/span><a href=\"https:\/\/www.pinturarupestre.com.br\/_files\/ugd\/cb1337_fbe9cb9ec9c14b47a53cb7bb81a2afcf.pdf?index=true\"><span style=\"font-weight: 400\">https:\/\/www.pinturarupestre.com.br\/_files\/ugd\/cb1337_fbe9cb9ec9c14b47a53cb7bb81a2afcf.pdf?index=true<\/span><\/a><span style=\"font-weight: 400\">\u00a0<\/span><\/p>\n<p><span style=\"font-weight: 400\">\u00a0<\/span><\/p>\n<p><span style=\"font-weight: 400\">WOITOWICZ, Karina. J. Brazilian feminist newspapers post-1990: the activism of organizations and the impacts of the transition from print to digital media. In: FRANZONI, R. C. Latin American magazines, blogs, and portals (1960-2020). Ruptures and transformations in the transition from print to digital. Mexico City: National Autonomous University of Mexico, 2023, pp. 177\u2013207. Available at: https:\/\/repositorio.unam.mx\/contenidos\/revistas-blogs-y-portales-latinoamericanos-1960-2020-rupturas-y-transformaciones-en-el-transito-de-lo-impreso-a-lo-dig-5057696? c=An40kR&amp;d=false&amp;q=Revistas%2C_._blogs_._y_._portales_._latinoamericanos&amp;i=1&amp;v=1&amp;t=search_0&amp;as=0\u00a0<\/span><\/p>\n<p><span style=\"font-weight: 400\">\u00a0<\/span><\/p>\n<p><span style=\"font-weight: 400\">BIANCHI, Graziela S.; BERNI, F. C.. (Re)thinking the focus group as a research resource: the path developed in the online context and for people with disabilities In: BONIN, J; SAGIN, L. Critical research in communication: epistemic, theoretical, and methodological constructions. S\u00e3o Paulo: Pimenta Cultural, 2022, p. 220-239. Available at: <\/span><a href=\"https:\/\/www.pimentacultural.com\/wp-content\/uploads\/2024\/04\/eBook_investigacao-critica.pdf\"><span style=\"font-weight: 400\">https:\/\/www.pimentacultural.com\/wp-content\/uploads\/2024\/04\/eBook_investigacao-critica.pdf<\/span><\/a><span style=\"font-weight: 400\">\u00a0<\/span><\/p>\n<p><span style=\"font-weight: 400\">\u00a0<\/span><\/p>\n<p><span style=\"font-weight: 400\">FERREIRA, P.; BOMFIM, Ivan. Transitory journalism: Drops as a product of the society of fatigue. In: TERRA, C.; AGUIAR, C. E.; PRAZERES, M.; SANCHES, R. D. (Eds.). Byung-Chul Han and hypercommunication. S\u00e3o Paulo: Paulus, 2022, pp. 282-300. Book available for sale at: <\/span><a href=\"https:\/\/www.amazon.com.br\/Byung-Chul-Han-hipercomunica%C3%A7%C3%A3o-Di%C3%A1logos-Comunica%C3%A7%C3%A3o-ebook\/dp\/B0BXQVJ7XD\"><span style=\"font-weight: 400\">https:\/\/www.amazon.com.br\/Byung-Chul-Han-hipercomunica%C3%A7%C3%A3o-Di%C3%A1logos-Comunica%C3%A7%C3%A3o-ebook\/dp\/B0BXQVJ7XD<\/span><\/a><span style=\"font-weight: 400\">\u00a0<\/span><\/p>\n<p><span style=\"font-weight: 400\">\u00a0<\/span><\/p>\n<p><span style=\"font-weight: 400\">BOMFIM, Ivan. VIEIRA, K. M. (Org.); SARTOR, B. (Org.); SILVA, M. V. (Org.). Media and Zeitgeist. Florian\u00f3polis: Insular, 2021. E-book available for sale at: <\/span><a href=\"https:\/\/insular.com.br\/produto\/midia-e-zeitgeist-ebook\/\"><span style=\"font-weight: 400\">https:\/\/insular.com.br\/produto\/midia-e-zeitgeist-ebook\/<\/span><\/a><span style=\"font-weight: 400\">\u00a0<\/span><\/p>\n<p><span style=\"font-weight: 400\">\u00a0<\/span><\/p>\n<p><span style=\"font-weight: 400\">AMARAL, M. E. (Org.); BRONOSKY, Marcelo. Engel (Org.); BOMFIM, Ivan (Org.). University Extension &amp; Journalism: Collective Paths. Ponta Grossa: Est\u00fadio Texto, 2021. Available at: <\/span><a href=\"https:\/\/www2.uepg.br\/ppgjor\/wp-content\/uploads\/sites\/26\/2021\/08\/Extensao-universitaria-e-jornalismo-UEPG.pdf\"><span style=\"font-weight: 400\">https:\/\/www2.uepg.br\/ppgjor\/wp-content\/uploads\/sites\/26\/2021\/08\/Extensao-universitaria-e-jornalismo-UEPG.pdf<\/span><\/a><span style=\"font-weight: 400\">\u00a0<\/span><\/p>\n<p><span style=\"font-weight: 400\">\u00a0<\/span><\/p>\n<p><span style=\"font-weight: 400\">BOMFIM, Ivan. The \u201cstructural edges\u201d of Cyberculture. In: MOURA VIEIRA, K. (Org.). Cyberculture. 1st ed. Curitiba: InterSaberes, 2021, v. 1, p. 128-179. E-book available for sale at: <\/span><a href=\"https:\/\/livrariaintersaberes.com.br\/produto\/cibercultura\/\"><span style=\"font-weight: 400\">https:\/\/livrariaintersaberes.com.br\/produto\/cibercultura\/<\/span><\/a><span style=\"font-weight: 400\">\u00a0<\/span><\/p>\n<p><span style=\"font-weight: 400\">\u00a0<\/span><\/p>\n<p><span style=\"font-weight: 400\">SCHOENHERR, Rafael; CHAVES, N. B.; CAMERA, P.; NAVARRO, L. State University of Ponta Grossa: 50 years (1969-1994). Ponta Grossa: UEPG, 2021. Available at: <\/span><a href=\"https:\/\/www2.uepg.br\/proex\/wp-content\/uploads\/sites\/8\/2021\/08\/E-book-50-anos-a.pdf\"><span style=\"font-weight: 400\">https:\/\/www2.uepg.br\/proex\/wp-content\/uploads\/sites\/8\/2021\/08\/E-book-50-anos-a.pdf<\/span><\/a><span style=\"font-weight: 400\">\u00a0<\/span><\/p>\n<p><span style=\"font-weight: 400\">\u00a0<\/span><\/p>\n<p><span style=\"font-weight: 400\">VASQUEZ, G. G. H.; SILVA, J.; WOITOWICZ, Karina. J. Women&#8217;s experiences in the time and space of the Covid-19 pandemic: transnational perspectives. Curitiba: CRV, 2021, p.378. <\/span><a href=\"https:\/\/www.editoracrv.com.br\/produtos\/detalhes\/35859-vivencias-de-mulheres-no-tempo-e-espaco-da-pandemia-de-covid-19-brperspectivas-transnacionais\"><span style=\"font-weight: 400\">https:\/\/www.editoracrv.com.br\/produtos\/detalhes\/35859-vivencias-de-mulheres-no-tempo-e-espaco-da-pandemia-de-covid-19-brperspectivas-transnacionais<\/span><\/a><span style=\"font-weight: 400\">\u00a0<\/span><\/p>\n<p>&nbsp;<\/p>\n<p><span style=\"font-weight: 400\">GADINI, S\u00e9rgio Luiz. Journalistic coverage (de)marked: the teachers&#8217; strike in the Paran\u00e1 media in 2015. Ponta Grossa: Est\u00fadio Texto, 2015. Available at: <\/span><a href=\"https:\/\/www.academia.edu\/19519419\/2015._Coberturas_jornal%C3%ADsticas_de_marcadas_a_greve_dos_professores_na_m%C3%ADdia_paranaense_em_2015\"><span style=\"font-weight: 400\">https:\/\/www.academia.edu\/19519419\/2015._Coberturas_jornal%C3%ADsticas_de_marcadas_a_greve_dos_professores_na_m%C3%ADdia_paranaense_em_2015<\/span><\/a><\/p>\n<p>&nbsp;<\/p>\n<p><span style=\"font-weight: 400\">BIANCHI, Graziela; ROCHA, Paula Melani; WOITOWICZ, Karina Janz. Gender (org.). Media and Social Actors: critical perceptions and emancipatory experiences. Ponta Grossa: Editora Uepg, 2018.\u00a0 Available at: <\/span><a href=\"https:\/\/www.editora.uepg.br\/ebooks\/genero-midia-lutas-sociais-percepcoes-criticas-e-experiencias-emancipadoras-ebook\"><span style=\"font-weight: 400\">https:\/\/www.editora.uepg.br\/ebooks\/genero-midia-lutas-sociais-percepcoes-criticas-e-experiencias-emancipadoras-ebook<\/span><\/a><span style=\"font-weight: 400\">\u00a0<\/span><\/p>\n<p>&nbsp;<\/p>\n<p><span style=\"font-weight: 400\">WOITOWICZ, Karina Janz. Contested image: the war of the contested in the writing of the afternoon newspaper (1912-1916). Ponta Grossa: Editora UEPG, 2015. Available at: <\/span><a href=\"https:\/\/books.scielo.org\/id\/7s6w4\/pdf\/woitowicz-9788577982127-00.pdf\"><span style=\"font-weight: 400\">https:\/\/books.scielo.org\/id\/7s6w4\/pdf\/woitowicz-9788577982127-00.pdf<\/span><\/a><span style=\"font-weight: 400\">\u00a0<\/span><\/p>\n<p>&nbsp;<\/p>\n<p><span style=\"font-weight: 400\">BRONOSKY, Marcelo Engel; CARVALHO, J. M (org.). Journalism and Convergence. S\u00e3o Paulo: Cultura Acad\u00eamica, 2014. Available at: <\/span><a href=\"https:\/\/www.academia.edu\/12823349\/Jornalismo_e_converg%C3%AAncia\"><span style=\"font-weight: 400\">https:\/\/www.academia.edu\/12823349\/Jornalismo_e_converg%C3%AAncia<\/span><\/a><span style=\"font-weight: 400\">\u00a0<\/span><\/p>\n<p><span style=\"font-weight: 400\">XAVIER, Cintia; PONTE, Felipe Sim\u00e3o; MORAIS, Carlos Willians Jaques (org.).Perspectives on Journalism Research: agenda, production processes, and social actors. Ponta Grossa: Est\u00fadio Texto, 2015. Available at: <\/span><a href=\"https:\/\/www.academia.edu\/12823349\/Jornalismo_e_converg%C3%AAncia\"><span style=\"font-weight: 400\">https:\/\/www.academia.edu\/12823349\/Jornalismo_e_converg%C3%AAncia<\/span><\/a><\/p>\n","protected":false},"excerpt":{"rendered":"<p>ROCHA, Paula Melani; KONDLATSCH, R.. Discrediting official sources and technological adaptations, the case of Brazil in a time of pandemic In: Ecologies of Global Risk Journalism Conceptualizing Local Journalism in an Era of Deep Disruptions. London and New York: Routledge; Taylor and Francis, 2024, p. 63 \u2013 78. Available at: https:\/\/doi.org\/10.4324\/9781003431268\u00a0 \u00a0 CARVALHO, Guilherme. Teaching&nbsp;&hellip;<\/p>\n","protected":false},"author":745,"featured_media":0,"parent":0,"menu_order":0,"comment_status":"closed","ping_status":"closed","template":"","meta":[],"_links":{"self":[{"href":"https:\/\/www2.uepg.br\/ppgjor\/wp-json\/wp\/v2\/pages\/3577"}],"collection":[{"href":"https:\/\/www2.uepg.br\/ppgjor\/wp-json\/wp\/v2\/pages"}],"about":[{"href":"https:\/\/www2.uepg.br\/ppgjor\/wp-json\/wp\/v2\/types\/page"}],"author":[{"embeddable":true,"href":"https:\/\/www2.uepg.br\/ppgjor\/wp-json\/wp\/v2\/users\/745"}],"replies":[{"embeddable":true,"href":"https:\/\/www2.uepg.br\/ppgjor\/wp-json\/wp\/v2\/comments?post=3577"}],"version-history":[{"count":1,"href":"https:\/\/www2.uepg.br\/ppgjor\/wp-json\/wp\/v2\/pages\/3577\/revisions"}],"predecessor-version":[{"id":3578,"href":"https:\/\/www2.uepg.br\/ppgjor\/wp-json\/wp\/v2\/pages\/3577\/revisions\/3578"}],"wp:attachment":[{"href":"https:\/\/www2.uepg.br\/ppgjor\/wp-json\/wp\/v2\/media?parent=3577"}],"curies":[{"name":"wp","href":"https:\/\/api.w.org\/{rel}","templated":true}]}}