{"id":48,"date":"2019-07-01T16:35:00","date_gmt":"2019-07-01T19:35:00","guid":{"rendered":"http:\/\/www2.uepg.br\/ppgjor\/?page_id=48"},"modified":"2023-05-04T14:46:43","modified_gmt":"2023-05-04T17:46:43","slug":"disciplinas","status":"publish","type":"page","link":"https:\/\/www2.uepg.br\/ppgjor\/disciplinas\/","title":{"rendered":"DISCIPLINAS"},"content":{"rendered":"<hr \/>\n<h2 style=\"text-align: center\"><strong>Grade Nova\u00a0<\/strong><\/h2>\n<p style=\"text-align: center\"><strong><span class=\"style2\">(v\u00e1lida a partir de mar\u00e7o de 2018)<\/span><\/strong><\/p>\n<hr \/>\n<h3><strong>Disciplinas Obrigat\u00f3rias:<\/strong><\/h3>\n<h4>Teorias do Jornalismo (3 cr\u00e9ditos)<\/h4>\n<p align=\"justify\"><strong>Ementa:\u00a0<\/strong>Abordagens te\u00f3ricas dos estudos de jornalismo: percurso hist\u00f3rico. Fundamentos epistemol\u00f3gicos das teorias do jornalismo. Contribui\u00e7\u00f5es das teorias da Comunica\u00e7\u00e3o e de outras \u00e1reas aos estudos em jornalismo. A constitui\u00e7\u00e3o te\u00f3rica do campo jornal\u00edstico. O jornalismo como forma de conhecimento. Processos de produ\u00e7\u00e3o jornal\u00edstica: estruturas operacionais, organizacionais, narrativas e tecnol\u00f3gicas. Implica\u00e7\u00f5es sociais do fazer jornal\u00edstico.<\/p>\n<h4 align=\"justify\">Metodologias de Pesquisa em jornalismo (3 cr\u00e9ditos)<\/h4>\n<p align=\"justify\"><strong>Ementa:\u00a0<\/strong>A l\u00f3gica da pesquisa cient\u00edfica. A constru\u00e7\u00e3o do objeto de pesquisa. O campo da pesquisa em Jornalismo. Quest\u00f5es epistemol\u00f3gicas sobre ci\u00eancia e m\u00e9todo. O m\u00e9todo como horizonte conceitual, estrat\u00e9gia norteadora e dispositivo instrumental. Especificidades metodol\u00f3gicas na pesquisa em jornalismo. Os processos de produ\u00e7\u00e3o como foco de pesquisa e os desafios da investiga\u00e7\u00e3o no contexto da reconfigura\u00e7\u00e3o do jornalismo. Estrat\u00e9gias metodol\u00f3gicas em di\u00e1logo (interdisciplinar) com outras \u00e1reas de conhecimento. Principais abordagens e propostas de m\u00e9todo de pesquisa em jornalismo.<\/p>\n<h4 align=\"justify\">Jornalismo e Converg\u00eancia Tecnol\u00f3gica\u00a0(3 cr\u00e9ditos)<\/h4>\n<p align=\"justify\"><strong>Ementa:\u00a0<\/strong>Transforma\u00e7\u00f5es do jornalismo no contexto hist\u00f3rico das tecnologias da comunica\u00e7\u00e3o. O processo de converg\u00eancia midi\u00e1tica e os dispositivos midi\u00e1ticos. Mudan\u00e7as no fazer jornal\u00edstico e a constru\u00e7\u00e3o da not\u00edcia. Velocidade e mobilidade como desafios \u00e0s responsabilidades profissionais.<\/p>\n<h4 align=\"justify\">Jornalismo, Democracia e Poder\u00a0(3 cr\u00e9ditos)<\/h4>\n<p align=\"justify\"><strong>Ementa:\u00a0<\/strong>Processos de forma\u00e7\u00e3o da opini\u00e3o p\u00fablica em sociedades complexas. Esfera p\u00fablica e formas de representa\u00e7\u00e3o pol\u00edtica. Papel do Jornalismo na defini\u00e7\u00e3o de agendas (p\u00fablica, pol\u00edtica e midi\u00e1tica). Mercados jornal\u00edsticos, demanda social e disputa de hegemonia. Estado, regulamenta\u00e7\u00e3o da m\u00eddia e controle social da informa\u00e7\u00e3o. Limites e desafios da autonomia e legitimidade jornal\u00edsticas em sociedades democr\u00e1ticas.<\/p>\n<h3><\/h3>\n<h3><strong>Disciplinas Optativas:<\/strong><\/h3>\n<h4>Linha 1: Processos de Produ\u00e7\u00e3o Jornal\u00edstica<\/h4>\n<p>Circula\u00e7\u00e3o e Consumo em Jornalismo\u00a0(3 cr\u00e9ditos)<\/p>\n<p align=\"justify\"><strong>Ementa\u00a0<\/strong>: Compreens\u00e3o da circula\u00e7\u00e3o e do consumo em processos e produtos midi\u00e1ticos. Aspectos caracterizadores dos fluxos midi\u00e1ticos-jornal\u00edsticos. Identifica\u00e7\u00e3o de l\u00f3gicas de consumo midi\u00e1tico. Dispositivos de circula\u00e7\u00e3o de produtos jornal\u00edsticos. Estrat\u00e9gias de reconhecimento dos processos de circula\u00e7\u00e3o e consumo jornal\u00edstico.<\/p>\n<p align=\"justify\">Semin\u00e1rio Tem\u00e1tico\u00a0(3 cr\u00e9ditos)<\/p>\n<p align=\"justify\"><strong>Ementa\u00a0<\/strong>: Aprofundar um eixo tem\u00e1tico, a partir de um setor ou campo de estudos do Jornalismo Contempor\u00e2neo, propiciando aos estudantes um conhecimento sistematizado, capaz de contribuir para com o desenvolvimento do projeto de pesquisa no Mestrado. Os Semin\u00e1rios Tem\u00e1ticos ser\u00e3o ofertados, a cada semestre, com eixos vari\u00e1veis, em sintonia com as demandas acad\u00eamicas e a disponibilidade de trabalho e pesquisa dos docentes do Programa.<\/p>\n<p align=\"justify\">Semin\u00e1rio Metodol\u00f3gico\u00a0(3 cr\u00e9ditos)<\/p>\n<p align=\"justify\"><strong>Ementa\u00a0<\/strong>: Apresenta\u00e7\u00e3o da vers\u00e3o preliminar dos projetos de pesquisa pelos respectivos autores (estudantes), considerando foco nos aspectos conceituais, metodol\u00f3gicos e t\u00e9cnicas operacionais de investiga\u00e7\u00f5es, tanto emp\u00edricas quanto te\u00f3ricas. O Semin\u00e1rio deve operar como laborat\u00f3rio de pesquisa entre os participantes dos grupos mantidos pelo PPG Jornalismo.<\/p>\n<h4 align=\"justify\">Linha 2: Processos Jornal\u00edsticos e Pr\u00e1ticas Sociais<\/h4>\n<p align=\"justify\">Jornalismo, Cultura e Atores Sociais\u00a0(3 cr\u00e9ditos)<\/p>\n<p align=\"justify\">Ementa:\u00a0Jornalismo, representa\u00e7\u00f5es sociais e identidades culturais. A m\u00eddia na forma\u00e7\u00e3o do consumo cultural. Produ\u00e7\u00e3o midi\u00e1tica, globaliza\u00e7\u00e3o e diversidade cultural. Processos de interven\u00e7\u00e3o dos atores sociais no campo midi\u00e1tico. Rela\u00e7\u00f5es entre jornalismo, movimentos sociais e redes de comunica\u00e7\u00e3o. Jornalismo, pr\u00e1ticas de cidadania e resist\u00eancia cultural.<\/p>\n<p align=\"justify\">Semin\u00e1rio Tem\u00e1tico\u00a0(3 cr\u00e9ditos)<\/p>\n<p align=\"justify\"><strong>Ementa:\u00a0<\/strong>Aprofundar um eixo tem\u00e1tico, a partir de um setor ou campo de estudos do Jornalismo Contempor\u00e2neo, propiciando aos estudantes um conhecimento sistematizado, capaz de contribuir para com o desenvolvimento do projeto de pesquisa no Mestrado. Os Semin\u00e1rios Tem\u00e1ticos ser\u00e3o ofertados, a cada semestre, com eixos vari\u00e1veis, em sintonia com as demandas acad\u00eamicas e a disponibilidade de trabalho e pesquisa dos docentes do Programa.<\/p>\n<p align=\"justify\">Semin\u00e1rio Metodol\u00f3gico\u00a0(3 cr\u00e9ditos)<\/p>\n<p align=\"justify\"><strong>Ementa\u00a0<\/strong>: Apresenta\u00e7\u00e3o da vers\u00e3o preliminar dos projetos de pesquisa pelos respectivos autores (estudantes), considerando foco nos aspectos conceituais, metodol\u00f3gicos e t\u00e9cnicas operacionais de investiga\u00e7\u00f5es, tanto emp\u00edricas quanto te\u00f3ricas. O Semin\u00e1rio deve operar como laborat\u00f3rio de pesquisa entre os participantes dos grupos mantidos pelo PPG Jornalismo.<\/p>\n<p>&nbsp;<\/p>\n<h4>Outras disciplinas:<\/h4>\n<p><strong>Est\u00e1gio de doc\u00eancia\u00a0<\/strong>(EDM): 2 cr\u00e9ditos<\/p>\n<p><strong>Orienta\u00e7\u00e3o de Disserta\u00e7\u00e3o de Mestrado\u00a0<\/strong>(ODM) I: 2 cr\u00e9ditos<\/p>\n<p>Acompanhamento das atividades de pesquisa, pelo(a) orientador(a), no segundo semestre de Curso.<\/p>\n<p><strong>Orienta\u00e7\u00e3o de Disserta\u00e7\u00e3o de Mestrado\u00a0<\/strong>(ODM) II: 2 cr\u00e9ditos<\/p>\n<p>Acompanhamento das atividades de pesquisa, pelo(a) orientador(a), no terceiro semestre de Curso.<\/p>\n<p>&nbsp;<\/p>\n<hr \/>\n<h2 style=\"text-align: center\"><strong>Grade Antiga<\/strong><\/h2>\n<p style=\"text-align: center\"><strong><span class=\"style1\">(para as turmas que iniciaram no programa at\u00e9 2017)<\/span><\/strong><\/p>\n<hr \/>\n<p align=\"justify\">O Programa oferece disciplinas obrigat\u00f3rias e optativas, que devem totalizar 33 cr\u00e9ditos em 4 semestres.<\/p>\n<h3 align=\"justify\"><strong>1- Disciplinas Obrigat\u00f3rias<\/strong><\/h3>\n<h4 align=\"justify\">1.1 -Teorias do Jornalismo<\/h4>\n<p align=\"justify\"><strong>Ementa:\u00a0<\/strong>Fundamentos da teoria da not\u00edcia e do jornalismo. Contribui\u00e7\u00f5es das teorias da Comunica\u00e7\u00e3o e de outras \u00e1reas aos estudos em jornalismo. Diferentes abordagens para a formula\u00e7\u00e3o de uma teoria do jornalismo e da not\u00edcia. Conceitos de Agendamento Tem\u00e1tico (Agenda setting). A no\u00e7\u00e3o de\u00a0<em>gatekeeper<\/em>\u00a0e de\u00a0<em>newsmaking<\/em>\u00a0na produ\u00e7\u00e3o jornal\u00edstica. Conceitos de objetividade jornal\u00edstica. Principais teorias do jornalismo: teoria organizacional, teoria do espelho, teoria da a\u00e7\u00e3o pessoal ou teoria do\u00a0<em>gatekeeper<\/em>, teoria de a\u00e7\u00e3o pol\u00edtica, teoria estruturalista e teoria interacionista. Rotinas produtivas: sele\u00e7\u00e3o e formas de ordena\u00e7\u00e3o de not\u00edcias, ideologias e intencionalidades.<\/p>\n<h4 align=\"justify\">1.2 &#8211; Metodologias de Pesquisa em jornalismo<\/h4>\n<p align=\"justify\"><strong>Ementa:\u00a0<\/strong>A l\u00f3gica da pesquisa cient\u00edfica. A constru\u00e7\u00e3o do objeto de pesquisa. O campo da pesquisa em jornalismo. Planejamento da pesquisa. Elabora\u00e7\u00e3o de projeto de disserta\u00e7\u00e3o. M\u00e9todos e t\u00e9cnicas de pesquisa em jornalismo: an\u00e1lise de discurso, estudos de caso, an\u00e1lise semi\u00f3tica, m\u00e9todos qualitativos (etnografia, entrevistas em profundidade, grupos de discuss\u00e3o) e m\u00e9todos quantitativos (survey, an\u00e1lise estat\u00edstica, banco de dados).<\/p>\n<h4 align=\"justify\">1.3 \u2013 M\u00eddia e Forma\u00e7\u00e3o da Opini\u00e3o P\u00fablica<\/h4>\n<p align=\"justify\"><strong>Ementa:\u00a0<\/strong>O debate p\u00fablico. Opini\u00e3o p\u00fablica em sociedades complexas. Teorias sobre a esfera p\u00fablica e a forma\u00e7\u00e3o da opini\u00e3o p\u00fablica. Midiatiza\u00e7\u00e3o do debate. Opini\u00e3o p\u00fablica, jornalismo e democracia. Opini\u00e3o p\u00fablica e campanhas comunicacionais. Comportamento e cultura social.<\/p>\n<h4 align=\"justify\">1.4 &#8211; Jornalismo e Agendamento Tem\u00e1tico<\/h4>\n<p align=\"justify\"><strong>Ementa:\u00a0<\/strong>Surgimento e evolu\u00e7\u00e3o dos estudos sobre\u00a0<em>agenda setting<\/em>. Agenda p\u00fablica. Agenda pol\u00edtica. Agenda midi\u00e1tica. Atores e rela\u00e7\u00f5es sociais como marcos do agendamento tem\u00e1tico. Vari\u00e1veis da constru\u00e7\u00e3o da realidade social pelo agendamento tem\u00e1tico de m\u00eddia nas sociedades complexas. Jornalismo e agendamento tem\u00e1tico. Iniciativas e desdobramentos da constru\u00e7\u00e3o do agendamento tem\u00e1tico a partir da emerg\u00eancia das redes (de informa\u00e7\u00e3o). O agendamento de m\u00eddia e a segmenta\u00e7\u00e3o da informa\u00e7\u00e3o.<\/p>\n<h4 align=\"justify\">1.5 &#8211; Semin\u00e1rio Metodol\u00f3gico<\/h4>\n<p align=\"justify\"><strong>Ementa:\u00a0<\/strong>Apresenta\u00e7\u00e3o da vers\u00e3o preliminar dos projetos de pesquisa pelos respectivos autores (estudantes), considerando foco nos aspectos conceituais, metodol\u00f3gicos e t\u00e9cnicas operacionais de investiga\u00e7\u00f5es, tanto emp\u00edricas como te\u00f3ricas.<\/p>\n<h3 align=\"justify\"><strong>2 &#8211; Disciplinas Optativas<\/strong><\/h3>\n<h4 align=\"justify\">2.1: Linha 1: Processos de Produ\u00e7\u00e3o Jornal\u00edstica<\/h4>\n<p align=\"justify\"><strong>2.1.1 &#8211; Jornalismo e Converg\u00eancia de M\u00eddia<\/strong><\/p>\n<p align=\"justify\"><strong>Ementa<\/strong>: M\u00eddia impressa, eletr\u00f4nica e digital no contexto hist\u00f3rico das tecnologias da comunica\u00e7\u00e3o. O processo de converg\u00eancia midi\u00e1tica e os novos dispositivos de comunica\u00e7\u00e3o. O surgimento das redes de computadores &#8211; Web. O jornalismo e tecnologias digitais. Mudan\u00e7as no fazer jornal\u00edstico e a constru\u00e7\u00e3o da not\u00edcia em tempo real. A velocidade como o desafio e as novas responsabilidades profissionais. Jornalismo participativo. Ferramentas de comunica\u00e7\u00e3o, como Blog, Twitter e Fotolog. O fen\u00f4meno da blogosfera e o crescimento do jornalismo online. O real e o ficcional na produ\u00e7\u00e3o de conte\u00fados. A linguagem hipermidi\u00e1tica e os novos tipos de participa\u00e7\u00e3o dos atores sociais no processo comunicacional e no \u00e2mbito cultural.<\/p>\n<p align=\"justify\"><strong>2.1.2 \u2013M\u00eddia Hegem\u00f4nica<\/strong><\/p>\n<p align=\"justify\"><strong>Ementa:\u00a0<\/strong>A estrutura\u00e7\u00e3o dos mercados midi\u00e1ticos-jornal\u00edsticos no Brasil. A propriedade cruzada como estrat\u00e9gia das corpora\u00e7\u00f5es. L\u00f3gicas e dispositivos de controle do jornalismo de mercado, estatutos-manuais. Alguns modelos de reda\u00e7\u00e3o no jornalismo de refer\u00eancia. T\u00e1ticas de disputa no campo hegem\u00f4nico do jornalismo e a produ\u00e7\u00e3o da not\u00edcia. O papel do Estado no regramento ou n\u00e3o do campo jornal\u00edstico hegem\u00f4nico.<\/p>\n<p align=\"justify\"><strong>2.1.3 \u2013 Circula\u00e7\u00e3o e Consumo em Jornalismo<\/strong><\/p>\n<p align=\"justify\"><strong>Ementa:<\/strong>\u00a0Compreens\u00e3o da circula\u00e7\u00e3o e do consumo em processos e produtos midi\u00e1ticos. Aspectos caracterizadores dos fluxos midi\u00e1ticos-jornal\u00edsticos. Identifica\u00e7\u00e3o de l\u00f3gicas de consumo midi\u00e1tico. Dispositivos de circula\u00e7\u00e3o de produtos jornal\u00edsticos. Estrat\u00e9gias de reconhecimento dos processos de circula\u00e7\u00e3o e consumo jornal\u00edstico.<\/p>\n<p align=\"justify\"><strong>2.1.4 &#8211; Semin\u00e1rio Tem\u00e1tico<\/strong><\/p>\n<p align=\"justify\"><strong>Ementa:<\/strong>\u00a0Aprofundar um eixo tem\u00e1tico, a partir de um setor ou campo de estudos do Jornalismo Contempor\u00e2neo, propiciando aos estudantes um conhecimento sistematizado, capaz de contribuir para com o desenvolvimento do projeto de pesquisa no Mestrado. Os Semin\u00e1rios Tem\u00e1ticos ser\u00e3o ofertados, a cada semestre, com eixos vari\u00e1veis, em sintonia com as demandas acad\u00eamicas e a disponibilidade trabalho e pesquisa dos docentes do Programa.<\/p>\n<h4 align=\"justify\">2.2 &#8211; Linha 2: Processos Jornal\u00edsticos e Pr\u00e1ticas Sociais<\/h4>\n<p align=\"justify\"><strong>2.2.1 &#8211; Jornalismo e Cidadania<\/strong><\/p>\n<p align=\"justify\"><strong>Ementa:\u00a0<\/strong>Comunidade, democracia e cidadania. Internet, r\u00e1dios e tev\u00eas comunit\u00e1rias como espa\u00e7os de democratiza\u00e7\u00e3o da comunica\u00e7\u00e3o. M\u00eddia cidad\u00e3: movimentos sociais, terceiro setor e demandas sociais como espa\u00e7os de atua\u00e7\u00e3o profissional. Perspectivas do jornalismo p\u00fablico.<\/p>\n<p align=\"justify\"><strong>2.2.2 &#8211; M\u00eddia, Cultura e Atores Sociais<\/strong><\/p>\n<p align=\"justify\"><strong>Ementa:\u00a0<\/strong>As disputas de poder no campo midi\u00e1tico. M\u00eddia e identidades culturais. Estrat\u00e9gias de uso da m\u00eddia pelos grupos sociais. A cultura como forma de express\u00e3o dos atores sociais. A m\u00eddia na forma\u00e7\u00e3o do consumo cultural. Articula\u00e7\u00f5es entre midiatiza\u00e7\u00e3o e media\u00e7\u00e3o na contemporaneidade. Produ\u00e7\u00e3o midi\u00e1tica e diversidade cultural. M\u00eddia e a constitui\u00e7\u00e3o da esfera p\u00fablica moderna e contempor\u00e2nea: ideal de liberdade de imprensa e democracia. Interven\u00e7\u00f5es de atores sociais no espa\u00e7o midi\u00e1tico e a rela\u00e7\u00e3o entre a m\u00eddia e os movimentos sociais.<\/p>\n<p align=\"justify\"><strong>2.2.3 &#8211; Comunica\u00e7\u00e3o Popular e Alternativa<\/strong><\/p>\n<p align=\"justify\"><strong>Ementa:\u00a0<\/strong>Elementos hist\u00f3ricos na constitui\u00e7\u00e3o da m\u00eddia alternativa como forma de a\u00e7\u00e3o pol\u00edtica. Abordagem te\u00f3rica e conceitual sobre comunica\u00e7\u00e3o alternativa, popular, comunit\u00e1ria, independente e radical. Experi\u00eancias de comunica\u00e7\u00e3o popular e alternativa no Brasil e as lutas pela democratiza\u00e7\u00e3o da comunica\u00e7\u00e3o. Folkcomunica\u00e7\u00e3o: conceitos e experi\u00eancias comunicacionais.<\/p>\n<p align=\"justify\"><strong>2.2.4 &#8211; Semin\u00e1rio Tem\u00e1tico<\/strong><\/p>\n<p align=\"justify\"><strong>Ementa:<\/strong>\u00a0Aprofundar um eixo tem\u00e1tico, a partir de um setor ou campo de estudos do Jornalismo Contempor\u00e2neo, propiciando aos estudantes um conhecimento sistematizado, capaz de contribuir para com o desenvolvimento do projeto de pesquisa no Mestrado. Os Semin\u00e1rios Tem\u00e1ticos ser\u00e3o ofertados, a cada semestre, com eixos vari\u00e1veis, em sintonia com as demandas acad\u00eamicas e a disponibilidade trabalho e pesquisa dos docentes do Programa.<\/p>\n","protected":false},"excerpt":{"rendered":"<p>Grade Nova\u00a0 (v\u00e1lida a partir de mar\u00e7o de 2018) Disciplinas Obrigat\u00f3rias: Teorias do Jornalismo (3 cr\u00e9ditos) Ementa:\u00a0Abordagens te\u00f3ricas dos estudos de jornalismo: percurso hist\u00f3rico. Fundamentos epistemol\u00f3gicos das teorias do jornalismo. Contribui\u00e7\u00f5es das teorias da Comunica\u00e7\u00e3o e de outras \u00e1reas aos estudos em jornalismo. A constitui\u00e7\u00e3o te\u00f3rica do campo jornal\u00edstico. O jornalismo como forma de conhecimento.&nbsp;&hellip;<\/p>\n","protected":false},"author":24,"featured_media":0,"parent":0,"menu_order":0,"comment_status":"closed","ping_status":"closed","template":"","meta":[],"_links":{"self":[{"href":"https:\/\/www2.uepg.br\/ppgjor\/wp-json\/wp\/v2\/pages\/48"}],"collection":[{"href":"https:\/\/www2.uepg.br\/ppgjor\/wp-json\/wp\/v2\/pages"}],"about":[{"href":"https:\/\/www2.uepg.br\/ppgjor\/wp-json\/wp\/v2\/types\/page"}],"author":[{"embeddable":true,"href":"https:\/\/www2.uepg.br\/ppgjor\/wp-json\/wp\/v2\/users\/24"}],"replies":[{"embeddable":true,"href":"https:\/\/www2.uepg.br\/ppgjor\/wp-json\/wp\/v2\/comments?post=48"}],"version-history":[{"count":7,"href":"https:\/\/www2.uepg.br\/ppgjor\/wp-json\/wp\/v2\/pages\/48\/revisions"}],"predecessor-version":[{"id":273,"href":"https:\/\/www2.uepg.br\/ppgjor\/wp-json\/wp\/v2\/pages\/48\/revisions\/273"}],"wp:attachment":[{"href":"https:\/\/www2.uepg.br\/ppgjor\/wp-json\/wp\/v2\/media?parent=48"}],"curies":[{"name":"wp","href":"https:\/\/api.w.org\/{rel}","templated":true}]}}