{"id":112,"date":"2020-04-09T11:00:24","date_gmt":"2020-04-09T14:00:24","guid":{"rendered":"http:\/\/www2.uepg.br\/ppgodonto\/?page_id=112"},"modified":"2020-05-06T18:38:03","modified_gmt":"2020-05-06T21:38:03","slug":"discentes-pos-doutorado","status":"publish","type":"page","link":"https:\/\/www2.uepg.br\/ppgodonto\/discentes-pos-doutorado\/","title":{"rendered":"Discentes P\u00f3s-Doutorado"},"content":{"rendered":"<div id=\"pl-112\"  class=\"panel-layout\" ><div id=\"pg-112-0\"  class=\"panel-grid panel-no-style\" ><div id=\"pgc-112-0-0\"  class=\"panel-grid-cell\" ><div id=\"panel-112-0-0-0\" class=\"so-panel widget widget_sow-accordion panel-first-child panel-last-child\" data-index=\"0\" ><div\n\t\t\t\n\t\t\tclass=\"so-widget-sow-accordion so-widget-sow-accordion-default-4ecd8e52d597-112\"\n\t\t\t\n\t\t><div>\n\t<div class=\"sow-accordion\">\n\t\t\t<div class=\"sow-accordion-panel\"\n\t\t\t data-anchor=\"2019-2020\">\n\t\t\t\t<div class=\"sow-accordion-panel-header-container\" role=\"heading\" aria-level=\"2\">\n\t\t\t\t\t<div class=\"sow-accordion-panel-header\" tabindex=\"0\" role=\"button\" id=\"accordion-label-2019-2020\" aria-controls=\"accordion-content-2019-2020\" aria-expanded=\"false\">\n\t\t\t\t\t\t<div class=\"sow-accordion-title sow-accordion-title-icon-left\">\n\t\t\t\t\t\t\t\t\t\t\t\t\t\t2019-2020\t\t\t\t\t\t\t\t\t\t\t\t\t<\/div>\n\t\t\t\t\t\t<div class=\"sow-accordion-open-close-button\">\n\t\t\t\t\t\t\t<div class=\"sow-accordion-open-button\">\n\t\t\t\t\t\t\t\t<span class=\"sow-icon-ionicons\" data-sow-icon=\"&#xf218;\"\n\t\t \n\t\taria-hidden=\"true\"><\/span>\t\t\t\t\t\t\t<\/div>\n\t\t\t\t\t\t\t<div class=\"sow-accordion-close-button\">\n\t\t\t\t\t\t\t\t<span class=\"sow-icon-ionicons\" data-sow-icon=\"&#xf209;\"\n\t\t \n\t\taria-hidden=\"true\"><\/span>\t\t\t\t\t\t\t<\/div>\n\t\t\t\t\t\t<\/div>\n\t\t\t\t\t<\/div>\n\t\t\t\t<\/div>\n\n\t\t\t<div\n\t\t\t\tclass=\"sow-accordion-panel-content\"\n\t\t\t\trole=\"region\"\n\t\t\t\taria-labelledby=\"accordion-label-2019-2020\"\n\t\t\t\tid=\"accordion-content-2019-2020\"\n\t\t\t\tstyle=\"display: none;\"\t\t\t>\n\t\t\t\t<div class=\"sow-accordion-panel-border\" tabindex=\"0\">\n\t\t\t\t\t<table border=\"1\" cellspacing=\"0\" cellpadding=\"0\">\n<tbody>\n<tr bgcolor=\"#D9D9D9\">\n<td valign=\"bottom\" width=\"329\">\n<p align=\"center\"><strong>Bolsistas<\/strong><\/p>\n<\/td>\n<td valign=\"bottom\" width=\"287\">\n<p align=\"center\"><strong> e-mail <\/strong><\/p>\n<\/td>\n<\/tr>\n<tr>\n<td valign=\"bottom\" width=\"329\">Anna Luiza Szesz<\/td>\n<td valign=\"bottom\" width=\"287\"><a class=\"Yh1nIb asUmFb AL18ce\" href=\"mailto:annaszesz@gmail.com\" target=\"_blank\" rel=\"noopener\" data-tooltip=\"Do perfil do usu\u00e1rio do Google\" data-tooltip-position=\"top\">annaszesz@gmail.com<\/a><\/td>\n<\/tr>\n<tr>\n<td valign=\"bottom\" width=\"329\">Andr\u00e9s Felipe Cartagena Molina<\/td>\n<td valign=\"bottom\" width=\"287\"><a class=\"Yh1nIb asUmFb AL18ce\" href=\"mailto:afelipe87@hotmail.com\" target=\"_blank\" rel=\"noopener\" data-tooltip=\"Do perfil do usu\u00e1rio do Google\" data-tooltip-position=\"top\">afelipe87@hotmail.com<\/a><\/td>\n<\/tr>\n<\/tbody>\n<\/table>\n<table style=\"height: 119px\" width=\"620\">\n<tbody>\n<tr>\n<td width=\"251\"><strong>Volunt\u00e1rios<\/strong><\/td>\n<td width=\"217\"><strong>e-mail <\/strong><\/td>\n<\/tr>\n<tr>\n<td width=\"251\">Fabr\u00edcio Rutz<\/td>\n<td width=\"217\">fabriciorutz@hotmail.com<\/td>\n<\/tr>\n<tr>\n<td width=\"251\">Lea Rosa Chioca Ferro<\/td>\n<td width=\"217\">leachioca@hotmail.com<\/td>\n<\/tr>\n<tr>\n<td width=\"251\">Rodrigo Stanislawczuk Grande<\/td>\n<td width=\"217\">rodrigozuk1@hotmail.com<\/td>\n<\/tr>\n<\/tbody>\n<\/table>\n<table style=\"height: 63px\" width=\"619\">\n<tbody>\n<tr>\n<td width=\"251\"><strong>Bolsista Pr\u00eamio Capes<\/strong><\/td>\n<td width=\"217\"><strong>e-mail\u00a0<\/strong><\/td>\n<\/tr>\n<tr>\n<td width=\"251\">Let\u00edcia Ma\u00edra Wambier<\/td>\n<td width=\"217\"><a href=\"mailto:lemwambier@hotmail.com\">lemwambier@hotmail.com<\/a><\/td>\n<\/tr>\n<\/tbody>\n<\/table>\n\t\t\t\t<\/div>\n\t\t\t<\/div>\n\t\t<\/div>\n\t\t\t<div class=\"sow-accordion-panel\"\n\t\t\t data-anchor=\"2018-2019\">\n\t\t\t\t<div class=\"sow-accordion-panel-header-container\" role=\"heading\" aria-level=\"2\">\n\t\t\t\t\t<div class=\"sow-accordion-panel-header\" tabindex=\"0\" role=\"button\" id=\"accordion-label-2018-2019\" aria-controls=\"accordion-content-2018-2019\" aria-expanded=\"false\">\n\t\t\t\t\t\t<div class=\"sow-accordion-title sow-accordion-title-icon-left\">\n\t\t\t\t\t\t\t\t\t\t\t\t\t\t2018-2019\t\t\t\t\t\t\t\t\t\t\t\t\t<\/div>\n\t\t\t\t\t\t<div class=\"sow-accordion-open-close-button\">\n\t\t\t\t\t\t\t<div class=\"sow-accordion-open-button\">\n\t\t\t\t\t\t\t\t<span class=\"sow-icon-ionicons\" data-sow-icon=\"&#xf218;\"\n\t\t \n\t\taria-hidden=\"true\"><\/span>\t\t\t\t\t\t\t<\/div>\n\t\t\t\t\t\t\t<div class=\"sow-accordion-close-button\">\n\t\t\t\t\t\t\t\t<span class=\"sow-icon-ionicons\" data-sow-icon=\"&#xf209;\"\n\t\t \n\t\taria-hidden=\"true\"><\/span>\t\t\t\t\t\t\t<\/div>\n\t\t\t\t\t\t<\/div>\n\t\t\t\t\t<\/div>\n\t\t\t\t<\/div>\n\n\t\t\t<div\n\t\t\t\tclass=\"sow-accordion-panel-content\"\n\t\t\t\trole=\"region\"\n\t\t\t\taria-labelledby=\"accordion-label-2018-2019\"\n\t\t\t\tid=\"accordion-content-2018-2019\"\n\t\t\t\tstyle=\"display: none;\"\t\t\t>\n\t\t\t\t<div class=\"sow-accordion-panel-border\" tabindex=\"0\">\n\t\t\t\t\t<table border=\"1\" cellspacing=\"0\" cellpadding=\"0\">\n<tbody>\n<tr bgcolor=\"#D9D9D9\">\n<td valign=\"bottom\" width=\"329\">\n<p align=\"center\"><strong>Nome <\/strong><\/p>\n<\/td>\n<td valign=\"bottom\" width=\"287\">\n<p align=\"center\"><strong> e-mail <\/strong><\/p>\n<\/td>\n<\/tr>\n<tr>\n<td valign=\"bottom\" width=\"329\">Juliana Laroca De Geus<\/td>\n<td valign=\"bottom\" width=\"287\"><a class=\"Yh1nIb asUmFb AL18ce\" href=\"mailto:ju_degeus@hotmail.com\" target=\"_blank\" rel=\"noopener\" data-tooltip=\"Do perfil do usu\u00e1rio do Google\" data-tooltip-position=\"top\">ju_degeus@hotmail.com<\/a><\/td>\n<\/tr>\n<tr>\n<td valign=\"bottom\" width=\"329\"><\/td>\n<td valign=\"bottom\" width=\"287\"><\/td>\n<\/tr>\n<\/tbody>\n<\/table>\n\t\t\t\t<\/div>\n\t\t\t<\/div>\n\t\t<\/div>\n\t\t\t<div class=\"sow-accordion-panel\"\n\t\t\t data-anchor=\"p%c3%b3s-doutorado-2015-2018\">\n\t\t\t\t<div class=\"sow-accordion-panel-header-container\" role=\"heading\" aria-level=\"2\">\n\t\t\t\t\t<div class=\"sow-accordion-panel-header\" tabindex=\"0\" role=\"button\" id=\"accordion-label-p%c3%b3s-doutorado-2015-2018\" aria-controls=\"accordion-content-p%c3%b3s-doutorado-2015-2018\" aria-expanded=\"false\">\n\t\t\t\t\t\t<div class=\"sow-accordion-title sow-accordion-title-icon-left\">\n\t\t\t\t\t\t\t\t\t\t\t\t\t\tP\u00f3s-Doutorado 2015-2018\t\t\t\t\t\t\t\t\t\t\t\t\t<\/div>\n\t\t\t\t\t\t<div class=\"sow-accordion-open-close-button\">\n\t\t\t\t\t\t\t<div class=\"sow-accordion-open-button\">\n\t\t\t\t\t\t\t\t<span class=\"sow-icon-ionicons\" data-sow-icon=\"&#xf218;\"\n\t\t \n\t\taria-hidden=\"true\"><\/span>\t\t\t\t\t\t\t<\/div>\n\t\t\t\t\t\t\t<div class=\"sow-accordion-close-button\">\n\t\t\t\t\t\t\t\t<span class=\"sow-icon-ionicons\" data-sow-icon=\"&#xf209;\"\n\t\t \n\t\taria-hidden=\"true\"><\/span>\t\t\t\t\t\t\t<\/div>\n\t\t\t\t\t\t<\/div>\n\t\t\t\t\t<\/div>\n\t\t\t\t<\/div>\n\n\t\t\t<div\n\t\t\t\tclass=\"sow-accordion-panel-content\"\n\t\t\t\trole=\"region\"\n\t\t\t\taria-labelledby=\"accordion-label-p%c3%b3s-doutorado-2015-2018\"\n\t\t\t\tid=\"accordion-content-p%c3%b3s-doutorado-2015-2018\"\n\t\t\t\tstyle=\"display: none;\"\t\t\t>\n\t\t\t\t<div class=\"sow-accordion-panel-border\" tabindex=\"0\">\n\t\t\t\t\t<table border=\"1\" cellspacing=\"0\" cellpadding=\"0\">\n<tbody>\n<tr bgcolor=\"#D9D9D9\">\n<td style=\"text-align: center\" valign=\"bottom\" width=\"329\"><strong>Nome<\/strong><\/td>\n<td style=\"text-align: center\" valign=\"bottom\" width=\"287\"><strong>e-mail<\/strong><\/td>\n<\/tr>\n<tr>\n<td valign=\"bottom\" width=\"329\">M\u00e1rcia Fernanda de Rezende Siqueira<\/td>\n<td valign=\"bottom\" width=\"287\">rezendemarcia@outlook.com<\/td>\n<\/tr>\n<tr>\n<td valign=\"bottom\" width=\"329\">Yasmine Mendes Pupo<\/td>\n<td valign=\"bottom\" width=\"287\">yasminemendes@hotmail.com<\/td>\n<\/tr>\n<\/tbody>\n<\/table>\n\t\t\t\t<\/div>\n\t\t\t<\/div>\n\t\t<\/div>\n\t\t<\/div>\n<\/div>\n<\/div><\/div><\/div><\/div><\/div>","protected":false},"excerpt":{"rendered":"<p>2019-2020 Bolsistas e-mail Anna Luiza Szesz annaszesz@gmail.com Andr\u00e9s Felipe Cartagena Molina afelipe87@hotmail.com Volunt\u00e1rios e-mail Fabr\u00edcio Rutz fabriciorutz@hotmail.com Lea Rosa Chioca Ferro leachioca@hotmail.com Rodrigo Stanislawczuk Grande rodrigozuk1@hotmail.com Bolsista Pr\u00eamio Capes e-mail\u00a0 Let\u00edcia Ma\u00edra Wambier lemwambier@hotmail.com 2018-2019 Nome e-mail Juliana Laroca De Geus ju_degeus@hotmail.com P\u00f3s-Doutorado 2015-2018 Nome e-mail M\u00e1rcia Fernanda de Rezende Siqueira rezendemarcia@outlook.com Yasmine Mendes Pupo&nbsp;&hellip;<\/p>\n","protected":false},"author":24,"featured_media":0,"parent":0,"menu_order":0,"comment_status":"closed","ping_status":"closed","template":"","meta":[],"_links":{"self":[{"href":"https:\/\/www2.uepg.br\/ppgodonto\/wp-json\/wp\/v2\/pages\/112"}],"collection":[{"href":"https:\/\/www2.uepg.br\/ppgodonto\/wp-json\/wp\/v2\/pages"}],"about":[{"href":"https:\/\/www2.uepg.br\/ppgodonto\/wp-json\/wp\/v2\/types\/page"}],"author":[{"embeddable":true,"href":"https:\/\/www2.uepg.br\/ppgodonto\/wp-json\/wp\/v2\/users\/24"}],"replies":[{"embeddable":true,"href":"https:\/\/www2.uepg.br\/ppgodonto\/wp-json\/wp\/v2\/comments?post=112"}],"version-history":[{"count":9,"href":"https:\/\/www2.uepg.br\/ppgodonto\/wp-json\/wp\/v2\/pages\/112\/revisions"}],"predecessor-version":[{"id":346,"href":"https:\/\/www2.uepg.br\/ppgodonto\/wp-json\/wp\/v2\/pages\/112\/revisions\/346"}],"wp:attachment":[{"href":"https:\/\/www2.uepg.br\/ppgodonto\/wp-json\/wp\/v2\/media?parent=112"}],"curies":[{"name":"wp","href":"https:\/\/api.w.org\/{rel}","templated":true}]}}