{"id":116,"date":"2020-04-09T11:02:27","date_gmt":"2020-04-09T14:02:27","guid":{"rendered":"http:\/\/www2.uepg.br\/ppgodonto\/?page_id=116"},"modified":"2020-04-17T10:30:48","modified_gmt":"2020-04-17T13:30:48","slug":"atuacao-profissional-e-academica-dos-egressos","status":"publish","type":"page","link":"https:\/\/www2.uepg.br\/ppgodonto\/atuacao-profissional-e-academica-dos-egressos\/","title":{"rendered":"Atua\u00e7\u00e3o Profissional e Acad\u00eamica dos Egressos"},"content":{"rendered":"<p><strong>A)\u00a0\u00a0\u00a0\u00a0 Egressos em atividades de ensino em institui\u00e7\u00f5es de ensino superior no pa\u00eds ou no exterior:<\/strong><\/p>\n<p>1)\u00a0\u00a0\u00a0\u00a0\u00a0 Prof\u00aa. Dr\u00aa. C\u00e9lia Maria Condeixa De Fran\u00e7a Lopes &#8211; Tese de Doutorado defendida em 2018 \u2013 Univille, Joinville, SC;<\/p>\n<p>2)\u00a0\u00a0\u00a0\u00a0\u00a0 Prof. Dr. Edward Werner Schubert \u2013 Tese defendida em 2018 \u2013Univille, Joinville, SC;<\/p>\n<p>3)\u00a0\u00a0\u00a0\u00a0\u00a0 Prof\u00aa. Dr\u00aa. Bianca Medeiros Maran &#8211; Tese de Doutorado defendida em 2018 &#8211; Unioeste, Cascavel, PR &#8211; docente colaboradora;<\/p>\n<p>4)\u00a0\u00a0\u00a0\u00a0\u00a0 Prof\u00aa. Dr\u00aa. Let\u00edcia Antonelo Campos &#8211; Tese de Doutorado defendida em 2018 \u2013 \u2013 Unipar, Campus Francisco Beltr\u00e3o, PR;<\/p>\n<p>5)\u00a0\u00a0\u00a0\u00a0\u00a0 Prof Dr M\u00e1rio Felipe Guti\u00e9rrez Reyes &#8211; Tese de Doutorado defendida em 2018 &#8211; Universidade do Chile;<\/p>\n<p>6)\u00a0\u00a0\u00a0\u00a0\u00a0 Prof\u00aa. Dr\u00aa. Kaprice Chemim &#8211; Tese de Doutorado defendida em 2018 \u2013 Unipar, Campus Francisco Beltr\u00e3o, PR;<\/p>\n<p>7)\u00a0\u00a0\u00a0\u00a0\u00a0 Profa. Dr\u00aa Fabiana Fernandes Madalozzo Coppla &#8211; Tese de Doutorado defendida em 2017 \u2013 Centro de Ensino Superior dos Campos Gerais, Ponta Grossa, PR;<\/p>\n<p>8)\u00a0\u00a0\u00a0\u00a0\u00a0 Prof. Dr. Andr\u00e9s Fernando Montenegro Arana &#8211; Tese de Doutorado defendida em 2017 \u2013 curso de especializa\u00e7\u00e3o ABO\/Ponta Grossa, PR;<\/p>\n<p>9)\u00a0\u00a0\u00a0\u00a0\u00a0 Prof. Dr. Camilo Andres Pulido Mora &#8211; Tese de Doutorado defendida em 2017 \u2013 Universidade San Francisco de Quito, Quito\/Equador;<\/p>\n<p>10)\u00a0\u00a0 \u00a0Prof. Dr. Carlos Andr\u00e9s D\u00e1vila &#8211; Tese de Doutorado defendida em 2017 \u2013 Universidade San Francisco de Quito, Quito\/Equador;<\/p>\n<p>11)\u00a0\u00a0 Prof. Dr. F\u00e1bio Anibal Goiris &#8211; Tese de Doutorado defendida em 2017 &#8211; Universidade Estadual de Ponta Grossa, Ponta Grossa, PR;<\/p>\n<p>12)\u00a0\u00a0 Prof\u00aa. Dr\u00aa. Luciana Dorochenko Martins &#8211; Tese de Doutorado defendida em 2017 &#8211; Universidade Estadual de Ponta Grossa, Ponta Grossa, PR;<\/p>\n<p>13)\u00a0\u00a0 Prof\u00aa. Dr\u00aa. Sibelli Parreiras \u2013 Tese de Doutorado defendida em 2017 &#8211; Universidade Estadual do Norte do Paran\u00e1, Campus Jacarezinho, PR;<\/p>\n<p>14)\u00a0\u00a0 Prof \u00aa Dr \u00aa Thaynara Boing- Tese de Doutorado defendida em 2017 &#8211; Faculdade de Odontologia de Guairac\u00e1, Guarapuava\/PR;<\/p>\n<p>15)\u00a0\u00a0 Prof\u00aa. Dr\u00aa. Alessandra de Souza Martins &#8211; Tese de Doutorado defendida em 2016 &#8211; Universidade Estadual de Ponta Grossa, PR, docente colaboradora;<\/p>\n<p>16)\u00a0\u00a0 Prof. Dr. Andres Felipe Cartagena Molina &#8211; Tese de Doutorado defendida em 2016 -Universidade Estadual de Londrina\/PR (20h), docente colaborador;<\/p>\n<p>17)\u00a0\u00a0 Prof\u00aa. Dra. Thays Regina Ferreira da Costa &#8211; Tese de Doutorado defendida em 2016 \u2013 Universidade Federal do Paran\u00e1, Curitiba, PR;<\/p>\n<p>18)\u00a0\u00a0 Prof\u00aa. Dr\u00aa. Elize Bonaf\u00e9 &#8211; Tese de Doutorado defendida em 2016 &#8211; Universidade Regional Integrada do Alto Uruguai e das Miss\u00f5es, Erechim, RS;<\/p>\n<p>19)\u00a0\u00a0 Prof\u00aa. Dra. Fabiane Schreiner &#8211; Tese de Doutorado defendida em 2016 -Universidade Regional Integrada do Alto Uruguai e das Miss\u00f5es, Erechim, RS;<\/p>\n<p>20)\u00a0\u00a0 Prof\u00aa. Dra. Gisele Fernandes Dias &#8211; Tese de Doutorado defendida em 2016 -Centro Universit\u00e1rio da Cidade de Uni\u00e3o da Vit\u00f3ria, PR;<\/p>\n<p>21)\u00a0\u00a0 Prof\u00aa. Dr\u00aa. Issis Virg\u00ednia Luque-Martinez &#8211; Tese de Doutorado defendida em 2015 \u2013 Universidad de ValParaiso, ValParaiso, Chile;<\/p>\n<p>22)\u00a0\u00a0 Prof. Dr. John Alexis Domingues &#8211; Tese de Doutorado defendida em 2015 &#8211; Universidade Norbert Wiener, Lima, Peru;<\/p>\n<p>23)\u00a0\u00a0 Prof\u00aa. Dr\u00aa. Viviane Hass \u2013 Tese de Doutorado defendida em 2015 \u2013 Universidde do Oeste do Paran\u00e1, Londrina, PR;<\/p>\n<p>24)\u00a0\u00a0 Prof. Dr. Antonio Setsuo Sakamoto Junior. Tese de Doutorado defendida em 2015. -Instituto Latinoamericano de Odontologia, Curitiba, PR;<\/p>\n<p>25)\u00a0\u00a0 Prof\u00aa. Dr\u00aa Reila Tain\u00e1 Mendes. Tese de Doutorado defendida em 2015 \u2013 Sociedade Educacional Herrero, Curitiba, PR;<\/p>\n<p>26)\u00a0\u00a0 Prof. Ms Luis Alberto Balladares Figueroa \u2013 Disserta\u00e7\u00e3o de mestrado defendida em 2015 \u2013 Universidade Estadual de Guayaquil e da Universidade Catolica Santiago Guayaqil, Guayaqil, Equador;<\/p>\n<p>27)\u00a0\u00a0 Prof. Ms Edgar Alexander Lopez \u2013 Disserta\u00e7\u00e3o de mestrado defendida em 2016\u2013 Professor de especializa\u00e7\u00e3o \u2013 Pasto, Col\u00f4mbia<\/p>\n<p>28)\u00a0\u00a0 Prof. Ms Felipe Augusto Villa Verde \u2013 Disserta\u00e7\u00e3o de Mestrado defendida em 2012. Docente Universidade Paranaense, Cascavel, PR;<\/p>\n<p>29)\u00a0\u00a0 Prof\u00aa. Ms. Let\u00edcia Dias Ferri \u2013 Disserta\u00e7\u00e3o de Mestrado defendida em 2012. Faculdade AVANTIS \u2013 Balne\u00e1rio Cambori\u00fa, SC;<\/p>\n<p>30)\u00a0\u00a0 Prof. Ms M\u00e1xDobrovolski \u2013 Disserta\u00e7\u00e3o de Mestrado defendida em 2012. Universidade Estadual do Oeste do Paran\u00e1, Cascavel, PR;<\/p>\n<p>31)\u00a0\u00a0 Prof\u00aa. Dr\u00aa Gislaine Martins \u2013 Tese de Doutorada defendida em 2013. P\u00f3s-doutoranda da PUC\/PR<\/p>\n<p>32)\u00a0\u00a0 Prof\u00aa. Dr\u00aa Michele Bail \u2013 Tese de Doutorada defendida em 2013. Centro Universit\u00e1rio de V\u00e1zea Grande, MT;<\/p>\n<p>33)\u00a0\u00a0 Prof\u00aa. Dr\u00aa. Bruna Fortes Bittencourt Cunha \u2013 Tese de doutorado defendida em 2014 \u2013 Universidade Estadual de Ponta Grossa, PR, docente colaboradora;<\/p>\n<p>34)\u00a0\u00a0 Prof. Dr. Patr\u00edcio Runnacles \u2013 Tese de doutorado defendida em 2014 &#8211; Universidade Estadual de Ponta Grossa, PR, professor colaborador;<\/p>\n<p>35)\u00a0\u00a0 Prof. Dr. Carlos Kose Jr \u2013 Tese de doutorado defendida em 2014 &#8211; \u2013 curso de especializa\u00e7\u00e3o ABO\/Ponta Grossa, PR;<\/p>\n<p>36)\u00a0\u00a0 Prof\u00aa. Ms. Johanna Lizbeth Cuadros S\u00e1nchez \u2013 Facultad de Estomatolog\u00eda da Universidad Peruana Cayetano Heredia (Peru), Docente de Odontologia Restauradora e Est\u00e9tica.<\/p>\n<p>37)\u00a0\u00a0 Prof\u00aa. Dr\u00aa. Eloisa Andrade de Paula &#8211; Tese defendida em 2013 \u2013 Universidade Metropolitana de Santos, SP;<\/p>\n<p>38)\u00a0\u00a0 Prof\u00aa. Dr\u00aa. Eunice Kuhn &#8211; Tese defendida em 2013 &#8211; Universidade Estadual de Ponta Grossa, Ponta Grossa, PR;<\/p>\n<p>39)\u00a0\u00a0 Prof. Dr. Miguel Mu\u00f1oz &#8211; Tese defendida em 2013 \u2013 Docente na Universidad de Valparaiso, Valpara\u00edso, Chile;<\/p>\n<p>40)\u00a0\u00a0 Prof\u00aa. Dr\u00aa. Patr\u00edcia Bahls de Almeida Farhat &#8211; Tese defendida em 2013 &#8211; Centro de Ensino Superior dos Campos Gerais, Ponta Grossa, PR;<\/p>\n<p>41)\u00a0\u00a0 Prof\u00aa. Dr\u00aa. Stella Maria Glaci Reinke &#8211; Tese defendida em 2013 &#8211; Faculdade de Odontologia de Blumenau, SC;<\/p>\n<p>42)\u00a0\u00a0 Prof. Dr. Luis Alfonso Arana Gordillo &#8211; Tese defendida em 2013 &#8211; Facultad de Odontolog\u00eda \/ Universidad Santiago de Cali, Cali, Col\u00f4mbia;<\/p>\n<p>43)\u00a0\u00a0 Prof\u00aa. Dr\u00aa. Alexandra Patricia Mena Serrano &#8211; Tese defendida em 2013 &#8211; Universidade Universidad de las Am\u00e9ricas, Quito, Equador;<\/p>\n<p>44)\u00a0\u00a0 Prof\u00aa. Dr\u00aa. Ana Paula Teitelbaum &#8211; Tese defendida em 2013 &#8211; Centro de Ensino Superior dos Campos Gerais, Ponta Grossa, PR;<\/p>\n<p>45)\u00a0\u00a0 \u00a0Prof. Dr. Alessandro Lisboa \u2013 Tese defendida em 2012 &#8211; Centro de Ensino Superior dos Campos Gerais, Ponta Grossa, PR;<\/p>\n<p>46)\u00a0\u00a0 Prof. Dr. Cristian Higashi &#8211; Tese defendida em 2012 \u2013 Instituto Latino-americano \u2013 ILAPEO (Curitiba \u2013 PR)<\/p>\n<p>47)\u00a0\u00a0 Prof. Dr. Douglas Augusto Roderjan &#8211; Tese defendida em 2012 \u2013 Universidade Estadual de Ponta Grossa, PR;<\/p>\n<p>48)\u00a0\u00a0 Prof. Dr. Marcio Cristiano de Souza Rastelli \u2013 Tese defendida em 2012 \u2013 Prof. e Coordenador do Curso de Odontologia Faculdade de Odontologia Blumenau, SC;<\/p>\n<p>49)\u00a0\u00a0 Prof. Dr. Rodrigo Stanislawczuk Grande \u2013 Tese defendida em 2012 \u2013 Centro de Ensino Superior dos Campos Gerais, Ponta Grossa, PR &#8211; Coordenador do Curso da Gradua\u00e7\u00e3o em Odontologia;<\/p>\n<p>50)\u00a0\u00a0 Prof\u00aa. Dr\u00aa. V\u00e2nia Ap. Queiroz &#8211; Tese defendida em 2012 \u2013 Universidade Estadual de Ponta Grossa, PR;<\/p>\n<p>51)\u00a0\u00a0 Prof\u00aa. Ms Luisa Gregol &#8211; Disserta\u00e7\u00e3o de Mestrado defendida em 2012 &#8211; Centro Universit\u00e1rio da Cidade de Uni\u00e3o da Vit\u00f3ria, PR;<\/p>\n<p>52)\u00a0\u00a0 Prof\u00aa. Dra. Bruna Benso &#8211; Disserta\u00e7\u00e3o de Mestrado defendida em 2012 \u2013Faculdade de Odontologia, Universidade Austral do Chile, Vald\u00edvia, Chile;<\/p>\n<p>53)\u00a0\u00a0 Prof\u00aa Ms. Eliana Cristina Fosqueira \u2013 Disserta\u00e7\u00e3o de Mestrado defendida em 2010 \u2013 Universidade Paranaense \u2013 Cascavel, PR;<\/p>\n<p>54)\u00a0\u00a0 Prof\u00aa Ms. Sindianara de F\u00e1tima Divardin. Disserta\u00e7\u00e3o de Mestrado defendida em 2010 \u2013 Centro de Ensino Superior dos Campos Gerais, Ponta Grossa, PR;<\/p>\n<p>55)\u00a0\u00a0 Prof\u00aa Dr\u00aa Juliana Aparecida de Campos Lawder. Disserta\u00e7\u00e3o de Mestrado defendida em 2010 &#8211; Docente no curso de forma\u00e7\u00e3o de auxiliar em sa\u00fade bucal de EAP\/Goi\u00e2nia, Goi\u00e1s;<\/p>\n<p>56)\u00a0\u00a0 Prof. Dr. Emigdio Enrique Orellana Jimenez &#8211; Disserta\u00e7\u00e3o de Mestrado defendida em 2008 &#8211; Universidade Estadual de Ponta Grossa, PR;<\/p>\n<p>57)\u00a0\u00a0 Prof. Ms Roberto C\u00e9sar do Amaral- Disserta\u00e7\u00e3o de Mestrado defendida 2008 -Universidade do Oeste de Santa Catarina, Joa\u00e7aba, SC;<\/p>\n<p>58)\u00a0\u00a0 Prof. Ms. Wilmer Fabi\u00e1n Sep\u00falveda Navarro &#8211; Disserta\u00e7\u00e3o de Mestrado defendida 2008 -Universidad de Santiago de Cali, Cali, Col\u00f4mbia;<\/p>\n<p>59)\u00a0\u00a0 Prof\u00aa. Dr\u00aa. Ana Paula Gebert de Oliveira Franco &#8211; Disserta\u00e7\u00e3o de Mestrado defendida 2006 \u2013 Universidade Tecnol\u00f3gica Federal do Paran\u00e1, Curitiba, PR, docente colaboradora;<\/p>\n<p>60)\u00a0\u00a0 Prof\u00aa. Ms. Beatriz Elena Arana Correia &#8211; Disserta\u00e7\u00e3o de Mestrado defendida 2008 &#8211; Universidad de Santiago de Cali, Cali, Col\u00f4mbia;<\/p>\n<p>61)\u00a0\u00a0 Prof\u00aa. Ms. Michele Elias Contin Mansur &#8211; Disserta\u00e7\u00e3o de Mestrado defendida 2008 &#8211; curso de especializa\u00e7\u00e3o ABO\/Ponta Grossa, PR;<\/p>\n<p>62)\u00a0\u00a0 Prof. Dr. Eugenio Garcia &#8211; Disserta\u00e7\u00e3o de Mestrado defendida 2008 &#8211; Universidade Nove de Julho, S\u00e3o Paulo, SP;<\/p>\n<p>63)\u00a0\u00a0 Prof. Ms. Chigue Yuki Jitumori &#8211; Disserta\u00e7\u00e3o de Mestrado defendida 2008 &#8211; \u2013 Centro de Ensino Superior dos Campos Gerais, Ponta Grossa, PR;<\/p>\n<p>64)\u00a0\u00a0 Prof\u00aa. Dr\u00aa. Priscila Portero &#8211; Disserta\u00e7\u00e3o de Mestrado defendida 2006 &#8211; Universidade Federal Fluminense, Nova Friburgo, RJ;<\/p>\n<p>65)\u00a0\u00a0 Prof\u00aa. Dr\u00aa. Shelon Cristina de Souza Pinto &#8211; Disserta\u00e7\u00e3o de Mestrado defendida 2006 \u2013 Universidade Estadual de Ponta Grossa, PR;<\/p>\n<p>66)\u00a0\u00a0 Prof\u00aa. Ms. Camila Maggi Maia Silveira &#8211; Disserta\u00e7\u00e3o de Mestrado defendida 2006 &#8211; Universidade Estadual de Ponta Grossa, PR, docente colaboradora e \u00a0Centro de Ensino Superior dos Campos Gerais, Ponta Grossa, PR;<\/p>\n<p>67)\u00a0\u00a0 Prof. Ms. S\u00e9rgio Paulo Hilgemberg \u2013 Disserta\u00e7\u00e3o de Mestrado defendida 2008 \u2013 Centro Universit\u00e1rio da Cidade de Uni\u00e3o da Vit\u00f3ria, PR;<\/p>\n<p>68)\u00a0\u00a0 Prof\u00aa. Ms. Patr\u00edcia Grau Grull\u00f3n. Disserta\u00e7\u00e3o de Mestrado defendida em 2006 \u2013 Universidad Iberoamericana &#8211; Santo Domingo, Rep\u00fablica Dominicana;<\/p>\n<p>69)\u00a0\u00a0 Prof. Ms. Jos\u00e9 Laufer Neto. Disserta\u00e7\u00e3o de Mestrado defendida em 2006 &#8211; Faculdade Ing\u00e1 \u2013 Curitiba, PR;<\/p>\n<p>70)\u00a0\u00a0 Prof. Ms. Jose David Ruan Antury &#8211; Disserta\u00e7\u00e3o de Mestrado defendida em 2006 &#8211; Universidad Autonoma de Manizales, Col\u00f4mbia;<\/p>\n<p>71)\u00a0\u00a0 Prof. Dr. Jo\u00e3o Luiz Neves Pereira &#8211; Disserta\u00e7\u00e3o de Mestrado defendida 2006 \u2013 Universidade Federal do Paran\u00e1, Curitiba, PR;<\/p>\n<p>72)\u00a0\u00a0 Prof\u00aa. Ms. Sandra Cristina Sgarbi Daniel &#8211; Disserta\u00e7\u00e3o de Mestrado defendida 2006 \u2013 Universidade Federal do Paran\u00e1, Curitiba, PR;<\/p>\n<p>73)\u00a0\u00a0 Prof\u00aa. Ms. Fl\u00e1via Tanaka \u2013 Disserta\u00e7\u00e3o de Mestrado defendida 2004 \u2013 Centro Universit\u00e1rio de Maring\u00e1, PR;<\/p>\n<p>74)\u00a0\u00a0 Prof\u00aa. Ms. Leyla Antoinette Delgado Cotrina \u2013 Disserta\u00e7\u00e3o de Mestrado defendida 2004 \u2013 Universidad Peruana Cayetano Heredia, Lima, Peru;<\/p>\n<p>75)\u00a0\u00a0 Prof. Ms. Carlos Antonio Pelissari &#8211; Disserta\u00e7\u00e3o de Mestrado defendida 2004 &#8211; Universidade Estadual de Ponta Grossa, PR;<\/p>\n<p>76)\u00a0\u00a0 Prof. Ms. Edison Rocio Meister &#8211; Disserta\u00e7\u00e3o de Mestrado defendida 2004 &#8211; Universidade Estadual de Ponta Grossa, PR;<\/p>\n<p>77)\u00a0\u00a0 Prof. Ms. Alfredo Adimari &#8211; Disserta\u00e7\u00e3o de Mestrado defendida 2004 &#8211; Universidade Estadual de Ponta Grossa, PR;<\/p>\n<p>78)\u00a0\u00a0 Prof\u00aa. Ms. Andr\u00e9a Maria de Sousa &#8211; Disserta\u00e7\u00e3o de Mestrado defendida 2004 \u2013 Universidade Positivo, Curitiba, PR;<\/p>\n<p>79)\u00a0\u00a0 Prof. Ms. Adriana Postiglione Bu\u0308hrer Samra- Disserta\u00e7\u00e3o de Mestrado defendida 2004 &#8211; Universidade Estadual de Ponta Grossa, PR;<\/p>\n<p>80)\u00a0\u00a0 Prof. Dr. Adriana de Oliveira Silva &#8211; Disserta\u00e7\u00e3o de Mestrado defendida 2004 &#8211; Universidade Estadual de Londrina, PR;<\/p>\n<p>81)\u00a0\u00a0 Prof. Dr. Ariadne Cristina Cabral da Cruz &#8211; Disserta\u00e7\u00e3o de Mestrado defendida 2004 &#8211; Universidade Federalde Santa Catarina Florian\u00f3polis, SC;<\/p>\n<p>82)\u00a0\u00a0 Prof. Ms. Milko Javier Villaroel Cortes &#8211; Disserta\u00e7\u00e3o de Mestrado defendida 2004 &#8211; Universidade Positivo \u2013 Curitiba, PR;<\/p>\n<p>83)\u00a0\u00a0 Prof. Dr. Jo\u00e3o Paulo Filgueiras Ribeiro &#8211; Faculdade de Odontologia &#8211; USP- S\u00e3o Paulo-SP \u2013 Docente Universidade de Guarulhos \u2013 UNG\/SP.<\/p>\n<p>&nbsp;<\/p>\n<p><strong>B)\u00a0\u00a0\u00a0\u00a0\u00a0 Egressos e discentes em atividade militar:<\/strong><\/p>\n<p>1) \u00a0\u00a0 Os\u00e9as dos Santos Junior &#8211; 1\u00ba Tenente Dentista da Aeron\u00e1utica, Natal, RN;<\/p>\n<p>2)\u00a0\u00a0\u00a0 Christiana Zander-Grande \u2013 Tese de Doutorado defendida 2012 &#8211; Cirurgi\u00e3 dentista do Ex\u00e9rcito Brasileiro Tenente do Ex\u00e9rcito Brasileiro \u2013 Ponta Grossa, PR;<\/p>\n<p>3)\u00a0\u00a0\u00a0 Juliana Cristina de Souza \u2013 Disserta\u00e7\u00e3o de Mestrado defendida 2006 &#8211; Cirurgi\u00e3 dentista do Ex\u00e9rcito Brasileiro Tenente do Ex\u00e9rcito Brasileiro \u2013 Rio de Janeiro, RJ;<\/p>\n<p>4)\u00a0\u00a0\u00a0 Fernanda Grande da Cruz \u2013 Disserta\u00e7\u00e3o de Mestrado defendida 2006 \u2013 Cirurgi\u00e3 dentista do Hospital Militar de \u00c1rea de Bras\u00edlia\/HMAB \u2013 Bras\u00edlia, DF;<\/p>\n<p>5)\u00a0\u00a0\u00a0 Ms. Lucas Manuel Ruiz \u2013 Disserta\u00e7\u00e3o de Mestrado defendida 2012 &#8211; Cirurgi\u00e3o dentista Aspirante a Oficial do Ex\u00e9rcito Brasileiro 15\u00ba CSM &#8211; Uni\u00e3o da Vit\u00f3ria, PR;<\/p>\n<p>6)\u00a0\u00a0\u00a0 Dr\u00aa. Lisandra Matos Brol Meister \u2013 Tese defendida em 2012 \u2013 Cirurgi\u00e3 dentista Aspirante a Oficial do Ex\u00e9rcito Brasileiro &#8211; 5\u00ba Esquadr\u00e3o de Cavalaria Mecanizado &#8211; Castro, PR.<\/p>\n<p>&nbsp;<\/p>\n<p><strong>C)\u00a0\u00a0\u00a0\u00a0\u00a0 Discentes em atividades de ensino em institui\u00e7\u00f5es de ensino superior (IES)<\/strong><\/p>\n<p>1) Prof Doutorando Leomar Emanuel Almeida Mecca Universidade CESUMAR \u2013 Campus Ponta Grossa, PR;<\/p>\n<p>2) Profa. Doutoranda Mayara Vitorino Gevert &#8211; Centro de Ensino Superior dos Campos Gerais, Ponta Grossa, PR;<\/p>\n<p>3) Profa. Doutoranda Priscila de Camargo Smolarek \u2013 Universidade Estadual de Ponta Grossa, PR &#8211; docente colaboradora;<\/p>\n<p>4) Profa. Doutoranda Adrieli Burey &#8211; Universidade Paranaense \u2013 Campus Francisco Beltr\u00e3o, PR;<\/p>\n<p>5) Prof\u00aa. Doutoranda Fabiana Dias Simas Dreweck &#8211; Centro de Ensino Superior dos Campos Gerais, Ponta Grossa, PR;<\/p>\n<p>6) Prof\u00aa. Doutoranda Carolina Gealh Navarro Escobar &#8211; Universidade Paranaense \u2013 Campus Francisco Beltr\u00e3o, PR;<\/p>\n<p>7) Prof\u00aa. Doutoranda Eveline Claudia Martini \u2013 Universidade CESUMAR \u2013 Campus Ponta Grossa, PR;<\/p>\n<p>8) Prof\u00aa. Doutoranda Evelyn Lopez Leite &#8211; Universidade Paranaense &#8211; Universidade Paranaense \u2013 Campus Francisco Beltr\u00e3o, PR.<\/p>\n<p>&nbsp;<\/p>\n<p><strong>D)\u00a0\u00a0\u00a0\u00a0 Egressos do mestrado realizando atualmente curso de doutorado em outras institui\u00e7\u00f5es:<\/strong><\/p>\n<p>1)\u00a0\u00a0\u00a0 Ms. Eric Dario Acu\u00f1a Navarro \u2013 Universidade Cayetano Heredia, Lima, Peru;<\/p>\n<p>2) Ms. Cindy Grace Perez Pacheco &#8211; Faculdade de Odontologia de Araraquara, UNESP;<\/p>\n<p>3) Ms. Paula K. Vargas Sanchez &#8211; Faculdade de Odontologia de Ribeir\u00e3o Preto, USP;<\/p>\n<p>4) Ms. Marcella Goetz Moro &#8211; Faculdade de Odontologia de S\u00e3o Paulo, USP.<\/p>\n","protected":false},"excerpt":{"rendered":"<p>A)\u00a0\u00a0\u00a0\u00a0 Egressos em atividades de ensino em institui\u00e7\u00f5es de ensino superior no pa\u00eds ou no exterior: 1)\u00a0\u00a0\u00a0\u00a0\u00a0 Prof\u00aa. Dr\u00aa. C\u00e9lia Maria Condeixa De Fran\u00e7a Lopes &#8211; Tese de Doutorado defendida em 2018 \u2013 Univille, Joinville, SC; 2)\u00a0\u00a0\u00a0\u00a0\u00a0 Prof. Dr. Edward Werner Schubert \u2013 Tese defendida em 2018 \u2013Univille, Joinville, SC; 3)\u00a0\u00a0\u00a0\u00a0\u00a0 Prof\u00aa. Dr\u00aa. Bianca Medeiros&nbsp;&hellip;<\/p>\n","protected":false},"author":24,"featured_media":0,"parent":0,"menu_order":0,"comment_status":"closed","ping_status":"closed","template":"","meta":[],"_links":{"self":[{"href":"https:\/\/www2.uepg.br\/ppgodonto\/wp-json\/wp\/v2\/pages\/116"}],"collection":[{"href":"https:\/\/www2.uepg.br\/ppgodonto\/wp-json\/wp\/v2\/pages"}],"about":[{"href":"https:\/\/www2.uepg.br\/ppgodonto\/wp-json\/wp\/v2\/types\/page"}],"author":[{"embeddable":true,"href":"https:\/\/www2.uepg.br\/ppgodonto\/wp-json\/wp\/v2\/users\/24"}],"replies":[{"embeddable":true,"href":"https:\/\/www2.uepg.br\/ppgodonto\/wp-json\/wp\/v2\/comments?post=116"}],"version-history":[{"count":4,"href":"https:\/\/www2.uepg.br\/ppgodonto\/wp-json\/wp\/v2\/pages\/116\/revisions"}],"predecessor-version":[{"id":255,"href":"https:\/\/www2.uepg.br\/ppgodonto\/wp-json\/wp\/v2\/pages\/116\/revisions\/255"}],"wp:attachment":[{"href":"https:\/\/www2.uepg.br\/ppgodonto\/wp-json\/wp\/v2\/media?parent=116"}],"curies":[{"name":"wp","href":"https:\/\/api.w.org\/{rel}","templated":true}]}}