{"id":128,"date":"2020-04-09T16:59:29","date_gmt":"2020-04-09T19:59:29","guid":{"rendered":"http:\/\/www2.uepg.br\/ppgodonto\/?page_id=128"},"modified":"2025-12-30T08:14:05","modified_gmt":"2025-12-30T11:14:05","slug":"matriculas","status":"publish","type":"page","link":"https:\/\/www2.uepg.br\/ppgodonto\/matriculas\/","title":{"rendered":"Matr\u00edculas"},"content":{"rendered":"<h4 style=\"text-align: center\"><\/h4>\n<p style=\"text-align: center\">MATR\u00cdCULAS PARA 1\u00ba Semestre de 2026<\/p>\n<p style=\"text-align: center\" align=\"left\">&#8211; alunos regulares\u00a0 (novos e das turmas anteriores) 19 e 20\/02\/2026.<br \/>\n&#8211; homologa\u00e7\u00e3o de matr\u00edculas pelos orientadores &#8211; At\u00e9 24\/02\/2026.<br \/>\n&#8211; homologa\u00e7\u00e3o pela coordenadora &#8211; At\u00e9 29\/02\/2026.<\/p>\n<p style=\"text-align: center\" align=\"left\">\n<p style=\"text-align: center\" align=\"left\"><a href=\"https:\/\/sistemas.uepg.br\/producao\/pro-reitorias\/propesp\/posgraduacao\/stricto\/matricula\/matricula_abertura.php\">Sistema de Matr\u00edculas<\/a><\/p>\n","protected":false},"excerpt":{"rendered":"<p>MATR\u00cdCULAS PARA 1\u00ba Semestre de 2026 &#8211; alunos regulares\u00a0 (novos e das turmas anteriores) 19 e 20\/02\/2026. &#8211; homologa\u00e7\u00e3o de matr\u00edculas pelos orientadores &#8211; At\u00e9 24\/02\/2026. &#8211; homologa\u00e7\u00e3o pela coordenadora &#8211; At\u00e9 29\/02\/2026. Sistema de Matr\u00edculas<\/p>\n","protected":false},"author":24,"featured_media":0,"parent":0,"menu_order":0,"comment_status":"closed","ping_status":"closed","template":"","meta":[],"_links":{"self":[{"href":"https:\/\/www2.uepg.br\/ppgodonto\/wp-json\/wp\/v2\/pages\/128"}],"collection":[{"href":"https:\/\/www2.uepg.br\/ppgodonto\/wp-json\/wp\/v2\/pages"}],"about":[{"href":"https:\/\/www2.uepg.br\/ppgodonto\/wp-json\/wp\/v2\/types\/page"}],"author":[{"embeddable":true,"href":"https:\/\/www2.uepg.br\/ppgodonto\/wp-json\/wp\/v2\/users\/24"}],"replies":[{"embeddable":true,"href":"https:\/\/www2.uepg.br\/ppgodonto\/wp-json\/wp\/v2\/comments?post=128"}],"version-history":[{"count":10,"href":"https:\/\/www2.uepg.br\/ppgodonto\/wp-json\/wp\/v2\/pages\/128\/revisions"}],"predecessor-version":[{"id":1569,"href":"https:\/\/www2.uepg.br\/ppgodonto\/wp-json\/wp\/v2\/pages\/128\/revisions\/1569"}],"wp:attachment":[{"href":"https:\/\/www2.uepg.br\/ppgodonto\/wp-json\/wp\/v2\/media?parent=128"}],"curies":[{"name":"wp","href":"https:\/\/api.w.org\/{rel}","templated":true}]}}