{"id":142,"date":"2020-04-09T17:43:51","date_gmt":"2020-04-09T20:43:51","guid":{"rendered":"http:\/\/www2.uepg.br\/ppgodonto\/?page_id=142"},"modified":"2020-07-23T14:33:08","modified_gmt":"2020-07-23T17:33:08","slug":"links","status":"publish","type":"page","link":"https:\/\/www2.uepg.br\/ppgodonto\/links\/","title":{"rendered":"Links"},"content":{"rendered":"<p><span style=\"text-decoration: underline\"><strong>Links \u00fateis:<\/strong><\/span><\/p>\n<p><a href=\"https:\/\/www.abopg.com.br\/\" target=\"_blank\" rel=\"noopener noreferrer\"><strong>ABO<\/strong><\/a><strong>\u00a0&#8211;<\/strong>\u00a0Associa\u00e7\u00e3o Brasileira de Odontologia<\/p>\n<p><a href=\"http:\/\/www.anvisa.gov.br\/\" target=\"_blank\" rel=\"noopener noreferrer\"><strong>ANVISA<\/strong><\/a><strong>\u00a0<\/strong>&#8211; Ag\u00eancia Nacional de Vigil\u00e2ncia Sanit\u00e1ria<\/p>\n<p><a href=\"https:\/\/www.uepg.br\/uepg_departamentos\/deodon\/dentes\/index.htm\"><strong>Banco de Dentes UEPG<\/strong><\/a><\/p>\n<p><a href=\"http:\/\/www.bireme.br\/\" target=\"_blank\" rel=\"noopener noreferrer\"><strong>BIREME<\/strong><\/a>\u00a0&#8211; Biblioteca Virtual em Sa\u00fade<\/p>\n<p><a href=\"http:\/\/www.capes.gov.br\/\" target=\"_blank\" rel=\"noopener noreferrer\"><strong>CAPES<\/strong><\/a><strong>\u00a0&#8211;\u00a0<\/strong>Coordena\u00e7\u00e3o de Aperfei\u00e7oamento de Pessoal de N\u00edvel Superior<\/p>\n<p><a href=\"http:\/\/www.cnpq.br\/\" target=\"_blank\" rel=\"noopener noreferrer\"><strong>CNPq<\/strong><\/a>\u00a0&#8211; Conselho Nacional de Desenvolvimento Cient\u00edfico e Tecnol\u00f3gico<\/p>\n<p><strong><a href=\"http:\/\/www.uepg.br\/coep\/\" target=\"_blank\" rel=\"noopener noreferrer\">CEP<\/a><\/strong>\u00a0&#8211; Comiss\u00e3o de \u00c9tica em Pesquisa<\/p>\n<p><a href=\"http:\/\/www.cfo.org.br\/\" target=\"_blank\" rel=\"noopener noreferrer\"><strong>CFO <\/strong><\/a>&#8211; Conselho Federal de Odontologia<\/p>\n<p><strong><a href=\"http:\/\/www.finep.gov.br\/\" target=\"_blank\" rel=\"noopener noreferrer\">FINEP<\/a><\/strong>&#8211; Financiadora de Estudos e Projetos<\/p>\n<p><a href=\"http:\/\/scholar.google.com.br\/\" target=\"_blank\" rel=\"noopener noreferrer\"><strong>Google Acad\u00eamico<\/strong><\/a><\/p>\n<p><a href=\"http:\/\/www.fundacaoaraucaria.org.br\/\" target=\"_blank\" rel=\"noopener noreferrer\"><strong>Funda\u00e7\u00e3o Arauc\u00e1ria<\/strong><\/a>\u00a0&#8211; Funda\u00e7\u00e3o Arauc\u00e1ria de Apoio ao Desenvolvimento Cient\u00edfico e Tecnol\u00f3gico do Paran\u00e1<\/p>\n<p><a href=\"https:\/\/saude.gov.br\/\" target=\"_blank\" rel=\"noopener noreferrer\"><strong>Minist\u00e9rio da Sa\u00fade<\/strong><\/a><\/p>\n<p><a href=\"http:\/\/www.mctic.gov.br\/portal\" target=\"_blank\" rel=\"noopener noreferrer\"><strong>Minist\u00e9rio de Ci\u00eancias e Tecnologias<\/strong><\/a><\/p>\n<p><a href=\"http:\/\/lattes.cnpq.br\/\" target=\"_blank\" rel=\"noopener noreferrer\"><strong>Plataforma Lattes<\/strong><\/a><\/p>\n<p><a href=\"http:\/\/plataformabrasil.saude.gov.br\/login.jsf\" target=\"_blank\" rel=\"noopener noreferrer\"><strong>Plataforma Brasil<\/strong><\/a><\/p>\n<p><strong><a href=\"http:\/\/www.uepg.br\/propesp\/\" target=\"_blank\" rel=\"noopener noreferrer\">PROPESP<\/a><\/strong>\u00a0&#8211; Pr\u00f3-Reitoria de Pesquisa e P\u00f3s-Gradua\u00e7\u00e3o<\/p>\n<p><a href=\"http:\/\/www.ncbi.nlm.nih.gov\/sites\/entrez\/\" target=\"_blank\" rel=\"noopener noreferrer\"><strong>PubMed<\/strong><\/a>\u00a0&#8211; Medical Publications<\/p>\n<p><a href=\"http:\/\/www.seti.pr.gov.br\/\" target=\"_blank\" rel=\"noopener noreferrer\"><strong>SETI<\/strong><\/a><strong>\u00a0<\/strong>&#8211; Secretaria de Estado de Ci\u00eancias e Tecnologia e Ensino Superior<\/p>\n<p><strong><a href=\"http:\/\/www.scielo.br\/\" target=\"_blank\" rel=\"noopener noreferrer\">S<\/a><a href=\"http:\/\/www.scielo.br\/\">CIELO<\/a>\u00a0&#8211;<\/strong>\u00a0Scientific Electronic Library Online<\/p>\n<p><a href=\"http:\/\/www.sbpqo.org.br\/\" target=\"_blank\" rel=\"noopener noreferrer\"><strong>SBPqO<\/strong>\u00a0<\/a>&#8211; Sociedade Brasileira de Pesquisa Odontol\u00f3gica<\/p>\n<p>&nbsp;<\/p>\n","protected":false},"excerpt":{"rendered":"<p>Links \u00fateis: ABO\u00a0&#8211;\u00a0Associa\u00e7\u00e3o Brasileira de Odontologia ANVISA\u00a0&#8211; Ag\u00eancia Nacional de Vigil\u00e2ncia Sanit\u00e1ria Banco de Dentes UEPG BIREME\u00a0&#8211; Biblioteca Virtual em Sa\u00fade CAPES\u00a0&#8211;\u00a0Coordena\u00e7\u00e3o de Aperfei\u00e7oamento de Pessoal de N\u00edvel Superior CNPq\u00a0&#8211; Conselho Nacional de Desenvolvimento Cient\u00edfico e Tecnol\u00f3gico CEP\u00a0&#8211; Comiss\u00e3o de \u00c9tica em Pesquisa CFO &#8211; Conselho Federal de Odontologia FINEP&#8211; Financiadora de Estudos e Projetos&nbsp;&hellip;<\/p>\n","protected":false},"author":24,"featured_media":0,"parent":0,"menu_order":0,"comment_status":"closed","ping_status":"closed","template":"","meta":[],"_links":{"self":[{"href":"https:\/\/www2.uepg.br\/ppgodonto\/wp-json\/wp\/v2\/pages\/142"}],"collection":[{"href":"https:\/\/www2.uepg.br\/ppgodonto\/wp-json\/wp\/v2\/pages"}],"about":[{"href":"https:\/\/www2.uepg.br\/ppgodonto\/wp-json\/wp\/v2\/types\/page"}],"author":[{"embeddable":true,"href":"https:\/\/www2.uepg.br\/ppgodonto\/wp-json\/wp\/v2\/users\/24"}],"replies":[{"embeddable":true,"href":"https:\/\/www2.uepg.br\/ppgodonto\/wp-json\/wp\/v2\/comments?post=142"}],"version-history":[{"count":13,"href":"https:\/\/www2.uepg.br\/ppgodonto\/wp-json\/wp\/v2\/pages\/142\/revisions"}],"predecessor-version":[{"id":558,"href":"https:\/\/www2.uepg.br\/ppgodonto\/wp-json\/wp\/v2\/pages\/142\/revisions\/558"}],"wp:attachment":[{"href":"https:\/\/www2.uepg.br\/ppgodonto\/wp-json\/wp\/v2\/media?parent=142"}],"curies":[{"name":"wp","href":"https:\/\/api.w.org\/{rel}","templated":true}]}}