{"id":159,"date":"2025-05-13T09:55:05","date_gmt":"2025-05-13T12:55:05","guid":{"rendered":"http:\/\/www2.uepg.br\/ppgodonto\/?page_id=159"},"modified":"2026-03-05T14:56:41","modified_gmt":"2026-03-05T17:56:41","slug":"downloads","status":"publish","type":"page","link":"https:\/\/www2.uepg.br\/ppgodonto\/downloads\/","title":{"rendered":"Downloads"},"content":{"rendered":"<div id=\"pl-159\"  class=\"panel-layout\" ><div id=\"pg-159-0\"  class=\"panel-grid panel-no-style\" ><div id=\"pgc-159-0-0\"  class=\"panel-grid-cell\" ><div id=\"panel-159-0-0-0\" class=\"so-panel widget widget_sow-accordion panel-first-child panel-last-child\" data-index=\"0\" ><div\n\t\t\t\n\t\t\tclass=\"so-widget-sow-accordion so-widget-sow-accordion-default-a9f16f41d4be-159\"\n\t\t\t\n\t\t><div>\n\t<div class=\"sow-accordion\">\n\t\t\t<div class=\"sow-accordion-panel\"\n\t\t\t data-anchor=\"projeto-de-pesquisa\">\n\t\t\t\t<div class=\"sow-accordion-panel-header-container\" role=\"heading\" aria-level=\"2\">\n\t\t\t\t\t<div class=\"sow-accordion-panel-header\" tabindex=\"0\" role=\"button\" id=\"accordion-label-projeto-de-pesquisa\" aria-controls=\"accordion-content-projeto-de-pesquisa\" aria-expanded=\"false\">\n\t\t\t\t\t\t<div class=\"sow-accordion-title sow-accordion-title-icon-left\">\n\t\t\t\t\t\t\t\t\t\t\t\t\t\tProjeto de Pesquisa\t\t\t\t\t\t\t\t\t\t\t\t\t<\/div>\n\t\t\t\t\t\t<div class=\"sow-accordion-open-close-button\">\n\t\t\t\t\t\t\t<div class=\"sow-accordion-open-button\">\n\t\t\t\t\t\t\t\t<span class=\"sow-icon-ionicons\" data-sow-icon=\"&#xf218;\"\n\t\t \n\t\taria-hidden=\"true\"><\/span>\t\t\t\t\t\t\t<\/div>\n\t\t\t\t\t\t\t<div class=\"sow-accordion-close-button\">\n\t\t\t\t\t\t\t\t<span class=\"sow-icon-ionicons\" data-sow-icon=\"&#xf209;\"\n\t\t \n\t\taria-hidden=\"true\"><\/span>\t\t\t\t\t\t\t<\/div>\n\t\t\t\t\t\t<\/div>\n\t\t\t\t\t<\/div>\n\t\t\t\t<\/div>\n\n\t\t\t<div\n\t\t\t\tclass=\"sow-accordion-panel-content\"\n\t\t\t\trole=\"region\"\n\t\t\t\taria-labelledby=\"accordion-label-projeto-de-pesquisa\"\n\t\t\t\tid=\"accordion-content-projeto-de-pesquisa\"\n\t\t\t\tstyle=\"display: none;\"\t\t\t>\n\t\t\t\t<div class=\"sow-accordion-panel-border\" tabindex=\"0\">\n\t\t\t\t\t<p><a href=\"http:\/\/www2.uepg.br\/ppgodonto\/wp-content\/uploads\/sites\/56\/2020\/06\/Encaminhamento-Protocolo-de-Pesquisa.doc\">Of\u00edcio para encaminhamento Protocolo de Pesquisa<\/a><\/p>\n<p><a href=\"http:\/\/www2.uepg.br\/ppgodonto\/wp-content\/uploads\/sites\/56\/2026\/03\/Protocolo_Pesquisa.doc\">Protocolo_Pesquisa<\/a><\/p>\n<p>&nbsp;<\/p>\n\t\t\t\t<\/div>\n\t\t\t<\/div>\n\t\t<\/div>\n\t\t\t<div class=\"sow-accordion-panel\"\n\t\t\t data-anchor=\"relat%c3%b3rio-semestral-do-discente\">\n\t\t\t\t<div class=\"sow-accordion-panel-header-container\" role=\"heading\" aria-level=\"2\">\n\t\t\t\t\t<div class=\"sow-accordion-panel-header\" tabindex=\"0\" role=\"button\" id=\"accordion-label-relat%c3%b3rio-semestral-do-discente\" aria-controls=\"accordion-content-relat%c3%b3rio-semestral-do-discente\" aria-expanded=\"false\">\n\t\t\t\t\t\t<div class=\"sow-accordion-title sow-accordion-title-icon-left\">\n\t\t\t\t\t\t\t\t\t\t\t\t\t\tRelat\u00f3rio Semestral do Discente\t\t\t\t\t\t\t\t\t\t\t\t\t<\/div>\n\t\t\t\t\t\t<div class=\"sow-accordion-open-close-button\">\n\t\t\t\t\t\t\t<div class=\"sow-accordion-open-button\">\n\t\t\t\t\t\t\t\t<span class=\"sow-icon-ionicons\" data-sow-icon=\"&#xf218;\"\n\t\t \n\t\taria-hidden=\"true\"><\/span>\t\t\t\t\t\t\t<\/div>\n\t\t\t\t\t\t\t<div class=\"sow-accordion-close-button\">\n\t\t\t\t\t\t\t\t<span class=\"sow-icon-ionicons\" data-sow-icon=\"&#xf209;\"\n\t\t \n\t\taria-hidden=\"true\"><\/span>\t\t\t\t\t\t\t<\/div>\n\t\t\t\t\t\t<\/div>\n\t\t\t\t\t<\/div>\n\t\t\t\t<\/div>\n\n\t\t\t<div\n\t\t\t\tclass=\"sow-accordion-panel-content\"\n\t\t\t\trole=\"region\"\n\t\t\t\taria-labelledby=\"accordion-label-relat%c3%b3rio-semestral-do-discente\"\n\t\t\t\tid=\"accordion-content-relat%c3%b3rio-semestral-do-discente\"\n\t\t\t\tstyle=\"display: none;\"\t\t\t>\n\t\t\t\t<div class=\"sow-accordion-panel-border\" tabindex=\"0\">\n\t\t\t\t\t<p><a href=\"http:\/\/www2.uepg.br\/ppgodonto\/wp-content\/uploads\/sites\/56\/2020\/06\/Orienta\u00e7\u00f5es-para-Entrega-do-Relat\u00f3rio-Semestral.pdf\">Orienta\u00e7\u00f5es para Entrega do Relat\u00f3rio Semestral<\/a><\/p>\n<p><a href=\"http:\/\/www2.uepg.br\/ppgodonto\/wp-content\/uploads\/sites\/56\/2020\/06\/Relat\u00f3rio-de-Atividades.docx\">Relat\u00f3rio de Atividades<\/a><\/p>\n<p><a href=\"http:\/\/www2.uepg.br\/ppgodonto\/wp-content\/uploads\/sites\/56\/2020\/06\/Produ\u00e7\u00e3o-Intelectual-Bibliografica.docx\">Produ\u00e7\u00e3o Intelectual Bibliografica<\/a><\/p>\n<p><a href=\"http:\/\/www2.uepg.br\/ppgodonto\/wp-content\/uploads\/sites\/56\/2020\/06\/Produ\u00e7\u00e3o-Intelectual-Tecnica.docx\">Produ\u00e7\u00e3o Intelectual Tecnica<\/a><\/p>\n\t\t\t\t<\/div>\n\t\t\t<\/div>\n\t\t<\/div>\n\t\t\t<div class=\"sow-accordion-panel\"\n\t\t\t data-anchor=\"logo-e-modelos\">\n\t\t\t\t<div class=\"sow-accordion-panel-header-container\" role=\"heading\" aria-level=\"2\">\n\t\t\t\t\t<div class=\"sow-accordion-panel-header\" tabindex=\"0\" role=\"button\" id=\"accordion-label-logo-e-modelos\" aria-controls=\"accordion-content-logo-e-modelos\" aria-expanded=\"false\">\n\t\t\t\t\t\t<div class=\"sow-accordion-title sow-accordion-title-icon-left\">\n\t\t\t\t\t\t\t\t\t\t\t\t\t\tLogo e Modelos\t\t\t\t\t\t\t\t\t\t\t\t\t<\/div>\n\t\t\t\t\t\t<div class=\"sow-accordion-open-close-button\">\n\t\t\t\t\t\t\t<div class=\"sow-accordion-open-button\">\n\t\t\t\t\t\t\t\t<span class=\"sow-icon-ionicons\" data-sow-icon=\"&#xf218;\"\n\t\t \n\t\taria-hidden=\"true\"><\/span>\t\t\t\t\t\t\t<\/div>\n\t\t\t\t\t\t\t<div class=\"sow-accordion-close-button\">\n\t\t\t\t\t\t\t\t<span class=\"sow-icon-ionicons\" data-sow-icon=\"&#xf209;\"\n\t\t \n\t\taria-hidden=\"true\"><\/span>\t\t\t\t\t\t\t<\/div>\n\t\t\t\t\t\t<\/div>\n\t\t\t\t\t<\/div>\n\t\t\t\t<\/div>\n\n\t\t\t<div\n\t\t\t\tclass=\"sow-accordion-panel-content\"\n\t\t\t\trole=\"region\"\n\t\t\t\taria-labelledby=\"accordion-label-logo-e-modelos\"\n\t\t\t\tid=\"accordion-content-logo-e-modelos\"\n\t\t\t\tstyle=\"display: none;\"\t\t\t>\n\t\t\t\t<div class=\"sow-accordion-panel-border\" tabindex=\"0\">\n\t\t\t\t\t<p><img class=\"alignnone size-medium wp-image-425\" src=\"http:\/\/www2.uepg.br\/ppgodonto\/wp-content\/uploads\/sites\/56\/2020\/05\/Logo-Final-Transparente-1-300x273.png\" alt=\"\" width=\"300\" height=\"273\" \/><\/p>\n<p>&nbsp;<\/p>\n<p>&nbsp;<\/p>\n<p><img class=\"alignnone size-medium wp-image-428\" src=\"http:\/\/www2.uepg.br\/ppgodonto\/wp-content\/uploads\/sites\/56\/2020\/05\/Logo-Final-2-300x273.png\" alt=\"\" width=\"300\" height=\"273\" \/><\/p>\n\t\t\t\t<\/div>\n\t\t\t<\/div>\n\t\t<\/div>\n\t\t\t<div class=\"sow-accordion-panel\"\n\t\t\t data-anchor=\"entrega-de-disserta%c3%a7%c3%a3o-ou-tese\">\n\t\t\t\t<div class=\"sow-accordion-panel-header-container\" role=\"heading\" aria-level=\"2\">\n\t\t\t\t\t<div class=\"sow-accordion-panel-header\" tabindex=\"0\" role=\"button\" id=\"accordion-label-entrega-de-disserta%c3%a7%c3%a3o-ou-tese\" aria-controls=\"accordion-content-entrega-de-disserta%c3%a7%c3%a3o-ou-tese\" aria-expanded=\"false\">\n\t\t\t\t\t\t<div class=\"sow-accordion-title sow-accordion-title-icon-left\">\n\t\t\t\t\t\t\t\t\t\t\t\t\t\tEntrega de Disserta\u00e7\u00e3o ou Tese\t\t\t\t\t\t\t\t\t\t\t\t\t<\/div>\n\t\t\t\t\t\t<div class=\"sow-accordion-open-close-button\">\n\t\t\t\t\t\t\t<div class=\"sow-accordion-open-button\">\n\t\t\t\t\t\t\t\t<span class=\"sow-icon-ionicons\" data-sow-icon=\"&#xf218;\"\n\t\t \n\t\taria-hidden=\"true\"><\/span>\t\t\t\t\t\t\t<\/div>\n\t\t\t\t\t\t\t<div class=\"sow-accordion-close-button\">\n\t\t\t\t\t\t\t\t<span class=\"sow-icon-ionicons\" data-sow-icon=\"&#xf209;\"\n\t\t \n\t\taria-hidden=\"true\"><\/span>\t\t\t\t\t\t\t<\/div>\n\t\t\t\t\t\t<\/div>\n\t\t\t\t\t<\/div>\n\t\t\t\t<\/div>\n\n\t\t\t<div\n\t\t\t\tclass=\"sow-accordion-panel-content\"\n\t\t\t\trole=\"region\"\n\t\t\t\taria-labelledby=\"accordion-label-entrega-de-disserta%c3%a7%c3%a3o-ou-tese\"\n\t\t\t\tid=\"accordion-content-entrega-de-disserta%c3%a7%c3%a3o-ou-tese\"\n\t\t\t\tstyle=\"display: none;\"\t\t\t>\n\t\t\t\t<div class=\"sow-accordion-panel-border\" tabindex=\"0\">\n\t\t\t\t\t<p><a href=\"http:\/\/www2.uepg.br\/ppgodonto\/wp-content\/uploads\/sites\/56\/2020\/06\/PROCEDIMENTOS-PARA-A-ENTREGA-DA-VERS\u00c3O-FINAL.pdf\">PROCEDIMENTOS PARA A ENTREGA DA VERS\u00c3O FINAL<\/a><\/p>\n<p><a href=\"http:\/\/www2.uepg.br\/ppgodonto\/wp-content\/uploads\/sites\/56\/2020\/06\/Of\u00edcio-de-Autoriza\u00e7\u00e3o-para-Impress\u00e3o-Final.doc\">Of\u00edcio de Autoriza\u00e7\u00e3o de Vers\u00e3o Final<\/a><\/p>\n<p><a href=\"http:\/\/www2.uepg.br\/ppgodonto\/wp-content\/uploads\/sites\/56\/2021\/04\/TEDE-Termo-de-autorizacao.doc\">TEDE - Termo de autoriza\u00e7\u00e3o da BICEN<\/a><\/p>\n<p><a href=\"http:\/\/www2.uepg.br\/ppgodonto\/wp-content\/uploads\/sites\/56\/2020\/06\/Termo_comp_plagio.doc\">Termo de compromisso_plagio<\/a><\/p>\n\t\t\t\t<\/div>\n\t\t\t<\/div>\n\t\t<\/div>\n\t\t\t<div class=\"sow-accordion-panel\"\n\t\t\t data-anchor=\"est%c3%a1gio-p%c3%b3s-doutoral\">\n\t\t\t\t<div class=\"sow-accordion-panel-header-container\" role=\"heading\" aria-level=\"2\">\n\t\t\t\t\t<div class=\"sow-accordion-panel-header\" tabindex=\"0\" role=\"button\" id=\"accordion-label-est%c3%a1gio-p%c3%b3s-doutoral\" aria-controls=\"accordion-content-est%c3%a1gio-p%c3%b3s-doutoral\" aria-expanded=\"false\">\n\t\t\t\t\t\t<div class=\"sow-accordion-title sow-accordion-title-icon-left\">\n\t\t\t\t\t\t\t\t\t\t\t\t\t\tEst\u00e1gio P\u00f3s-Doutoral\t\t\t\t\t\t\t\t\t\t\t\t\t<\/div>\n\t\t\t\t\t\t<div class=\"sow-accordion-open-close-button\">\n\t\t\t\t\t\t\t<div class=\"sow-accordion-open-button\">\n\t\t\t\t\t\t\t\t<span class=\"sow-icon-ionicons\" data-sow-icon=\"&#xf218;\"\n\t\t \n\t\taria-hidden=\"true\"><\/span>\t\t\t\t\t\t\t<\/div>\n\t\t\t\t\t\t\t<div class=\"sow-accordion-close-button\">\n\t\t\t\t\t\t\t\t<span class=\"sow-icon-ionicons\" data-sow-icon=\"&#xf209;\"\n\t\t \n\t\taria-hidden=\"true\"><\/span>\t\t\t\t\t\t\t<\/div>\n\t\t\t\t\t\t<\/div>\n\t\t\t\t\t<\/div>\n\t\t\t\t<\/div>\n\n\t\t\t<div\n\t\t\t\tclass=\"sow-accordion-panel-content\"\n\t\t\t\trole=\"region\"\n\t\t\t\taria-labelledby=\"accordion-label-est%c3%a1gio-p%c3%b3s-doutoral\"\n\t\t\t\tid=\"accordion-content-est%c3%a1gio-p%c3%b3s-doutoral\"\n\t\t\t\tstyle=\"display: none;\"\t\t\t>\n\t\t\t\t<div class=\"sow-accordion-panel-border\" tabindex=\"0\">\n\t\t\t\t\t<p><a href=\"http:\/\/www2.uepg.br\/propesp\/wp-content\/uploads\/sites\/41\/2019\/11\/2016-06-28_Resolucao-CEPE-18-2016.pdf\" target=\"_blank\" rel=\"noopener noreferrer\">018 de 28 de Junho de 2016 \u2013 aprova regulamento de est\u00e1gio de p\u00f3s-doutorado nos programas de p\u00f3s-gradua\u00e7\u00e3o stricto sensu, da UEPG <\/a><a href=\"http:\/\/www2.uepg.br\/propesp\/wp-content\/uploads\/sites\/41\/2019\/11\/Resolucao-CEPE-018-2016_Anexo-I_protegido.doc\">\u2013 Anexo I \u2013 Termo de Compromisso<\/a><\/p>\n<p><a href=\"http:\/\/www2.uepg.br\/ppgodonto\/wp-content\/uploads\/sites\/56\/2020\/05\/Portaria_86_2013_Regulamento_PNPD.pdf\">Portaria_86_2013_Regulamento_PNPD\/CAPES<\/a><\/p>\n<p>&nbsp;<\/p>\n\t\t\t\t<\/div>\n\t\t\t<\/div>\n\t\t<\/div>\n\t\t\t<div class=\"sow-accordion-panel\"\n\t\t\t data-anchor=\"qualifica%c3%a7%c3%a3o-e-defesa\">\n\t\t\t\t<div class=\"sow-accordion-panel-header-container\" role=\"heading\" aria-level=\"2\">\n\t\t\t\t\t<div class=\"sow-accordion-panel-header\" tabindex=\"0\" role=\"button\" id=\"accordion-label-qualifica%c3%a7%c3%a3o-e-defesa\" aria-controls=\"accordion-content-qualifica%c3%a7%c3%a3o-e-defesa\" aria-expanded=\"false\">\n\t\t\t\t\t\t<div class=\"sow-accordion-title sow-accordion-title-icon-left\">\n\t\t\t\t\t\t\t\t\t\t\t\t\t\tQualifica\u00e7\u00e3o e Defesa\t\t\t\t\t\t\t\t\t\t\t\t\t<\/div>\n\t\t\t\t\t\t<div class=\"sow-accordion-open-close-button\">\n\t\t\t\t\t\t\t<div class=\"sow-accordion-open-button\">\n\t\t\t\t\t\t\t\t<span class=\"sow-icon-ionicons\" data-sow-icon=\"&#xf218;\"\n\t\t \n\t\taria-hidden=\"true\"><\/span>\t\t\t\t\t\t\t<\/div>\n\t\t\t\t\t\t\t<div class=\"sow-accordion-close-button\">\n\t\t\t\t\t\t\t\t<span class=\"sow-icon-ionicons\" data-sow-icon=\"&#xf209;\"\n\t\t \n\t\taria-hidden=\"true\"><\/span>\t\t\t\t\t\t\t<\/div>\n\t\t\t\t\t\t<\/div>\n\t\t\t\t\t<\/div>\n\t\t\t\t<\/div>\n\n\t\t\t<div\n\t\t\t\tclass=\"sow-accordion-panel-content\"\n\t\t\t\trole=\"region\"\n\t\t\t\taria-labelledby=\"accordion-label-qualifica%c3%a7%c3%a3o-e-defesa\"\n\t\t\t\tid=\"accordion-content-qualifica%c3%a7%c3%a3o-e-defesa\"\n\t\t\t\tstyle=\"display: none;\"\t\t\t>\n\t\t\t\t<div class=\"sow-accordion-panel-border\" tabindex=\"0\">\n\t\t\t\t\t<p><a href=\"http:\/\/www2.uepg.br\/ppgodonto\/wp-content\/uploads\/sites\/56\/2020\/06\/Req_Exa_Qual_mest.doc\">Requerimento de\u00a0 Exame de Qualifica\u00e7\u00e3o de Mestrado<\/a><\/p>\n<p><a href=\"http:\/\/www2.uepg.br\/ppgodonto\/wp-content\/uploads\/sites\/56\/2020\/06\/Req_Exa_Qual_dout.doc\">Requerimento para Exame de Qualifica\u00e7\u00e3o de Doutorado<\/a><\/p>\n<p><a href=\"http:\/\/www2.uepg.br\/ppgodonto\/wp-content\/uploads\/sites\/56\/2020\/06\/Req_Def_Diss_mest.doc\">Requerimento de Defesa de Disserta\u00e7\u00e3o de Mestrado<\/a><\/p>\n<p><a href=\"http:\/\/www2.uepg.br\/ppgodonto\/wp-content\/uploads\/sites\/56\/2020\/06\/Req_Def_Tese_dout.doc\">Requerimento de Defesa de Tese de Doutorado<\/a><\/p>\n<p><a href=\"http:\/\/www2.uepg.br\/ppgodonto\/wp-content\/uploads\/sites\/56\/2020\/06\/TERMO-DE-APROVA\u00c7\u00c3O-PARA-DEFESA.docx\">Termo de Aprova\u00e7\u00e3o para Defesa<\/a><\/p>\n\t\t\t\t<\/div>\n\t\t\t<\/div>\n\t\t<\/div>\n\t\t\t<div class=\"sow-accordion-panel\"\n\t\t\t data-anchor=\"formul%c3%a1rios\">\n\t\t\t\t<div class=\"sow-accordion-panel-header-container\" role=\"heading\" aria-level=\"2\">\n\t\t\t\t\t<div class=\"sow-accordion-panel-header\" tabindex=\"0\" role=\"button\" id=\"accordion-label-formul%c3%a1rios\" aria-controls=\"accordion-content-formul%c3%a1rios\" aria-expanded=\"false\">\n\t\t\t\t\t\t<div class=\"sow-accordion-title sow-accordion-title-icon-left\">\n\t\t\t\t\t\t\t\t\t\t\t\t\t\tFormul\u00e1rios\t\t\t\t\t\t\t\t\t\t\t\t\t<\/div>\n\t\t\t\t\t\t<div class=\"sow-accordion-open-close-button\">\n\t\t\t\t\t\t\t<div class=\"sow-accordion-open-button\">\n\t\t\t\t\t\t\t\t<span class=\"sow-icon-ionicons\" data-sow-icon=\"&#xf218;\"\n\t\t \n\t\taria-hidden=\"true\"><\/span>\t\t\t\t\t\t\t<\/div>\n\t\t\t\t\t\t\t<div class=\"sow-accordion-close-button\">\n\t\t\t\t\t\t\t\t<span class=\"sow-icon-ionicons\" data-sow-icon=\"&#xf209;\"\n\t\t \n\t\taria-hidden=\"true\"><\/span>\t\t\t\t\t\t\t<\/div>\n\t\t\t\t\t\t<\/div>\n\t\t\t\t\t<\/div>\n\t\t\t\t<\/div>\n\n\t\t\t<div\n\t\t\t\tclass=\"sow-accordion-panel-content\"\n\t\t\t\trole=\"region\"\n\t\t\t\taria-labelledby=\"accordion-label-formul%c3%a1rios\"\n\t\t\t\tid=\"accordion-content-formul%c3%a1rios\"\n\t\t\t\tstyle=\"display: none;\"\t\t\t>\n\t\t\t\t<div class=\"sow-accordion-panel-border\" tabindex=\"0\">\n\t\t\t\t\t<p><a href=\"http:\/\/www2.uepg.br\/ppgodonto\/wp-content\/uploads\/sites\/56\/2020\/04\/FORMUL\u00c1RIO_DE_INSCRI\u00c7\u00c3O_ALUNO_ESPECIAL.docx\" target=\"_blank\" rel=\"noopener\">Formul\u00e1rio de Inscri\u00e7\u00e3o - Aluno Especial<\/a><\/p>\n<p><a href=\"http:\/\/www2.uepg.br\/ppgodonto\/wp-content\/uploads\/sites\/56\/2020\/04\/ficha_mev.doc\">Solicita\u00e7\u00e3o de An\u00e1lise no Microsc\u00f3pio Eletr\u00f4nico de Varredura - Dep. Eng. Materiais<\/a><\/p>\n<p><a href=\"http:\/\/www2.uepg.br\/ppgodonto\/wp-content\/uploads\/sites\/56\/2020\/04\/agenda_equ_cipp.doc\">Solicita\u00e7\u00e3o para Utiliza\u00e7\u00e3o de Equipamentos e Laboratorios junto ao CIPP - Dep. Eng. Materiais<\/a><\/p>\n<p><a href=\"http:\/\/www2.uepg.br\/ppgodonto\/wp-content\/uploads\/sites\/56\/2021\/04\/TERMO-DE-RESPONSABILIDADE-PARA-DESENVOLVIMENTO-DE.docx\">Termo de Responsabilidade para entrar nas Depend\u00eancias do PPGO durante a Pandemia de Coronav\u00edrus<\/a><\/p>\n<p><a href=\"http:\/\/www2.uepg.br\/ppgodonto\/wp-content\/uploads\/sites\/56\/2021\/04\/Requerimento_regime_docmiciliar_-1.doc\">Requerimento_Regime_Docmiciliar<\/a><\/p>\n\t\t\t\t<\/div>\n\t\t\t<\/div>\n\t\t<\/div>\n\t\t\t<div class=\"sow-accordion-panel\"\n\t\t\t data-anchor=\"escala-de-laborat%c3%b3rio\">\n\t\t\t\t<div class=\"sow-accordion-panel-header-container\" role=\"heading\" aria-level=\"2\">\n\t\t\t\t\t<div class=\"sow-accordion-panel-header\" tabindex=\"0\" role=\"button\" id=\"accordion-label-escala-de-laborat%c3%b3rio\" aria-controls=\"accordion-content-escala-de-laborat%c3%b3rio\" aria-expanded=\"false\">\n\t\t\t\t\t\t<div class=\"sow-accordion-title sow-accordion-title-icon-left\">\n\t\t\t\t\t\t\t\t\t\t\t\t\t\tEscala de Laborat\u00f3rio\t\t\t\t\t\t\t\t\t\t\t\t\t<\/div>\n\t\t\t\t\t\t<div class=\"sow-accordion-open-close-button\">\n\t\t\t\t\t\t\t<div class=\"sow-accordion-open-button\">\n\t\t\t\t\t\t\t\t<span class=\"sow-icon-ionicons\" data-sow-icon=\"&#xf218;\"\n\t\t \n\t\taria-hidden=\"true\"><\/span>\t\t\t\t\t\t\t<\/div>\n\t\t\t\t\t\t\t<div class=\"sow-accordion-close-button\">\n\t\t\t\t\t\t\t\t<span class=\"sow-icon-ionicons\" data-sow-icon=\"&#xf209;\"\n\t\t \n\t\taria-hidden=\"true\"><\/span>\t\t\t\t\t\t\t<\/div>\n\t\t\t\t\t\t<\/div>\n\t\t\t\t\t<\/div>\n\t\t\t\t<\/div>\n\n\t\t\t<div\n\t\t\t\tclass=\"sow-accordion-panel-content\"\n\t\t\t\trole=\"region\"\n\t\t\t\taria-labelledby=\"accordion-label-escala-de-laborat%c3%b3rio\"\n\t\t\t\tid=\"accordion-content-escala-de-laborat%c3%b3rio\"\n\t\t\t\tstyle=\"display: none;\"\t\t\t>\n\t\t\t\t<div class=\"sow-accordion-panel-border\" tabindex=\"0\">\n\t\t\t\t\t<p><a href=\"http:\/\/www2.uepg.br\/ppgodonto\/wp-content\/uploads\/sites\/56\/2021\/07\/Rodizio-dos-laboratorios-Escala-1.pdf\">Rod\u00edzio dos laborat\u00f3rios - Escala<\/a><\/p>\n\t\t\t\t<\/div>\n\t\t\t<\/div>\n\t\t<\/div>\n\t\t<\/div>\n<\/div>\n<\/div><\/div><\/div><\/div><\/div>","protected":false},"excerpt":{"rendered":"<p>Projeto de Pesquisa Of\u00edcio para encaminhamento Protocolo de Pesquisa Protocolo_Pesquisa &nbsp; Relat\u00f3rio Semestral do Discente Orienta\u00e7\u00f5es para Entrega do Relat\u00f3rio Semestral Relat\u00f3rio de Atividades Produ\u00e7\u00e3o Intelectual Bibliografica Produ\u00e7\u00e3o Intelectual Tecnica Logo e Modelos &nbsp; &nbsp; Entrega de Disserta\u00e7\u00e3o ou Tese PROCEDIMENTOS PARA A ENTREGA DA VERS\u00c3O FINAL Of\u00edcio de Autoriza\u00e7\u00e3o de Vers\u00e3o Final TEDE &#8211;&nbsp;&hellip;<\/p>\n","protected":false},"author":24,"featured_media":0,"parent":0,"menu_order":0,"comment_status":"closed","ping_status":"closed","template":"","meta":[],"_links":{"self":[{"href":"https:\/\/www2.uepg.br\/ppgodonto\/wp-json\/wp\/v2\/pages\/159"}],"collection":[{"href":"https:\/\/www2.uepg.br\/ppgodonto\/wp-json\/wp\/v2\/pages"}],"about":[{"href":"https:\/\/www2.uepg.br\/ppgodonto\/wp-json\/wp\/v2\/types\/page"}],"author":[{"embeddable":true,"href":"https:\/\/www2.uepg.br\/ppgodonto\/wp-json\/wp\/v2\/users\/24"}],"replies":[{"embeddable":true,"href":"https:\/\/www2.uepg.br\/ppgodonto\/wp-json\/wp\/v2\/comments?post=159"}],"version-history":[{"count":30,"href":"https:\/\/www2.uepg.br\/ppgodonto\/wp-json\/wp\/v2\/pages\/159\/revisions"}],"predecessor-version":[{"id":1605,"href":"https:\/\/www2.uepg.br\/ppgodonto\/wp-json\/wp\/v2\/pages\/159\/revisions\/1605"}],"wp:attachment":[{"href":"https:\/\/www2.uepg.br\/ppgodonto\/wp-json\/wp\/v2\/media?parent=159"}],"curies":[{"name":"wp","href":"https:\/\/api.w.org\/{rel}","templated":true}]}}