{"id":236,"date":"2025-05-10T15:21:50","date_gmt":"2025-05-10T18:21:50","guid":{"rendered":"http:\/\/www2.uepg.br\/ppgodonto\/?page_id=236"},"modified":"2025-05-13T11:39:52","modified_gmt":"2025-05-13T14:39:52","slug":"estrangeiros","status":"publish","type":"page","link":"https:\/\/www2.uepg.br\/ppgodonto\/estrangeiros\/","title":{"rendered":"Estrangeiros"},"content":{"rendered":"<div id=\"pl-236\"  class=\"panel-layout\" ><div id=\"pg-236-0\"  class=\"panel-grid panel-no-style\" ><div id=\"pgc-236-0-0\"  class=\"panel-grid-cell\" ><div id=\"panel-236-0-0-0\" class=\"so-panel widget widget_sow-accordion panel-first-child panel-last-child\" data-index=\"0\" ><div\n\t\t\t\n\t\t\tclass=\"so-widget-sow-accordion so-widget-sow-accordion-default-a9f16f41d4be-236\"\n\t\t\t\n\t\t><div>\n\t<div class=\"sow-accordion\">\n\t\t\t<div class=\"sow-accordion-panel\"\n\t\t\t data-anchor=\"ponta-grossa\">\n\t\t\t\t<div class=\"sow-accordion-panel-header-container\" role=\"heading\" aria-level=\"2\">\n\t\t\t\t\t<div class=\"sow-accordion-panel-header\" tabindex=\"0\" role=\"button\" id=\"accordion-label-ponta-grossa\" aria-controls=\"accordion-content-ponta-grossa\" aria-expanded=\"false\">\n\t\t\t\t\t\t<div class=\"sow-accordion-title sow-accordion-title-icon-left\">\n\t\t\t\t\t\t\t\t\t\t\t\t\t\tPonta Grossa\t\t\t\t\t\t\t\t\t\t\t\t\t<\/div>\n\t\t\t\t\t\t<div class=\"sow-accordion-open-close-button\">\n\t\t\t\t\t\t\t<div class=\"sow-accordion-open-button\">\n\t\t\t\t\t\t\t\t<span class=\"sow-icon-ionicons\" data-sow-icon=\"&#xf218;\"\n\t\t \n\t\taria-hidden=\"true\"><\/span>\t\t\t\t\t\t\t<\/div>\n\t\t\t\t\t\t\t<div class=\"sow-accordion-close-button\">\n\t\t\t\t\t\t\t\t<span class=\"sow-icon-ionicons\" data-sow-icon=\"&#xf209;\"\n\t\t \n\t\taria-hidden=\"true\"><\/span>\t\t\t\t\t\t\t<\/div>\n\t\t\t\t\t\t<\/div>\n\t\t\t\t\t<\/div>\n\t\t\t\t<\/div>\n\n\t\t\t<div\n\t\t\t\tclass=\"sow-accordion-panel-content\"\n\t\t\t\trole=\"region\"\n\t\t\t\taria-labelledby=\"accordion-label-ponta-grossa\"\n\t\t\t\tid=\"accordion-content-ponta-grossa\"\n\t\t\t\tstyle=\"display: none;\"\t\t\t>\n\t\t\t\t<div class=\"sow-accordion-panel-border\" tabindex=\"0\">\n\t\t\t\t\t<p>Conhe\u00e7a mais sobre a nossa cidade<\/p>\n<p><a href=\"https:\/\/www.pontagrossa.pr.gov.br\/\">https:\/\/www.pontagrossa.pr.gov.br\/<\/a><\/p>\n\t\t\t\t<\/div>\n\t\t\t<\/div>\n\t\t<\/div>\n\t\t\t<div class=\"sow-accordion-panel\"\n\t\t\t data-anchor=\"eri-escrit%c3%b3rio-de-rela%c3%a7%c3%b5es-internacionais\">\n\t\t\t\t<div class=\"sow-accordion-panel-header-container\" role=\"heading\" aria-level=\"2\">\n\t\t\t\t\t<div class=\"sow-accordion-panel-header\" tabindex=\"0\" role=\"button\" id=\"accordion-label-eri-escrit%c3%b3rio-de-rela%c3%a7%c3%b5es-internacionais\" aria-controls=\"accordion-content-eri-escrit%c3%b3rio-de-rela%c3%a7%c3%b5es-internacionais\" aria-expanded=\"false\">\n\t\t\t\t\t\t<div class=\"sow-accordion-title sow-accordion-title-icon-left\">\n\t\t\t\t\t\t\t\t\t\t\t\t\t\tERI - Escrit\u00f3rio de Rela\u00e7\u00f5es Internacionais\t\t\t\t\t\t\t\t\t\t\t\t\t<\/div>\n\t\t\t\t\t\t<div class=\"sow-accordion-open-close-button\">\n\t\t\t\t\t\t\t<div class=\"sow-accordion-open-button\">\n\t\t\t\t\t\t\t\t<span class=\"sow-icon-ionicons\" data-sow-icon=\"&#xf218;\"\n\t\t \n\t\taria-hidden=\"true\"><\/span>\t\t\t\t\t\t\t<\/div>\n\t\t\t\t\t\t\t<div class=\"sow-accordion-close-button\">\n\t\t\t\t\t\t\t\t<span class=\"sow-icon-ionicons\" data-sow-icon=\"&#xf209;\"\n\t\t \n\t\taria-hidden=\"true\"><\/span>\t\t\t\t\t\t\t<\/div>\n\t\t\t\t\t\t<\/div>\n\t\t\t\t\t<\/div>\n\t\t\t\t<\/div>\n\n\t\t\t<div\n\t\t\t\tclass=\"sow-accordion-panel-content\"\n\t\t\t\trole=\"region\"\n\t\t\t\taria-labelledby=\"accordion-label-eri-escrit%c3%b3rio-de-rela%c3%a7%c3%b5es-internacionais\"\n\t\t\t\tid=\"accordion-content-eri-escrit%c3%b3rio-de-rela%c3%a7%c3%b5es-internacionais\"\n\t\t\t\tstyle=\"display: none;\"\t\t\t>\n\t\t\t\t<div class=\"sow-accordion-panel-border\" tabindex=\"0\">\n\t\t\t\t\t<p><a href=\"https:\/\/www3.uepg.br\/eri\/\">https:\/\/www3.uepg.br\/eri\/<\/a><\/p>\n\t\t\t\t<\/div>\n\t\t\t<\/div>\n\t\t<\/div>\n\t\t\t<div class=\"sow-accordion-panel\"\n\t\t\t data-anchor=\"programa-de-mobilidade-estudantil-internacional-%e2%80%93-promei\">\n\t\t\t\t<div class=\"sow-accordion-panel-header-container\" role=\"heading\" aria-level=\"2\">\n\t\t\t\t\t<div class=\"sow-accordion-panel-header\" tabindex=\"0\" role=\"button\" id=\"accordion-label-programa-de-mobilidade-estudantil-internacional-%e2%80%93-promei\" aria-controls=\"accordion-content-programa-de-mobilidade-estudantil-internacional-%e2%80%93-promei\" aria-expanded=\"false\">\n\t\t\t\t\t\t<div class=\"sow-accordion-title sow-accordion-title-icon-left\">\n\t\t\t\t\t\t\t\t\t\t\t\t\t\tPROGRAMA DE MOBILIDADE ESTUDANTIL INTERNACIONAL \u2013 PROMEI\t\t\t\t\t\t\t\t\t\t\t\t\t<\/div>\n\t\t\t\t\t\t<div class=\"sow-accordion-open-close-button\">\n\t\t\t\t\t\t\t<div class=\"sow-accordion-open-button\">\n\t\t\t\t\t\t\t\t<span class=\"sow-icon-ionicons\" data-sow-icon=\"&#xf218;\"\n\t\t \n\t\taria-hidden=\"true\"><\/span>\t\t\t\t\t\t\t<\/div>\n\t\t\t\t\t\t\t<div class=\"sow-accordion-close-button\">\n\t\t\t\t\t\t\t\t<span class=\"sow-icon-ionicons\" data-sow-icon=\"&#xf209;\"\n\t\t \n\t\taria-hidden=\"true\"><\/span>\t\t\t\t\t\t\t<\/div>\n\t\t\t\t\t\t<\/div>\n\t\t\t\t\t<\/div>\n\t\t\t\t<\/div>\n\n\t\t\t<div\n\t\t\t\tclass=\"sow-accordion-panel-content\"\n\t\t\t\trole=\"region\"\n\t\t\t\taria-labelledby=\"accordion-label-programa-de-mobilidade-estudantil-internacional-%e2%80%93-promei\"\n\t\t\t\tid=\"accordion-content-programa-de-mobilidade-estudantil-internacional-%e2%80%93-promei\"\n\t\t\t\tstyle=\"display: none;\"\t\t\t>\n\t\t\t\t<div class=\"sow-accordion-panel-border\" tabindex=\"0\">\n\t\t\t\t\t<p>RESOLU\u00c7\u00c3O CEPE N\u00ba 054, DE 16 DE DEZEMBRO DE 2014.<\/p>\n<p><a href=\"https:\/\/www3.uepg.br\/eri\/wp-content\/uploads\/sites\/30\/2015\/11\/Resolu%c3%a7%c3%a3o-CEPE-N%c2%ba-054-2014.pdf\">REGULAMENTO DO PROGRAMA DE MOBILIDADE ESTUDANTIL INTERNACIONAL \u2013 PROMEI, DA UEPG.<\/a><\/p>\n<p>&nbsp;<\/p>\n\t\t\t\t<\/div>\n\t\t\t<\/div>\n\t\t<\/div>\n\t\t<\/div>\n<\/div>\n<\/div><\/div><\/div><\/div><\/div>","protected":false},"excerpt":{"rendered":"<p>Ponta Grossa Conhe\u00e7a mais sobre a nossa cidade https:\/\/www.pontagrossa.pr.gov.br\/ ERI &#8211; Escrit\u00f3rio de Rela\u00e7\u00f5es Internacionais https:\/\/www3.uepg.br\/eri\/ PROGRAMA DE MOBILIDADE ESTUDANTIL INTERNACIONAL \u2013 PROMEI RESOLU\u00c7\u00c3O CEPE N\u00ba 054, DE 16 DE DEZEMBRO DE 2014. REGULAMENTO DO PROGRAMA DE MOBILIDADE ESTUDANTIL INTERNACIONAL \u2013 PROMEI, DA UEPG. &nbsp;<\/p>\n","protected":false},"author":24,"featured_media":0,"parent":0,"menu_order":0,"comment_status":"closed","ping_status":"closed","template":"","meta":[],"_links":{"self":[{"href":"https:\/\/www2.uepg.br\/ppgodonto\/wp-json\/wp\/v2\/pages\/236"}],"collection":[{"href":"https:\/\/www2.uepg.br\/ppgodonto\/wp-json\/wp\/v2\/pages"}],"about":[{"href":"https:\/\/www2.uepg.br\/ppgodonto\/wp-json\/wp\/v2\/types\/page"}],"author":[{"embeddable":true,"href":"https:\/\/www2.uepg.br\/ppgodonto\/wp-json\/wp\/v2\/users\/24"}],"replies":[{"embeddable":true,"href":"https:\/\/www2.uepg.br\/ppgodonto\/wp-json\/wp\/v2\/comments?post=236"}],"version-history":[{"count":13,"href":"https:\/\/www2.uepg.br\/ppgodonto\/wp-json\/wp\/v2\/pages\/236\/revisions"}],"predecessor-version":[{"id":1412,"href":"https:\/\/www2.uepg.br\/ppgodonto\/wp-json\/wp\/v2\/pages\/236\/revisions\/1412"}],"wp:attachment":[{"href":"https:\/\/www2.uepg.br\/ppgodonto\/wp-json\/wp\/v2\/media?parent=236"}],"curies":[{"name":"wp","href":"https:\/\/api.w.org\/{rel}","templated":true}]}}