{"id":239,"date":"2025-05-13T10:24:30","date_gmt":"2025-05-13T13:24:30","guid":{"rendered":"http:\/\/www2.uepg.br\/ppgodonto\/?page_id=239"},"modified":"2025-05-13T10:28:34","modified_gmt":"2025-05-13T13:28:34","slug":"autoavaliacao","status":"publish","type":"page","link":"https:\/\/www2.uepg.br\/ppgodonto\/autoavaliacao\/","title":{"rendered":"Autoavalia\u00e7\u00e3o"},"content":{"rendered":"<p><a href=\"http:\/\/www2.uepg.br\/ppgodonto\/wp-content\/uploads\/sites\/56\/2021\/06\/Minuta-de-Relatorio-Autoavaliac\u0327a\u0303o-para-consulta-publica.pdf\">Minuta de Relat\u00f3rio Autoavaliac\u0327a\u0303o do PPGO para consulta p\u00fablica<\/a><\/p>\n<p><a href=\"http:\/\/www2.uepg.br\/ppgodonto\/wp-content\/uploads\/sites\/56\/2020\/10\/Proposta-autoavaliacao-PPGO-protocolada-com-anexo.pdf\">PROJETO DE AUTOAVALIA\u00c7\u00c3O DO PPGO<\/a><\/p>\n<p><a href=\"http:\/\/www2.uepg.br\/ppgodonto\/wp-content\/uploads\/sites\/56\/2020\/10\/Cronograma-autoavaliacao-1.pdf\">Cronograma de aplica\u00e7\u00e3o dos instrumentos<\/a><\/p>\n<p><a href=\"http:\/\/www2.uepg.br\/ppgodonto\/wp-content\/uploads\/sites\/56\/2020\/05\/PORTARIA-R.-N\u00ba-2020.96-Comiss\u00e3o-Interna-de-Autoavalia\u00e7\u00e3o-do-Programa-de-P\u00f3s-Gradua\u00e7\u00e3o-em-Odontologia.pdf\">PORTARIA R. &#8211; N\u00ba 2020.96 &#8211; Comiss\u00e3o Interna de Autoavalia\u00e7\u00e3o do Programa de P\u00f3s-Gradua\u00e7\u00e3o em Odontologia<\/a><\/p>\n<p><a href=\"http:\/\/www2.uepg.br\/ppgodonto\/wp-content\/uploads\/sites\/56\/2020\/08\/Ata_27_06_2020_SEI_20.000023610_4_Ata-Colegiado-homologacao-Comissao-ampliada.pdf\">Ata_12\/2020 Reuni\u00e3o Colegiado de Curso oficializa\u00e7\u00e3o nova composi\u00e7\u00e3o da Comiss\u00e3o de Autoavalia\u00e7\u00e3o de 27\/06\/2020<\/a><\/p>\n<p><a href=\"http:\/\/www2.uepg.br\/ppgodonto\/wp-content\/uploads\/sites\/56\/2020\/08\/Portaria-Comissao-autoavaliacao.pdf\">Portaria Comiss\u00e3o Autoavalia\u00e7\u00e3o &#8211; atualizada<\/a><\/p>\n<p><a href=\"http:\/\/www2.uepg.br\/ppgodonto\/wp-content\/uploads\/sites\/56\/2020\/08\/Ata_12_06_2020_SEI_20.000019773_7-1.pdf\">Ata da Reuni\u00e3o de Comiss\u00e3o de Autoavalia\u00e7\u00e3o n\u00ba 06\/2020 \u2013 12\/06\/2020<\/a><\/p>\n<p><a href=\"http:\/\/www2.uepg.br\/ppgodonto\/wp-content\/uploads\/sites\/56\/2020\/08\/Ata_19_06_2020_SEI_20.000024232_5.pdf\">Ata da Reuni\u00e3o de Comiss\u00e3o de Autoavalia\u00e7\u00e3o n\u00ba 07\/2020 \u2013 19\/06\/2020<\/a><\/p>\n<p><a href=\"http:\/\/www2.uepg.br\/ppgodonto\/wp-content\/uploads\/sites\/56\/2020\/08\/Ata_03_07_2020_SEI_20.000024248_1.pdf\">Ata da Reuni\u00e3o de Comiss\u00e3o de Autoavalia\u00e7\u00e3o n\u00ba 08\/2020 \u2013 26\/06\/2020<\/a><\/p>\n<p><a href=\"http:\/\/www2.uepg.br\/ppgodonto\/wp-content\/uploads\/sites\/56\/2020\/08\/Ata_03_07_2020_SEI_20.000024248_1-1.pdf\">Ata da Reuni\u00e3o de Comiss\u00e3o de Autoavalia\u00e7\u00e3o n\u00ba 09\/2020 \u2013 03\/07\/2020<\/a><\/p>\n<p><a href=\"http:\/\/www2.uepg.br\/ppgodonto\/wp-content\/uploads\/sites\/56\/2020\/08\/Ata_15_07_2020_SEI_20.000024251_1.pdf\">Ata da Reuni\u00e3o de Comiss\u00e3o de Autoavalia\u00e7\u00e3o n\u00ba 10\/2020 \u2013 15\/07\/2020<\/a><\/p>\n<p><a href=\"http:\/\/www2.uepg.br\/ppgodonto\/wp-content\/uploads\/sites\/56\/2020\/08\/Ata_22_07_2020_SEI_20.000024253_8.pdf\">Ata da Reuni\u00e3o de Comiss\u00e3o de Autoavalia\u00e7\u00e3o n\u00ba 11\/2020 \u2013 22\/07\/2020<\/a><\/p>\n<p><a href=\"http:\/\/www2.uepg.br\/ppgodonto\/wp-content\/uploads\/sites\/56\/2020\/08\/Ata_29_07_2020_SEI_20.000024259_7.pdf\">Ata da Reuni\u00e3o de Comiss\u00e3o de Autoavalia\u00e7\u00e3o n\u00ba 13\/2020 \u2013 29\/07\/2020<\/a><\/p>\n<p><a href=\"http:\/\/www2.uepg.br\/ppgodonto\/wp-content\/uploads\/sites\/56\/2020\/08\/Ata_05_08_2020_SEI_20.000026908_8.pdf\">Ata da Reuni\u00e3o de Comiss\u00e3o de Autoavalia\u00e7\u00e3o n\u00ba 14\/2020 \u2013 05\/08\/2020<\/a><\/p>\n<p><a href=\"http:\/\/www2.uepg.br\/ppgodonto\/wp-content\/uploads\/sites\/56\/2020\/08\/Ata_10_08_2020_SEI_20.000026909_6.pdf\">Ata da Reuni\u00e3o de Comiss\u00e3o de Autoavalia\u00e7\u00e3o n\u00ba 15\/2020 \u2013 10\/08\/2020<\/a><\/p>\n<p><a href=\"http:\/\/www2.uepg.br\/ppgodonto\/wp-content\/uploads\/sites\/56\/2021\/03\/SEI_20.000031401_6.pdf\">Ata da Reuni\u00e3o de Comiss\u00e3o de Autoavalia\u00e7\u00e3o n\u00b0 16\/2020 &#8211; 17\/08\/2020<\/a><\/p>\n<p><a href=\"http:\/\/www2.uepg.br\/ppgodonto\/wp-content\/uploads\/sites\/56\/2021\/03\/SEI_20.000031407_5.pdf\">Ata da Reuni\u00e3o de Comiss\u00e3o de Autoavalia\u00e7\u00e3o n\u00b0 17\/2020 &#8211; 24\/08\/2020<\/a><\/p>\n<p><a href=\"http:\/\/www2.uepg.br\/ppgodonto\/wp-content\/uploads\/sites\/56\/2021\/03\/SEI_20.000031408_3.pdf\">Ata da Reuni\u00e3o de Comiss\u00e3o de Autoavalia\u00e7\u00e3o n\u00b0 18\/2020 &#8211; 31\/08\/2020<\/a><\/p>\n<p><a href=\"http:\/\/www2.uepg.br\/ppgodonto\/wp-content\/uploads\/sites\/56\/2021\/03\/SEI_20.000031977_8.pdf\">Ata da Reuni\u00e3o de Comiss\u00e3o de Autoavalia\u00e7\u00e3o n\u00b0 19\/2020 &#8211; 14\/09\/2020<\/a><\/p>\n<p><a href=\"http:\/\/www2.uepg.br\/ppgodonto\/wp-content\/uploads\/sites\/56\/2021\/03\/SEI_20.000039815_5.pdf\">Ata da Reuni\u00e3o de Comiss\u00e3o de Autoavalia\u00e7\u00e3o n\u00b0 20\/2020 &#8211; 21\/09\/2020<\/a><\/p>\n<p><a href=\"http:\/\/www2.uepg.br\/ppgodonto\/wp-content\/uploads\/sites\/56\/2021\/03\/SEI_20.000038575_4.pdf\">Ata da Reuni\u00e3o de Comiss\u00e3o de Autoavalia\u00e7\u00e3o n\u00b0 21\/2020 &#8211; 28\/09\/2020<\/a><\/p>\n<p><a href=\"http:\/\/www2.uepg.br\/ppgodonto\/wp-content\/uploads\/sites\/56\/2021\/03\/SEI_20.000039819_8.pdf\">Ata da Reuni\u00e3o de Comiss\u00e3o de Autoavalia\u00e7\u00e3o n\u00b0 22\/2020 &#8211; 19\/10\/2020<\/a><\/p>\n<p><a href=\"http:\/\/www2.uepg.br\/ppgodonto\/wp-content\/uploads\/sites\/56\/2021\/03\/SEI_20.000040807_0.pdf\">Ata da Reuni\u00e3o de Comiss\u00e3o de Autoavalia\u00e7\u00e3o n\u00b0 25\/2020 &#8211; 09\/11\/2020<\/a><\/p>\n<p><a href=\"http:\/\/www2.uepg.br\/ppgodonto\/wp-content\/uploads\/sites\/56\/2021\/03\/SEI_20.000044489_0.pdf\">Ata da Reuni\u00e3o de Comiss\u00e3o de Autoavalia\u00e7\u00e3o n\u00b0 26\/2020 &#8211; 16\/11\/2020<\/a><\/p>\n<p><a href=\"http:\/\/www2.uepg.br\/ppgodonto\/wp-content\/uploads\/sites\/56\/2021\/03\/SEI_20.000044487_4.pdf\">Ata da reuni\u00e3o de Comiss\u00e3o de Autoavalia\u00e7\u00e3o n\u00b0 27\/2020 &#8211; 23\/11\/2020<\/a><\/p>\n<p><a href=\"http:\/\/www2.uepg.br\/ppgodonto\/wp-content\/uploads\/sites\/56\/2021\/03\/SEI_20.000044490_4.pdf\">Ata da Reuni\u00e3o de Comiss\u00e3o de Autoavalia\u00e7\u00e3o n\u00b0 28\/2020 &#8211; 30\/11\/2020<\/a><\/p>\n<p><a href=\"http:\/\/www2.uepg.br\/ppgodonto\/wp-content\/uploads\/sites\/56\/2021\/03\/SEI_21.000005571_9.pdf\">Ata da Reuni\u00e3o de Comiss\u00e3o de Autoavalia\u00e7\u00e3o n\u00b0 29\/2020 &#8211; 02\/12\/2020<\/a><\/p>\n<p><a href=\"http:\/\/www2.uepg.br\/ppgodonto\/wp-content\/uploads\/sites\/56\/2021\/03\/SEI_20.000044491_2.pdf\">Ata da Reuni\u00e3o de Comiss\u00e3o de Autoavalia\u00e7\u00e3o n\u00b0 30\/2020 &#8211; 14\/12\/2020<\/a><\/p>\n<p><a href=\"http:\/\/www2.uepg.br\/ppgodonto\/wp-content\/uploads\/sites\/56\/2021\/03\/SEI_21.000005579_4.pdf\">Ata da Reuni\u00e3o de Comiss\u00e3o de Autoavalia\u00e7\u00e3o n\u00b0 02\/2021 &#8211; 01\/02\/2021<\/a><\/p>\n<p><a href=\"http:\/\/www2.uepg.br\/ppgodonto\/wp-content\/uploads\/sites\/56\/2021\/03\/SEI_21.000006950_7.pdf\">Ata da Reuni\u00e3o de Comiss\u00e3o de Autoavalia\u00e7\u00e3o n\u00b0 03\/2021 &#8211; 08\/02\/2021<\/a><\/p>\n<p><a href=\"http:\/\/www2.uepg.br\/ppgodonto\/wp-content\/uploads\/sites\/56\/2021\/05\/Ata-da-Reuniao-da-Comissao-de-autoavaliacao-05_21-08_03_21.pdf\">Ata da Reuni\u00e3o da Comiss\u00e3o de Autoavalia\u00e7\u00e3o n\u00b0 05\/2021 &#8211;\u00a0 08\/03\/21<\/a><\/p>\n<p><a href=\"http:\/\/www2.uepg.br\/ppgodonto\/wp-content\/uploads\/sites\/56\/2021\/04\/Ata-no-06.21-autoavaliacao.pdf\">Ata da Reuni\u00e3o de Comiss\u00e3o de Autoavalia\u00e7\u00e3o n\u00ba 06\/2021 &#8211; 08\/03\/2021<\/a><\/p>\n<p><a href=\"http:\/\/www2.uepg.br\/ppgodonto\/wp-content\/uploads\/sites\/56\/2021\/05\/Ata-da-Reuniao-de-Comissao-de-Autoavaliacao-07_21-de-22_03_21.pdf\">Ata da Reuni\u00e3o de Comiss\u00e3o de Autoavalia\u00e7\u00e3o n\u00b0 07\/2021 de 22\/03\/21<\/a><\/p>\n<p><a href=\"http:\/\/www2.uepg.br\/ppgodonto\/wp-content\/uploads\/sites\/56\/2021\/04\/SEI_21.000011606_8.pdf\">Ata da Reuni\u00e3o de Comiss\u00e3o de Autoavalia\u00e7\u00e3o n\u00b0 09\/2021 &#8211; 05\/04\/2021<\/a><\/p>\n<p><a href=\"http:\/\/www2.uepg.br\/ppgodonto\/wp-content\/uploads\/sites\/56\/2021\/08\/SEI_21.000029037_8.pdf\">Ata da Reuni\u00e3o de Comiss\u00e3o de Autoavalia\u00e7\u00e3o n\u00ba 13\/2021 &#8211; 24\/05\/2021<\/a><\/p>\n<p><a href=\"http:\/\/www2.uepg.br\/ppgodonto\/wp-content\/uploads\/sites\/56\/2021\/08\/SEI_21.000029038_6.pdf\">Ata da Reuni\u00e3o de Comiss\u00e3o de Autoavalia\u00e7\u00e3o n\u00ba 14\/2021 &#8211; 31\/05\/2021<\/a><\/p>\n<p><a href=\"http:\/\/www2.uepg.br\/ppgodonto\/wp-content\/uploads\/sites\/56\/2021\/08\/SEI_21.000026944_1.pdf\">Ata da Reuni\u00e3o de Comiss\u00e3o de Autoavalia\u00e7\u00e3o n\u00ba 15\/2021 &#8211; 07\/06\/2021<\/a><\/p>\n<p><a href=\"http:\/\/www2.uepg.br\/ppgodonto\/wp-content\/uploads\/sites\/56\/2021\/08\/SEI_21.000029039_4.pdf\">Ata de Reuni\u00e3o de Comiss\u00e3o de Autoavalia\u00e7\u00e3o n\u00ba 196\/2021 &#8211; 21\/062021<\/a><\/p>\n<p><a href=\"http:\/\/www2.uepg.br\/ppgodonto\/wp-content\/uploads\/sites\/56\/2021\/08\/SEI_21.000029039_4.pdf\">Ata de Reuni\u00e3o de Comiss\u00e3o de Autoavalia\u00e7\u00e3o <\/a><a href=\"http:\/\/www2.uepg.br\/ppgodonto\/wp-content\/uploads\/sites\/56\/2025\/05\/Autoavaliac\u0327a\u0303o-2024.pdf\">Autoavaliac\u0327a\u0303o 2024<\/a><\/p>\n<p>&nbsp;<\/p>\n","protected":false},"excerpt":{"rendered":"<p>Minuta de Relat\u00f3rio Autoavaliac\u0327a\u0303o do PPGO para consulta p\u00fablica PROJETO DE AUTOAVALIA\u00c7\u00c3O DO PPGO Cronograma de aplica\u00e7\u00e3o dos instrumentos PORTARIA R. &#8211; N\u00ba 2020.96 &#8211; Comiss\u00e3o Interna de Autoavalia\u00e7\u00e3o do Programa de P\u00f3s-Gradua\u00e7\u00e3o em Odontologia Ata_12\/2020 Reuni\u00e3o Colegiado de Curso oficializa\u00e7\u00e3o nova composi\u00e7\u00e3o da Comiss\u00e3o de Autoavalia\u00e7\u00e3o de 27\/06\/2020 Portaria Comiss\u00e3o Autoavalia\u00e7\u00e3o &#8211; atualizada Ata&nbsp;&hellip;<\/p>\n","protected":false},"author":24,"featured_media":0,"parent":0,"menu_order":0,"comment_status":"closed","ping_status":"closed","template":"","meta":[],"_links":{"self":[{"href":"https:\/\/www2.uepg.br\/ppgodonto\/wp-json\/wp\/v2\/pages\/239"}],"collection":[{"href":"https:\/\/www2.uepg.br\/ppgodonto\/wp-json\/wp\/v2\/pages"}],"about":[{"href":"https:\/\/www2.uepg.br\/ppgodonto\/wp-json\/wp\/v2\/types\/page"}],"author":[{"embeddable":true,"href":"https:\/\/www2.uepg.br\/ppgodonto\/wp-json\/wp\/v2\/users\/24"}],"replies":[{"embeddable":true,"href":"https:\/\/www2.uepg.br\/ppgodonto\/wp-json\/wp\/v2\/comments?post=239"}],"version-history":[{"count":24,"href":"https:\/\/www2.uepg.br\/ppgodonto\/wp-json\/wp\/v2\/pages\/239\/revisions"}],"predecessor-version":[{"id":1395,"href":"https:\/\/www2.uepg.br\/ppgodonto\/wp-json\/wp\/v2\/pages\/239\/revisions\/1395"}],"wp:attachment":[{"href":"https:\/\/www2.uepg.br\/ppgodonto\/wp-json\/wp\/v2\/media?parent=239"}],"curies":[{"name":"wp","href":"https:\/\/api.w.org\/{rel}","templated":true}]}}