{"id":311,"date":"2020-05-05T14:15:33","date_gmt":"2020-05-05T17:15:33","guid":{"rendered":"http:\/\/www2.uepg.br\/ppgodonto\/?page_id=311"},"modified":"2025-06-04T17:02:03","modified_gmt":"2025-06-04T20:02:03","slug":"regulamentos","status":"publish","type":"page","link":"https:\/\/www2.uepg.br\/ppgodonto\/regulamentos\/","title":{"rendered":"Regulamentos"},"content":{"rendered":"<p><a href=\"http:\/\/www2.uepg.br\/ppgodonto\/wp-content\/uploads\/sites\/56\/2020\/04\/01_2020_Normativa_concess%C3%A3o_e_manuten%C3%A7%C3%A3o_bolsas_p%C3%B3s-gradua%C3%A7%C3%A3o-2.pdf\" target=\"_blank\" rel=\"noopener noreferrer\">Normativa 01\/2020 &#8211; Concess\u00e3o e Manuten\u00e7\u00e3o Bolsas P\u00f3s-Gradua\u00e7\u00e3o<\/a><\/p>\n<p><a href=\"http:\/\/www2.uepg.br\/ppgodonto\/wp-content\/uploads\/sites\/56\/2020\/04\/02_2020_Normativa_requerimento_qualifica%C3%A7%C3%B5es_e_defesas.pdf\">Normativa 02\/2020 \u00a0\u2013 Requerimento para Qualifica\u00e7\u00f5es e Defesas<\/a><\/p>\n<p><a href=\"http:\/\/www2.uepg.br\/ppgodonto\/wp-content\/uploads\/sites\/56\/2020\/06\/03_2020-Normativa-Coorientador.pdf\">Normativa 03\/2020 &#8211; Crit\u00e9rios para a Coorienta\u00e7\u00e3o<\/a><\/p>\n<p><a href=\"http:\/\/www2.uepg.br\/ppgodonto\/wp-content\/uploads\/sites\/56\/2020\/06\/04_2020_Normativa-Composi\u00e7\u00e3o-de-Bancas-1.pdf\">Normativa<\/a><a href=\"http:\/\/www2.uepg.br\/ppgodonto\/wp-content\/uploads\/sites\/56\/2020\/06\/04_2020_Normativa-Composi\u00e7\u00e3o-de-Bancas-1.pdf\"> 04\/2020 &#8211; Composi\u00e7\u00e3o de Bancas<\/a><\/p>\n<p><a href=\"http:\/\/www2.uepg.br\/propesp\/wp-content\/uploads\/sites\/41\/2019\/11\/Resolucao-CEPE-020-2016-Regulamento-Geral-dos-PPG-Stricto-Sensu-da-UEPG.pdf\" target=\"_blank\" rel=\"noopener noreferrer\">Regimento Geral dos Programas de P\u00f3s-Gradua\u00e7\u00e3o Stricto Sensu<\/a><\/p>\n<p><a href=\"http:\/\/www2.uepg.br\/propesp\/wp-content\/uploads\/sites\/41\/2020\/03\/07-de-27-de-Mar%C3%A7o-de-2020-aprova-altera%C3%A7%C3%B5es-no-Regulamento-Geral-dos-Programas-de-P%C3%B3s-Gradua%C3%A7%C3%A3o-Stricto-Sensu-da-UEPG.pdf\">Altera\u00e7\u00f5es no Regulamento Geral dos Programas de P\u00f3s-Gradua\u00e7\u00e3o\u00a0<em>Stricto Sensu<\/em>\u00a0da UEPG.<\/a><\/p>\n<p><a href=\"http:\/\/www2.uepg.br\/ppgodonto\/wp-content\/uploads\/sites\/56\/2020\/04\/Regulamento_Stricto_Senso-1.pdf\" target=\"_blank\" rel=\"noopener noreferrer\">Regulamento do Programa de P\u00f3s-Gradua\u00e7\u00e3o Stricto Sensu em Odontologia<\/a><\/p>\n<p><a href=\"http:\/\/www2.uepg.br\/ppgodonto\/wp-content\/uploads\/sites\/56\/2021\/08\/SEI_21.000030989_3-2.pdf\">Altera\u00e7\u00e3o no regulamento do Programa de P\u00f3s-Gradua\u00e7\u00e3o em Odontologia<\/a><\/p>\n<p><a href=\"http:\/\/www2.uepg.br\/ppgodonto\/wp-content\/uploads\/sites\/56\/2020\/05\/ProjetoPedagogico.pdf\">Projeto Pedagogico<\/a><\/p>\n<p><a href=\"http:\/\/www2.uepg.br\/ppgodonto\/wp-content\/uploads\/sites\/56\/2021\/08\/SEI_21.000031159_6.pdf\">Novas disciplinas Optativas Inclu\u00eddas ao Projeto Pedag\u00f3gico<\/a><\/p>\n<p><a href=\"http:\/\/www2.uepg.br\/ppgodonto\/wp-content\/uploads\/sites\/56\/2025\/06\/disiplinas-novas-HOF.pdf\">Disciplinas novas HOF<\/a> Inclu\u00eddas no Projeto Pedag\u00f3gico<\/p>\n<p><a href=\"http:\/\/www2.uepg.br\/propesp\/wp-content\/uploads\/sites\/41\/2019\/11\/Resolucao-CEPE-021-2016-Regulamento-do-Estagio-de-Docencia-de-Discentes-dos-Cursos-PPG-Stricto-Sensu.pdf\" target=\"_blank\" rel=\"noopener noreferrer\">Regulamento de Est\u00e1gio de Doc\u00eancia de Discentes dos Cursos de P\u00f3s-Gradua\u00e7\u00e3o Stricto Sensu, da UEPG.<\/a><\/p>\n<p><a href=\"http:\/\/www2.uepg.br\/propesp\/wp-content\/uploads\/sites\/41\/2019\/11\/Resolucao-CEPE-021-2016_Anexo-I.doc\" target=\"_blank\" rel=\"noopener noreferrer\">\u2013 Anexo I da Resolu\u00e7\u00e3o CEPE n\u00ba 021\/2016 ( Est\u00e1gio de Doc\u00eancia) \u2013 para preenchimento<\/a><\/p>\n<p><a href=\"http:\/\/www2.uepg.br\/propesp\/wp-content\/uploads\/sites\/41\/2019\/11\/Resolucao-CEPE-021-2016_Anexo-II.doc\" target=\"_blank\" rel=\"noopener noreferrer\">\u2013 Anexo II da Resolu\u00e7\u00e3o CEPE n\u00ba 021\/2016\u00a0<\/a><a href=\"http:\/\/www2.uepg.br\/propesp\/wp-content\/uploads\/sites\/41\/2019\/11\/Resolucao-CEPE-021-2016_Anexo-I.doc\" target=\"_blank\" rel=\"noopener noreferrer\">( Est\u00e1gio de Doc\u00eancia)\u00a0<\/a><a href=\"http:\/\/www2.uepg.br\/propesp\/wp-content\/uploads\/sites\/41\/2019\/11\/Resolucao-CEPE-021-2016_Anexo-II.doc\" target=\"_blank\" rel=\"noopener noreferrer\">\u2013 para preenchimento<\/a><\/p>\n<p><a href=\"http:\/\/www2.uepg.br\/propesp\/wp-content\/uploads\/sites\/41\/2019\/11\/2018-04-17_Resolucao-CEPE-019-2018.pdf\">Regulamento Para Realiza\u00e7\u00e3o de Fechada na UEPG<\/a><\/p>\n<p><a href=\"http:\/\/www2.uepg.br\/propesp\/wp-content\/uploads\/sites\/41\/2019\/11\/2018-08-21_Resolucao-CEPE-043-RED.pdf\" target=\"_blank\" rel=\"noopener noreferrer\">Regulamento de Exerc\u00edcios Domiciliares<\/a><\/p>\n<p><a href=\"http:\/\/www2.uepg.br\/propesp\/wp-content\/uploads\/sites\/41\/2019\/11\/resolucao-cepe-23-05.pdf\" target=\"_blank\" rel=\"noopener noreferrer\">Regulamento do regime de cotutela de tese de doutorado entre a universidade estadual de ponta grossa e institui\u00e7\u00f5es estrangeiras.<\/a><\/p>\n<p><a href=\"http:\/\/www2.uepg.br\/propesp\/wp-content\/uploads\/sites\/41\/2019\/11\/Resolucao-CEPE-30-2016-ODT.pdf\" target=\"_blank\" rel=\"noopener noreferrer\">Regulamento de orienta\u00e7\u00e3o de disserta\u00e7\u00e3o de mestrado e de tese de doutorado nos programas de p\u00f3s-gradua\u00e7\u00e3o stricto sensu, da UEPG, como atividade de ensino.<\/a><\/p>\n<p><a href=\"http:\/\/www2.uepg.br\/ppgodonto\/wp-content\/uploads\/sites\/56\/2020\/05\/Portaria_076_RegulamentoDS.pdf\">Regulamento do Programa de Bolsas da Demanda Social &#8211; DS da CAPES<\/a><\/p>\n<p><a href=\"https:\/\/www.in.gov.br\/materia\/-\/asset_publisher\/Kujrw0TZC2Mb\/content\/id\/39729251\/do1-2018-09-05-portaria-n-206-de-4-de-setembro-de-2018-39729135\">Portaria n\u00ba 206\/2018 Torna obrigat\u00f3rio agradecimento a CAPES<\/a><\/p>\n<p><a href=\"http:\/\/www2.uepg.br\/ppgodonto\/wp-content\/uploads\/sites\/56\/2020\/09\/LIVRO_ManualdeNormalizacao-4-ed.pdf\">Manual de Normaliza\u00e7\u00e3o Bibliogr\u00e1fica para Trabalhos Cient\u00edficos ( 4 ed)<\/a><\/p>\n<p><a href=\"http:\/\/www2.uepg.br\/ppgodonto\/wp-content\/uploads\/sites\/56\/2020\/10\/Manual-de-normas-de-biosseguranca-PPGO.pdf\">Manual de normas de biosseguran\u00e7a PPGO<\/a><\/p>\n","protected":false},"excerpt":{"rendered":"<p>Normativa 01\/2020 &#8211; Concess\u00e3o e Manuten\u00e7\u00e3o Bolsas P\u00f3s-Gradua\u00e7\u00e3o Normativa 02\/2020 \u00a0\u2013 Requerimento para Qualifica\u00e7\u00f5es e Defesas Normativa 03\/2020 &#8211; Crit\u00e9rios para a Coorienta\u00e7\u00e3o Normativa 04\/2020 &#8211; Composi\u00e7\u00e3o de Bancas Regimento Geral dos Programas de P\u00f3s-Gradua\u00e7\u00e3o Stricto Sensu Altera\u00e7\u00f5es no Regulamento Geral dos Programas de P\u00f3s-Gradua\u00e7\u00e3o\u00a0Stricto Sensu\u00a0da UEPG. Regulamento do Programa de P\u00f3s-Gradua\u00e7\u00e3o Stricto Sensu em&nbsp;&hellip;<\/p>\n","protected":false},"author":24,"featured_media":0,"parent":0,"menu_order":0,"comment_status":"closed","ping_status":"closed","template":"","meta":[],"_links":{"self":[{"href":"https:\/\/www2.uepg.br\/ppgodonto\/wp-json\/wp\/v2\/pages\/311"}],"collection":[{"href":"https:\/\/www2.uepg.br\/ppgodonto\/wp-json\/wp\/v2\/pages"}],"about":[{"href":"https:\/\/www2.uepg.br\/ppgodonto\/wp-json\/wp\/v2\/types\/page"}],"author":[{"embeddable":true,"href":"https:\/\/www2.uepg.br\/ppgodonto\/wp-json\/wp\/v2\/users\/24"}],"replies":[{"embeddable":true,"href":"https:\/\/www2.uepg.br\/ppgodonto\/wp-json\/wp\/v2\/comments?post=311"}],"version-history":[{"count":17,"href":"https:\/\/www2.uepg.br\/ppgodonto\/wp-json\/wp\/v2\/pages\/311\/revisions"}],"predecessor-version":[{"id":1447,"href":"https:\/\/www2.uepg.br\/ppgodonto\/wp-json\/wp\/v2\/pages\/311\/revisions\/1447"}],"wp:attachment":[{"href":"https:\/\/www2.uepg.br\/ppgodonto\/wp-json\/wp\/v2\/media?parent=311"}],"curies":[{"name":"wp","href":"https:\/\/api.w.org\/{rel}","templated":true}]}}