{"id":398,"date":"2020-05-26T09:59:59","date_gmt":"2020-05-26T12:59:59","guid":{"rendered":"http:\/\/www2.uepg.br\/ppgodonto\/?page_id=398"},"modified":"2021-04-16T14:25:03","modified_gmt":"2021-04-16T17:25:03","slug":"premios","status":"publish","type":"page","link":"https:\/\/www2.uepg.br\/ppgodonto\/premios\/","title":{"rendered":"Pr\u00eamios"},"content":{"rendered":"<h1><span style=\"color: #0000ff\"><strong>2019<\/strong><\/span><\/h1>\n<ol>\n<li>36\u00aa REUNI\u00c3O ANUAL DA SOCIEDADE BRASILEIRA DE PESQUISA ODONTOL\u00d3GICA &#8211; SBPqO &#8211; Pr\u00eamio Myaki Issao da, \u00e1rea 9 &#8211; Sa\u00fade Coletiva. Trabalho intitulado \u201cDesigualdades regionais nas rela\u00e7\u00f5es de trabalho e qualifica\u00e7\u00e3o profissional de cirurgi\u00f5es-dentistas atuantes na ESF\u201d. Orientadora Prof\u00aa. Dr\u00aa. M\u00e1rcia Helena Baldani Pinto, apresentadora Let\u00edcia Rosa e co-autor Manoelito F Silva-Junior.<\/li>\n<\/ol>\n<p>&nbsp;<\/p>\n<ol start=\"2\">\n<li>32\u00ba CONGRESSO ODONTOL\u00d3GICO DE BAURU &#8220;PROF. DR. LUIZ CASATI ALVARES&#8221; &#8211; Men\u00e7\u00e3o honrosa na Categoria P\u00f3s-gradua\u00e7\u00e3o \u2013 \u00c1rea Ci\u00eancias B\u00e1sicas \u2013 Painel, Pesquisa\/Revis\u00e3o Sistem\u00e1tica. Trabalho intitulado \u201cLibera\u00e7\u00e3o de antif\u00fangicos complexados com ciclodextrina de material macio visando o tratamento de estomatite prot\u00e9tica\u201d dos autores Carolina Yoshi Campos Sugio, Thais Albach (mestranda PPGO), Gustavo Sim\u00e3o Moraes (doutorando PPGO), Flavio Luis Beltrame, Karin Hermana Neppelenbroek e pela docente do PPGO Prof\u00aa. Dr\u00aa. Vanessa Migliorini Urban.<\/li>\n<\/ol>\n<p>&nbsp;<\/p>\n<ol start=\"3\">\n<li>III SEMANA ACAD\u00caMICA DE ODONTOLOGIA DA UEPG (SAO UEPG) &#8211; 1\u00b0 lugar, na categoria Oral. Trabalho Intitulado \u201cCompara\u00e7\u00e3o de diferentes regimes antibi\u00f3ticos na indu\u00e7\u00e3o e longevidade de estomatite prot\u00e9tica em modelo animal\u201d. Orientadora Prof\u00aa. Dr\u00aa. Vanessa Migliorini Urban, apresentador Gustavo Sim\u00e3o Moraes e co-autores Thais Albach, Victoria Schlumberger Cachoeira, Falyne Kiratcz, Fabio Andre dos Santos.<\/li>\n<\/ol>\n<p>&nbsp;<\/p>\n<ol start=\"4\">\n<li>III SEMANA ACAD\u00caMICA DE ODONTOLOGIA DA UEPG (SAO UEPG) &#8211; 2\u00ba lugar, na Categoria Painel Relato de Caso. Trabalho intitulado \u201cOclus\u00e3o \u2013 Manual de Procedimentos Fundamentais\u201d Orientador Prof. Dr. Alfonso S\u00e1nchez-Ayala com os autores Fagner Kiratcz, Falyne Kiratcz, Graduados Gustavo Sim\u00e3o Moraes, Daniela Huller.<\/li>\n<\/ol>\n<p>&nbsp;<\/p>\n<ol start=\"5\">\n<li>III Semana Acad\u00eamica de Odontologia da UEPG (SAO UEPG) &#8211; 3\u00ba lugar, na Categoria Painel Relato de Caso. Trabalho intitulado \u201cA import\u00e2ncia do planejamento na reabilita\u00e7\u00e3o oral de paciente com S\u00edndrome da Combina\u00e7\u00e3o: Relato de caso\u201d. Orientadora Prof\u00aa. Dr\u00aa. Vanessa Migliorini Urban com os autores Poliana Alexandra Martinello, Leticia Lauber Batista.<\/li>\n<\/ol>\n<p>&nbsp;<\/p>\n<ol start=\"6\">\n<li>XXVIII ENCONTRO ANUAL DE INICIA\u00c7\u00c3O CIENT\u00cdFICA (EAIC) &#8211; 2\u00ba Lugar na \u00c1rea de Ci\u00eancias da Sa\u00fade. Trabalho intitulado \u201cA anestesia computadorizada reduz a dor e a ansiedade durante a anestesia local em pacientes pedi\u00e1tricos no tratamento odontol\u00f3gico? Uma revis\u00e3o sistem\u00e1tica e meta-an\u00e1lise\u201d. Orientadora Prof\u00aa. Dr\u00aa. Ana Cl\u00e1udia Rodrigues Chibinski, apresentador Leonardo Siqueira Silva e co-autores Priscila Camargo Smolareck e Let\u00edcia Ma\u00edra Wambier com o trabalho.<\/li>\n<\/ol>\n<p>&nbsp;<\/p>\n<ol start=\"7\">\n<li>XXVIII ENCONTRO ANUAL DE INICIA\u00c7\u00c3O CIENT\u00cdFICA (EAIC) &#8211; 2\u00ba Lugar na \u00c1rea de Ci\u00eancias da Sa\u00fade. Trabalho intitulado \u201cGest\u00e3o do trabalho em sa\u00fade bucal na aten\u00e7\u00e3o b\u00e1sica: rela\u00e7\u00f5es de trabalho e qualifica\u00e7\u00e3o profissional de cirurgi\u00f5es-dentistas atuantes no SUS\u201d. Orientadora Prof\u00aa. Dr\u00aa. M\u00e1rcia Helena Baldani Pinto apresentadora Let\u00edcia Rosa e co-autores Ana Elisa Ribeiro e Manoelito Ferreira Silva Junior.<\/li>\n<\/ol>\n<p>&nbsp;<\/p>\n<ol start=\"8\">\n<li>III SEMANA ACAD\u00caMICA DE ODONTOLOGIA UEPG &#8211; Men\u00e7\u00e3o Honrosa \u2013 2\u00ba lugar na modalidade Painel, n\u00edvel Graduado. Trabalho intitulado \u201cDiamino fluoreto de prata melhora as propriedades adesivas da interface resina- dentina erosionada?\u201d Orientador Prof. Dr. Jo\u00e3o Carlos Gomes, apresentadora Veridiana Silva Campos e co-autores Alessandro Dourado Loguercio, Alessandra Reis Silav Loguercio, Fabiana Suelen Figueredo de Siqueira e Andres Felipe Millan Cardenas.<\/li>\n<\/ol>\n<p>&nbsp;<\/p>\n<ol start=\"9\">\n<li>IV CONGRESSO ODONTOL\u00d3GICO DO NORTE DO PARAN\u00c1 (IV CONP) &#8211; Men\u00e7\u00e3o Honrosa na \u00e1rea de P\u00f3s-Gradua\u00e7\u00e3o, como apresenta\u00e7\u00e3o de painel. Trabalho intitulado \u201cEfeito da aplica\u00e7\u00e3o de Diamino Fluoreto de Prata nas propriedades adesivas e qu\u00edmicas da interface resina-dentina erosionadada\u201d. Orientador Prof. Dr. Jo\u00e3o Carlos Gomes, apresentadora Veridiana Silva Campos e co-autores Alessandro Dourado Loguercio, Alessandra Reis Silav Loguercio, Fabiana Suelen Figueredo de Siqueira e Andres Felipe Millan Cardenas.<\/li>\n<\/ol>\n<p>&nbsp;<\/p>\n<ol start=\"10\">\n<li>III SEMANA ACAD\u00caMICA DE ODONTOLOGIA UEPG &#8211; Men\u00e7\u00e3o Honrosa \u2013 1\u00ba lugar na modalidade apresenta\u00e7\u00e3o oral, n\u00edvel graduado. Trabalho intitulado \u201cCompara\u00e7\u00e3o de diferentes regimes antibi\u00f3ticos na indu\u00e7\u00e3o e longevidade de estomatite prot\u00e9tica em modelo animal\u201d. Orientadora Prof\u00aa. Dr\u00aa. Vanessa Migliorini Urban, apresentador Gustavo Sim\u00e3o Moraes e co-autores Tha\u00eds Albach, Victoria Cachoeira, Faline Kiratcz e F\u00e1bio Andr\u00e9 dos Santos.<\/li>\n<li>36\u00aa Reuni\u00e3o Anual da Sociedade Brasileira de Pesquisa Odontol\u00f3gica \u2013 SBPqO \u2013 \u00e1rea de Revis\u00f5es Sistem\u00e1ticas e Meta-an\u00e1lise. Trabalho intitulado \u201cAplica\u00e7\u00e3o t\u00f3pica de nitrato de pot\u00e1ssio antes do clareamento dental: revis\u00e3o sistem\u00e1tica e metan\u00e1lise. Orientadora Profa. Dra. Alessandra Reis, apresentadora foi a doutoranda Eveline Claudia Martini. Michael Favoreto (mestrando), M\u00e1rcia Rezende (egressa), Alessandro D. Loguercio (docente) e Juliana Larocca de Geus (egressa) tamb\u00e9m eram co-autores.<\/li>\n<\/ol>\n<p>&nbsp;<\/p>\n<h1><span style=\"color: #0000ff\"><strong>2018<\/strong><\/span><\/h1>\n<ol>\n<li>PR\u00caMIO CAPES DE TESE 2018. Tese intitulada \u201cAvalia\u00e7\u00e3o do risco e intensidade da dor utilizando anestesia t\u00f3pica em diferentes procedimentos odontol\u00f3gicos\u201d da doutoranda Let\u00edcia Ma\u00edra Wambier orientada pela Prof\u00aa. Dr\u00aa. Alessandra Reis Silva Loguercio.<\/li>\n<\/ol>\n<p>&nbsp;<\/p>\n<ol start=\"2\">\n<li>MEN\u00c7\u00c3O HONROSA DO PR\u00caMIO CAPES-INTERFARMA DE INOVA\u00c7\u00c3O E PESQUISA 2018. Tese intitulada \u201cAvalia\u00e7\u00e3o do risco e intensidade da dor utilizando anestesia t\u00f3pica em diferentes procedimentos odontol\u00f3gicos\u201d da doutoranda Let\u00edcia Ma\u00edra Wambier orientada pela Prof\u00aa. Dr\u00aa. Alessandra Reis Silva Loguercio.<\/li>\n<\/ol>\n<p>&nbsp;<\/p>\n<ol start=\"3\">\n<li>PR\u00caMIO HATTON &#8211; DIVIS\u00c3O CHILENA DA IADR Fruto da tese intitulada \u201cEfeito da incorpora\u00e7\u00e3o de nanopart\u00edculas de zinco e cobre em dois sistemas adesivos universais, nas propriedades biol\u00f3gicas, mec\u00e2nicas e adesivas \u00e0 dentina h\u00edgida e artificialmente afetada por c\u00e1rie\u201d do doutorando Mario Felipe Gutierrez Reyes orientado pelos Prof. Dr. Paulo Vitor Farago e Alessandro Loguercio.<\/li>\n<\/ol>\n<p>&nbsp;<\/p>\n<ol start=\"4\">\n<li>35\u00aa REUNI\u00c3O ANUAL DA SOCIEDADE BRASILEIRA DE PESQUISA ODONTOL\u00d3GICA \u2013 SBPqO &#8211; o 1\u00ba Lugar, na categoria Painel Aspirante, \u00e1rea 5. Trabalho intitulado: \u201cEfeito da t\u00e9cnica restauradora e do momento da fotoativa\u00e7\u00e3o na temperatura pulpar in vivo em pr\u00e9-molares humanos\u201d Orientado pelo Prof. Dr. Prof. Dr. C\u00e9sar Augusto Galv\u00e3o Arrais, apresentadora Driellen Christine Zarpellon com os co-autores Cristiane Maucoski, Patricio Runnacles, Dayane Jaqueline Gross, Ulisses Coelho, Frederick Allen Rueggeberg.<\/li>\n<\/ol>\n<p>&nbsp;<\/p>\n<ol start=\"5\">\n<li>II SEMANA ACAD\u00caMICA DE ODONTOLOGIA UEPG Men\u00e7\u00e3o Honrosa \u2013 2a lugar na modalidade Painel, n\u00edvel Graduado. Trabalho intulado \u201cDiamino fluoreto de prata melhora as propriedades adesivas da interface resina- dentina erosionada?\u201d. Orientado pelo Prof. Dr. Jo\u00e3o Carlos Gomes, apresentadora Veridiana Silva Campos e co-autores Alessandro Dourado Loguercio, Alessandra Reis Silav Loguercio, Fabiana Suelen Figueredo de Siqueira e Andres Felipe Millan Cardenas.<\/li>\n<\/ol>\n<p>&nbsp;<\/p>\n<ol start=\"6\">\n<li>XXVII ENCONTRO ANUAL DE INICIA\u00c7\u00c3O CIENT\u00cdFICA (EAIC) \u2013 1\u00ba Lugar na \u00c1rea de Ci\u00eancias da Sa\u00fade. Trabalho intitulado \u201cDifus\u00e3o do Per\u00f3xido de Hidrog\u00eanio na C\u00e2mara Pulpar de G\u00e9is Clareadores Com Diferentes Phs\u201d . Orientadora Prof\u00aa. Dr\u00aa. Alessandra Reis Silva Loguercio, apresentador Michael Willian Favoreto e co-autores Eveline Claudia Martini e Sibelli Olivieri Parreiras.<\/li>\n<\/ol>\n<p>&nbsp;<\/p>\n<ol start=\"7\">\n<li>22\u00ba CONGRESSO INTERNACIONAL DE PONTA GROSSA (CIOPG) &#8211; Men\u00e7\u00e3o Honrosa \u2013 Melhor Painel. Trabalho Intitulado \u201cRecess\u00e3o gengival e tratamento para hipersensibilidade dentin\u00e1ria cervical: estudo em ratos\u201d. Orientador Prof. Dr. F\u00e1bio Andr\u00e9 dos Santos, apresentadora Ana Claudia Dalmolin, co-autores Let\u00edcia Antonelo Campos, Luisa Fernanda Alegria Acevedo e M\u00e1cia Thais Pochapski.<\/li>\n<\/ol>\n<p>&nbsp;<\/p>\n<ol start=\"8\">\n<li>22\u00ba CONGRESSO INTERNACIONAL DE PONTA GROSSA (CIOPG) &#8211; Men\u00e7\u00e3o Honrosa \u2013 Melhor Painel. Trabalho Intitulado \u201cDesenvolvimento de modelo de estomatite prot\u00e9tica em ratos imunocompetentes submetidos ou n\u00e3o \u00e0 antibioticoterapia\u201d. Orientadora Prof\u00aa. Dr\u00aa. Vanessa Migliorini Urban, apresentador Gustavo Sim\u00e3o Moraes e co-autores Tha\u00eds Albach, C\u00e9sar Augusto Galv\u00e3o Arrais e Karin Hermana Neppelenbroek.<\/li>\n<\/ol>\n<p>&nbsp;<\/p>\n<ol start=\"9\">\n<li>22\u00ba CONGRESSO INTERNACIONAL DE PONTA GROSSA (CIOPG) &#8211; Men\u00e7\u00e3o Honrosa \u2013 Melhor Painel. Trabalho Intitulado \u201cAn\u00e1lise do ranelato de estr\u00f4ncio no reparo \u00f3sseo alveolar, estudo em ratas ovariectomizadas\u201d. Orientador Prof. Dr. Gilson C\u00e9sar Nobre Franco, apresentadora Jessica Daniela Andreis e co-autores Leomar Emanuel Almeida Mecca, Amanda Regina Fishborn.<\/li>\n<\/ol>\n<p>&nbsp;<\/p>\n<ol start=\"10\">\n<li>22\u00ba CONGRESSO INTERNACIONAL DE PONTA GROSSA (CIOPG) &#8211; Men\u00e7\u00e3o Honrosa \u2013 Melhor Painel. Trabalho Intitulado \u201cAssocia\u00e7\u00e3o entre sa\u00fade bucal e performance dos atletas: revis\u00e3o sistem\u00e1tica\u201d. Orientador Prof. Dr. F\u00e1bio Andr\u00e9 dos Santos, apresentadora Juliana Squizatto Leite e co-autores Julian Josnei de Saouza e Rodrigo Stanislawczuk Grande.<\/li>\n<\/ol>\n<p>&nbsp;<\/p>\n<ol start=\"11\">\n<li>22\u00ba CONGRESSO INTERNACIONAL DE PONTA GROSSA (CIOPG) &#8211; Men\u00e7\u00e3o Honrosa \u2013 Melhor Painel. Trabalho Intitulado \u201cEffect of copper-containing universal adhesive bonding in different substrates\u201d. Orientador Prof. Dr. Alessandro Dourado Loguercio, apresentadora Ta\u00edse Alessandra Hanzen e co-autores Thalita de Paris Matos, Mario Felipe Gutierrez Reyes e Jorge Pailover Bermudez.<\/li>\n<\/ol>\n<p>&nbsp;<\/p>\n<ol start=\"12\">\n<li>22\u00ba CONGRESSO INTERNACIONAL DE PONTA GROSSA (CIOPG) &#8211; Men\u00e7\u00e3o Honrosa \u2013 Melhor Painel. Trabalho Intitulado \u201cTaxa de reten\u00e7\u00e3o em les\u00f5es cervicais n\u00e3o cariosas restauradas pela \u201ct\u00e9cnica sandu\u00edche\u201d: revis\u00e3o sistem\u00e1tica e meta-an\u00e1lise\u201d. Orientadora Prof\u00aa. Dr\u00aa. Alessandra Reis Silva Loguercio, apresentadora Alexandra Mara de Paula e co-autores Taynara Faely Boing, Let\u00edcia Ma\u00edra Wambier e Ta\u00edse Alessandra Hanzen.<\/li>\n<\/ol>\n<p>&nbsp;<\/p>\n<h1><span style=\"color: #0000ff\"><strong>2017<\/strong><\/span><\/h1>\n<ol>\n<li>34\u00aa Reuni\u00e3o Anual da Sociedade Brasileira de Pesquisa Odontol\u00f3gica \u2013 SBPqO &#8211; 1\u00ba Lugar do pr\u00eamio Myaki Issao, \u00e1rea 5. Trabalho intitulado \u201cEfeito do jato de ar no aumento da temperatura pulpar causada por fotopolimerizador LED: estudo in vivo\u201d. Orientador Prof. Dr. C\u00e9sar Augusto Galv\u00e3o Arrais, apresentadora Driellen Christine Zarpellon e co-autores Cristiane Maucoski*, Patricio Runnacles, Ulisses Coelho, Frederick Allen Rueggeberg.<\/li>\n<\/ol>\n<p>&nbsp;<\/p>\n<ol start=\"2\">\n<li>53\u00ba Encontro do Grupo Brasileiro de Materiais Dent\u00e1rios -2\u00ba lugar na categoria p\u00f3s-gradua\u00e7\u00e3o. Trabalho fruto de Tese intitulado: \u201cEfeito de restaura\u00e7\u00f5es que apresentam resina composta fluida em les\u00f5es cervicais n\u00e3o cariosas: revis\u00e3o sistem\u00e1tica e metan\u00e1lise\u201d. Orientadores Drs. Alessandro D. Loguercio e Alessandra Reis, apresentadora Anna Luiza Szesz.<\/li>\n<\/ol>\n<p>&nbsp;<\/p>\n<h1><span style=\"color: #0000ff\"><strong>2016<\/strong><\/span><\/h1>\n<p>&nbsp;<\/p>\n<ol>\n<li>33\u00aa REUNI\u00c3O ANUAL DA SOCIEDADE BRASILEIRA DE PESQUISA ODONTOL\u00d3GICA \u2013 SBPqO &#8211; Pr\u00eamio Myaki Issao &#8211; Men\u00e7\u00e3o Honrosa, \u00e1rea 5. Trabalho intitulado \u201cAna\u0301lise da temperatura do tecido gengival sui\u0301no exposto a\u0300 luz LED polywave de alta pote\u0302ncia\u201d. Orientado pelo Profs. Drs. C\u00e9sar Augusto Galv\u00e3o Arrais e F\u00e1bio Andr\u00e9 dos Santos e co-autores: Maucoski C*, Zarpellon DC, Lipinski LC, Rueggeberg FA na.<\/li>\n<\/ol>\n<p>&nbsp;<\/p>\n<ol start=\"2\">\n<li>33\u00aa REUNI\u00c3O ANUAL DA SOCIEDADE BRASILEIRA DE PESQUISA ODONTOL\u00d3GICA \u2013 SBPqO &#8211; Pr\u00eamio Myaki Issao &#8211; 1\u00ba lugar, da \u00e1rea 6. Trabalho initulado &#8220;Padroniza\u00e7\u00e3o de metodologia para an\u00e1lise de sor\u00e7\u00e3o de \u00e1gua e solubilidade de condicionadores de tecido&#8221;. Orientadora Prof\u00aa. Dr\u00aa. Vanessa MiglioriUrban e co-autores: Sugio CYC*, Chaves GC, Maciel JG, Hono\u0301rio HM, Almeida ALPF, Urban VM, Neppelenbroek KH na.<\/li>\n<\/ol>\n<p>&nbsp;<\/p>\n<ol start=\"3\">\n<li>XXV ENCONTRO ANUAL DE INICIA\u00c7\u00c3O CIENT\u00cdFICA (EAIC) \u2013 1\u00ba Lugar. Trabalho intitulado \u201cAvalia\u00e7\u00e3o da resist\u00eancia de dois materiais ionom\u00e9ricos sob a\u00e7\u00e3o dos processos erosivo\/abrasivo para emprego nas restaura\u00e7\u00f5es atraum\u00e1ticas\u201d. Orientadora Prof\u00aa. Dr\u00aa. Denise Stadler Wambier, apresentadora J\u00e9ssica Galvan e co-autores Cinthia Maria Baggio de Lucca da Cunha e Leticia Ma\u00edra Wambier.<\/li>\n<\/ol>\n<p>&nbsp;<\/p>\n<h1><span style=\"color: #0000ff\"><strong>2015<\/strong><\/span><\/h1>\n<ol>\n<li>PR\u00caMIO CAPES-INTERFARMA DE INOVA\u00c7\u00c3O. Tese intitulada \u201cPol\u00edmero antimicrobiano [qamp] para incorpora\u00e7\u00e3o em sistema adesivo odontol\u00f3gico: desenvolvimento, caracteriza\u00e7\u00e3o f\u00edsico-qu\u00edmica, avalia\u00e7\u00e3o da permeabilidade vascular e propriedades mec\u00e2nicas\u201d da Doutoranda Yasmine Mendes Pupo orientada pelo Prof. Dr. Jo\u00e3o Carlos Gomes.<\/li>\n<\/ol>\n<p>&nbsp;<\/p>\n<h1><span style=\"color: #0000ff\"><strong>2014<\/strong><\/span><\/h1>\n<ol>\n<li>37\u00aa REUNI\u00c3O ANUAL DA SOCIEDADE BRASILEIRA DE PESQUISA ODONTOL\u00d3GICA -SBPqO- 1\u00ba lugar na \u00e1rea 9. Trabalho intitulado \u201cEstudo Percep\u00e7\u00f5es das m\u00e3es do impacto da condi\u00e7\u00e3o bucal na qualidade de vida de seus filhos e fam\u00edlia \u2013 um estudo quanti-qualitativo\u201d, apresentado pela mestranda Juliana Schaia Rocha, orientada pela docente do PPGO Marcia H. Baldani Pinto e coorientada pelo Prof. Samuel J Moys\u00e9s.<\/li>\n<\/ol>\n","protected":false},"excerpt":{"rendered":"<p>2019 36\u00aa REUNI\u00c3O ANUAL DA SOCIEDADE BRASILEIRA DE PESQUISA ODONTOL\u00d3GICA &#8211; SBPqO &#8211; Pr\u00eamio Myaki Issao da, \u00e1rea 9 &#8211; Sa\u00fade Coletiva. Trabalho intitulado \u201cDesigualdades regionais nas rela\u00e7\u00f5es de trabalho e qualifica\u00e7\u00e3o profissional de cirurgi\u00f5es-dentistas atuantes na ESF\u201d. Orientadora Prof\u00aa. Dr\u00aa. M\u00e1rcia Helena Baldani Pinto, apresentadora Let\u00edcia Rosa e co-autor Manoelito F Silva-Junior. &nbsp; 32\u00ba&nbsp;&hellip;<\/p>\n","protected":false},"author":24,"featured_media":0,"parent":0,"menu_order":0,"comment_status":"closed","ping_status":"closed","template":"","meta":[],"_links":{"self":[{"href":"https:\/\/www2.uepg.br\/ppgodonto\/wp-json\/wp\/v2\/pages\/398"}],"collection":[{"href":"https:\/\/www2.uepg.br\/ppgodonto\/wp-json\/wp\/v2\/pages"}],"about":[{"href":"https:\/\/www2.uepg.br\/ppgodonto\/wp-json\/wp\/v2\/types\/page"}],"author":[{"embeddable":true,"href":"https:\/\/www2.uepg.br\/ppgodonto\/wp-json\/wp\/v2\/users\/24"}],"replies":[{"embeddable":true,"href":"https:\/\/www2.uepg.br\/ppgodonto\/wp-json\/wp\/v2\/comments?post=398"}],"version-history":[{"count":8,"href":"https:\/\/www2.uepg.br\/ppgodonto\/wp-json\/wp\/v2\/pages\/398\/revisions"}],"predecessor-version":[{"id":942,"href":"https:\/\/www2.uepg.br\/ppgodonto\/wp-json\/wp\/v2\/pages\/398\/revisions\/942"}],"wp:attachment":[{"href":"https:\/\/www2.uepg.br\/ppgodonto\/wp-json\/wp\/v2\/media?parent=398"}],"curies":[{"name":"wp","href":"https:\/\/api.w.org\/{rel}","templated":true}]}}