{"id":400,"date":"2025-05-12T10:01:13","date_gmt":"2025-05-12T13:01:13","guid":{"rendered":"http:\/\/www2.uepg.br\/ppgodonto\/?page_id=400"},"modified":"2025-05-13T11:37:45","modified_gmt":"2025-05-13T14:37:45","slug":"ppgo-na-web","status":"publish","type":"page","link":"https:\/\/www2.uepg.br\/ppgodonto\/ppgo-na-web\/","title":{"rendered":"PPGO na WEB"},"content":{"rendered":"<p><a href=\"https:\/\/www.facebook.com\/PPGODONTOUEPG\/\"><img loading=\"lazy\" class=\"alignleft\" src=\"https:\/\/toppng.com\/uploads\/preview\/logo-facebook-fundo-transparente-facebook-logo-for-business-cards-11563584533pbuza0uobi.png\" alt=\"logo facebook fundo transparente - facebook logo for business ...\" width=\"71\" height=\"72\" \/><\/a><\/p>\n<p><a href=\"https:\/\/www.facebook.com\/PPGODONTOUEPG\/\"><br \/>\nPPGO UEPG &#8211; Programa de P\u00f3s-Gradua\u00e7\u00e3o em Odontologia Stricto Sensu em Odontologia da UEPG<\/a><\/p>\n<p>&nbsp;<\/p>\n<p><a href=\"http:\/\/instagram.com\/lodiuepg\/\"><img loading=\"lazy\" class=\"alignleft\" src=\"https:\/\/i.pinimg.com\/originals\/d2\/e5\/3e\/d2e53ea31ec15e6a8129008563713de5.png\" alt=\"Olive Cheese Bread | Recipe | Instagram logo transparent ...\" width=\"93\" height=\"93\" \/><\/a><\/p>\n<p>&nbsp;<\/p>\n<p><a href=\"https:\/\/instagram.com\/ppgouepg?igshid=lmwb2w82w3fk\">PPGO UEPG<\/a><\/p>\n<p>&nbsp;<\/p>\n<p><a href=\"https:\/\/www.youtube.com\/channel\/UCWZhUsaKjv7t6d87eAVt13A\"><img loading=\"lazy\" class=\"alignleft\" src=\"https:\/\/i.pinimg.com\/originals\/7f\/c5\/5b\/7fc55b3829fa340d55badfdbeae66daf.jpg\" alt=\"YouTube-Transparent-Logo \u2764 liked on Polyvore featuring fillers ...\" width=\"75\" height=\"75\" \/><\/a><\/p>\n<p>&nbsp;<\/p>\n<p><a href=\"https:\/\/www.youtube.com\/channel\/UCWZhUsaKjv7t6d87eAVt13A\">Remov Online<\/a><\/p>\n<p>&nbsp;<\/p>\n<p><a href=\"https:\/\/www.youtube.com\/channel\/UCt1AGfFDg94jNfYVJEknl0w\"><img loading=\"lazy\" class=\"alignleft\" src=\"https:\/\/i.pinimg.com\/originals\/7f\/c5\/5b\/7fc55b3829fa340d55badfdbeae66daf.jpg\" alt=\"YouTube-Transparent-Logo \u2764 liked on Polyvore featuring fillers ...\" width=\"76\" height=\"76\" \/><\/a><\/p>\n<p>&nbsp;<\/p>\n<p><a href=\"https:\/\/www.youtube.com\/channel\/UCt1AGfFDg94jNfYVJEknl0w\">LODI UEPG &#8211; Liga Odontol\u00f3gica de Diagn\u00f3stico por Imagem<\/a><\/p>\n<p>&nbsp;<\/p>\n<p><a href=\"https:\/\/www.facebook.com\/somoslodiuepg\/\"><img loading=\"lazy\" class=\"alignleft\" src=\"https:\/\/toppng.com\/uploads\/preview\/logo-facebook-fundo-transparente-facebook-logo-for-business-cards-11563584533pbuza0uobi.png\" alt=\"logo facebook fundo transparente - facebook logo for business ...\" width=\"85\" height=\"87\" \/><\/a><\/p>\n<p>&nbsp;<\/p>\n<p><a href=\"https:\/\/www.facebook.com\/somoslodiuepg\/\">LODI UEPG &#8211; Liga Odontol\u00f3gica de Diagn\u00f3stico por Imagem<\/a><\/p>\n<p>&nbsp;<\/p>\n<p>&nbsp;<\/p>\n<p><a href=\"http:\/\/instagram.com\/lodiuepg\/\"><img loading=\"lazy\" class=\"alignleft\" src=\"https:\/\/i.pinimg.com\/originals\/d2\/e5\/3e\/d2e53ea31ec15e6a8129008563713de5.png\" alt=\"Olive Cheese Bread | Recipe | Instagram logo transparent ...\" width=\"93\" height=\"93\" \/><\/a><\/p>\n<p>&nbsp;<\/p>\n<p>BLEACHING&amp;BOND &#8211;<a href=\"https:\/\/www.instagram.com\/bleachingbond?igsh=MWdld3BjbTRtcnFvdg==\">\u00a0\u00a0https:\/\/www.instagram.com\/bleachingbond?igsh=MWdld3BjbTRtcnFvdg==<\/a><\/p>\n<p>&nbsp;<\/p>\n<p>&nbsp;<\/p>\n<p>&nbsp;<\/p>\n<p><a href=\"http:\/\/instagram.com\/lodiuepg\/\"><img loading=\"lazy\" class=\"alignleft\" src=\"https:\/\/i.pinimg.com\/originals\/d2\/e5\/3e\/d2e53ea31ec15e6a8129008563713de5.png\" alt=\"Olive Cheese Bread | Recipe | Instagram logo transparent ...\" width=\"93\" height=\"93\" \/><\/a><\/p>\n<p>&nbsp;<\/p>\n<p><a href=\"http:\/\/instagram.com\/lodiuepg\/\">LODI UEPG &#8211; Liga Odontol\u00f3gica de Diagn\u00f3stico por Imagem<\/a><\/p>\n<p>&nbsp;<\/p>\n","protected":false},"excerpt":{"rendered":"<p>PPGO UEPG &#8211; Programa de P\u00f3s-Gradua\u00e7\u00e3o em Odontologia Stricto Sensu em Odontologia da UEPG &nbsp; &nbsp; PPGO UEPG &nbsp; &nbsp; Remov Online &nbsp; &nbsp; LODI UEPG &#8211; Liga Odontol\u00f3gica de Diagn\u00f3stico por Imagem &nbsp; &nbsp; LODI UEPG &#8211; Liga Odontol\u00f3gica de Diagn\u00f3stico por Imagem &nbsp; &nbsp; &nbsp; BLEACHING&amp;BOND &#8211;\u00a0\u00a0https:\/\/www.instagram.com\/bleachingbond?igsh=MWdld3BjbTRtcnFvdg== &nbsp; &nbsp; &nbsp; &nbsp; LODI UEPG&nbsp;&hellip;<\/p>\n","protected":false},"author":24,"featured_media":0,"parent":0,"menu_order":0,"comment_status":"closed","ping_status":"closed","template":"","meta":[],"_links":{"self":[{"href":"https:\/\/www2.uepg.br\/ppgodonto\/wp-json\/wp\/v2\/pages\/400"}],"collection":[{"href":"https:\/\/www2.uepg.br\/ppgodonto\/wp-json\/wp\/v2\/pages"}],"about":[{"href":"https:\/\/www2.uepg.br\/ppgodonto\/wp-json\/wp\/v2\/types\/page"}],"author":[{"embeddable":true,"href":"https:\/\/www2.uepg.br\/ppgodonto\/wp-json\/wp\/v2\/users\/24"}],"replies":[{"embeddable":true,"href":"https:\/\/www2.uepg.br\/ppgodonto\/wp-json\/wp\/v2\/comments?post=400"}],"version-history":[{"count":26,"href":"https:\/\/www2.uepg.br\/ppgodonto\/wp-json\/wp\/v2\/pages\/400\/revisions"}],"predecessor-version":[{"id":1411,"href":"https:\/\/www2.uepg.br\/ppgodonto\/wp-json\/wp\/v2\/pages\/400\/revisions\/1411"}],"wp:attachment":[{"href":"https:\/\/www2.uepg.br\/ppgodonto\/wp-json\/wp\/v2\/media?parent=400"}],"curies":[{"name":"wp","href":"https:\/\/api.w.org\/{rel}","templated":true}]}}