{"id":46,"date":"2025-05-08T11:07:43","date_gmt":"2025-05-08T14:07:43","guid":{"rendered":"http:\/\/www2.uepg.br\/ppgodonto\/?page_id=46"},"modified":"2025-05-08T11:08:21","modified_gmt":"2025-05-08T14:08:21","slug":"eventos","status":"publish","type":"page","link":"https:\/\/www2.uepg.br\/ppgodonto\/eventos\/","title":{"rendered":"Eventos"},"content":{"rendered":"<div id=\"pl-46\"  class=\"panel-layout\" ><div id=\"pg-46-0\"  class=\"panel-grid panel-no-style\" ><div id=\"pgc-46-0-0\"  class=\"panel-grid-cell\" ><div id=\"panel-46-0-0-0\" class=\"so-panel widget widget_sow-editor panel-first-child\" data-index=\"0\" ><div\n\t\t\t\n\t\t\tclass=\"so-widget-sow-editor so-widget-sow-editor-base\"\n\t\t\t\n\t\t>\n<div class=\"siteorigin-widget-tinymce textwidget\">\n\t<p>A Coordena\u00e7\u00e3o do Curso tem procurado, atrav\u00e9s de reuni\u00f5es de trabalhos com os professores respons\u00e1veis por disciplinas, incentivar a participa\u00e7\u00e3o de alunos da P\u00f3s-Gradua\u00e7\u00e3o e da Gradua\u00e7\u00e3o em Eventos Cient\u00edficos.<\/p>\n<p>Alguns dos eventos em que professores e alunos deste programa tem participado:<\/p>\n<p>&nbsp;<\/p>\n<\/div>\n<\/div><\/div><div id=\"panel-46-0-0-1\" class=\"so-panel widget widget_sow-accordion panel-last-child\" data-index=\"1\" ><div\n\t\t\t\n\t\t\tclass=\"so-widget-sow-accordion so-widget-sow-accordion-default-6780a8f92a49-46\"\n\t\t\t\n\t\t><div>\n\t<div class=\"sow-accordion\">\n\t\t\t<div class=\"sow-accordion-panel\"\n\t\t\t data-anchor=\"congresso-internacional-de-odontologia-de-ponta-grossa-%e2%80%93-ciopg\">\n\t\t\t\t<div class=\"sow-accordion-panel-header-container\" role=\"heading\" aria-level=\"2\">\n\t\t\t\t\t<div class=\"sow-accordion-panel-header\" tabindex=\"0\" role=\"button\" id=\"accordion-label-congresso-internacional-de-odontologia-de-ponta-grossa-%e2%80%93-ciopg\" aria-controls=\"accordion-content-congresso-internacional-de-odontologia-de-ponta-grossa-%e2%80%93-ciopg\" aria-expanded=\"false\">\n\t\t\t\t\t\t<div class=\"sow-accordion-title sow-accordion-title-icon-left\">\n\t\t\t\t\t\t\t\t\t\t\t\t\t\tCongresso Internacional de Odontologia de Ponta Grossa \u2013 CIOPG\t\t\t\t\t\t\t\t\t\t\t\t\t<\/div>\n\t\t\t\t\t\t<div class=\"sow-accordion-open-close-button\">\n\t\t\t\t\t\t\t<div class=\"sow-accordion-open-button\">\n\t\t\t\t\t\t\t\t<span class=\"sow-icon-ionicons\" data-sow-icon=\"&#xf218;\"\n\t\t \n\t\taria-hidden=\"true\"><\/span>\t\t\t\t\t\t\t<\/div>\n\t\t\t\t\t\t\t<div class=\"sow-accordion-close-button\">\n\t\t\t\t\t\t\t\t<span class=\"sow-icon-ionicons\" data-sow-icon=\"&#xf209;\"\n\t\t \n\t\taria-hidden=\"true\"><\/span>\t\t\t\t\t\t\t<\/div>\n\t\t\t\t\t\t<\/div>\n\t\t\t\t\t<\/div>\n\t\t\t\t<\/div>\n\n\t\t\t<div\n\t\t\t\tclass=\"sow-accordion-panel-content\"\n\t\t\t\trole=\"region\"\n\t\t\t\taria-labelledby=\"accordion-label-congresso-internacional-de-odontologia-de-ponta-grossa-%e2%80%93-ciopg\"\n\t\t\t\tid=\"accordion-content-congresso-internacional-de-odontologia-de-ponta-grossa-%e2%80%93-ciopg\"\n\t\t\t\tstyle=\"display: none;\"\t\t\t>\n\t\t\t\t<div class=\"sow-accordion-panel-border\" tabindex=\"0\">\n\t\t\t\t\t<p>Em breve mais informa\u00e7\u00f5es.<\/p>\n\t\t\t\t<\/div>\n\t\t\t<\/div>\n\t\t<\/div>\n\t\t\t<div class=\"sow-accordion-panel\"\n\t\t\t data-anchor=\"congresso-internacional-de-odontologia-de-s%c3%a3o-paulo-%e2%80%93-ciosp\">\n\t\t\t\t<div class=\"sow-accordion-panel-header-container\" role=\"heading\" aria-level=\"2\">\n\t\t\t\t\t<div class=\"sow-accordion-panel-header\" tabindex=\"0\" role=\"button\" id=\"accordion-label-congresso-internacional-de-odontologia-de-s%c3%a3o-paulo-%e2%80%93-ciosp\" aria-controls=\"accordion-content-congresso-internacional-de-odontologia-de-s%c3%a3o-paulo-%e2%80%93-ciosp\" aria-expanded=\"false\">\n\t\t\t\t\t\t<div class=\"sow-accordion-title sow-accordion-title-icon-left\">\n\t\t\t\t\t\t\t\t\t\t\t\t\t\tCongresso Internacional de Odontologia de S\u00e3o Paulo \u2013 CIOSP\t\t\t\t\t\t\t\t\t\t\t\t\t<\/div>\n\t\t\t\t\t\t<div class=\"sow-accordion-open-close-button\">\n\t\t\t\t\t\t\t<div class=\"sow-accordion-open-button\">\n\t\t\t\t\t\t\t\t<span class=\"sow-icon-ionicons\" data-sow-icon=\"&#xf218;\"\n\t\t \n\t\taria-hidden=\"true\"><\/span>\t\t\t\t\t\t\t<\/div>\n\t\t\t\t\t\t\t<div class=\"sow-accordion-close-button\">\n\t\t\t\t\t\t\t\t<span class=\"sow-icon-ionicons\" data-sow-icon=\"&#xf209;\"\n\t\t \n\t\taria-hidden=\"true\"><\/span>\t\t\t\t\t\t\t<\/div>\n\t\t\t\t\t\t<\/div>\n\t\t\t\t\t<\/div>\n\t\t\t\t<\/div>\n\n\t\t\t<div\n\t\t\t\tclass=\"sow-accordion-panel-content\"\n\t\t\t\trole=\"region\"\n\t\t\t\taria-labelledby=\"accordion-label-congresso-internacional-de-odontologia-de-s%c3%a3o-paulo-%e2%80%93-ciosp\"\n\t\t\t\tid=\"accordion-content-congresso-internacional-de-odontologia-de-s%c3%a3o-paulo-%e2%80%93-ciosp\"\n\t\t\t\tstyle=\"display: none;\"\t\t\t>\n\t\t\t\t<div class=\"sow-accordion-panel-border\" tabindex=\"0\">\n\t\t\t\t\t<p>Em breve mais informa\u00e7\u00f5es.<\/p>\n\t\t\t\t<\/div>\n\t\t\t<\/div>\n\t\t<\/div>\n\t\t\t<div class=\"sow-accordion-panel\"\n\t\t\t data-anchor=\"congresso-internacional-de-odontologia-do-paran%c3%a1-%e2%80%93-ciopar\">\n\t\t\t\t<div class=\"sow-accordion-panel-header-container\" role=\"heading\" aria-level=\"2\">\n\t\t\t\t\t<div class=\"sow-accordion-panel-header\" tabindex=\"0\" role=\"button\" id=\"accordion-label-congresso-internacional-de-odontologia-do-paran%c3%a1-%e2%80%93-ciopar\" aria-controls=\"accordion-content-congresso-internacional-de-odontologia-do-paran%c3%a1-%e2%80%93-ciopar\" aria-expanded=\"false\">\n\t\t\t\t\t\t<div class=\"sow-accordion-title sow-accordion-title-icon-left\">\n\t\t\t\t\t\t\t\t\t\t\t\t\t\tCongresso Internacional de Odontologia do Paran\u00e1 \u2013 CIOPAR\t\t\t\t\t\t\t\t\t\t\t\t\t<\/div>\n\t\t\t\t\t\t<div class=\"sow-accordion-open-close-button\">\n\t\t\t\t\t\t\t<div class=\"sow-accordion-open-button\">\n\t\t\t\t\t\t\t\t<span class=\"sow-icon-ionicons\" data-sow-icon=\"&#xf218;\"\n\t\t \n\t\taria-hidden=\"true\"><\/span>\t\t\t\t\t\t\t<\/div>\n\t\t\t\t\t\t\t<div class=\"sow-accordion-close-button\">\n\t\t\t\t\t\t\t\t<span class=\"sow-icon-ionicons\" data-sow-icon=\"&#xf209;\"\n\t\t \n\t\taria-hidden=\"true\"><\/span>\t\t\t\t\t\t\t<\/div>\n\t\t\t\t\t\t<\/div>\n\t\t\t\t\t<\/div>\n\t\t\t\t<\/div>\n\n\t\t\t<div\n\t\t\t\tclass=\"sow-accordion-panel-content\"\n\t\t\t\trole=\"region\"\n\t\t\t\taria-labelledby=\"accordion-label-congresso-internacional-de-odontologia-do-paran%c3%a1-%e2%80%93-ciopar\"\n\t\t\t\tid=\"accordion-content-congresso-internacional-de-odontologia-do-paran%c3%a1-%e2%80%93-ciopar\"\n\t\t\t\tstyle=\"display: none;\"\t\t\t>\n\t\t\t\t<div class=\"sow-accordion-panel-border\" tabindex=\"0\">\n\t\t\t\t\t<p>Em breve mais informa\u00e7\u00f5es.<\/p>\n\t\t\t\t<\/div>\n\t\t\t<\/div>\n\t\t<\/div>\n\t\t\t<div class=\"sow-accordion-panel\"\n\t\t\t data-anchor=\"encontro-anual-de-inicia%c3%a7%c3%a3o-cient%c3%adfica-%e2%80%93-eaic\">\n\t\t\t\t<div class=\"sow-accordion-panel-header-container\" role=\"heading\" aria-level=\"2\">\n\t\t\t\t\t<div class=\"sow-accordion-panel-header\" tabindex=\"0\" role=\"button\" id=\"accordion-label-encontro-anual-de-inicia%c3%a7%c3%a3o-cient%c3%adfica-%e2%80%93-eaic\" aria-controls=\"accordion-content-encontro-anual-de-inicia%c3%a7%c3%a3o-cient%c3%adfica-%e2%80%93-eaic\" aria-expanded=\"false\">\n\t\t\t\t\t\t<div class=\"sow-accordion-title sow-accordion-title-icon-left\">\n\t\t\t\t\t\t\t\t\t\t\t\t\t\tEncontro Anual de Inicia\u00e7\u00e3o Cient\u00edfica \u2013 EAIC\t\t\t\t\t\t\t\t\t\t\t\t\t<\/div>\n\t\t\t\t\t\t<div class=\"sow-accordion-open-close-button\">\n\t\t\t\t\t\t\t<div class=\"sow-accordion-open-button\">\n\t\t\t\t\t\t\t\t<span class=\"sow-icon-ionicons\" data-sow-icon=\"&#xf218;\"\n\t\t \n\t\taria-hidden=\"true\"><\/span>\t\t\t\t\t\t\t<\/div>\n\t\t\t\t\t\t\t<div class=\"sow-accordion-close-button\">\n\t\t\t\t\t\t\t\t<span class=\"sow-icon-ionicons\" data-sow-icon=\"&#xf209;\"\n\t\t \n\t\taria-hidden=\"true\"><\/span>\t\t\t\t\t\t\t<\/div>\n\t\t\t\t\t\t<\/div>\n\t\t\t\t\t<\/div>\n\t\t\t\t<\/div>\n\n\t\t\t<div\n\t\t\t\tclass=\"sow-accordion-panel-content\"\n\t\t\t\trole=\"region\"\n\t\t\t\taria-labelledby=\"accordion-label-encontro-anual-de-inicia%c3%a7%c3%a3o-cient%c3%adfica-%e2%80%93-eaic\"\n\t\t\t\tid=\"accordion-content-encontro-anual-de-inicia%c3%a7%c3%a3o-cient%c3%adfica-%e2%80%93-eaic\"\n\t\t\t\tstyle=\"display: none;\"\t\t\t>\n\t\t\t\t<div class=\"sow-accordion-panel-border\" tabindex=\"0\">\n\t\t\t\t\t<p>Em breve mais informa\u00e7\u00f5es.<\/p>\n\t\t\t\t<\/div>\n\t\t\t<\/div>\n\t\t<\/div>\n\t\t\t<div class=\"sow-accordion-panel\"\n\t\t\t data-anchor=\"encontro-do-grupo-brasileiro-de-professores-de-dent%c3%adstica-%e2%80%93-gbpd\">\n\t\t\t\t<div class=\"sow-accordion-panel-header-container\" role=\"heading\" aria-level=\"2\">\n\t\t\t\t\t<div class=\"sow-accordion-panel-header\" tabindex=\"0\" role=\"button\" id=\"accordion-label-encontro-do-grupo-brasileiro-de-professores-de-dent%c3%adstica-%e2%80%93-gbpd\" aria-controls=\"accordion-content-encontro-do-grupo-brasileiro-de-professores-de-dent%c3%adstica-%e2%80%93-gbpd\" aria-expanded=\"false\">\n\t\t\t\t\t\t<div class=\"sow-accordion-title sow-accordion-title-icon-left\">\n\t\t\t\t\t\t\t\t\t\t\t\t\t\tEncontro do Grupo Brasileiro de Professores de Dent\u00edstica \u2013 GBPD\t\t\t\t\t\t\t\t\t\t\t\t\t<\/div>\n\t\t\t\t\t\t<div class=\"sow-accordion-open-close-button\">\n\t\t\t\t\t\t\t<div class=\"sow-accordion-open-button\">\n\t\t\t\t\t\t\t\t<span class=\"sow-icon-ionicons\" data-sow-icon=\"&#xf218;\"\n\t\t \n\t\taria-hidden=\"true\"><\/span>\t\t\t\t\t\t\t<\/div>\n\t\t\t\t\t\t\t<div class=\"sow-accordion-close-button\">\n\t\t\t\t\t\t\t\t<span class=\"sow-icon-ionicons\" data-sow-icon=\"&#xf209;\"\n\t\t \n\t\taria-hidden=\"true\"><\/span>\t\t\t\t\t\t\t<\/div>\n\t\t\t\t\t\t<\/div>\n\t\t\t\t\t<\/div>\n\t\t\t\t<\/div>\n\n\t\t\t<div\n\t\t\t\tclass=\"sow-accordion-panel-content\"\n\t\t\t\trole=\"region\"\n\t\t\t\taria-labelledby=\"accordion-label-encontro-do-grupo-brasileiro-de-professores-de-dent%c3%adstica-%e2%80%93-gbpd\"\n\t\t\t\tid=\"accordion-content-encontro-do-grupo-brasileiro-de-professores-de-dent%c3%adstica-%e2%80%93-gbpd\"\n\t\t\t\tstyle=\"display: none;\"\t\t\t>\n\t\t\t\t<div class=\"sow-accordion-panel-border\" tabindex=\"0\">\n\t\t\t\t\t\t\t\t\t<\/div>\n\t\t\t<\/div>\n\t\t<\/div>\n\t\t\t<div class=\"sow-accordion-panel\"\n\t\t\t data-anchor=\"encontro-do-grupo-brasileiro-de-materiais-dent%c3%a1rios-%e2%80%93-gbmd\">\n\t\t\t\t<div class=\"sow-accordion-panel-header-container\" role=\"heading\" aria-level=\"2\">\n\t\t\t\t\t<div class=\"sow-accordion-panel-header\" tabindex=\"0\" role=\"button\" id=\"accordion-label-encontro-do-grupo-brasileiro-de-materiais-dent%c3%a1rios-%e2%80%93-gbmd\" aria-controls=\"accordion-content-encontro-do-grupo-brasileiro-de-materiais-dent%c3%a1rios-%e2%80%93-gbmd\" aria-expanded=\"false\">\n\t\t\t\t\t\t<div class=\"sow-accordion-title sow-accordion-title-icon-left\">\n\t\t\t\t\t\t\t\t\t\t\t\t\t\tEncontro do Grupo Brasileiro de Materiais Dent\u00e1rios \u2013 GBMD\t\t\t\t\t\t\t\t\t\t\t\t\t<\/div>\n\t\t\t\t\t\t<div class=\"sow-accordion-open-close-button\">\n\t\t\t\t\t\t\t<div class=\"sow-accordion-open-button\">\n\t\t\t\t\t\t\t\t<span class=\"sow-icon-ionicons\" data-sow-icon=\"&#xf218;\"\n\t\t \n\t\taria-hidden=\"true\"><\/span>\t\t\t\t\t\t\t<\/div>\n\t\t\t\t\t\t\t<div class=\"sow-accordion-close-button\">\n\t\t\t\t\t\t\t\t<span class=\"sow-icon-ionicons\" data-sow-icon=\"&#xf209;\"\n\t\t \n\t\taria-hidden=\"true\"><\/span>\t\t\t\t\t\t\t<\/div>\n\t\t\t\t\t\t<\/div>\n\t\t\t\t\t<\/div>\n\t\t\t\t<\/div>\n\n\t\t\t<div\n\t\t\t\tclass=\"sow-accordion-panel-content\"\n\t\t\t\trole=\"region\"\n\t\t\t\taria-labelledby=\"accordion-label-encontro-do-grupo-brasileiro-de-materiais-dent%c3%a1rios-%e2%80%93-gbmd\"\n\t\t\t\tid=\"accordion-content-encontro-do-grupo-brasileiro-de-materiais-dent%c3%a1rios-%e2%80%93-gbmd\"\n\t\t\t\tstyle=\"display: none;\"\t\t\t>\n\t\t\t\t<div class=\"sow-accordion-panel-border\" tabindex=\"0\">\n\t\t\t\t\t\t\t\t\t<\/div>\n\t\t\t<\/div>\n\t\t<\/div>\n\t\t\t<div class=\"sow-accordion-panel\"\n\t\t\t data-anchor=\"reuni%c3%a3o-da-sociedade-brasileira-de-pesquisa-odontol%c3%b3gica-%e2%80%93-sbpqo\">\n\t\t\t\t<div class=\"sow-accordion-panel-header-container\" role=\"heading\" aria-level=\"2\">\n\t\t\t\t\t<div class=\"sow-accordion-panel-header\" tabindex=\"0\" role=\"button\" id=\"accordion-label-reuni%c3%a3o-da-sociedade-brasileira-de-pesquisa-odontol%c3%b3gica-%e2%80%93-sbpqo\" aria-controls=\"accordion-content-reuni%c3%a3o-da-sociedade-brasileira-de-pesquisa-odontol%c3%b3gica-%e2%80%93-sbpqo\" aria-expanded=\"false\">\n\t\t\t\t\t\t<div class=\"sow-accordion-title sow-accordion-title-icon-left\">\n\t\t\t\t\t\t\t\t\t\t\t\t\t\tReuni\u00e3o da Sociedade Brasileira de Pesquisa Odontol\u00f3gica \u2013 SBPqO\t\t\t\t\t\t\t\t\t\t\t\t\t<\/div>\n\t\t\t\t\t\t<div class=\"sow-accordion-open-close-button\">\n\t\t\t\t\t\t\t<div class=\"sow-accordion-open-button\">\n\t\t\t\t\t\t\t\t<span class=\"sow-icon-ionicons\" data-sow-icon=\"&#xf218;\"\n\t\t \n\t\taria-hidden=\"true\"><\/span>\t\t\t\t\t\t\t<\/div>\n\t\t\t\t\t\t\t<div class=\"sow-accordion-close-button\">\n\t\t\t\t\t\t\t\t<span class=\"sow-icon-ionicons\" data-sow-icon=\"&#xf209;\"\n\t\t \n\t\taria-hidden=\"true\"><\/span>\t\t\t\t\t\t\t<\/div>\n\t\t\t\t\t\t<\/div>\n\t\t\t\t\t<\/div>\n\t\t\t\t<\/div>\n\n\t\t\t<div\n\t\t\t\tclass=\"sow-accordion-panel-content\"\n\t\t\t\trole=\"region\"\n\t\t\t\taria-labelledby=\"accordion-label-reuni%c3%a3o-da-sociedade-brasileira-de-pesquisa-odontol%c3%b3gica-%e2%80%93-sbpqo\"\n\t\t\t\tid=\"accordion-content-reuni%c3%a3o-da-sociedade-brasileira-de-pesquisa-odontol%c3%b3gica-%e2%80%93-sbpqo\"\n\t\t\t\tstyle=\"display: none;\"\t\t\t>\n\t\t\t\t<div class=\"sow-accordion-panel-border\" tabindex=\"0\">\n\t\t\t\t\t<p data-start=\"177\" data-end=\"573\">\ud83d\udd2c <strong data-start=\"180\" data-end=\"200\">O que \u00e9 o SPPqO?<\/strong><br data-start=\"200\" data-end=\"203\" \/>O <strong data-start=\"205\" data-end=\"270\">Semin\u00e1rio de Pesquisa da P\u00f3s-Gradua\u00e7\u00e3o em Odontologia (SPPqO)<\/strong> \u00e9 um evento acad\u00eamico-cient\u00edfico que visa incentivar a produ\u00e7\u00e3o e a divulga\u00e7\u00e3o de pesquisas realizadas por alunos de p\u00f3s-gradua\u00e7\u00e3o em Odontologia. O semin\u00e1rio promove o interc\u00e2mbio de conhecimento, estimula a forma\u00e7\u00e3o cient\u00edfica e fortalece a integra\u00e7\u00e3o entre programas de p\u00f3s-gradua\u00e7\u00e3o de todo o pa\u00eds.<\/p>\n<p data-start=\"575\" data-end=\"755\">Para saber mais sobre o evento e acompanhar as edi\u00e7\u00f5es, acesse o site da <strong data-start=\"648\" data-end=\"705\">SBPqO \u2013 Sociedade Brasileira de Pesquisa Odontol\u00f3gica<\/strong>:<br data-start=\"706\" data-end=\"709\" \/>\ud83d\udc49\u00a0<a href=\"https:\/\/www.sbpqo.org.br\/\">https:\/\/www.sbpqo.org.br\/<\/a><\/p>\n\t\t\t\t<\/div>\n\t\t\t<\/div>\n\t\t<\/div>\n\t\t\t<div class=\"sow-accordion-panel\"\n\t\t\t data-anchor=\"semana-acad%c3%aamica-odontol%c3%b3gica-j%c3%balio-estrela-moreira-%e2%80%93-saojem\">\n\t\t\t\t<div class=\"sow-accordion-panel-header-container\" role=\"heading\" aria-level=\"2\">\n\t\t\t\t\t<div class=\"sow-accordion-panel-header\" tabindex=\"0\" role=\"button\" id=\"accordion-label-semana-acad%c3%aamica-odontol%c3%b3gica-j%c3%balio-estrela-moreira-%e2%80%93-saojem\" aria-controls=\"accordion-content-semana-acad%c3%aamica-odontol%c3%b3gica-j%c3%balio-estrela-moreira-%e2%80%93-saojem\" aria-expanded=\"false\">\n\t\t\t\t\t\t<div class=\"sow-accordion-title sow-accordion-title-icon-left\">\n\t\t\t\t\t\t\t\t\t\t\t\t\t\tSemana Acad\u00eamica Odontol\u00f3gica J\u00falio Estrela Moreira \u2013 SAOJEM\t\t\t\t\t\t\t\t\t\t\t\t\t<\/div>\n\t\t\t\t\t\t<div class=\"sow-accordion-open-close-button\">\n\t\t\t\t\t\t\t<div class=\"sow-accordion-open-button\">\n\t\t\t\t\t\t\t\t<span class=\"sow-icon-ionicons\" data-sow-icon=\"&#xf218;\"\n\t\t \n\t\taria-hidden=\"true\"><\/span>\t\t\t\t\t\t\t<\/div>\n\t\t\t\t\t\t\t<div class=\"sow-accordion-close-button\">\n\t\t\t\t\t\t\t\t<span class=\"sow-icon-ionicons\" data-sow-icon=\"&#xf209;\"\n\t\t \n\t\taria-hidden=\"true\"><\/span>\t\t\t\t\t\t\t<\/div>\n\t\t\t\t\t\t<\/div>\n\t\t\t\t\t<\/div>\n\t\t\t\t<\/div>\n\n\t\t\t<div\n\t\t\t\tclass=\"sow-accordion-panel-content\"\n\t\t\t\trole=\"region\"\n\t\t\t\taria-labelledby=\"accordion-label-semana-acad%c3%aamica-odontol%c3%b3gica-j%c3%balio-estrela-moreira-%e2%80%93-saojem\"\n\t\t\t\tid=\"accordion-content-semana-acad%c3%aamica-odontol%c3%b3gica-j%c3%balio-estrela-moreira-%e2%80%93-saojem\"\n\t\t\t\tstyle=\"display: none;\"\t\t\t>\n\t\t\t\t<div class=\"sow-accordion-panel-border\" tabindex=\"0\">\n\t\t\t\t\t\t\t\t\t<\/div>\n\t\t\t<\/div>\n\t\t<\/div>\n\t\t\t<div class=\"sow-accordion-panel\"\n\t\t\t data-anchor=\"session-the-international-association-for-dental-research-%e2%80%93-iadr\">\n\t\t\t\t<div class=\"sow-accordion-panel-header-container\" role=\"heading\" aria-level=\"2\">\n\t\t\t\t\t<div class=\"sow-accordion-panel-header\" tabindex=\"0\" role=\"button\" id=\"accordion-label-session-the-international-association-for-dental-research-%e2%80%93-iadr\" aria-controls=\"accordion-content-session-the-international-association-for-dental-research-%e2%80%93-iadr\" aria-expanded=\"false\">\n\t\t\t\t\t\t<div class=\"sow-accordion-title sow-accordion-title-icon-left\">\n\t\t\t\t\t\t\t\t\t\t\t\t\t\tSession the International Association for Dental Research \u2013 IADR\t\t\t\t\t\t\t\t\t\t\t\t\t<\/div>\n\t\t\t\t\t\t<div class=\"sow-accordion-open-close-button\">\n\t\t\t\t\t\t\t<div class=\"sow-accordion-open-button\">\n\t\t\t\t\t\t\t\t<span class=\"sow-icon-ionicons\" data-sow-icon=\"&#xf218;\"\n\t\t \n\t\taria-hidden=\"true\"><\/span>\t\t\t\t\t\t\t<\/div>\n\t\t\t\t\t\t\t<div class=\"sow-accordion-close-button\">\n\t\t\t\t\t\t\t\t<span class=\"sow-icon-ionicons\" data-sow-icon=\"&#xf209;\"\n\t\t \n\t\taria-hidden=\"true\"><\/span>\t\t\t\t\t\t\t<\/div>\n\t\t\t\t\t\t<\/div>\n\t\t\t\t\t<\/div>\n\t\t\t\t<\/div>\n\n\t\t\t<div\n\t\t\t\tclass=\"sow-accordion-panel-content\"\n\t\t\t\trole=\"region\"\n\t\t\t\taria-labelledby=\"accordion-label-session-the-international-association-for-dental-research-%e2%80%93-iadr\"\n\t\t\t\tid=\"accordion-content-session-the-international-association-for-dental-research-%e2%80%93-iadr\"\n\t\t\t\tstyle=\"display: none;\"\t\t\t>\n\t\t\t\t<div class=\"sow-accordion-panel-border\" tabindex=\"0\">\n\t\t\t\t\t\t\t\t\t<\/div>\n\t\t\t<\/div>\n\t\t<\/div>\n\t\t<\/div>\n<\/div>\n<\/div><\/div><\/div><\/div><\/div>","protected":false},"excerpt":{"rendered":"<p>A Coordena\u00e7\u00e3o do Curso tem procurado, atrav\u00e9s de reuni\u00f5es de trabalhos com os professores respons\u00e1veis por disciplinas, incentivar a participa\u00e7\u00e3o de alunos da P\u00f3s-Gradua\u00e7\u00e3o e da Gradua\u00e7\u00e3o em Eventos Cient\u00edficos. Alguns dos eventos em que professores e alunos deste programa tem participado: &nbsp;<\/p>\n","protected":false},"author":24,"featured_media":0,"parent":0,"menu_order":0,"comment_status":"closed","ping_status":"closed","template":"","meta":[],"_links":{"self":[{"href":"https:\/\/www2.uepg.br\/ppgodonto\/wp-json\/wp\/v2\/pages\/46"}],"collection":[{"href":"https:\/\/www2.uepg.br\/ppgodonto\/wp-json\/wp\/v2\/pages"}],"about":[{"href":"https:\/\/www2.uepg.br\/ppgodonto\/wp-json\/wp\/v2\/types\/page"}],"author":[{"embeddable":true,"href":"https:\/\/www2.uepg.br\/ppgodonto\/wp-json\/wp\/v2\/users\/24"}],"replies":[{"embeddable":true,"href":"https:\/\/www2.uepg.br\/ppgodonto\/wp-json\/wp\/v2\/comments?post=46"}],"version-history":[{"count":17,"href":"https:\/\/www2.uepg.br\/ppgodonto\/wp-json\/wp\/v2\/pages\/46\/revisions"}],"predecessor-version":[{"id":1369,"href":"https:\/\/www2.uepg.br\/ppgodonto\/wp-json\/wp\/v2\/pages\/46\/revisions\/1369"}],"wp:attachment":[{"href":"https:\/\/www2.uepg.br\/ppgodonto\/wp-json\/wp\/v2\/media?parent=46"}],"curies":[{"name":"wp","href":"https:\/\/api.w.org\/{rel}","templated":true}]}}