{"id":48,"date":"2025-05-09T15:47:05","date_gmt":"2025-05-09T18:47:05","guid":{"rendered":"http:\/\/www2.uepg.br\/ppgodonto\/?page_id=48"},"modified":"2025-05-14T10:27:34","modified_gmt":"2025-05-14T13:27:34","slug":"contato","status":"publish","type":"page","link":"https:\/\/www2.uepg.br\/ppgodonto\/contato\/","title":{"rendered":"Contato"},"content":{"rendered":"<h4 style=\"text-align: center\"><strong>COORDENA\u00c7\u00c3O<\/strong><\/h4>\n<p>&nbsp;<\/p>\n<p style=\"text-align: center\"><strong>Coordenadora:<\/strong><\/p>\n<p style=\"text-align: center\">Profa. Dra. Nara Helen Bombarda<\/p>\n<p style=\"text-align: center\"><strong>Vice-Coordenadora:<\/strong><\/p>\n<p style=\"text-align: center\">Profa. Dra. Ana Cl\u00e1udia Rodrigues Chibinski<\/p>\n<p>&nbsp;<\/p>\n<h4 style=\"text-align: center\"><strong>Mais Informa\u00e7\u00f5es<\/strong><\/h4>\n<p style=\"text-align: center\">Secretaria do Programa de P\u00f3s-Gradua\u00e7\u00e3o Stricto Sensu em Odontologia &#8211; Bloco M &#8211; Sala 64 &#8211; Campus de Uvaranas &#8211; Fone: 3220-3740\/3220-3741<\/p>\n<p style=\"text-align: center\">Secretaria Acad\u00eamica dos Cursos de P\u00f3s-Gradua\u00e7\u00e3o Stricto Sensu &#8211; Bloco da Reitoria \u2013 PROPESP &#8211; Sala 11, Campus de Uvaranas Telefax: (42) 3220-3150<\/p>\n<p>&nbsp;<\/p>\n<h4 style=\"text-align: center\">ENDERE\u00c7O<\/h4>\n<p style=\"text-align: center\">Av. General Carlos Cavalcanti, 4748 &#8211;\u00a0 Bairro Uvaranas &#8211; CEP 84030-900 &#8211; Ponta Grossa &#8211; Paran\u00e1<\/p>\n<p style=\"text-align: center\"><a>mestreodonto@uepg.br<\/a><\/p>\n<p>&nbsp;<\/p>\n<p style=\"text-align: center\"><strong>Hor\u00e1rio de atendimento<\/strong><\/p>\n<p style=\"text-align: center\">Segunda a sexta-feira, das 08:00 \u00e0s 12:00 e das 13:00 \u00e0s 17:00<\/p>\n<p>&nbsp;<\/p>\n","protected":false},"excerpt":{"rendered":"<p>COORDENA\u00c7\u00c3O &nbsp; Coordenadora: Profa. Dra. Nara Helen Bombarda Vice-Coordenadora: Profa. Dra. Ana Cl\u00e1udia Rodrigues Chibinski &nbsp; Mais Informa\u00e7\u00f5es Secretaria do Programa de P\u00f3s-Gradua\u00e7\u00e3o Stricto Sensu em Odontologia &#8211; Bloco M &#8211; Sala 64 &#8211; Campus de Uvaranas &#8211; Fone: 3220-3740\/3220-3741 Secretaria Acad\u00eamica dos Cursos de P\u00f3s-Gradua\u00e7\u00e3o Stricto Sensu &#8211; Bloco da Reitoria \u2013 PROPESP &#8211;&nbsp;&hellip;<\/p>\n","protected":false},"author":24,"featured_media":0,"parent":0,"menu_order":0,"comment_status":"closed","ping_status":"closed","template":"","meta":[],"_links":{"self":[{"href":"https:\/\/www2.uepg.br\/ppgodonto\/wp-json\/wp\/v2\/pages\/48"}],"collection":[{"href":"https:\/\/www2.uepg.br\/ppgodonto\/wp-json\/wp\/v2\/pages"}],"about":[{"href":"https:\/\/www2.uepg.br\/ppgodonto\/wp-json\/wp\/v2\/types\/page"}],"author":[{"embeddable":true,"href":"https:\/\/www2.uepg.br\/ppgodonto\/wp-json\/wp\/v2\/users\/24"}],"replies":[{"embeddable":true,"href":"https:\/\/www2.uepg.br\/ppgodonto\/wp-json\/wp\/v2\/comments?post=48"}],"version-history":[{"count":14,"href":"https:\/\/www2.uepg.br\/ppgodonto\/wp-json\/wp\/v2\/pages\/48\/revisions"}],"predecessor-version":[{"id":1429,"href":"https:\/\/www2.uepg.br\/ppgodonto\/wp-json\/wp\/v2\/pages\/48\/revisions\/1429"}],"wp:attachment":[{"href":"https:\/\/www2.uepg.br\/ppgodonto\/wp-json\/wp\/v2\/media?parent=48"}],"curies":[{"name":"wp","href":"https:\/\/api.w.org\/{rel}","templated":true}]}}