{"id":53,"date":"2020-04-08T16:07:48","date_gmt":"2020-04-08T19:07:48","guid":{"rendered":"http:\/\/www2.uepg.br\/ppgodonto\/?page_id=53"},"modified":"2020-10-06T08:24:20","modified_gmt":"2020-10-06T11:24:20","slug":"sobre-o-curso","status":"publish","type":"page","link":"https:\/\/www2.uepg.br\/ppgodonto\/sobre-o-curso\/","title":{"rendered":"Sobre o Curso"},"content":{"rendered":"<h4 style=\"text-align: center\"><strong>Mestrado<\/strong><\/h4>\n<p>Programa de P\u00f3s-Gradua\u00e7\u00e3o stricto sensu &#8211; n\u00edvel de Mestrado, foi autorizado pela Resolu\u00e7\u00e3o do Conselho Universit\u00e1rio n\u00b0 37 de 06\/12\/2000, da Universidade Estadual de Ponta Grossa &#8211; PR. Homologado pelo CNE &#8211; Conselho Nacional de Educa\u00e7\u00e3o (Portaria MEC 1077, de 31\/08\/2012, DOU 13\/09\/2012), se\u00e7.1, p.25). O Curso teve in\u00edcio em agosto de 2002, sendo seu conceito \u00e0 \u00e9poca Nota 4 e, em 2016, atingimos nota 5.<\/p>\n<p>&nbsp;<\/p>\n<h4 style=\"text-align: center\"><strong>Doutorado<\/strong><\/h4>\n<p>Programa de P\u00f3s-Gradua\u00e7\u00e3o stricto sensu &#8211; n\u00edvel de Doutorado, foi autorizado pela Resolu\u00e7\u00e3o do Conselho Universit\u00e1rio n\u00b0 10 de 27\/03\/2008, da Universidade Estadual de Ponta Grossa \u2013 PR. Homologado pelo CNE &#8211; Conselho Nacional de Educa\u00e7\u00e3o (Portaria MEC 1077, de 31\/08\/2012, DOU13\/09\/2012), se\u00e7.1, p.25). O Curso teve in\u00edcio em mar\u00e7o de 2009, sendo seu conceito Nota 4. Em 2016 atingimos o conceito Nota 5.<\/p>\n<p>&nbsp;<\/p>\n<h4 style=\"text-align: center\"><strong>Objetivos<\/strong><\/h4>\n<p>O Programa de P\u00f3s-Gradua\u00e7\u00e3o stricto sensu em Odontologia nas \u00c1reas de Concentra\u00e7\u00e3o em Cl\u00ednica Integrada e Dent\u00edstica Restauradora oferece um elenco de disciplinas comuns \u00e0s duas \u00e1reas de concentra\u00e7\u00e3o e disciplinas espec\u00edficas de cada \u00e1rea, com o objetivo da constru\u00e7\u00e3o do pensamento cr\u00edtico e cient\u00edfico do aluno.<br \/>\nAs atividades relacionadas ao Est\u00e1gio Docente e Trabalho de Disserta\u00e7\u00e3o e Tese para Conclus\u00e3o do Curso, s\u00e3o voltadas ao interesse do aluno, de acordo com a \u00c1rea de Concentra\u00e7\u00e3o e linhas de pesquisa do curso.<\/p>\n<p>O Programa de P\u00f3s-Gradua\u00e7\u00e3o stricto sensu em Odontologia Mestrado e Doutorado tem como objetivos:<\/p>\n<p><strong>Geral:<\/strong><\/p>\n<ul>\n<li>Preparar profissionais de alto n\u00edvel por meio de atividades integradas de ensino, pesquisa e extens\u00e3o para a carreira docente, para a efetiva\u00e7\u00e3o de pesquisa e para o exerc\u00edcio profissional formando Mestres e Doutores em Odontologia &#8211; \u00c1reas de Concentra\u00e7\u00e3o em Cl\u00ednica Integrada e Dent\u00edstica Restauradora.<\/li>\n<\/ul>\n<p><strong>Espec\u00edficos:<\/strong><\/p>\n<ul>\n<li>Capacitar t\u00e9cnica e cientificamente profissionais graduados em Odontologia, comprometidos com o avan\u00e7o qualitativo e quantitativo da produ\u00e7\u00e3o do conhecimento;<\/li>\n<li>Produzir e socializar conhecimentos t\u00e9cnicos e cient\u00edficos que contribuam para a evolu\u00e7\u00e3o dos materiais e suas aplica\u00e7\u00f5es;<\/li>\n<li>Produzir e socializar conhecimentos t\u00e9cnicos e cient\u00edficos que contribuam para o estudo da Epidemiologia,Diagn\u00f3stico e Interven\u00e7\u00f5es em Sa\u00fade Bucal,com enfoque na Preven\u00e7\u00e3o em Odontologia;<\/li>\n<li>Produzir conhecimentos t\u00e9cnicos cient\u00edficos que contribuam para o diagn\u00f3stico e tratamento de doen\u00e7as bucais envolvendo aspectos terap\u00eauticos aplicados ao tratamento periodontal.<\/li>\n<\/ul>\n<p>&nbsp;<\/p>\n<h4 style=\"text-align: center\"><strong>Linhas de Pesquisa<\/strong><\/h4>\n<p style=\"text-align: left\"><strong>\u00c1rea de Concentra\u00e7\u00e3o &#8211; Cl\u00ednica Integrada<\/strong><\/p>\n<ul>\n<li>Epidemiologia, Diagn\u00f3stico e Interven\u00e7\u00e3o em Sa\u00fade Bucal<\/li>\n<li>Propriedades F\u00edsico-Qu\u00edmicas e Biol\u00f3gicas de Materiais<\/li>\n<li>Etiologia, Diagn\u00f3stico e Tratamento das Doen\u00e7as Bucais<\/li>\n<\/ul>\n<p><strong>\u00c1rea de Concentra\u00e7\u00e3o &#8211; Dent\u00edstica Restauradora<\/strong><\/p>\n<ul>\n<li>Propriedades F\u00edsico-Qu\u00edmicas e Biol\u00f3gicas de Materiais<\/li>\n<li>Pesquisa Cl\u00ednica em Odontologia<\/li>\n<\/ul>\n<p>&nbsp;<\/p>\n<p style=\"text-align: center\"><strong>Avalia\u00e7\u00e3o da CAPES<\/strong><\/p>\n<p><a href=\"http:\/\/conteudoweb.capes.gov.br\/conteudoweb\/AvaliacaoTrienalServlet?codigoPrograma=40005011004P4\" target=\"_blank\" rel=\"noopener noreferrer\">Avalia\u00e7\u00f5es Anteriores<\/a><\/p>\n<p style=\"text-align: left\"><a href=\"http:\/\/www2.uepg.br\/ppgodonto\/wp-content\/uploads\/sites\/56\/2020\/04\/Avalia\u00e7\u00e3o_CAPES_2010_2013.pdf\" target=\"_blank\" rel=\"noopener noreferrer\">2010 &#8211; 2013<\/a><\/p>\n<p style=\"text-align: left\"><a href=\"http:\/\/www2.uepg.br\/ppgodonto\/wp-content\/uploads\/sites\/56\/2020\/04\/Avaliacao_CAPES_2013_2016.pdf\" target=\"_blank\" rel=\"noopener noreferrer\">2013 &#8211; 2016<\/a><\/p>\n<p><a href=\"http:\/\/conteudoweb.capes.gov.br\/conteudoweb\/ProjetoRelacaoCursosServlet?codigoPrograma=40005011004P4&amp;acao=detalhamentoPrograma&amp;siglaIes=UEPG\" target=\"_blank\" rel=\"noopener noreferrer\">Caderno de Indicadores<\/a><\/p>\n","protected":false},"excerpt":{"rendered":"<p>Mestrado Programa de P\u00f3s-Gradua\u00e7\u00e3o stricto sensu &#8211; n\u00edvel de Mestrado, foi autorizado pela Resolu\u00e7\u00e3o do Conselho Universit\u00e1rio n\u00b0 37 de 06\/12\/2000, da Universidade Estadual de Ponta Grossa &#8211; PR. Homologado pelo CNE &#8211; Conselho Nacional de Educa\u00e7\u00e3o (Portaria MEC 1077, de 31\/08\/2012, DOU 13\/09\/2012), se\u00e7.1, p.25). O Curso teve in\u00edcio em agosto de 2002, sendo&nbsp;&hellip;<\/p>\n","protected":false},"author":24,"featured_media":0,"parent":0,"menu_order":0,"comment_status":"closed","ping_status":"closed","template":"","meta":[],"_links":{"self":[{"href":"https:\/\/www2.uepg.br\/ppgodonto\/wp-json\/wp\/v2\/pages\/53"}],"collection":[{"href":"https:\/\/www2.uepg.br\/ppgodonto\/wp-json\/wp\/v2\/pages"}],"about":[{"href":"https:\/\/www2.uepg.br\/ppgodonto\/wp-json\/wp\/v2\/types\/page"}],"author":[{"embeddable":true,"href":"https:\/\/www2.uepg.br\/ppgodonto\/wp-json\/wp\/v2\/users\/24"}],"replies":[{"embeddable":true,"href":"https:\/\/www2.uepg.br\/ppgodonto\/wp-json\/wp\/v2\/comments?post=53"}],"version-history":[{"count":17,"href":"https:\/\/www2.uepg.br\/ppgodonto\/wp-json\/wp\/v2\/pages\/53\/revisions"}],"predecessor-version":[{"id":664,"href":"https:\/\/www2.uepg.br\/ppgodonto\/wp-json\/wp\/v2\/pages\/53\/revisions\/664"}],"wp:attachment":[{"href":"https:\/\/www2.uepg.br\/ppgodonto\/wp-json\/wp\/v2\/media?parent=53"}],"curies":[{"name":"wp","href":"https:\/\/api.w.org\/{rel}","templated":true}]}}