{"id":554,"date":"2020-07-22T20:57:10","date_gmt":"2020-07-22T23:57:10","guid":{"rendered":"http:\/\/www2.uepg.br\/ppgodonto\/?page_id=554"},"modified":"2020-07-31T17:13:47","modified_gmt":"2020-07-31T20:13:47","slug":"sao-semana-academica-de-odontologia-uepg","status":"publish","type":"page","link":"https:\/\/www2.uepg.br\/ppgodonto\/sao-semana-academica-de-odontologia-uepg\/","title":{"rendered":"SAO"},"content":{"rendered":"<div id=\"pl-554\"  class=\"panel-layout\" ><div id=\"pg-554-0\"  class=\"panel-grid panel-no-style\" ><div id=\"pgc-554-0-0\"  class=\"panel-grid-cell\" ><div id=\"panel-554-0-0-0\" class=\"so-panel widget widget_sow-editor panel-first-child panel-last-child\" data-index=\"0\" ><div\n\t\t\t\n\t\t\tclass=\"so-widget-sow-editor so-widget-sow-editor-base\"\n\t\t\t\n\t\t>\n<div class=\"siteorigin-widget-tinymce textwidget\">\n\t<p style=\"text-align: center\">A <strong>SEMANA ACAD\u00caMICA DE ODONTOLOGIA DA UNIVERSIDADE ESTADUAL DE PONTA GROSSA (SAO UEPG)<\/strong> \u00e9 um evento que tem como principal objetivo agregar conhecimento relacionado \u00e0s \u00e1reas de atua\u00e7\u00e3o odontol\u00f3gica, de forma a complementar a forma\u00e7\u00e3o profissional e melhor preparar para o mercado de trabalho, como tamb\u00e9m atualizar os profissionais que j\u00e1 atuam na \u00e1rea sobre as principais t\u00e9cnicas e tend\u00eancias utilizadas na odontologia atualmente. Al\u00e9m de oportunizar a apresenta\u00e7\u00e3o de trabalhos cient\u00edficos desenvolvidos pelas institui\u00e7\u00f5es de ensino do Paran\u00e1 e outros estados.<\/p>\n<p style=\"text-align: center\">O evento anual, desde 2017, sua primeira edi\u00e7\u00e3o, conta com uma diversidade de palestras, hands on e workshops com profissionais especializados e com alto n\u00edvel cient\u00edfico das diversas universidades brasileiras.<\/p>\n<p style=\"text-align: center\">A UEPG destaca-se atualmente por possuir um dos melhores cursos de Odontologia do pa\u00eds e isso se deve a busca da melhoria na qualidade do seu atendimento e ao incentivo \u00e0 pesquisa cient\u00edfica desde a gradua\u00e7\u00e3o.<\/p>\n<p style=\"text-align: center\">Nos \u00faltimos anos a SAO UEPG vem crescendo e se destacado em n\u00famero de inscritos e trabalhos cient\u00edficos. Sendo um esfor\u00e7o conjunto dos alunos de gradua\u00e7\u00e3o, p\u00f3s-gradua\u00e7\u00e3o, corpo docente e t\u00e9cnico administrativo.<\/p>\n<p style=\"text-align: center\">Aguardamos voc\u00eas em 2021.<\/p>\n<p style=\"text-align: center\"><strong>Comiss\u00e3o Organizadora da Semana Acad\u00eamica de Odontologia da Universidade Estadual de Ponta Grossa<\/strong><\/p>\n<p>&nbsp;<\/p>\n<\/div>\n<\/div><\/div><\/div><\/div><div id=\"pg-554-1\"  class=\"panel-grid panel-no-style\" ><div id=\"pgc-554-1-0\"  class=\"panel-grid-cell\" ><div id=\"panel-554-1-0-0\" class=\"so-panel widget widget_sow-accordion panel-first-child panel-last-child\" data-index=\"1\" ><div\n\t\t\t\n\t\t\tclass=\"so-widget-sow-accordion so-widget-sow-accordion-default-a9f16f41d4be-554\"\n\t\t\t\n\t\t><div>\n\t<div class=\"sow-accordion\">\n\t\t\t<div class=\"sow-accordion-panel\"\n\t\t\t data-anchor=\"anais\">\n\t\t\t\t<div class=\"sow-accordion-panel-header-container\" role=\"heading\" aria-level=\"2\">\n\t\t\t\t\t<div class=\"sow-accordion-panel-header\" tabindex=\"0\" role=\"button\" id=\"accordion-label-anais\" aria-controls=\"accordion-content-anais\" aria-expanded=\"false\">\n\t\t\t\t\t\t<div class=\"sow-accordion-title sow-accordion-title-icon-left\">\n\t\t\t\t\t\t\t\t\t\t\t\t\t\tAnais\t\t\t\t\t\t\t\t\t\t\t\t\t<\/div>\n\t\t\t\t\t\t<div class=\"sow-accordion-open-close-button\">\n\t\t\t\t\t\t\t<div class=\"sow-accordion-open-button\">\n\t\t\t\t\t\t\t\t<span class=\"sow-icon-ionicons\" data-sow-icon=\"&#xf218;\"\n\t\t \n\t\taria-hidden=\"true\"><\/span>\t\t\t\t\t\t\t<\/div>\n\t\t\t\t\t\t\t<div class=\"sow-accordion-close-button\">\n\t\t\t\t\t\t\t\t<span class=\"sow-icon-ionicons\" data-sow-icon=\"&#xf209;\"\n\t\t \n\t\taria-hidden=\"true\"><\/span>\t\t\t\t\t\t\t<\/div>\n\t\t\t\t\t\t<\/div>\n\t\t\t\t\t<\/div>\n\t\t\t\t<\/div>\n\n\t\t\t<div\n\t\t\t\tclass=\"sow-accordion-panel-content\"\n\t\t\t\trole=\"region\"\n\t\t\t\taria-labelledby=\"accordion-label-anais\"\n\t\t\t\tid=\"accordion-content-anais\"\n\t\t\t\tstyle=\"display: none;\"\t\t\t>\n\t\t\t\t<div class=\"sow-accordion-panel-border\" tabindex=\"0\">\n\t\t\t\t\t<p><a href=\"http:\/\/www2.uepg.br\/ppgodonto\/wp-content\/uploads\/sites\/56\/2020\/07\/Anais-I-SAO-UEPG.pdf\">Anais - Volume I - 2017<\/a><\/p>\n<p><a href=\"http:\/\/www2.uepg.br\/ppgodonto\/wp-content\/uploads\/sites\/56\/2020\/07\/3826-13434-9-PB.pdf\">Anais - Volume II - 2018<\/a><\/p>\n<p><a href=\"http:\/\/www2.uepg.br\/ppgodonto\/wp-content\/uploads\/sites\/56\/2020\/07\/Anais-III-SAO-UEPG.pdf\">Anais - Volume III - 2019<\/a><\/p>\n\t\t\t\t<\/div>\n\t\t\t<\/div>\n\t\t<\/div>\n\t\t\t<div class=\"sow-accordion-panel\"\n\t\t\t data-anchor=\"normas\">\n\t\t\t\t<div class=\"sow-accordion-panel-header-container\" role=\"heading\" aria-level=\"2\">\n\t\t\t\t\t<div class=\"sow-accordion-panel-header\" tabindex=\"0\" role=\"button\" id=\"accordion-label-normas\" aria-controls=\"accordion-content-normas\" aria-expanded=\"false\">\n\t\t\t\t\t\t<div class=\"sow-accordion-title sow-accordion-title-icon-left\">\n\t\t\t\t\t\t\t\t\t\t\t\t\t\tNormas\t\t\t\t\t\t\t\t\t\t\t\t\t<\/div>\n\t\t\t\t\t\t<div class=\"sow-accordion-open-close-button\">\n\t\t\t\t\t\t\t<div class=\"sow-accordion-open-button\">\n\t\t\t\t\t\t\t\t<span class=\"sow-icon-ionicons\" data-sow-icon=\"&#xf218;\"\n\t\t \n\t\taria-hidden=\"true\"><\/span>\t\t\t\t\t\t\t<\/div>\n\t\t\t\t\t\t\t<div class=\"sow-accordion-close-button\">\n\t\t\t\t\t\t\t\t<span class=\"sow-icon-ionicons\" data-sow-icon=\"&#xf209;\"\n\t\t \n\t\taria-hidden=\"true\"><\/span>\t\t\t\t\t\t\t<\/div>\n\t\t\t\t\t\t<\/div>\n\t\t\t\t\t<\/div>\n\t\t\t\t<\/div>\n\n\t\t\t<div\n\t\t\t\tclass=\"sow-accordion-panel-content\"\n\t\t\t\trole=\"region\"\n\t\t\t\taria-labelledby=\"accordion-label-normas\"\n\t\t\t\tid=\"accordion-content-normas\"\n\t\t\t\tstyle=\"display: none;\"\t\t\t>\n\t\t\t\t<div class=\"sow-accordion-panel-border\" tabindex=\"0\">\n\t\t\t\t\t<p><a href=\"http:\/\/www2.uepg.br\/ppgodonto\/wp-content\/uploads\/sites\/56\/2020\/07\/I-SAO-Normas-semana-academica-corrigido.pdf\">I Normas de 2017 <\/a><a href=\"http:\/\/www2.uepg.br\/ppgodonto\/wp-content\/uploads\/sites\/56\/2020\/07\/I-SAO-Normas-semana-academica-corrigido.pdf\">Semana Acad\u00eamica de Odontologia (SAO UEPG)<\/a><\/p>\n<p><a href=\"http:\/\/www2.uepg.br\/ppgodonto\/wp-content\/uploads\/sites\/56\/2020\/07\/II-SAO-Normas.pdf\">II Normas de 2018 Semana Acad\u00eamica de Odontologia (SAO UEPG)<\/a><\/p>\n<p><a href=\"http:\/\/www2.uepg.br\/ppgodonto\/wp-content\/uploads\/sites\/56\/2020\/07\/III-SAO-UEPG-Normas-confeccao-de-resumo-e-painel.pdf\">III Normas de 2019<\/a> <a href=\"http:\/\/www2.uepg.br\/ppgodonto\/wp-content\/uploads\/sites\/56\/2020\/07\/III-SAO-UEPG-Normas-confeccao-de-resumo-e-painel.pdf\">Semana Acad\u00eamica de Odontologia (SAO UEPG)<\/a><\/p>\n<p><a href=\"http:\/\/www2.uepg.br\/ppgodonto\/wp-content\/uploads\/sites\/56\/2020\/07\/IV-SAO-Norma-de-trabalhos-cientificos.pdf\">IV\u00a0 Normas de 2020 - Semana Acad\u00eamica de Odontologia (SAO UEPG)<\/a><\/p>\n\t\t\t\t<\/div>\n\t\t\t<\/div>\n\t\t<\/div>\n\t\t<\/div>\n<\/div>\n<\/div><\/div><\/div><\/div><\/div>","protected":false},"excerpt":{"rendered":"<p>A SEMANA ACAD\u00caMICA DE ODONTOLOGIA DA UNIVERSIDADE ESTADUAL DE PONTA GROSSA (SAO UEPG) \u00e9 um evento que tem como principal objetivo agregar conhecimento relacionado \u00e0s \u00e1reas de atua\u00e7\u00e3o odontol\u00f3gica, de forma a complementar a forma\u00e7\u00e3o profissional e melhor preparar para o mercado de trabalho, como tamb\u00e9m atualizar os profissionais que j\u00e1 atuam na \u00e1rea sobre&nbsp;&hellip;<\/p>\n","protected":false},"author":24,"featured_media":0,"parent":0,"menu_order":0,"comment_status":"closed","ping_status":"closed","template":"","meta":[],"_links":{"self":[{"href":"https:\/\/www2.uepg.br\/ppgodonto\/wp-json\/wp\/v2\/pages\/554"}],"collection":[{"href":"https:\/\/www2.uepg.br\/ppgodonto\/wp-json\/wp\/v2\/pages"}],"about":[{"href":"https:\/\/www2.uepg.br\/ppgodonto\/wp-json\/wp\/v2\/types\/page"}],"author":[{"embeddable":true,"href":"https:\/\/www2.uepg.br\/ppgodonto\/wp-json\/wp\/v2\/users\/24"}],"replies":[{"embeddable":true,"href":"https:\/\/www2.uepg.br\/ppgodonto\/wp-json\/wp\/v2\/comments?post=554"}],"version-history":[{"count":16,"href":"https:\/\/www2.uepg.br\/ppgodonto\/wp-json\/wp\/v2\/pages\/554\/revisions"}],"predecessor-version":[{"id":598,"href":"https:\/\/www2.uepg.br\/ppgodonto\/wp-json\/wp\/v2\/pages\/554\/revisions\/598"}],"wp:attachment":[{"href":"https:\/\/www2.uepg.br\/ppgodonto\/wp-json\/wp\/v2\/media?parent=554"}],"curies":[{"name":"wp","href":"https:\/\/api.w.org\/{rel}","templated":true}]}}