{"id":88,"date":"2020-04-09T10:32:02","date_gmt":"2020-04-09T13:32:02","guid":{"rendered":"http:\/\/www2.uepg.br\/ppgodonto\/?page_id=88"},"modified":"2025-05-08T11:13:04","modified_gmt":"2025-05-08T14:13:04","slug":"equipe","status":"publish","type":"page","link":"https:\/\/www2.uepg.br\/ppgodonto\/equipe\/","title":{"rendered":"Equipe"},"content":{"rendered":"<div id=\"pl-88\"  class=\"panel-layout\" ><div id=\"pg-88-0\"  class=\"panel-grid panel-no-style\" ><div id=\"pgc-88-0-0\"  class=\"panel-grid-cell\" ><div id=\"panel-88-0-0-0\" class=\"so-panel widget widget_sow-accordion panel-first-child panel-last-child\" data-index=\"0\" ><div\n\t\t\t\n\t\t\tclass=\"so-widget-sow-accordion so-widget-sow-accordion-default-a9f16f41d4be-88\"\n\t\t\t\n\t\t><div>\n\t<div class=\"sow-accordion\">\n\t\t\t<div class=\"sow-accordion-panel\"\n\t\t\t data-anchor=\"colegiado\">\n\t\t\t\t<div class=\"sow-accordion-panel-header-container\" role=\"heading\" aria-level=\"2\">\n\t\t\t\t\t<div class=\"sow-accordion-panel-header\" tabindex=\"0\" role=\"button\" id=\"accordion-label-colegiado\" aria-controls=\"accordion-content-colegiado\" aria-expanded=\"false\">\n\t\t\t\t\t\t<div class=\"sow-accordion-title sow-accordion-title-icon-left\">\n\t\t\t\t\t\t\t\t\t\t\t\t\t\tColegiado\t\t\t\t\t\t\t\t\t\t\t\t\t<\/div>\n\t\t\t\t\t\t<div class=\"sow-accordion-open-close-button\">\n\t\t\t\t\t\t\t<div class=\"sow-accordion-open-button\">\n\t\t\t\t\t\t\t\t<span class=\"sow-icon-ionicons\" data-sow-icon=\"&#xf218;\"\n\t\t \n\t\taria-hidden=\"true\"><\/span>\t\t\t\t\t\t\t<\/div>\n\t\t\t\t\t\t\t<div class=\"sow-accordion-close-button\">\n\t\t\t\t\t\t\t\t<span class=\"sow-icon-ionicons\" data-sow-icon=\"&#xf209;\"\n\t\t \n\t\taria-hidden=\"true\"><\/span>\t\t\t\t\t\t\t<\/div>\n\t\t\t\t\t\t<\/div>\n\t\t\t\t\t<\/div>\n\t\t\t\t<\/div>\n\n\t\t\t<div\n\t\t\t\tclass=\"sow-accordion-panel-content\"\n\t\t\t\trole=\"region\"\n\t\t\t\taria-labelledby=\"accordion-label-colegiado\"\n\t\t\t\tid=\"accordion-content-colegiado\"\n\t\t\t\tstyle=\"display: none;\"\t\t\t>\n\t\t\t\t<div class=\"sow-accordion-panel-border\" tabindex=\"0\">\n\t\t\t\t\t<p style=\"text-align: center\"><strong>Docentes<\/strong><\/p>\n<p style=\"text-align: center\">Coordenadora: Prof\u00aa.\u00a0 Dr\u00aa. Nara Hellen Campanha Bombarda<\/p>\n<p style=\"text-align: center\">Prof. Dr. Alessandro Dourado Loguercio<\/p>\n<p style=\"text-align: center\">Prof. Dr. C\u00e9sar Augusto Galv\u00e3o Arrais<\/p>\n<p style=\"text-align: center\">Prof. Dr. F\u00e1bio Andr\u00e9 dos Santos<\/p>\n<p style=\"text-align: center\">Prof. Dr. Paulo Vitor Farago<\/p>\n<p>&nbsp;<\/p>\n<p style=\"text-align: center\">Suplentes:<\/p>\n<p style=\"text-align: center\">Prof\u00aa. Dr\u00aa. Ana Cl\u00e1udia Rodrigues Chibinski<\/p>\n<p style=\"text-align: center\">Prof. Dr. Gilson C\u00e9sar Nobre Franco<\/p>\n<p>&nbsp;<\/p>\n<p style=\"text-align: center\"><strong>Discentes<\/strong><\/p>\n<p style=\"text-align: center\">Mestrado<br \/>\nRepresentante: Heloisa Forville de Andrade<br \/>\nSuplente: La\u00eds Giacomini Bernardi<\/p>\n<p style=\"text-align: center\">Doutorado:<br \/>\nRepresentante: Elisama Sutil<br \/>\nSuplente: Alexandra Mara de Paula<\/p>\n\t\t\t\t<\/div>\n\t\t\t<\/div>\n\t\t<\/div>\n\t\t\t<div class=\"sow-accordion-panel\"\n\t\t\t data-anchor=\"docentes-permanentes\">\n\t\t\t\t<div class=\"sow-accordion-panel-header-container\" role=\"heading\" aria-level=\"2\">\n\t\t\t\t\t<div class=\"sow-accordion-panel-header\" tabindex=\"0\" role=\"button\" id=\"accordion-label-docentes-permanentes\" aria-controls=\"accordion-content-docentes-permanentes\" aria-expanded=\"false\">\n\t\t\t\t\t\t<div class=\"sow-accordion-title sow-accordion-title-icon-left\">\n\t\t\t\t\t\t\t\t\t\t\t\t\t\tDocentes Permanentes\t\t\t\t\t\t\t\t\t\t\t\t\t<\/div>\n\t\t\t\t\t\t<div class=\"sow-accordion-open-close-button\">\n\t\t\t\t\t\t\t<div class=\"sow-accordion-open-button\">\n\t\t\t\t\t\t\t\t<span class=\"sow-icon-ionicons\" data-sow-icon=\"&#xf218;\"\n\t\t \n\t\taria-hidden=\"true\"><\/span>\t\t\t\t\t\t\t<\/div>\n\t\t\t\t\t\t\t<div class=\"sow-accordion-close-button\">\n\t\t\t\t\t\t\t\t<span class=\"sow-icon-ionicons\" data-sow-icon=\"&#xf209;\"\n\t\t \n\t\taria-hidden=\"true\"><\/span>\t\t\t\t\t\t\t<\/div>\n\t\t\t\t\t\t<\/div>\n\t\t\t\t\t<\/div>\n\t\t\t\t<\/div>\n\n\t\t\t<div\n\t\t\t\tclass=\"sow-accordion-panel-content\"\n\t\t\t\trole=\"region\"\n\t\t\t\taria-labelledby=\"accordion-label-docentes-permanentes\"\n\t\t\t\tid=\"accordion-content-docentes-permanentes\"\n\t\t\t\tstyle=\"display: none;\"\t\t\t>\n\t\t\t\t<div class=\"sow-accordion-panel-border\" tabindex=\"0\">\n\t\t\t\t\t<p style=\"text-align: center\">Prof\u00aa Dr\u00aa Alessandra Reis<\/p>\n<p style=\"text-align: center\">Prof. Dr. Alessandro Dourado Loguercio<\/p>\n<p style=\"text-align: center\">Prof\u00aa. Dr\u00aa. Ana Cl\u00e1udia Rodrigues Chibinski<\/p>\n<p style=\"text-align: center\">Prof. Dr. C\u00e9sar Augusto Galv\u00e3o Arrais<\/p>\n<p style=\"text-align: center\">Prof\u00aa Dr\u00aa. Denise Stadler Wambier<\/p>\n<p style=\"text-align: center\">Prof. Dr. F\u00e1bio Andr\u00e9 dos Santos<\/p>\n<p style=\"text-align: center\">Prof. Dr. Gilson C\u00e9sar Nobre<\/p>\n<p style=\"text-align: center\">Prof\u00aa Dr\u00aa. Giovana Mongruel Gomes<\/p>\n<p style=\"text-align: center\">Prof. Dr. Jo\u00e3o Carlos Gomes<\/p>\n<p style=\"text-align: center\">Prof. Dr. Marcelo Carlos Bortoluzzi<\/p>\n<p style=\"text-align: center\">Prof\u00aa Dr\u00aa M\u00e1rcia Helena Baldani Pinto<\/p>\n<p style=\"text-align: center\">Prof\u00aa Dr\u00aa Nara Hellen Campanha Bombarda<\/p>\n<p style=\"text-align: center\">Prof. Dr. Paulo Vitor Farago<\/p>\n<p style=\"text-align: center\">Prof\u00aa Dr\u00aa. Vanessa Migliorini Urban<\/p>\n<p>&nbsp;<\/p>\n\t\t\t\t<\/div>\n\t\t\t<\/div>\n\t\t<\/div>\n\t\t\t<div class=\"sow-accordion-panel\"\n\t\t\t data-anchor=\"docentes-colaboradores\">\n\t\t\t\t<div class=\"sow-accordion-panel-header-container\" role=\"heading\" aria-level=\"2\">\n\t\t\t\t\t<div class=\"sow-accordion-panel-header\" tabindex=\"0\" role=\"button\" id=\"accordion-label-docentes-colaboradores\" aria-controls=\"accordion-content-docentes-colaboradores\" aria-expanded=\"false\">\n\t\t\t\t\t\t<div class=\"sow-accordion-title sow-accordion-title-icon-left\">\n\t\t\t\t\t\t\t\t\t\t\t\t\t\tDocentes Colaboradores\t\t\t\t\t\t\t\t\t\t\t\t\t<\/div>\n\t\t\t\t\t\t<div class=\"sow-accordion-open-close-button\">\n\t\t\t\t\t\t\t<div class=\"sow-accordion-open-button\">\n\t\t\t\t\t\t\t\t<span class=\"sow-icon-ionicons\" data-sow-icon=\"&#xf218;\"\n\t\t \n\t\taria-hidden=\"true\"><\/span>\t\t\t\t\t\t\t<\/div>\n\t\t\t\t\t\t\t<div class=\"sow-accordion-close-button\">\n\t\t\t\t\t\t\t\t<span class=\"sow-icon-ionicons\" data-sow-icon=\"&#xf209;\"\n\t\t \n\t\taria-hidden=\"true\"><\/span>\t\t\t\t\t\t\t<\/div>\n\t\t\t\t\t\t<\/div>\n\t\t\t\t\t<\/div>\n\t\t\t\t<\/div>\n\n\t\t\t<div\n\t\t\t\tclass=\"sow-accordion-panel-content\"\n\t\t\t\trole=\"region\"\n\t\t\t\taria-labelledby=\"accordion-label-docentes-colaboradores\"\n\t\t\t\tid=\"accordion-content-docentes-colaboradores\"\n\t\t\t\tstyle=\"display: none;\"\t\t\t>\n\t\t\t\t<div class=\"sow-accordion-panel-border\" tabindex=\"0\">\n\t\t\t\t\t<p style=\"text-align: center\">Prof. Dr. Alfonso Sanchez Ayala<\/p>\n<p style=\"text-align: center\">Prof. Dr. Manoelito Ferreira Junior<\/p>\n<p>&nbsp;<\/p>\n\t\t\t\t<\/div>\n\t\t\t<\/div>\n\t\t<\/div>\n\t\t\t<div class=\"sow-accordion-panel\"\n\t\t\t data-anchor=\"docentes-convidados\">\n\t\t\t\t<div class=\"sow-accordion-panel-header-container\" role=\"heading\" aria-level=\"2\">\n\t\t\t\t\t<div class=\"sow-accordion-panel-header\" tabindex=\"0\" role=\"button\" id=\"accordion-label-docentes-convidados\" aria-controls=\"accordion-content-docentes-convidados\" aria-expanded=\"false\">\n\t\t\t\t\t\t<div class=\"sow-accordion-title sow-accordion-title-icon-left\">\n\t\t\t\t\t\t\t\t\t\t\t\t\t\tDocentes Convidados\t\t\t\t\t\t\t\t\t\t\t\t\t<\/div>\n\t\t\t\t\t\t<div class=\"sow-accordion-open-close-button\">\n\t\t\t\t\t\t\t<div class=\"sow-accordion-open-button\">\n\t\t\t\t\t\t\t\t<span class=\"sow-icon-ionicons\" data-sow-icon=\"&#xf218;\"\n\t\t \n\t\taria-hidden=\"true\"><\/span>\t\t\t\t\t\t\t<\/div>\n\t\t\t\t\t\t\t<div class=\"sow-accordion-close-button\">\n\t\t\t\t\t\t\t\t<span class=\"sow-icon-ionicons\" data-sow-icon=\"&#xf209;\"\n\t\t \n\t\taria-hidden=\"true\"><\/span>\t\t\t\t\t\t\t<\/div>\n\t\t\t\t\t\t<\/div>\n\t\t\t\t\t<\/div>\n\t\t\t\t<\/div>\n\n\t\t\t<div\n\t\t\t\tclass=\"sow-accordion-panel-content\"\n\t\t\t\trole=\"region\"\n\t\t\t\taria-labelledby=\"accordion-label-docentes-convidados\"\n\t\t\t\tid=\"accordion-content-docentes-convidados\"\n\t\t\t\tstyle=\"display: none;\"\t\t\t>\n\t\t\t\t<div class=\"sow-accordion-panel-border\" tabindex=\"0\">\n\t\t\t\t\t<p style=\"text-align: center\"><em>Prof\u00aa Dr\u00aa Rita de C\u00e1ssia Stadler<br \/>\n<\/em><\/p>\n<p style=\"text-align: center\"><em>Prof. Dr.\u00a0Carlos Roberto Berger<br \/>\n<\/em><\/p>\n<p style=\"text-align: center\"><em>Prof\u00aa Dr\u00aa.\u00a0Marcela Claudino Da Silva<br \/>\n<\/em><\/p>\n<p style=\"text-align: center\"><em>Prof. Dr.\u00a0Eduardo Bauml Campagnoli<br \/>\n<\/em><\/p>\n<p style=\"text-align: center\"><em>Prof. Dr.\u00a0Ulisses Coelho<\/em><\/p>\n<p>&nbsp;<\/p>\n\t\t\t\t<\/div>\n\t\t\t<\/div>\n\t\t<\/div>\n\t\t\t<div class=\"sow-accordion-panel\"\n\t\t\t data-anchor=\"comiss%c3%a3o-de-sele%c3%a7%c3%a3o\">\n\t\t\t\t<div class=\"sow-accordion-panel-header-container\" role=\"heading\" aria-level=\"2\">\n\t\t\t\t\t<div class=\"sow-accordion-panel-header\" tabindex=\"0\" role=\"button\" id=\"accordion-label-comiss%c3%a3o-de-sele%c3%a7%c3%a3o\" aria-controls=\"accordion-content-comiss%c3%a3o-de-sele%c3%a7%c3%a3o\" aria-expanded=\"false\">\n\t\t\t\t\t\t<div class=\"sow-accordion-title sow-accordion-title-icon-left\">\n\t\t\t\t\t\t\t\t\t\t\t\t\t\tComiss\u00e3o de Sele\u00e7\u00e3o\t\t\t\t\t\t\t\t\t\t\t\t\t<\/div>\n\t\t\t\t\t\t<div class=\"sow-accordion-open-close-button\">\n\t\t\t\t\t\t\t<div class=\"sow-accordion-open-button\">\n\t\t\t\t\t\t\t\t<span class=\"sow-icon-ionicons\" data-sow-icon=\"&#xf218;\"\n\t\t \n\t\taria-hidden=\"true\"><\/span>\t\t\t\t\t\t\t<\/div>\n\t\t\t\t\t\t\t<div class=\"sow-accordion-close-button\">\n\t\t\t\t\t\t\t\t<span class=\"sow-icon-ionicons\" data-sow-icon=\"&#xf209;\"\n\t\t \n\t\taria-hidden=\"true\"><\/span>\t\t\t\t\t\t\t<\/div>\n\t\t\t\t\t\t<\/div>\n\t\t\t\t\t<\/div>\n\t\t\t\t<\/div>\n\n\t\t\t<div\n\t\t\t\tclass=\"sow-accordion-panel-content\"\n\t\t\t\trole=\"region\"\n\t\t\t\taria-labelledby=\"accordion-label-comiss%c3%a3o-de-sele%c3%a7%c3%a3o\"\n\t\t\t\tid=\"accordion-content-comiss%c3%a3o-de-sele%c3%a7%c3%a3o\"\n\t\t\t\tstyle=\"display: none;\"\t\t\t>\n\t\t\t\t<div class=\"sow-accordion-panel-border\" tabindex=\"0\">\n\t\t\t\t\t<p><a href=\"http:\/\/www2.uepg.br\/ppgodonto\/wp-content\/uploads\/sites\/56\/2020\/10\/PORTARIA_n__35_Comissao_PPGO__20.pdf\">PORTARIA_n__35_Comissao_Sele\u00e7\u00e3o PPGO<\/a><\/p>\n<table>\n<tbody>\n<tr>\n<td colspan=\"2\" width=\"566\"><strong>Comiss\u00e3o de Sele\u00e7\u00e3o<\/strong><\/td>\n<\/tr>\n<tr>\n<td width=\"283\"><strong>Membros<\/strong><\/td>\n<td width=\"283\"><strong>Suplentes<\/strong><\/td>\n<\/tr>\n<tr>\n<td width=\"283\">Nara Hellen Campanha Bombarda<\/td>\n<td width=\"283\">Denise Stadler Wambier<\/td>\n<\/tr>\n<tr>\n<td width=\"283\">Alessandro Dourado Loguercio<\/td>\n<td width=\"283\">Giovana Mongruel Gomes<\/td>\n<\/tr>\n<tr>\n<td width=\"283\">Vanessa Migliorini Urban<\/td>\n<td width=\"283\">C\u00e9sar Augusto Galv\u00e3o Arrais<\/td>\n<\/tr>\n<tr>\n<td width=\"283\">M\u00e1rcia Helena Baldani Pinto<\/td>\n<td width=\"283\">Ana Cl\u00e1udia Rodrigues Chibinski<\/td>\n<\/tr>\n<tr>\n<td width=\"283\">F\u00e1bio Andr\u00e9 dos Santos<\/td>\n<td width=\"283\">Paulo Vitor Farago<\/td>\n<\/tr>\n<\/tbody>\n<\/table>\n\t\t\t\t<\/div>\n\t\t\t<\/div>\n\t\t<\/div>\n\t\t\t<div class=\"sow-accordion-panel\"\n\t\t\t data-anchor=\"comiss%c3%a3o-de-bolsas\">\n\t\t\t\t<div class=\"sow-accordion-panel-header-container\" role=\"heading\" aria-level=\"2\">\n\t\t\t\t\t<div class=\"sow-accordion-panel-header\" tabindex=\"0\" role=\"button\" id=\"accordion-label-comiss%c3%a3o-de-bolsas\" aria-controls=\"accordion-content-comiss%c3%a3o-de-bolsas\" aria-expanded=\"false\">\n\t\t\t\t\t\t<div class=\"sow-accordion-title sow-accordion-title-icon-left\">\n\t\t\t\t\t\t\t\t\t\t\t\t\t\tComiss\u00e3o de Bolsas\t\t\t\t\t\t\t\t\t\t\t\t\t<\/div>\n\t\t\t\t\t\t<div class=\"sow-accordion-open-close-button\">\n\t\t\t\t\t\t\t<div class=\"sow-accordion-open-button\">\n\t\t\t\t\t\t\t\t<span class=\"sow-icon-ionicons\" data-sow-icon=\"&#xf218;\"\n\t\t \n\t\taria-hidden=\"true\"><\/span>\t\t\t\t\t\t\t<\/div>\n\t\t\t\t\t\t\t<div class=\"sow-accordion-close-button\">\n\t\t\t\t\t\t\t\t<span class=\"sow-icon-ionicons\" data-sow-icon=\"&#xf209;\"\n\t\t \n\t\taria-hidden=\"true\"><\/span>\t\t\t\t\t\t\t<\/div>\n\t\t\t\t\t\t<\/div>\n\t\t\t\t\t<\/div>\n\t\t\t\t<\/div>\n\n\t\t\t<div\n\t\t\t\tclass=\"sow-accordion-panel-content\"\n\t\t\t\trole=\"region\"\n\t\t\t\taria-labelledby=\"accordion-label-comiss%c3%a3o-de-bolsas\"\n\t\t\t\tid=\"accordion-content-comiss%c3%a3o-de-bolsas\"\n\t\t\t\tstyle=\"display: none;\"\t\t\t>\n\t\t\t\t<div class=\"sow-accordion-panel-border\" tabindex=\"0\">\n\t\t\t\t\t<ul>\n<li><a href=\"https:\/\/legislacao.apps.uepg.br\/documentosPublico\/21002023-11-2954.pdf\">PORTARIA_SEBISA n__36_Comissao_de_selecao_de_bolsas__PPGO<\/a><\/li>\n<\/ul>\n\t\t\t\t<\/div>\n\t\t\t<\/div>\n\t\t<\/div>\n\t\t\t<div class=\"sow-accordion-panel\"\n\t\t\t data-anchor=\"comiss%c3%a3o-de-autoavalia%c3%a7%c3%a3o\">\n\t\t\t\t<div class=\"sow-accordion-panel-header-container\" role=\"heading\" aria-level=\"2\">\n\t\t\t\t\t<div class=\"sow-accordion-panel-header\" tabindex=\"0\" role=\"button\" id=\"accordion-label-comiss%c3%a3o-de-autoavalia%c3%a7%c3%a3o\" aria-controls=\"accordion-content-comiss%c3%a3o-de-autoavalia%c3%a7%c3%a3o\" aria-expanded=\"false\">\n\t\t\t\t\t\t<div class=\"sow-accordion-title sow-accordion-title-icon-left\">\n\t\t\t\t\t\t\t\t\t\t\t\t\t\tComiss\u00e3o de Autoavalia\u00e7\u00e3o\t\t\t\t\t\t\t\t\t\t\t\t\t<\/div>\n\t\t\t\t\t\t<div class=\"sow-accordion-open-close-button\">\n\t\t\t\t\t\t\t<div class=\"sow-accordion-open-button\">\n\t\t\t\t\t\t\t\t<span class=\"sow-icon-ionicons\" data-sow-icon=\"&#xf218;\"\n\t\t \n\t\taria-hidden=\"true\"><\/span>\t\t\t\t\t\t\t<\/div>\n\t\t\t\t\t\t\t<div class=\"sow-accordion-close-button\">\n\t\t\t\t\t\t\t\t<span class=\"sow-icon-ionicons\" data-sow-icon=\"&#xf209;\"\n\t\t \n\t\taria-hidden=\"true\"><\/span>\t\t\t\t\t\t\t<\/div>\n\t\t\t\t\t\t<\/div>\n\t\t\t\t\t<\/div>\n\t\t\t\t<\/div>\n\n\t\t\t<div\n\t\t\t\tclass=\"sow-accordion-panel-content\"\n\t\t\t\trole=\"region\"\n\t\t\t\taria-labelledby=\"accordion-label-comiss%c3%a3o-de-autoavalia%c3%a7%c3%a3o\"\n\t\t\t\tid=\"accordion-content-comiss%c3%a3o-de-autoavalia%c3%a7%c3%a3o\"\n\t\t\t\tstyle=\"display: none;\"\t\t\t>\n\t\t\t\t<div class=\"sow-accordion-panel-border\" tabindex=\"0\">\n\t\t\t\t\t<p>Nara Hellen Campanha Bombarda (Presidente da Comiss\u00e3o \u2013 Membro docente).<\/p>\n<p>M\u00e1rcia Helena Baldani (Representante da Comiss\u00e3o de Autoavalia\u00e7\u00e3o da UEPG \u2013 Membro docente)<\/p>\n<p>Alessandro Dourado Loguercio (Membro docente)<\/p>\n<p>C\u00e9sar Augusto Galv\u00e3o Arrais (Membro docente)<\/p>\n<p>Alexandra Mara de Paula (Membro discente \u2013 Representante do Doutorado)<\/p>\n<p>Elisama Sutil (Membro discente \u2013 Representante do Doutorado)<\/p>\n<p>Heloisa Forville de Andrade (Membro discente \u2013 Representante do Mestrado)<\/p>\n<p>La\u00eds Giacomini Bernardi (Membro discente - Representante do Mestrado)<\/p>\n<p>Adrieli Burey (Membro externo - Representante de discentes egressos)<\/p>\n<p>&nbsp;<\/p>\n\t\t\t\t<\/div>\n\t\t\t<\/div>\n\t\t<\/div>\n\t\t\t<div class=\"sow-accordion-panel\"\n\t\t\t data-anchor=\"comiss%c3%a3o-de-sele%c3%a7%c3%a3o-7-69e7cd3af3ebf\">\n\t\t\t\t<div class=\"sow-accordion-panel-header-container\" role=\"heading\" aria-level=\"2\">\n\t\t\t\t\t<div class=\"sow-accordion-panel-header\" tabindex=\"0\" role=\"button\" id=\"accordion-label-comiss%c3%a3o-de-sele%c3%a7%c3%a3o-7-69e7cd3af3ebf\" aria-controls=\"accordion-content-comiss%c3%a3o-de-sele%c3%a7%c3%a3o-7-69e7cd3af3ebf\" aria-expanded=\"false\">\n\t\t\t\t\t\t<div class=\"sow-accordion-title sow-accordion-title-icon-left\">\n\t\t\t\t\t\t\t\t\t\t\t\t\t\tComiss\u00e3o de Sele\u00e7\u00e3o\t\t\t\t\t\t\t\t\t\t\t\t\t<\/div>\n\t\t\t\t\t\t<div class=\"sow-accordion-open-close-button\">\n\t\t\t\t\t\t\t<div class=\"sow-accordion-open-button\">\n\t\t\t\t\t\t\t\t<span class=\"sow-icon-ionicons\" data-sow-icon=\"&#xf218;\"\n\t\t \n\t\taria-hidden=\"true\"><\/span>\t\t\t\t\t\t\t<\/div>\n\t\t\t\t\t\t\t<div class=\"sow-accordion-close-button\">\n\t\t\t\t\t\t\t\t<span class=\"sow-icon-ionicons\" data-sow-icon=\"&#xf209;\"\n\t\t \n\t\taria-hidden=\"true\"><\/span>\t\t\t\t\t\t\t<\/div>\n\t\t\t\t\t\t<\/div>\n\t\t\t\t\t<\/div>\n\t\t\t\t<\/div>\n\n\t\t\t<div\n\t\t\t\tclass=\"sow-accordion-panel-content\"\n\t\t\t\trole=\"region\"\n\t\t\t\taria-labelledby=\"accordion-label-comiss%c3%a3o-de-sele%c3%a7%c3%a3o-7-69e7cd3af3ebf\"\n\t\t\t\tid=\"accordion-content-comiss%c3%a3o-de-sele%c3%a7%c3%a3o-7-69e7cd3af3ebf\"\n\t\t\t\tstyle=\"display: none;\"\t\t\t>\n\t\t\t\t<div class=\"sow-accordion-panel-border\" tabindex=\"0\">\n\t\t\t\t\t<p><a href=\"http:\/\/www2.uepg.br\/ppgodonto\/wp-content\/uploads\/sites\/56\/2020\/08\/PORTARIA_n__36_Comissao_de_selecao_de_bolsas__PPGO.pdf\">PORTARIA_SEBISA n__36_Comissao_de_selecao_de_bolsas__PPGO<\/a><\/p>\n<table>\n<tbody>\n<tr>\n<td colspan=\"2\" width=\"566\"><strong>Comiss\u00e3o de Sele\u00e7\u00e3o<\/strong><\/td>\n<\/tr>\n<tr>\n<td width=\"283\"><strong>Membros<\/strong><\/td>\n<td width=\"283\"><strong>Suplentes<\/strong><\/td>\n<\/tr>\n<tr>\n<td width=\"283\">Nara Hellen Campanha Bombarda<\/td>\n<td width=\"283\">Denise Stadler Wambier<\/td>\n<\/tr>\n<tr>\n<td width=\"283\">Alessandro Dourado Loguercio<\/td>\n<td width=\"283\">Giovana Mongruel Gomes<\/td>\n<\/tr>\n<tr>\n<td width=\"283\">Vanessa Migliorini Urban<\/td>\n<td width=\"283\">C\u00e9sar Augusto Galv\u00e3o Arrais<\/td>\n<\/tr>\n<tr>\n<td width=\"283\">M\u00e1rcia Helena Baldani Pinto<\/td>\n<td width=\"283\">Ana Cl\u00e1udia Rodrigues Chibinski<\/td>\n<\/tr>\n<tr>\n<td width=\"283\">F\u00e1bio Andr\u00e9 dos Santos<\/td>\n<td width=\"283\">Paulo Vitor Farago<\/td>\n<\/tr>\n<\/tbody>\n<\/table>\n\t\t\t\t<\/div>\n\t\t\t<\/div>\n\t\t<\/div>\n\t\t<\/div>\n<\/div>\n<\/div><\/div><\/div><\/div><\/div>","protected":false},"excerpt":{"rendered":"<p>Colegiado Docentes Coordenadora: Prof\u00aa.\u00a0 Dr\u00aa. Nara Hellen Campanha Bombarda Prof. Dr. Alessandro Dourado Loguercio Prof. Dr. C\u00e9sar Augusto Galv\u00e3o Arrais Prof. Dr. F\u00e1bio Andr\u00e9 dos Santos Prof. Dr. Paulo Vitor Farago &nbsp; Suplentes: Prof\u00aa. Dr\u00aa. Ana Cl\u00e1udia Rodrigues Chibinski Prof. Dr. Gilson C\u00e9sar Nobre Franco &nbsp; Discentes Mestrado Representante: Heloisa Forville de Andrade Suplente: La\u00eds&nbsp;&hellip;<\/p>\n","protected":false},"author":24,"featured_media":0,"parent":0,"menu_order":0,"comment_status":"closed","ping_status":"closed","template":"","meta":[],"_links":{"self":[{"href":"https:\/\/www2.uepg.br\/ppgodonto\/wp-json\/wp\/v2\/pages\/88"}],"collection":[{"href":"https:\/\/www2.uepg.br\/ppgodonto\/wp-json\/wp\/v2\/pages"}],"about":[{"href":"https:\/\/www2.uepg.br\/ppgodonto\/wp-json\/wp\/v2\/types\/page"}],"author":[{"embeddable":true,"href":"https:\/\/www2.uepg.br\/ppgodonto\/wp-json\/wp\/v2\/users\/24"}],"replies":[{"embeddable":true,"href":"https:\/\/www2.uepg.br\/ppgodonto\/wp-json\/wp\/v2\/comments?post=88"}],"version-history":[{"count":20,"href":"https:\/\/www2.uepg.br\/ppgodonto\/wp-json\/wp\/v2\/pages\/88\/revisions"}],"predecessor-version":[{"id":1372,"href":"https:\/\/www2.uepg.br\/ppgodonto\/wp-json\/wp\/v2\/pages\/88\/revisions\/1372"}],"wp:attachment":[{"href":"https:\/\/www2.uepg.br\/ppgodonto\/wp-json\/wp\/v2\/media?parent=88"}],"curies":[{"name":"wp","href":"https:\/\/api.w.org\/{rel}","templated":true}]}}