{"id":94,"date":"2025-05-09T10:35:37","date_gmt":"2025-05-09T13:35:37","guid":{"rendered":"http:\/\/www2.uepg.br\/ppgodonto\/?page_id=94"},"modified":"2025-05-14T10:31:22","modified_gmt":"2025-05-14T13:31:22","slug":"docentes","status":"publish","type":"page","link":"https:\/\/www2.uepg.br\/ppgodonto\/docentes\/","title":{"rendered":"Docentes"},"content":{"rendered":"<table class=\" aligncenter\" border=\"0\" width=\"100%\" cellspacing=\"0\" cellpadding=\"0\">\n<tbody>\n<tr>\n<td valign=\"bottom\" nowrap=\"nowrap\" width=\"100%\">\n<ul>\n<li>Prof\u00aa. Dr\u00aa. Alessandra Reis<\/li>\n<\/ul>\n<p align=\"left\">Departamento de Odontologia<br \/>\n<a href=\"http:\/\/buscatextual.cnpq.br\/buscatextual\/visualizacv.do?id=K4703678T2&amp;tokenCaptchar=03AERD8XoRVoGXOdXNQ87fAfGZjG1LQIvk8JFSPd7IofVZyS_zdjZ26C27jieRFZSlNO8_xeiuMM2JQEHf2Cq5IUvXJL2wN21xN0VnyIcJXgBAob_XM0UzTf5nCP7vhVgConbZACej1ScJEO6W5gwHlSTTJmcW5FRgrXA3w9JC13\">Curr\u00edculo Lattes<\/a><br \/>\n<a href=\"https:\/\/orcid.org\/0000-0001-6798-2094\">Orcid id<\/a><br \/>\n<a href=\"https:\/\/www.scopus.com\/authid\/detail.uri?authorId=7202574307\">Scopus id<\/a><br \/>\n<a href=\"https:\/\/scholar.google.com.br\/citations?user=gJU5XZ4AAAAJ&amp;hl=pt-BR&amp;oi=ao\">Google Acad\u00eamico<\/a><\/p>\n<\/td>\n<\/tr>\n<tr>\n<td valign=\"bottom\" nowrap=\"nowrap\" width=\"100%\">\n<ul>\n<li>Prof. Dr. Alessandro Dourado Loguercio<\/li>\n<\/ul>\n<p align=\"left\">Departamento de Odontologia<br \/>\n<a href=\"http:\/\/lattes.cnpq.br\/8289325716140743\">Curr\u00edculo Lattes<\/a><br \/>\n<a href=\"https:\/\/orcid.org\/0000-0001-9880-4856\">Orcid id<\/a><br \/>\n<a href=\"https:\/\/www.scopus.com\/authid\/detail.uri?authorId=6701601303\">Scopus id<\/a><br \/>\n<a href=\"https:\/\/scholar.google.com.br\/citations?user=csI-6uMAAAAJ&amp;hl=pt-BR&amp;oi=ao\">Google Acad\u00eamico<\/a><\/p>\n<\/td>\n<\/tr>\n<tr>\n<td valign=\"bottom\" nowrap=\"nowrap\" width=\"100%\">\n<ul>\n<li>Prof. Dr. Alfonso Sanchez Ayala<\/li>\n<\/ul>\n<p align=\"left\">Departamento de Odontologia<br \/>\n<a href=\"http:\/\/lattes.cnpq.br\/5900874431405149\">Curr\u00edculo Lattes<\/a><br \/>\n<a href=\"https:\/\/orcid.org\/0000-0003-3426-0997\">Orcid id<\/a><br \/>\n<a href=\"https:\/\/www.scopus.com\/authid\/detail.uri?authorId=25628723900\">Scopus id<\/a><br \/>\n<a href=\"https:\/\/scholar.google.com.br\/citations?user=OtrzKZkAAAAJ&amp;hl=pt-BR&amp;oi=ao\">Google Acad\u00eamico<\/a><\/p>\n<\/td>\n<\/tr>\n<tr>\n<td valign=\"bottom\" nowrap=\"nowrap\" width=\"100%\">\n<ul>\n<li>Prof\u00aa. Dr\u00aa. Ana Cl\u00e1udia Rodrigues Chibinski<\/li>\n<\/ul>\n<p align=\"left\">Departamento de Odontologia<br \/>\n<a href=\"http:\/\/lattes.cnpq.br\/5483757033051151\">Curr\u00edculo Lattes<\/a><br \/>\n<a href=\"https:\/\/orcid.org\/0000-0001-7072-9444\">Orcid id<\/a><br \/>\n<a href=\"https:\/\/www.scopus.com\/authid\/detail.uri?authorId=50161122000\">Scopus id<\/a><br \/>\n<a href=\"https:\/\/scholar.google.com.br\/citations?user=sBshyyAAAAAJ&amp;hl=pt-BR&amp;oi=ao\">Google Acad\u00eamico<\/a><\/p>\n<\/td>\n<\/tr>\n<tr>\n<td valign=\"bottom\" nowrap=\"nowrap\" width=\"100%\">\n<ul>\n<li>Prof. Dr. C\u00e9sar Augusto Galv\u00e3o Arrais.\u00a0 \u00a0 <img loading=\"lazy\" class=\"wp-image-1291 alignleft\" src=\"http:\/\/www2.uepg.br\/ppgodonto\/wp-content\/uploads\/sites\/56\/2024\/02\/Cesar-reduzido.jpg\" alt=\"\" width=\"102\" height=\"150\" \/><\/li>\n<\/ul>\n<p align=\"left\">Departamento de Odontologia<br \/>\n<a href=\"http:\/\/lattes.cnpq.br\/2602654708613022\">Curr\u00edculo Lattes<\/a><br \/>\n<a href=\"https:\/\/orcid.org\/0000-0003-3432-5009\">Orcid id<\/a><br \/>\n<a href=\"https:\/\/www.scopus.com\/authid\/detail.uri?authorId=6508051522\">Scopus id<\/a><br \/>\n<a href=\"https:\/\/scholar.google.com.br\/citations?user=P_xeNskAAAAJ&amp;hl=pt-BR&amp;oi=ao\">Google Acad\u00eamico<\/a><\/p>\n<\/td>\n<\/tr>\n<tr>\n<td valign=\"bottom\" nowrap=\"nowrap\" width=\"100%\">\n<ul>\n<li>Prof\u00aa. Dr\u00aa. Denise Stadler Wambier<\/li>\n<\/ul>\n<p align=\"left\">Departamento de Odontologia<br \/>\n<a href=\"http:\/\/lattes.cnpq.br\/4052435539619583\">Curr\u00edculo Lattes<\/a><br \/>\n<a href=\"https:\/\/orcid.org\/0000-0002-1827-5040\">Orcid id<\/a><br \/>\n<a href=\"https:\/\/www.scopus.com\/authid\/detail.uri?authorId=21744267900\">Scopus id<\/a><br \/>\n<a href=\"https:\/\/scholar.google.com.br\/citations?user=PaqvqfAAAAAJ&amp;hl=pt-BR&amp;oi=ao\">Google Acad\u00eamico<\/a><\/p>\n<\/td>\n<\/tr>\n<tr>\n<td valign=\"bottom\" nowrap=\"nowrap\" width=\"100%\">\n<ul>\n<li>Prof. Dr. F\u00e1bio Andr\u00e9 dos Santos<\/li>\n<\/ul>\n<p align=\"left\">Departamento de Odontologia<br \/>\n<a href=\"http:\/\/lattes.cnpq.br\/5489312417125688\">Curr\u00edculo Lattes<\/a><br \/>\n<a href=\"https:\/\/orcid.org\/0000-0003-0347-0270\">Orcid id<\/a><br \/>\n<a href=\"https:\/\/www.scopus.com\/authid\/detail.uri?authorId=18435165000\">Scopus id<\/a><br \/>\n<a href=\"https:\/\/scholar.google.com.br\/citations?user=jOR8eV8AAAAJ&amp;hl=pt-BR&amp;oi=ao\">Google Acad\u00eamico<\/a><\/p>\n<\/td>\n<\/tr>\n<tr>\n<td valign=\"bottom\" nowrap=\"nowrap\" width=\"100%\">\n<ul>\n<li>Prof. Dr. Gilson C\u00e9sar Nobre Franco<\/li>\n<\/ul>\n<p align=\"left\">Departamento de Odontologia<br \/>\n<a href=\"http:\/\/lattes.cnpq.br\/2921452181578324\">Curr\u00edculo Lattes<\/a><br \/>\n<a href=\"https:\/\/orcid.org\/0000-0001-7082-7837\">Orcid id<\/a><br \/>\n<a href=\"https:\/\/www.scopus.com\/authid\/detail.uri?authorId=34769589500\">Scopus id<\/a><br \/>\n<a href=\"https:\/\/scholar.google.com.br\/citations?user=7gtlaI70rKkC&amp;hl=pt-BR&amp;oi=ao\">Google Acad\u00eamico<\/a><\/p>\n<\/td>\n<\/tr>\n<tr>\n<td valign=\"bottom\" nowrap=\"nowrap\" width=\"100%\">\n<ul>\n<li>Prof\u00aa. Dr\u00aa. Giovana Mongruel Gomes Schmidt<\/li>\n<\/ul>\n<p align=\"left\">Departamento de Odontologia<br \/>\n<a href=\"http:\/\/lattes.cnpq.br\/0250263500231807\">Curr\u00edculo Lattes<\/a><br \/>\n<a href=\"https:\/\/orcid.org\/0000-0001-6603-5239\">Orcid id<\/a><br \/>\n<a href=\"https:\/\/www.scopus.com\/authid\/detail.uri?authorId=37561191400\">Scopus id<\/a><br \/>\n<a href=\"https:\/\/scholar.google.com.br\/citations?user=J83kgR0AAAAJ&amp;hl=pt-BR&amp;oi=ao\">Google Acad\u00eamico<\/a><\/p>\n<\/td>\n<\/tr>\n<tr>\n<td valign=\"bottom\" nowrap=\"nowrap\" width=\"100%\">\n<ul>\n<li>Prof. Dr. Jo\u00e3o Carlos Gomes<\/li>\n<\/ul>\n<p align=\"left\">Departamento de Odontologia<br \/>\n<a href=\"http:\/\/lattes.cnpq.br\/1388252684388550\">Curr\u00edculo Lattes<\/a><br \/>\n<a href=\"https:\/\/orcid.org\/0000-0001-7642-2750\">Orcid id<\/a><br \/>\n<a href=\"https:\/\/www.scopus.com\/authid\/detail.uri?authorId=14123219400\">Scopus id<\/a><br \/>\n<a href=\"https:\/\/scholar.google.com.br\/citations?user=hiKDkU0AAAAJ&amp;hl=pt-BR&amp;oi=ao\">Google Acad\u00eamico<\/a><\/p>\n<\/td>\n<\/tr>\n<tr>\n<td valign=\"bottom\" nowrap=\"nowrap\" width=\"100%\">\n<ul>\n<li>Prof. Dr. Marcelo Carlos Bortoluzzi<\/li>\n<\/ul>\n<p align=\"left\">Departamento de Odontologia<br \/>\n<a href=\"http:\/\/lattes.cnpq.br\/5559216361996449\">Curr\u00edculo Lattes<\/a><br \/>\n<a href=\"https:\/\/orcid.org\/0000-0003-2756-5047\">Orcid id<\/a><br \/>\n<a href=\"https:\/\/www.scopus.com\/authid\/detail.uri?authorId=23089942500\">Scopus id<\/a><br \/>\n<a href=\"https:\/\/scholar.google.com.br\/citations?user=AOVSNXsAAAAJ&amp;hl=pt-BR&amp;oi=ao\">Google Acad\u00eamico<\/a><\/p>\n<\/td>\n<\/tr>\n<tr>\n<td valign=\"bottom\" nowrap=\"nowrap\" width=\"100%\">\n<ul>\n<li>Prof\u00aa. Dr\u00aa. M\u00e1rcia Helena Baldani Pinto<\/li>\n<\/ul>\n<p align=\"left\">Departamento de Odontologia<br \/>\n<a href=\"http:\/\/lattes.cnpq.br\/4381023790301478\">Curr\u00edculo Lattes<\/a><br \/>\n<a href=\"https:\/\/orcid.org\/0000-0003-1310-6771\">Orcid id<\/a><br \/>\n<a href=\"https:\/\/www.scopus.com\/authid\/detail.uri?authorId=6505928620\">Scopus id<\/a><br \/>\n<a href=\"https:\/\/scholar.google.com.br\/citations?user=uN6XriAAAAAJ&amp;hl=pt-BR&amp;oi=ao\">Google Acad\u00eamico<\/a><\/p>\n<\/td>\n<\/tr>\n<tr>\n<td valign=\"bottom\" nowrap=\"nowrap\" width=\"100%\">\n<ul>\n<li>Prof\u00aa. Dr\u00aa. Nara Hellen Campanha Bombarda<\/li>\n<\/ul>\n<p align=\"left\">Departamento de Odontologia<br \/>\n<a href=\"http:\/\/lattes.cnpq.br\/0167472160650786\">Curr\u00edculo Lattes<\/a><br \/>\n<a href=\"https:\/\/orcid.org\/0000-0002-9915-1591\">Orcid id<\/a><br \/>\n<a href=\"https:\/\/www.scopus.com\/authid\/detail.uri?authorId=55580684800\">Scopus id<\/a><br \/>\n<a href=\"https:\/\/scholar.google.com.br\/citations?user=O3ZqurMAAAAJ&amp;hl=pt-BR&amp;oi=ao\">Google Acad\u00eamico<\/a><\/p>\n<\/td>\n<\/tr>\n<tr>\n<td valign=\"bottom\" nowrap=\"nowrap\" width=\"100%\">\n<ul>\n<li>Prof. Dr. Paulo Vitor Farago<\/li>\n<\/ul>\n<p align=\"left\">Departamento de Farm\u00e1cia<br \/>\n<a href=\"http:\/\/lattes.cnpq.br\/0041349149649402\">Curr\u00edculo Lattes<\/a><br \/>\n<a href=\"https:\/\/orcid.org\/0000-0002-9934-4027\">Orcid id<\/a><br \/>\n<a href=\"https:\/\/www.scopus.com\/authid\/detail.uri?authorId=6603563770\">Scopus id<\/a><br \/>\n<a href=\"https:\/\/scholar.google.com.br\/citations?user=rqe3uREAAAAJ&amp;hl=pt-BR&amp;oi=ao\">Google Acad\u00eamico<\/a><\/p>\n<\/td>\n<\/tr>\n<tr>\n<td valign=\"bottom\" nowrap=\"nowrap\" width=\"100%\">\n<ul>\n<li>Prof\u00aa. Dr\u00aa. Vanessa Migliorini Urban<\/li>\n<\/ul>\n<p align=\"left\">Departamento de Odontologia<br \/>\n<a href=\"http:\/\/lattes.cnpq.br\/8170505331536425\">Curr\u00edculo Lattes<\/a><br \/>\n<a href=\"https:\/\/orcid.org\/0000-0003-3320-8783\">Orcid id<\/a><br \/>\n<a href=\"https:\/\/www.scopus.com\/authid\/detail.uri?authorId=13008620500\">Scopus id<\/a><br \/>\n<a href=\"https:\/\/scholar.google.com.br\/citations?user=Kpo_7hAAAAAJ&amp;hl=pt-BR&amp;oi=ao\">Google Acad\u00eamico<\/a><\/p>\n<\/td>\n<\/tr>\n<\/tbody>\n<\/table>\n","protected":false},"excerpt":{"rendered":"<p>Prof\u00aa. Dr\u00aa. Alessandra Reis Departamento de Odontologia Curr\u00edculo Lattes Orcid id Scopus id Google Acad\u00eamico Prof. Dr. Alessandro Dourado Loguercio Departamento de Odontologia Curr\u00edculo Lattes Orcid id Scopus id Google Acad\u00eamico Prof. Dr. Alfonso Sanchez Ayala Departamento de Odontologia Curr\u00edculo Lattes Orcid id Scopus id Google Acad\u00eamico Prof\u00aa. Dr\u00aa. Ana Cl\u00e1udia Rodrigues Chibinski Departamento de&nbsp;&hellip;<\/p>\n","protected":false},"author":24,"featured_media":0,"parent":0,"menu_order":0,"comment_status":"closed","ping_status":"closed","template":"","meta":[],"_links":{"self":[{"href":"https:\/\/www2.uepg.br\/ppgodonto\/wp-json\/wp\/v2\/pages\/94"}],"collection":[{"href":"https:\/\/www2.uepg.br\/ppgodonto\/wp-json\/wp\/v2\/pages"}],"about":[{"href":"https:\/\/www2.uepg.br\/ppgodonto\/wp-json\/wp\/v2\/types\/page"}],"author":[{"embeddable":true,"href":"https:\/\/www2.uepg.br\/ppgodonto\/wp-json\/wp\/v2\/users\/24"}],"replies":[{"embeddable":true,"href":"https:\/\/www2.uepg.br\/ppgodonto\/wp-json\/wp\/v2\/comments?post=94"}],"version-history":[{"count":4,"href":"https:\/\/www2.uepg.br\/ppgodonto\/wp-json\/wp\/v2\/pages\/94\/revisions"}],"predecessor-version":[{"id":1355,"href":"https:\/\/www2.uepg.br\/ppgodonto\/wp-json\/wp\/v2\/pages\/94\/revisions\/1355"}],"wp:attachment":[{"href":"https:\/\/www2.uepg.br\/ppgodonto\/wp-json\/wp\/v2\/media?parent=94"}],"curies":[{"name":"wp","href":"https:\/\/api.w.org\/{rel}","templated":true}]}}