{"id":122,"date":"2021-02-05T08:27:44","date_gmt":"2021-02-05T11:27:44","guid":{"rendered":"http:\/\/www2.uepg.br\/ppgq\/?page_id=122"},"modified":"2021-02-05T08:28:30","modified_gmt":"2021-02-05T11:28:30","slug":"area-de-concentracao","status":"publish","type":"page","link":"https:\/\/www2.uepg.br\/ppgq\/area-de-concentracao\/","title":{"rendered":"\u00c1rea de Concentra\u00e7\u00e3o"},"content":{"rendered":"<p>&nbsp;<\/p>\n<table border=\"1\" cellspacing=\"0\" cellpadding=\"0\">\n<tbody>\n<tr valign=\"middle\">\n<td width=\"360\" height=\"37\">\n<div align=\"center\"><strong>Mat\u00e9ria<\/strong><\/div>\n<\/td>\n<td width=\"360\">\n<div align=\"center\"><strong>Professores<\/strong><\/div>\n<\/td>\n<\/tr>\n<tr valign=\"middle\">\n<td width=\"360\">\n<div align=\"center\">F\u00edsico Qu\u00edmica<\/div>\n<\/td>\n<td width=\"360\">\n<div align=\"center\">Jarem Raul Garcia<br \/>\nJorge Iulek<br \/>\nSergio Ricardo de Lazaro<\/div>\n<\/td>\n<\/tr>\n<tr valign=\"middle\">\n<td width=\"360\">\n<div align=\"center\">Qu\u00edmica Anal\u00edtica<\/div>\n<\/td>\n<td width=\"360\">\n<div align=\"center\">Sandro Xavier de Campos<br \/>\nNoemi Nagata \u2013 UFPR<br \/>\nVanessa Egea dos Anjos<\/div>\n<\/td>\n<\/tr>\n<tr valign=\"middle\">\n<td width=\"360\">\n<div align=\"center\">Qu\u00edmica Org\u00e2nica<\/div>\n<\/td>\n<td width=\"360\">\n<div align=\"center\">Barbara Cel\u00e2nia Fiorin<br \/>\nDomingos S\u00e1vio Nunes<\/div>\n<\/td>\n<\/tr>\n<tr valign=\"middle\">\n<td width=\"360\">\n<div align=\"center\">Qu\u00edmica Inorg\u00e2nica<\/div>\n<\/td>\n<td width=\"360\">\n<div align=\"center\">Christiana Andrade Pess\u00f4a<br \/>\nKaren Wohnrath<br \/>\nSergio Toshio Fujiwara<\/div>\n<\/td>\n<\/tr>\n<\/tbody>\n<\/table>\n","protected":false},"excerpt":{"rendered":"<p>&nbsp; Mat\u00e9ria Professores F\u00edsico Qu\u00edmica Jarem Raul Garcia Jorge Iulek Sergio Ricardo de Lazaro Qu\u00edmica Anal\u00edtica Sandro Xavier de Campos Noemi Nagata \u2013 UFPR Vanessa Egea dos Anjos Qu\u00edmica Org\u00e2nica Barbara Cel\u00e2nia Fiorin Domingos S\u00e1vio Nunes Qu\u00edmica Inorg\u00e2nica Christiana Andrade Pess\u00f4a Karen Wohnrath Sergio Toshio Fujiwara<\/p>\n","protected":false},"author":204,"featured_media":0,"parent":0,"menu_order":0,"comment_status":"closed","ping_status":"closed","template":"","meta":[],"_links":{"self":[{"href":"https:\/\/www2.uepg.br\/ppgq\/wp-json\/wp\/v2\/pages\/122"}],"collection":[{"href":"https:\/\/www2.uepg.br\/ppgq\/wp-json\/wp\/v2\/pages"}],"about":[{"href":"https:\/\/www2.uepg.br\/ppgq\/wp-json\/wp\/v2\/types\/page"}],"author":[{"embeddable":true,"href":"https:\/\/www2.uepg.br\/ppgq\/wp-json\/wp\/v2\/users\/204"}],"replies":[{"embeddable":true,"href":"https:\/\/www2.uepg.br\/ppgq\/wp-json\/wp\/v2\/comments?post=122"}],"version-history":[{"count":2,"href":"https:\/\/www2.uepg.br\/ppgq\/wp-json\/wp\/v2\/pages\/122\/revisions"}],"predecessor-version":[{"id":124,"href":"https:\/\/www2.uepg.br\/ppgq\/wp-json\/wp\/v2\/pages\/122\/revisions\/124"}],"wp:attachment":[{"href":"https:\/\/www2.uepg.br\/ppgq\/wp-json\/wp\/v2\/media?parent=122"}],"curies":[{"name":"wp","href":"https:\/\/api.w.org\/{rel}","templated":true}]}}